{"id":1538,"date":"2017-08-03T17:54:56","date_gmt":"2017-08-03T15:54:56","guid":{"rendered":"https:\/\/cozydots.com\/?post_type=product&#038;p=1538\/"},"modified":"2024-08-13T18:54:29","modified_gmt":"2024-08-13T16:54:29","slug":"zestaw-tipi-namiot-mexican","status":"publish","type":"product","link":"https:\/\/cozydots.com\/pl\/produkt\/zestaw-tipi-namiot-mexican\/","title":{"rendered":"India\u0144ski namiot tipi Aztec, zestaw 6el."},"content":{"rendered":"<p><img loading=\"lazy\" decoding=\"async\" class=\"alignright size-large\" src=\"https:\/\/cozydots.com\/wp-content\/uploads\/2021\/11\/pp-1497.jpg\" alt=\"tipi mexican\" width=\"530\" height=\"800\" \/>R\u0119cznie uszyte<strong> tipi dzieci\u0119ce<\/strong> <strong>z serii Aztec od Cozy<\/strong>\u00a0to ulubione miejsce do zabawy dla ma\u0142ych podr\u00f3\u017cnik\u00f3w i poszukiwaczy przyg\u00f3d.<\/p>\n<p>Be\u017cowe p\u0142\u00f3tno z naturalnej tkaniny bawe\u0142nianej zosta\u0142o wyko\u0144czone u g\u00f3ry turkusow\u0105 tkanin\u0105 w geometryczne wzory, a wej\u015bcie obszyto br\u0105zow\u0105 tasiemk\u0105 z fr\u0119dzlami w stylu india\u0144skim. Dwie przytulne, <strong>antyalergiczne poduszki<\/strong> z aplikacj\u0105 w kszta\u0142cie kaktusa i ska\u0142 uprzyjemni\u0105 codzienn\u0105 zabaw\u0119 oraz popo\u0142udniow\u0105 drzemk\u0119. Ten wzorzysty namiot dla dzieci przypadnie do gustu szczeg\u00f3lnie ch\u0142opcom i\u00a0sprawdzi si\u0119 zar\u00f3wno <strong>w pokoju dzieci\u0119cym<\/strong>, jak i podczas zabawy <strong>w ogrodzie, na tarasie<\/strong> lub <strong>na pla\u017cy<\/strong>.<\/p>\n<p>Mocne, odporne na rozdarcia p\u0142\u00f3tno, z kt\u00f3rego zosta\u0142o uszyte nasze tipi, to <strong>100% naturalna bawe\u0142na<\/strong>, kt\u00f3ra zapewnia zdrowy przep\u0142yw powietrza. Namiot tipi stanowi znakomit\u0105 ochron\u0119 przed s\u0142o\u0144cem i wiatrem podczas zabaw w plenerze oraz bezpieczn\u0105, zaciszn\u0105 kryj\u00f3wk\u0119 dla malucha i jego ulubionych zabawek. <strong>Okienko z rolet\u0105<\/strong> dodatkowo poprawia cyrkulacj\u0119 powietrza, dzi\u0119ki czemu w \u015brodku b\u0119dzie przewiewnie. Mi\u0119ciutka i <strong>antyalergiczna mata na pod\u0142og\u0119<\/strong> z aplikacj\u0105 z motywem kaktusa, wype\u0142niona jest silikonow\u0105 wat\u0105, kt\u00f3ra chroni przed zimn\u0105 pod\u0142og\u0105 lub gruntem.<\/p>\n<p>Nasze tipi wykonane s\u0105 w <strong>100% metod\u0105 handmade<\/strong>, z najwy\u017csz\u0105 staranno\u015bci\u0105. Ka\u017cdy egzemplarz jest wyj\u0105tkowy. Dzi\u0119ki temu mo\u017cesz mie\u0107 pewno\u015b\u0107, \u017ce dajesz swojemu dziecku <strong>produkt najlepszej jako\u015bci<\/strong>.<\/p>\n<h2>W sk\u0142ad zestawu Aztec od Cozy wchodz\u0105:<\/h2>\n<ul>\n<li>namiot tipi<\/li>\n<li>4 kije z naturalnego drewna sosnowego (stela\u017c)<\/li>\n<li>mata na pod\u0142og\u0119 (nie jest zintegrowana z namiotem)<\/li>\n<li>2 poduszki w kolorystyce zestawu<\/li>\n<\/ul>\n<p>&nbsp;<\/p>\n","protected":false},"excerpt":{"rendered":"<p>Be\u017cowe p\u0142\u00f3tno z naturalnej tkaniny bawe\u0142nianej zosta\u0142o wyko\u0144czone u g\u00f3ry turkusow\u0105 tkanin\u0105 w geometryczne wzory, a wej\u015bcie obszyto br\u0105zow\u0105 tasiemk\u0105 z fr\u0119dzlami w stylu india\u0144skim.<\/p>\n","protected":false},"featured_media":41480,"comment_status":"open","ping_status":"closed","template":"","meta":[],"product_brand":[],"product_cat":[24],"product_tag":[],"class_list":{"0":"post-1538","1":"product","2":"type-product","3":"status-publish","4":"has-post-thumbnail","6":"product_cat-namioty-tipi","8":"first","9":"outofstock","10":"sale","11":"taxable","12":"shipping-taxable","13":"product-type-simple"},"yoast_head":"<!-- This site is optimized with the Yoast SEO plugin v27.0 - https:\/\/yoast.com\/product\/yoast-seo-wordpress\/ -->\n<title>India\u0144ski namiot tipi Aztec, zestaw 6el. - Cozydots.com<\/title>\n<meta name=\"description\" content=\"R\u0119cznie uszyte tipi dzieci\u0119ce z serii Aztec od Cozyshop to ulubione miejsce do zabawy dla ma\u0142ych podr\u00f3\u017cnik\u00f3w i poszukiwaczy przyg\u00f3d. Be\u017cowe p\u0142\u00f3tno z naturalnej tkaniny bawe\u0142nianej zosta\u0142o wyko\u0144czone u g\u00f3ry turkusow\u0105 tkanin\u0105 w geometryczne wzory, a wej\u015bcie tipi obszyto br\u0105zow\u0105 tasiemk\u0105 z fr\u0119dzlami w stylu india\u0144skim\" \/>\n<meta name=\"robots\" content=\"index, follow, max-snippet:-1, max-image-preview:large, max-video-preview:-1\" \/>\n<link rel=\"canonical\" href=\"https:\/\/cozydots.com\/pl\/produkt\/zestaw-tipi-namiot-mexican\/\" \/>\n<meta property=\"og:locale\" content=\"pl_PL\" \/>\n<meta property=\"og:type\" content=\"article\" \/>\n<meta property=\"og:title\" content=\"India\u0144ski namiot tipi Aztec, zestaw 6el. - Cozydots.com\" \/>\n<meta property=\"og:description\" content=\"R\u0119cznie uszyte tipi dzieci\u0119ce z serii Aztec od Cozyshop to ulubione miejsce do zabawy dla ma\u0142ych podr\u00f3\u017cnik\u00f3w i poszukiwaczy przyg\u00f3d. Be\u017cowe p\u0142\u00f3tno z naturalnej tkaniny bawe\u0142nianej zosta\u0142o wyko\u0144czone u g\u00f3ry turkusow\u0105 tkanin\u0105 w geometryczne wzory, a wej\u015bcie tipi obszyto br\u0105zow\u0105 tasiemk\u0105 z fr\u0119dzlami w stylu india\u0144skim\" \/>\n<meta property=\"og:url\" content=\"https:\/\/cozydots.com\/pl\/produkt\/zestaw-tipi-namiot-mexican\/\" \/>\n<meta property=\"og:site_name\" content=\"Cozydots.com\" \/>\n<meta property=\"article:modified_time\" content=\"2024-08-13T16:54:29+00:00\" \/>\n<meta property=\"og:image\" content=\"https:\/\/cozydots.com\/wp-content\/uploads\/2021\/11\/pp-1497.jpg\" \/>\n\t<meta property=\"og:image:width\" content=\"1200\" \/>\n\t<meta property=\"og:image:height\" content=\"1200\" \/>\n\t<meta property=\"og:image:type\" content=\"image\/jpeg\" \/>\n<meta name=\"twitter:card\" content=\"summary_large_image\" \/>\n<meta name=\"twitter:label1\" content=\"Szacowany czas czytania\" \/>\n\t<meta name=\"twitter:data1\" content=\"2 minuty\" \/>\n<script type=\"application\/ld+json\" class=\"yoast-schema-graph\">{\"@context\":\"https:\/\/schema.org\",\"@graph\":[{\"@type\":\"WebPage\",\"@id\":\"https:\/\/cozydots.com\/pl\/produkt\/zestaw-tipi-namiot-mexican\/\",\"url\":\"https:\/\/cozydots.com\/pl\/produkt\/zestaw-tipi-namiot-mexican\/\",\"name\":\"India\u0144ski namiot tipi Aztec, zestaw 6el. - Cozydots.com\",\"isPartOf\":{\"@id\":\"https:\/\/cozydots.com\/pl\/#website\"},\"primaryImageOfPage\":{\"@id\":\"https:\/\/cozydots.com\/pl\/produkt\/zestaw-tipi-namiot-mexican\/#primaryimage\"},\"image\":{\"@id\":\"https:\/\/cozydots.com\/pl\/produkt\/zestaw-tipi-namiot-mexican\/#primaryimage\"},\"thumbnailUrl\":\"https:\/\/cozydots.com\/wp-content\/uploads\/2021\/11\/pp-1497.jpg\",\"datePublished\":\"2017-08-03T15:54:56+00:00\",\"dateModified\":\"2024-08-13T16:54:29+00:00\",\"description\":\"R\u0119cznie uszyte tipi dzieci\u0119ce z serii Aztec od Cozyshop to ulubione miejsce do zabawy dla ma\u0142ych podr\u00f3\u017cnik\u00f3w i poszukiwaczy przyg\u00f3d. Be\u017cowe p\u0142\u00f3tno z naturalnej tkaniny bawe\u0142nianej zosta\u0142o wyko\u0144czone u g\u00f3ry turkusow\u0105 tkanin\u0105 w geometryczne wzory, a wej\u015bcie tipi obszyto br\u0105zow\u0105 tasiemk\u0105 z fr\u0119dzlami w stylu india\u0144skim\",\"breadcrumb\":{\"@id\":\"https:\/\/cozydots.com\/pl\/produkt\/zestaw-tipi-namiot-mexican\/#breadcrumb\"},\"inLanguage\":\"pl-PL\",\"potentialAction\":[{\"@type\":\"ReadAction\",\"target\":[\"https:\/\/cozydots.com\/pl\/produkt\/zestaw-tipi-namiot-mexican\/\"]}]},{\"@type\":\"ImageObject\",\"inLanguage\":\"pl-PL\",\"@id\":\"https:\/\/cozydots.com\/pl\/produkt\/zestaw-tipi-namiot-mexican\/#primaryimage\",\"url\":\"https:\/\/cozydots.com\/wp-content\/uploads\/2021\/11\/pp-1497.jpg\",\"contentUrl\":\"https:\/\/cozydots.com\/wp-content\/uploads\/2021\/11\/pp-1497.jpg\",\"width\":1200,\"height\":1200},{\"@type\":\"BreadcrumbList\",\"@id\":\"https:\/\/cozydots.com\/pl\/produkt\/zestaw-tipi-namiot-mexican\/#breadcrumb\",\"itemListElement\":[{\"@type\":\"ListItem\",\"position\":1,\"name\":\"Strona g\u0142\u00f3wna\",\"item\":\"https:\/\/cozydots.com\/pl\/\"},{\"@type\":\"ListItem\",\"position\":2,\"name\":\"Sklep\",\"item\":\"https:\/\/cozydots.com\/pl\/sklep\/\"},{\"@type\":\"ListItem\",\"position\":3,\"name\":\"India\u0144ski namiot tipi Aztec, zestaw 6el.\"}]},{\"@type\":\"WebSite\",\"@id\":\"https:\/\/cozydots.com\/pl\/#website\",\"url\":\"https:\/\/cozydots.com\/pl\/\",\"name\":\"Cozydots.com\",\"description\":\"Producent namiot\u00f3w Tipi\",\"publisher\":{\"@id\":\"https:\/\/cozydots.com\/pl\/#organization\"},\"potentialAction\":[{\"@type\":\"SearchAction\",\"target\":{\"@type\":\"EntryPoint\",\"urlTemplate\":\"https:\/\/cozydots.com\/pl\/?s={search_term_string}\"},\"query-input\":{\"@type\":\"PropertyValueSpecification\",\"valueRequired\":true,\"valueName\":\"search_term_string\"}}],\"inLanguage\":\"pl-PL\"},{\"@type\":\"Organization\",\"@id\":\"https:\/\/cozydots.com\/pl\/#organization\",\"name\":\"Cozydots.com\",\"url\":\"https:\/\/cozydots.com\/pl\/\",\"logo\":{\"@type\":\"ImageObject\",\"inLanguage\":\"pl-PL\",\"@id\":\"https:\/\/cozydots.com\/pl\/#\/schema\/logo\/image\/\",\"url\":\"https:\/\/cozydots.com\/wp-content\/uploads\/2021\/10\/cozyshop_logo.png\",\"contentUrl\":\"https:\/\/cozydots.com\/wp-content\/uploads\/2021\/10\/cozyshop_logo.png\",\"width\":400,\"height\":121,\"caption\":\"Cozydots.com\"},\"image\":{\"@id\":\"https:\/\/cozydots.com\/pl\/#\/schema\/logo\/image\/\"}}]}<\/script>\n<!-- \/ Yoast SEO plugin. -->","yoast_head_json":{"title":"India\u0144ski namiot tipi Aztec, zestaw 6el. - Cozydots.com","description":"R\u0119cznie uszyte tipi dzieci\u0119ce z serii Aztec od Cozyshop to ulubione miejsce do zabawy dla ma\u0142ych podr\u00f3\u017cnik\u00f3w i poszukiwaczy przyg\u00f3d. Be\u017cowe p\u0142\u00f3tno z naturalnej tkaniny bawe\u0142nianej zosta\u0142o wyko\u0144czone u g\u00f3ry turkusow\u0105 tkanin\u0105 w geometryczne wzory, a wej\u015bcie tipi obszyto br\u0105zow\u0105 tasiemk\u0105 z fr\u0119dzlami w stylu india\u0144skim","robots":{"index":"index","follow":"follow","max-snippet":"max-snippet:-1","max-image-preview":"max-image-preview:large","max-video-preview":"max-video-preview:-1"},"canonical":"https:\/\/cozydots.com\/pl\/produkt\/zestaw-tipi-namiot-mexican\/","og_locale":"pl_PL","og_type":"article","og_title":"India\u0144ski namiot tipi Aztec, zestaw 6el. - Cozydots.com","og_description":"R\u0119cznie uszyte tipi dzieci\u0119ce z serii Aztec od Cozyshop to ulubione miejsce do zabawy dla ma\u0142ych podr\u00f3\u017cnik\u00f3w i poszukiwaczy przyg\u00f3d. Be\u017cowe p\u0142\u00f3tno z naturalnej tkaniny bawe\u0142nianej zosta\u0142o wyko\u0144czone u g\u00f3ry turkusow\u0105 tkanin\u0105 w geometryczne wzory, a wej\u015bcie tipi obszyto br\u0105zow\u0105 tasiemk\u0105 z fr\u0119dzlami w stylu india\u0144skim","og_url":"https:\/\/cozydots.com\/pl\/produkt\/zestaw-tipi-namiot-mexican\/","og_site_name":"Cozydots.com","article_modified_time":"2024-08-13T16:54:29+00:00","og_image":[{"width":1200,"height":1200,"url":"https:\/\/cozydots.com\/wp-content\/uploads\/2021\/11\/pp-1497.jpg","type":"image\/jpeg"}],"twitter_card":"summary_large_image","twitter_misc":{"Szacowany czas czytania":"2 minuty"},"schema":{"@context":"https:\/\/schema.org","@graph":[{"@type":"WebPage","@id":"https:\/\/cozydots.com\/pl\/produkt\/zestaw-tipi-namiot-mexican\/","url":"https:\/\/cozydots.com\/pl\/produkt\/zestaw-tipi-namiot-mexican\/","name":"India\u0144ski namiot tipi Aztec, zestaw 6el. - Cozydots.com","isPartOf":{"@id":"https:\/\/cozydots.com\/pl\/#website"},"primaryImageOfPage":{"@id":"https:\/\/cozydots.com\/pl\/produkt\/zestaw-tipi-namiot-mexican\/#primaryimage"},"image":{"@id":"https:\/\/cozydots.com\/pl\/produkt\/zestaw-tipi-namiot-mexican\/#primaryimage"},"thumbnailUrl":"https:\/\/cozydots.com\/wp-content\/uploads\/2021\/11\/pp-1497.jpg","datePublished":"2017-08-03T15:54:56+00:00","dateModified":"2024-08-13T16:54:29+00:00","description":"R\u0119cznie uszyte tipi dzieci\u0119ce z serii Aztec od Cozyshop to ulubione miejsce do zabawy dla ma\u0142ych podr\u00f3\u017cnik\u00f3w i poszukiwaczy przyg\u00f3d. Be\u017cowe p\u0142\u00f3tno z naturalnej tkaniny bawe\u0142nianej zosta\u0142o wyko\u0144czone u g\u00f3ry turkusow\u0105 tkanin\u0105 w geometryczne wzory, a wej\u015bcie tipi obszyto br\u0105zow\u0105 tasiemk\u0105 z fr\u0119dzlami w stylu india\u0144skim","breadcrumb":{"@id":"https:\/\/cozydots.com\/pl\/produkt\/zestaw-tipi-namiot-mexican\/#breadcrumb"},"inLanguage":"pl-PL","potentialAction":[{"@type":"ReadAction","target":["https:\/\/cozydots.com\/pl\/produkt\/zestaw-tipi-namiot-mexican\/"]}]},{"@type":"ImageObject","inLanguage":"pl-PL","@id":"https:\/\/cozydots.com\/pl\/produkt\/zestaw-tipi-namiot-mexican\/#primaryimage","url":"https:\/\/cozydots.com\/wp-content\/uploads\/2021\/11\/pp-1497.jpg","contentUrl":"https:\/\/cozydots.com\/wp-content\/uploads\/2021\/11\/pp-1497.jpg","width":1200,"height":1200},{"@type":"BreadcrumbList","@id":"https:\/\/cozydots.com\/pl\/produkt\/zestaw-tipi-namiot-mexican\/#breadcrumb","itemListElement":[{"@type":"ListItem","position":1,"name":"Strona g\u0142\u00f3wna","item":"https:\/\/cozydots.com\/pl\/"},{"@type":"ListItem","position":2,"name":"Sklep","item":"https:\/\/cozydots.com\/pl\/sklep\/"},{"@type":"ListItem","position":3,"name":"India\u0144ski namiot tipi Aztec, zestaw 6el."}]},{"@type":"WebSite","@id":"https:\/\/cozydots.com\/pl\/#website","url":"https:\/\/cozydots.com\/pl\/","name":"Cozydots.com","description":"Producent namiot\u00f3w Tipi","publisher":{"@id":"https:\/\/cozydots.com\/pl\/#organization"},"potentialAction":[{"@type":"SearchAction","target":{"@type":"EntryPoint","urlTemplate":"https:\/\/cozydots.com\/pl\/?s={search_term_string}"},"query-input":{"@type":"PropertyValueSpecification","valueRequired":true,"valueName":"search_term_string"}}],"inLanguage":"pl-PL"},{"@type":"Organization","@id":"https:\/\/cozydots.com\/pl\/#organization","name":"Cozydots.com","url":"https:\/\/cozydots.com\/pl\/","logo":{"@type":"ImageObject","inLanguage":"pl-PL","@id":"https:\/\/cozydots.com\/pl\/#\/schema\/logo\/image\/","url":"https:\/\/cozydots.com\/wp-content\/uploads\/2021\/10\/cozyshop_logo.png","contentUrl":"https:\/\/cozydots.com\/wp-content\/uploads\/2021\/10\/cozyshop_logo.png","width":400,"height":121,"caption":"Cozydots.com"},"image":{"@id":"https:\/\/cozydots.com\/pl\/#\/schema\/logo\/image\/"}}]}},"_links":{"self":[{"href":"https:\/\/cozydots.com\/pl\/wp-json\/wp\/v2\/product\/1538","targetHints":{"allow":["GET"]}}],"collection":[{"href":"https:\/\/cozydots.com\/pl\/wp-json\/wp\/v2\/product"}],"about":[{"href":"https:\/\/cozydots.com\/pl\/wp-json\/wp\/v2\/types\/product"}],"replies":[{"embeddable":true,"href":"https:\/\/cozydots.com\/pl\/wp-json\/wp\/v2\/comments?post=1538"}],"wp:featuredmedia":[{"embeddable":true,"href":"https:\/\/cozydots.com\/pl\/wp-json\/wp\/v2\/media\/41480"}],"wp:attachment":[{"href":"https:\/\/cozydots.com\/pl\/wp-json\/wp\/v2\/media?parent=1538"}],"wp:term":[{"taxonomy":"product_brand","embeddable":true,"href":"https:\/\/cozydots.com\/pl\/wp-json\/wp\/v2\/product_brand?post=1538"},{"taxonomy":"product_cat","embeddable":true,"href":"https:\/\/cozydots.com\/pl\/wp-json\/wp\/v2\/product_cat?post=1538"},{"taxonomy":"product_tag","embeddable":true,"href":"https:\/\/cozydots.com\/pl\/wp-json\/wp\/v2\/product_tag?post=1538"}],"curies":[{"name":"wp","href":"https:\/\/api.w.org\/{rel}","templated":true}]}}