{"id":1613,"date":"2017-08-13T15:37:54","date_gmt":"2017-08-13T13:37:54","guid":{"rendered":"https:\/\/cozydots.com\/?post_type=product&#038;p=1613\/"},"modified":"2023-02-08T11:58:15","modified_gmt":"2023-02-08T10:58:15","slug":"indianski-namiot-tipi-dla-dzieci-indian","status":"publish","type":"product","link":"https:\/\/cozydots.com\/pl\/produkt\/indianski-namiot-tipi-dla-dzieci-indian\/","title":{"rendered":"India\u0144ski namiot tipi dla dzieci Etno"},"content":{"rendered":"<h2>India\u0144skie tipi dla dzieci ze wzorem z serii Etno<\/h2>\n<p><strong>Namiot tipi do pokoju dzieci\u0119cego z serii Etno\u00a0<\/strong>to wymarzony zak\u0105tek do zabawy dla wszystkich ma\u0142ych mi\u0142o\u015bnik\u00f3w przyg\u00f3d.<\/p>\n<p>Be\u017cowe bawe\u0142niane p\u0142\u00f3tno zosta\u0142o wyko\u0144czone u g\u00f3ry kolorow\u0105 tkanin\u0105 w geometryczne wzory, a wej\u015bcie obszyto dekoracyjn\u0105 turkusow\u0105 tasiemk\u0105 z pomponami. Tipi dzieci\u0119ce z india\u0144skim wzorem jest idealne jako <strong>namiot do pokoju dziewczynki lub ch\u0142opca<\/strong>. B\u0119dzie r\u00f3wnie\u017c niezast\u0105pione podczas zabaw na podw\u00f3rku \u2013 jako przytulny <strong>namiot do ogrodu lub na pla\u017c\u0119<\/strong>.<\/p>\n<p>Wytrzyma\u0142e <strong>p\u0142\u00f3tno z naturalnej bawe\u0142ny<\/strong>, z kt\u00f3rego zosta\u0142 uszyty nasz namiot, jest niezwykle przewiewne i odporne na rozdarcia. Daje przyjemny cie\u0144 i chroni przed wiatrem podczas zabaw na \u015bwie\u017cym powietrzu oraz pozwala stworzy\u0107 zaciszn\u0105, wygodn\u0105 kryj\u00f3wk\u0119 dla malucha i jego ma\u0142ych skarb\u00f3w. Otwierane <strong>okienko z roletk\u0105 <\/strong>poprawia cyrkulacj\u0119 powietrza tak, aby w \u015brodku nigdy nie by\u0142o za ciep\u0142o.<\/p>\n<p>Nasze tipi wykonane s\u0105 w 100% metod\u0105 <strong>handmade<\/strong>, ze szczeg\u00f3ln\u0105 trosk\u0105 o detale. Ka\u017cdy egzemplarz jest wyj\u0105tkowy. Dzi\u0119ki temu mo\u017cesz mie\u0107 pewno\u015b\u0107, \u017ce dajesz swojemu dziecku <strong>produkt najlepszej jako\u015bci<\/strong>.<\/p>\n<p>W sk\u0142ad zestawu tipi Indian od Cozyshop wchodz\u0105:<\/p>\n<ul>\n<li>namiot tipi<\/li>\n<li>stabilizator<\/li>\n<li>4 kije z naturalnego drewna sosnowego (stela\u017c)<\/li>\n<\/ul>\n<p>&nbsp;<\/p>\n","protected":false},"excerpt":{"rendered":"<p>Tipi dla dzieci z india\u0144skim wzorem z serii Etno. Idealne dla ch\u0142opca i dziewczynki.<\/p>\n","protected":false},"featured_media":41424,"comment_status":"open","ping_status":"closed","template":"","meta":[],"product_brand":[],"product_cat":[24],"product_tag":[],"class_list":{"0":"post-1613","1":"product","2":"type-product","3":"status-publish","4":"has-post-thumbnail","6":"product_cat-namioty-tipi","8":"first","9":"instock","10":"taxable","11":"shipping-taxable","12":"product-type-simple"},"yoast_head":"<!-- This site is optimized with the Yoast SEO plugin v27.0 - https:\/\/yoast.com\/product\/yoast-seo-wordpress\/ -->\n<title>Tipi namiot Indian - Namiot tipi dla dzieci ze wzorem azteckim - Cozyshop<\/title>\n<meta name=\"description\" content=\"Tipi zosta\u0142o wyko\u0144czone u g\u00f3ry kolorow\u0105 tkanin\u0105 w geometryczne wzory, a wej\u015bcie obszyto dekoracyjn\u0105 turkusow\u0105 tasiemk\u0105 z pomponami.\" \/>\n<meta name=\"robots\" content=\"index, follow, max-snippet:-1, max-image-preview:large, max-video-preview:-1\" \/>\n<link rel=\"canonical\" href=\"https:\/\/cozydots.com\/pl\/produkt\/indianski-namiot-tipi-dla-dzieci-indian\/\" \/>\n<meta property=\"og:locale\" content=\"pl_PL\" \/>\n<meta property=\"og:type\" content=\"article\" \/>\n<meta property=\"og:title\" content=\"Tipi namiot Indian - Namiot tipi dla dzieci ze wzorem azteckim - Cozyshop\" \/>\n<meta property=\"og:description\" content=\"Tipi zosta\u0142o wyko\u0144czone u g\u00f3ry kolorow\u0105 tkanin\u0105 w geometryczne wzory, a wej\u015bcie obszyto dekoracyjn\u0105 turkusow\u0105 tasiemk\u0105 z pomponami.\" \/>\n<meta property=\"og:url\" content=\"https:\/\/cozydots.com\/pl\/produkt\/indianski-namiot-tipi-dla-dzieci-indian\/\" \/>\n<meta property=\"og:site_name\" content=\"Cozydots.com\" \/>\n<meta property=\"article:modified_time\" content=\"2023-02-08T10:58:15+00:00\" \/>\n<meta property=\"og:image\" content=\"https:\/\/cozydots.com\/wp-content\/uploads\/2021\/11\/pp-1408.jpg\" \/>\n\t<meta property=\"og:image:width\" content=\"1200\" \/>\n\t<meta property=\"og:image:height\" content=\"1200\" \/>\n\t<meta property=\"og:image:type\" content=\"image\/jpeg\" \/>\n<meta name=\"twitter:card\" content=\"summary_large_image\" \/>\n<meta name=\"twitter:label1\" content=\"Szacowany czas czytania\" \/>\n\t<meta name=\"twitter:data1\" content=\"2 minuty\" \/>\n<script type=\"application\/ld+json\" class=\"yoast-schema-graph\">{\"@context\":\"https:\/\/schema.org\",\"@graph\":[{\"@type\":\"WebPage\",\"@id\":\"https:\/\/cozydots.com\/pl\/produkt\/indianski-namiot-tipi-dla-dzieci-indian\/\",\"url\":\"https:\/\/cozydots.com\/pl\/produkt\/indianski-namiot-tipi-dla-dzieci-indian\/\",\"name\":\"Tipi namiot Indian - Namiot tipi dla dzieci ze wzorem azteckim - Cozyshop\",\"isPartOf\":{\"@id\":\"https:\/\/cozydots.com\/pl\/#website\"},\"primaryImageOfPage\":{\"@id\":\"https:\/\/cozydots.com\/pl\/produkt\/indianski-namiot-tipi-dla-dzieci-indian\/#primaryimage\"},\"image\":{\"@id\":\"https:\/\/cozydots.com\/pl\/produkt\/indianski-namiot-tipi-dla-dzieci-indian\/#primaryimage\"},\"thumbnailUrl\":\"https:\/\/cozydots.com\/wp-content\/uploads\/2021\/11\/pp-1408.jpg\",\"datePublished\":\"2017-08-13T13:37:54+00:00\",\"dateModified\":\"2023-02-08T10:58:15+00:00\",\"description\":\"Tipi zosta\u0142o wyko\u0144czone u g\u00f3ry kolorow\u0105 tkanin\u0105 w geometryczne wzory, a wej\u015bcie obszyto dekoracyjn\u0105 turkusow\u0105 tasiemk\u0105 z pomponami.\",\"breadcrumb\":{\"@id\":\"https:\/\/cozydots.com\/pl\/produkt\/indianski-namiot-tipi-dla-dzieci-indian\/#breadcrumb\"},\"inLanguage\":\"pl-PL\",\"potentialAction\":[{\"@type\":\"ReadAction\",\"target\":[\"https:\/\/cozydots.com\/pl\/produkt\/indianski-namiot-tipi-dla-dzieci-indian\/\"]}]},{\"@type\":\"ImageObject\",\"inLanguage\":\"pl-PL\",\"@id\":\"https:\/\/cozydots.com\/pl\/produkt\/indianski-namiot-tipi-dla-dzieci-indian\/#primaryimage\",\"url\":\"https:\/\/cozydots.com\/wp-content\/uploads\/2021\/11\/pp-1408.jpg\",\"contentUrl\":\"https:\/\/cozydots.com\/wp-content\/uploads\/2021\/11\/pp-1408.jpg\",\"width\":1200,\"height\":1200},{\"@type\":\"BreadcrumbList\",\"@id\":\"https:\/\/cozydots.com\/pl\/produkt\/indianski-namiot-tipi-dla-dzieci-indian\/#breadcrumb\",\"itemListElement\":[{\"@type\":\"ListItem\",\"position\":1,\"name\":\"Strona g\u0142\u00f3wna\",\"item\":\"https:\/\/cozydots.com\/pl\/\"},{\"@type\":\"ListItem\",\"position\":2,\"name\":\"Sklep\",\"item\":\"https:\/\/cozydots.com\/pl\/sklep\/\"},{\"@type\":\"ListItem\",\"position\":3,\"name\":\"India\u0144ski namiot tipi dla dzieci Etno\"}]},{\"@type\":\"WebSite\",\"@id\":\"https:\/\/cozydots.com\/pl\/#website\",\"url\":\"https:\/\/cozydots.com\/pl\/\",\"name\":\"Cozydots.com\",\"description\":\"Producent namiot\u00f3w Tipi\",\"publisher\":{\"@id\":\"https:\/\/cozydots.com\/pl\/#organization\"},\"potentialAction\":[{\"@type\":\"SearchAction\",\"target\":{\"@type\":\"EntryPoint\",\"urlTemplate\":\"https:\/\/cozydots.com\/pl\/?s={search_term_string}\"},\"query-input\":{\"@type\":\"PropertyValueSpecification\",\"valueRequired\":true,\"valueName\":\"search_term_string\"}}],\"inLanguage\":\"pl-PL\"},{\"@type\":\"Organization\",\"@id\":\"https:\/\/cozydots.com\/pl\/#organization\",\"name\":\"Cozydots.com\",\"url\":\"https:\/\/cozydots.com\/pl\/\",\"logo\":{\"@type\":\"ImageObject\",\"inLanguage\":\"pl-PL\",\"@id\":\"https:\/\/cozydots.com\/pl\/#\/schema\/logo\/image\/\",\"url\":\"https:\/\/cozydots.com\/wp-content\/uploads\/2021\/10\/cozyshop_logo.png\",\"contentUrl\":\"https:\/\/cozydots.com\/wp-content\/uploads\/2021\/10\/cozyshop_logo.png\",\"width\":400,\"height\":121,\"caption\":\"Cozydots.com\"},\"image\":{\"@id\":\"https:\/\/cozydots.com\/pl\/#\/schema\/logo\/image\/\"}}]}<\/script>\n<!-- \/ Yoast SEO plugin. -->","yoast_head_json":{"title":"Tipi namiot Indian - Namiot tipi dla dzieci ze wzorem azteckim - Cozyshop","description":"Tipi zosta\u0142o wyko\u0144czone u g\u00f3ry kolorow\u0105 tkanin\u0105 w geometryczne wzory, a wej\u015bcie obszyto dekoracyjn\u0105 turkusow\u0105 tasiemk\u0105 z pomponami.","robots":{"index":"index","follow":"follow","max-snippet":"max-snippet:-1","max-image-preview":"max-image-preview:large","max-video-preview":"max-video-preview:-1"},"canonical":"https:\/\/cozydots.com\/pl\/produkt\/indianski-namiot-tipi-dla-dzieci-indian\/","og_locale":"pl_PL","og_type":"article","og_title":"Tipi namiot Indian - Namiot tipi dla dzieci ze wzorem azteckim - Cozyshop","og_description":"Tipi zosta\u0142o wyko\u0144czone u g\u00f3ry kolorow\u0105 tkanin\u0105 w geometryczne wzory, a wej\u015bcie obszyto dekoracyjn\u0105 turkusow\u0105 tasiemk\u0105 z pomponami.","og_url":"https:\/\/cozydots.com\/pl\/produkt\/indianski-namiot-tipi-dla-dzieci-indian\/","og_site_name":"Cozydots.com","article_modified_time":"2023-02-08T10:58:15+00:00","og_image":[{"width":1200,"height":1200,"url":"https:\/\/cozydots.com\/wp-content\/uploads\/2021\/11\/pp-1408.jpg","type":"image\/jpeg"}],"twitter_card":"summary_large_image","twitter_misc":{"Szacowany czas czytania":"2 minuty"},"schema":{"@context":"https:\/\/schema.org","@graph":[{"@type":"WebPage","@id":"https:\/\/cozydots.com\/pl\/produkt\/indianski-namiot-tipi-dla-dzieci-indian\/","url":"https:\/\/cozydots.com\/pl\/produkt\/indianski-namiot-tipi-dla-dzieci-indian\/","name":"Tipi namiot Indian - Namiot tipi dla dzieci ze wzorem azteckim - Cozyshop","isPartOf":{"@id":"https:\/\/cozydots.com\/pl\/#website"},"primaryImageOfPage":{"@id":"https:\/\/cozydots.com\/pl\/produkt\/indianski-namiot-tipi-dla-dzieci-indian\/#primaryimage"},"image":{"@id":"https:\/\/cozydots.com\/pl\/produkt\/indianski-namiot-tipi-dla-dzieci-indian\/#primaryimage"},"thumbnailUrl":"https:\/\/cozydots.com\/wp-content\/uploads\/2021\/11\/pp-1408.jpg","datePublished":"2017-08-13T13:37:54+00:00","dateModified":"2023-02-08T10:58:15+00:00","description":"Tipi zosta\u0142o wyko\u0144czone u g\u00f3ry kolorow\u0105 tkanin\u0105 w geometryczne wzory, a wej\u015bcie obszyto dekoracyjn\u0105 turkusow\u0105 tasiemk\u0105 z pomponami.","breadcrumb":{"@id":"https:\/\/cozydots.com\/pl\/produkt\/indianski-namiot-tipi-dla-dzieci-indian\/#breadcrumb"},"inLanguage":"pl-PL","potentialAction":[{"@type":"ReadAction","target":["https:\/\/cozydots.com\/pl\/produkt\/indianski-namiot-tipi-dla-dzieci-indian\/"]}]},{"@type":"ImageObject","inLanguage":"pl-PL","@id":"https:\/\/cozydots.com\/pl\/produkt\/indianski-namiot-tipi-dla-dzieci-indian\/#primaryimage","url":"https:\/\/cozydots.com\/wp-content\/uploads\/2021\/11\/pp-1408.jpg","contentUrl":"https:\/\/cozydots.com\/wp-content\/uploads\/2021\/11\/pp-1408.jpg","width":1200,"height":1200},{"@type":"BreadcrumbList","@id":"https:\/\/cozydots.com\/pl\/produkt\/indianski-namiot-tipi-dla-dzieci-indian\/#breadcrumb","itemListElement":[{"@type":"ListItem","position":1,"name":"Strona g\u0142\u00f3wna","item":"https:\/\/cozydots.com\/pl\/"},{"@type":"ListItem","position":2,"name":"Sklep","item":"https:\/\/cozydots.com\/pl\/sklep\/"},{"@type":"ListItem","position":3,"name":"India\u0144ski namiot tipi dla dzieci Etno"}]},{"@type":"WebSite","@id":"https:\/\/cozydots.com\/pl\/#website","url":"https:\/\/cozydots.com\/pl\/","name":"Cozydots.com","description":"Producent namiot\u00f3w Tipi","publisher":{"@id":"https:\/\/cozydots.com\/pl\/#organization"},"potentialAction":[{"@type":"SearchAction","target":{"@type":"EntryPoint","urlTemplate":"https:\/\/cozydots.com\/pl\/?s={search_term_string}"},"query-input":{"@type":"PropertyValueSpecification","valueRequired":true,"valueName":"search_term_string"}}],"inLanguage":"pl-PL"},{"@type":"Organization","@id":"https:\/\/cozydots.com\/pl\/#organization","name":"Cozydots.com","url":"https:\/\/cozydots.com\/pl\/","logo":{"@type":"ImageObject","inLanguage":"pl-PL","@id":"https:\/\/cozydots.com\/pl\/#\/schema\/logo\/image\/","url":"https:\/\/cozydots.com\/wp-content\/uploads\/2021\/10\/cozyshop_logo.png","contentUrl":"https:\/\/cozydots.com\/wp-content\/uploads\/2021\/10\/cozyshop_logo.png","width":400,"height":121,"caption":"Cozydots.com"},"image":{"@id":"https:\/\/cozydots.com\/pl\/#\/schema\/logo\/image\/"}}]}},"_links":{"self":[{"href":"https:\/\/cozydots.com\/pl\/wp-json\/wp\/v2\/product\/1613","targetHints":{"allow":["GET"]}}],"collection":[{"href":"https:\/\/cozydots.com\/pl\/wp-json\/wp\/v2\/product"}],"about":[{"href":"https:\/\/cozydots.com\/pl\/wp-json\/wp\/v2\/types\/product"}],"replies":[{"embeddable":true,"href":"https:\/\/cozydots.com\/pl\/wp-json\/wp\/v2\/comments?post=1613"}],"wp:featuredmedia":[{"embeddable":true,"href":"https:\/\/cozydots.com\/pl\/wp-json\/wp\/v2\/media\/41424"}],"wp:attachment":[{"href":"https:\/\/cozydots.com\/pl\/wp-json\/wp\/v2\/media?parent=1613"}],"wp:term":[{"taxonomy":"product_brand","embeddable":true,"href":"https:\/\/cozydots.com\/pl\/wp-json\/wp\/v2\/product_brand?post=1613"},{"taxonomy":"product_cat","embeddable":true,"href":"https:\/\/cozydots.com\/pl\/wp-json\/wp\/v2\/product_cat?post=1613"},{"taxonomy":"product_tag","embeddable":true,"href":"https:\/\/cozydots.com\/pl\/wp-json\/wp\/v2\/product_tag?post=1613"}],"curies":[{"name":"wp","href":"https:\/\/api.w.org\/{rel}","templated":true}]}}