{"id":20110,"date":"2019-06-06T12:54:42","date_gmt":"2019-06-06T10:54:42","guid":{"rendered":"https:\/\/cozydots.com\/?post_type=product&#038;p=20110"},"modified":"2023-03-10T17:58:05","modified_gmt":"2023-03-10T16:58:05","slug":"tipi-z-chwostami-boho-rozowy-namiot-z-mata","status":"publish","type":"product","link":"https:\/\/cozydots.com\/pl\/produkt\/tipi-z-chwostami-boho-rozowy-namiot-z-mata\/","title":{"rendered":"Tipi z chwostami Boho, r\u00f3\u017cowy namiot z mat\u0105"},"content":{"rendered":"<h2>R\u00f3\u017cowy namiot tipi z fr\u0119dzlami od Cozy, india\u0144skie tipi Boho<\/h2>\n<p>Namiot Boho dla dziecka <strong>wykonany jest z mocnej bawe\u0142ny PREMIUM.<\/strong> Ka\u017cdy egzemplarz tipi\u00a0od Cozy jest naszego projektu, staramy si\u0119 aby ka\u017cdy namiot by\u0142 unikatowy i zgodny z obecnymi trendami.<\/p>\n<p><strong>Dzieci\u0119cy namiot tipi do zabawy posiada cztery boki, otwierani okienko z rolet\u0105, oraz kiesze\u0144 na zabawki.<\/strong><\/p>\n<p>Namiot <strong>tipi z serii Boho to be\u017cowo-r\u00f3\u017cowe teepee ozdobione niebieskim chwostami.<\/strong><\/p>\n<p><strong>Domek tipi Boho<\/strong>\u00a0<strong>posiada w zestawie namiot, mat\u0119, sk\u0142adane sosnowe kije i worek do przechowywania.<\/strong> Wszystkie elementy z tkaniny <strong>mo\u017cna pra\u0107 w pralce.<\/strong>\u00a0Namiot dla dzieci \u0142atwo si\u0119 sk\u0142ada i nie zajmuje wiele miejsca.<\/p>\n<p>Wszystkie\u00a0<strong>modele projektowane s\u0105 przez nas i dajemy ci gwarancj\u0119, \u017ce dostajesz produkt unikalny<\/strong>\u00a0i najlepszej jako\u015bci. India\u0144skie namioty\u00a0<strong>tipi tworzone s\u0105 metod\u0105 hand made, z bezpiecznych dla dzieci tkanin pochodz\u0105cych z Europy<\/strong>\u00a0i posiadaj\u0105cych certyfikaty jako\u015bci.<\/p>\n<p><strong>W sk\u0142ad zestawu Boho Pink od Cozy wchodz\u0105:<\/strong><\/p>\n<ul>\n<li>r\u00f3\u017cowe tipi z chwostami<\/li>\n<li>mi\u0119kka mata 110&#215;110 cm<\/li>\n<li>4 kije z naturalnego drewna sosnowego (stela\u017c).<\/li>\n<li>stabilizator<\/li>\n<\/ul>\n<p>Tipi mo\u017cna r\u00f3wnie\u017c zakupi\u0107 bez maty.<\/p>\n","protected":false},"excerpt":{"rendered":"<p>R\u00f3\u017cowy namiot tipi do zabawy, ozdobiony niebieskimi chwostami. Domek tipi z okienkiem i kieszonk\u0105 na zabawki. W zestawie: tipi, sk\u0142adane kije, stabilizator.<\/p>\n","protected":false},"featured_media":41438,"comment_status":"open","ping_status":"closed","template":"","meta":[],"product_brand":[],"product_cat":[24,1086],"product_tag":[],"class_list":{"0":"post-20110","1":"product","2":"type-product","3":"status-publish","4":"has-post-thumbnail","6":"product_cat-namioty-tipi","7":"product_cat-sale","9":"first","10":"instock","11":"sale","12":"taxable","13":"shipping-taxable","14":"product-type-simple"},"yoast_head":"<!-- This site is optimized with the Yoast SEO plugin v27.0 - https:\/\/yoast.com\/product\/yoast-seo-wordpress\/ -->\n<title>Tipi z chwostami Boho, r\u00f3\u017cowy namiot z mat\u0105 - Cozydots.com<\/title>\n<meta name=\"description\" content=\"R\u00f3\u017cowy namiot tipi do zabawy, ozdobiony niebieskimi chwostami. Domek tipi z okienkiem i kieszonk\u0105 na zabawki. W zestawie: tipi, sk\u0142adane kije, stabilizator.\" \/>\n<meta name=\"robots\" content=\"index, follow, max-snippet:-1, max-image-preview:large, max-video-preview:-1\" \/>\n<link rel=\"canonical\" href=\"https:\/\/cozydots.com\/pl\/produkt\/tipi-z-chwostami-boho-rozowy-namiot-z-mata\/\" \/>\n<meta property=\"og:locale\" content=\"pl_PL\" \/>\n<meta property=\"og:type\" content=\"article\" \/>\n<meta property=\"og:title\" content=\"Tipi z chwostami Boho, r\u00f3\u017cowy namiot z mat\u0105 - Cozydots.com\" \/>\n<meta property=\"og:description\" content=\"R\u00f3\u017cowy namiot tipi do zabawy, ozdobiony niebieskimi chwostami. Domek tipi z okienkiem i kieszonk\u0105 na zabawki. W zestawie: tipi, sk\u0142adane kije, stabilizator.\" \/>\n<meta property=\"og:url\" content=\"https:\/\/cozydots.com\/pl\/produkt\/tipi-z-chwostami-boho-rozowy-namiot-z-mata\/\" \/>\n<meta property=\"og:site_name\" content=\"Cozydots.com\" \/>\n<meta property=\"article:modified_time\" content=\"2023-03-10T16:58:05+00:00\" \/>\n<meta property=\"og:image\" content=\"https:\/\/cozydots.com\/wp-content\/uploads\/2021\/11\/pp-1413.jpg\" \/>\n\t<meta property=\"og:image:width\" content=\"1200\" \/>\n\t<meta property=\"og:image:height\" content=\"1200\" \/>\n\t<meta property=\"og:image:type\" content=\"image\/jpeg\" \/>\n<meta name=\"twitter:card\" content=\"summary_large_image\" \/>\n<meta name=\"twitter:label1\" content=\"Szacowany czas czytania\" \/>\n\t<meta name=\"twitter:data1\" content=\"2 minuty\" \/>\n<script type=\"application\/ld+json\" class=\"yoast-schema-graph\">{\"@context\":\"https:\/\/schema.org\",\"@graph\":[{\"@type\":\"WebPage\",\"@id\":\"https:\/\/cozydots.com\/pl\/produkt\/tipi-z-chwostami-boho-rozowy-namiot-z-mata\/\",\"url\":\"https:\/\/cozydots.com\/pl\/produkt\/tipi-z-chwostami-boho-rozowy-namiot-z-mata\/\",\"name\":\"Tipi z chwostami Boho, r\u00f3\u017cowy namiot z mat\u0105 - Cozydots.com\",\"isPartOf\":{\"@id\":\"https:\/\/cozydots.com\/pl\/#website\"},\"primaryImageOfPage\":{\"@id\":\"https:\/\/cozydots.com\/pl\/produkt\/tipi-z-chwostami-boho-rozowy-namiot-z-mata\/#primaryimage\"},\"image\":{\"@id\":\"https:\/\/cozydots.com\/pl\/produkt\/tipi-z-chwostami-boho-rozowy-namiot-z-mata\/#primaryimage\"},\"thumbnailUrl\":\"https:\/\/cozydots.com\/wp-content\/uploads\/2021\/11\/pp-1413.jpg\",\"datePublished\":\"2019-06-06T10:54:42+00:00\",\"dateModified\":\"2023-03-10T16:58:05+00:00\",\"description\":\"R\u00f3\u017cowy namiot tipi do zabawy, ozdobiony niebieskimi chwostami. Domek tipi z okienkiem i kieszonk\u0105 na zabawki. W zestawie: tipi, sk\u0142adane kije, stabilizator.\",\"breadcrumb\":{\"@id\":\"https:\/\/cozydots.com\/pl\/produkt\/tipi-z-chwostami-boho-rozowy-namiot-z-mata\/#breadcrumb\"},\"inLanguage\":\"pl-PL\",\"potentialAction\":[{\"@type\":\"ReadAction\",\"target\":[\"https:\/\/cozydots.com\/pl\/produkt\/tipi-z-chwostami-boho-rozowy-namiot-z-mata\/\"]}]},{\"@type\":\"ImageObject\",\"inLanguage\":\"pl-PL\",\"@id\":\"https:\/\/cozydots.com\/pl\/produkt\/tipi-z-chwostami-boho-rozowy-namiot-z-mata\/#primaryimage\",\"url\":\"https:\/\/cozydots.com\/wp-content\/uploads\/2021\/11\/pp-1413.jpg\",\"contentUrl\":\"https:\/\/cozydots.com\/wp-content\/uploads\/2021\/11\/pp-1413.jpg\",\"width\":1200,\"height\":1200},{\"@type\":\"BreadcrumbList\",\"@id\":\"https:\/\/cozydots.com\/pl\/produkt\/tipi-z-chwostami-boho-rozowy-namiot-z-mata\/#breadcrumb\",\"itemListElement\":[{\"@type\":\"ListItem\",\"position\":1,\"name\":\"Strona g\u0142\u00f3wna\",\"item\":\"https:\/\/cozydots.com\/pl\/\"},{\"@type\":\"ListItem\",\"position\":2,\"name\":\"Sklep\",\"item\":\"https:\/\/cozydots.com\/pl\/sklep\/\"},{\"@type\":\"ListItem\",\"position\":3,\"name\":\"Tipi z chwostami Boho, r\u00f3\u017cowy namiot z mat\u0105\"}]},{\"@type\":\"WebSite\",\"@id\":\"https:\/\/cozydots.com\/pl\/#website\",\"url\":\"https:\/\/cozydots.com\/pl\/\",\"name\":\"Cozydots.com\",\"description\":\"Producent namiot\u00f3w Tipi\",\"publisher\":{\"@id\":\"https:\/\/cozydots.com\/pl\/#organization\"},\"potentialAction\":[{\"@type\":\"SearchAction\",\"target\":{\"@type\":\"EntryPoint\",\"urlTemplate\":\"https:\/\/cozydots.com\/pl\/?s={search_term_string}\"},\"query-input\":{\"@type\":\"PropertyValueSpecification\",\"valueRequired\":true,\"valueName\":\"search_term_string\"}}],\"inLanguage\":\"pl-PL\"},{\"@type\":\"Organization\",\"@id\":\"https:\/\/cozydots.com\/pl\/#organization\",\"name\":\"Cozydots.com\",\"url\":\"https:\/\/cozydots.com\/pl\/\",\"logo\":{\"@type\":\"ImageObject\",\"inLanguage\":\"pl-PL\",\"@id\":\"https:\/\/cozydots.com\/pl\/#\/schema\/logo\/image\/\",\"url\":\"https:\/\/cozydots.com\/wp-content\/uploads\/2021\/10\/cozyshop_logo.png\",\"contentUrl\":\"https:\/\/cozydots.com\/wp-content\/uploads\/2021\/10\/cozyshop_logo.png\",\"width\":400,\"height\":121,\"caption\":\"Cozydots.com\"},\"image\":{\"@id\":\"https:\/\/cozydots.com\/pl\/#\/schema\/logo\/image\/\"}}]}<\/script>\n<!-- \/ Yoast SEO plugin. -->","yoast_head_json":{"title":"Tipi z chwostami Boho, r\u00f3\u017cowy namiot z mat\u0105 - Cozydots.com","description":"R\u00f3\u017cowy namiot tipi do zabawy, ozdobiony niebieskimi chwostami. Domek tipi z okienkiem i kieszonk\u0105 na zabawki. W zestawie: tipi, sk\u0142adane kije, stabilizator.","robots":{"index":"index","follow":"follow","max-snippet":"max-snippet:-1","max-image-preview":"max-image-preview:large","max-video-preview":"max-video-preview:-1"},"canonical":"https:\/\/cozydots.com\/pl\/produkt\/tipi-z-chwostami-boho-rozowy-namiot-z-mata\/","og_locale":"pl_PL","og_type":"article","og_title":"Tipi z chwostami Boho, r\u00f3\u017cowy namiot z mat\u0105 - Cozydots.com","og_description":"R\u00f3\u017cowy namiot tipi do zabawy, ozdobiony niebieskimi chwostami. Domek tipi z okienkiem i kieszonk\u0105 na zabawki. W zestawie: tipi, sk\u0142adane kije, stabilizator.","og_url":"https:\/\/cozydots.com\/pl\/produkt\/tipi-z-chwostami-boho-rozowy-namiot-z-mata\/","og_site_name":"Cozydots.com","article_modified_time":"2023-03-10T16:58:05+00:00","og_image":[{"width":1200,"height":1200,"url":"https:\/\/cozydots.com\/wp-content\/uploads\/2021\/11\/pp-1413.jpg","type":"image\/jpeg"}],"twitter_card":"summary_large_image","twitter_misc":{"Szacowany czas czytania":"2 minuty"},"schema":{"@context":"https:\/\/schema.org","@graph":[{"@type":"WebPage","@id":"https:\/\/cozydots.com\/pl\/produkt\/tipi-z-chwostami-boho-rozowy-namiot-z-mata\/","url":"https:\/\/cozydots.com\/pl\/produkt\/tipi-z-chwostami-boho-rozowy-namiot-z-mata\/","name":"Tipi z chwostami Boho, r\u00f3\u017cowy namiot z mat\u0105 - Cozydots.com","isPartOf":{"@id":"https:\/\/cozydots.com\/pl\/#website"},"primaryImageOfPage":{"@id":"https:\/\/cozydots.com\/pl\/produkt\/tipi-z-chwostami-boho-rozowy-namiot-z-mata\/#primaryimage"},"image":{"@id":"https:\/\/cozydots.com\/pl\/produkt\/tipi-z-chwostami-boho-rozowy-namiot-z-mata\/#primaryimage"},"thumbnailUrl":"https:\/\/cozydots.com\/wp-content\/uploads\/2021\/11\/pp-1413.jpg","datePublished":"2019-06-06T10:54:42+00:00","dateModified":"2023-03-10T16:58:05+00:00","description":"R\u00f3\u017cowy namiot tipi do zabawy, ozdobiony niebieskimi chwostami. Domek tipi z okienkiem i kieszonk\u0105 na zabawki. W zestawie: tipi, sk\u0142adane kije, stabilizator.","breadcrumb":{"@id":"https:\/\/cozydots.com\/pl\/produkt\/tipi-z-chwostami-boho-rozowy-namiot-z-mata\/#breadcrumb"},"inLanguage":"pl-PL","potentialAction":[{"@type":"ReadAction","target":["https:\/\/cozydots.com\/pl\/produkt\/tipi-z-chwostami-boho-rozowy-namiot-z-mata\/"]}]},{"@type":"ImageObject","inLanguage":"pl-PL","@id":"https:\/\/cozydots.com\/pl\/produkt\/tipi-z-chwostami-boho-rozowy-namiot-z-mata\/#primaryimage","url":"https:\/\/cozydots.com\/wp-content\/uploads\/2021\/11\/pp-1413.jpg","contentUrl":"https:\/\/cozydots.com\/wp-content\/uploads\/2021\/11\/pp-1413.jpg","width":1200,"height":1200},{"@type":"BreadcrumbList","@id":"https:\/\/cozydots.com\/pl\/produkt\/tipi-z-chwostami-boho-rozowy-namiot-z-mata\/#breadcrumb","itemListElement":[{"@type":"ListItem","position":1,"name":"Strona g\u0142\u00f3wna","item":"https:\/\/cozydots.com\/pl\/"},{"@type":"ListItem","position":2,"name":"Sklep","item":"https:\/\/cozydots.com\/pl\/sklep\/"},{"@type":"ListItem","position":3,"name":"Tipi z chwostami Boho, r\u00f3\u017cowy namiot z mat\u0105"}]},{"@type":"WebSite","@id":"https:\/\/cozydots.com\/pl\/#website","url":"https:\/\/cozydots.com\/pl\/","name":"Cozydots.com","description":"Producent namiot\u00f3w Tipi","publisher":{"@id":"https:\/\/cozydots.com\/pl\/#organization"},"potentialAction":[{"@type":"SearchAction","target":{"@type":"EntryPoint","urlTemplate":"https:\/\/cozydots.com\/pl\/?s={search_term_string}"},"query-input":{"@type":"PropertyValueSpecification","valueRequired":true,"valueName":"search_term_string"}}],"inLanguage":"pl-PL"},{"@type":"Organization","@id":"https:\/\/cozydots.com\/pl\/#organization","name":"Cozydots.com","url":"https:\/\/cozydots.com\/pl\/","logo":{"@type":"ImageObject","inLanguage":"pl-PL","@id":"https:\/\/cozydots.com\/pl\/#\/schema\/logo\/image\/","url":"https:\/\/cozydots.com\/wp-content\/uploads\/2021\/10\/cozyshop_logo.png","contentUrl":"https:\/\/cozydots.com\/wp-content\/uploads\/2021\/10\/cozyshop_logo.png","width":400,"height":121,"caption":"Cozydots.com"},"image":{"@id":"https:\/\/cozydots.com\/pl\/#\/schema\/logo\/image\/"}}]}},"_links":{"self":[{"href":"https:\/\/cozydots.com\/pl\/wp-json\/wp\/v2\/product\/20110","targetHints":{"allow":["GET"]}}],"collection":[{"href":"https:\/\/cozydots.com\/pl\/wp-json\/wp\/v2\/product"}],"about":[{"href":"https:\/\/cozydots.com\/pl\/wp-json\/wp\/v2\/types\/product"}],"replies":[{"embeddable":true,"href":"https:\/\/cozydots.com\/pl\/wp-json\/wp\/v2\/comments?post=20110"}],"wp:featuredmedia":[{"embeddable":true,"href":"https:\/\/cozydots.com\/pl\/wp-json\/wp\/v2\/media\/41438"}],"wp:attachment":[{"href":"https:\/\/cozydots.com\/pl\/wp-json\/wp\/v2\/media?parent=20110"}],"wp:term":[{"taxonomy":"product_brand","embeddable":true,"href":"https:\/\/cozydots.com\/pl\/wp-json\/wp\/v2\/product_brand?post=20110"},{"taxonomy":"product_cat","embeddable":true,"href":"https:\/\/cozydots.com\/pl\/wp-json\/wp\/v2\/product_cat?post=20110"},{"taxonomy":"product_tag","embeddable":true,"href":"https:\/\/cozydots.com\/pl\/wp-json\/wp\/v2\/product_tag?post=20110"}],"curies":[{"name":"wp","href":"https:\/\/api.w.org\/{rel}","templated":true}]}}