{"id":20651,"date":"2019-07-03T15:01:39","date_gmt":"2019-07-03T13:01:39","guid":{"rendered":"https:\/\/cozydots.com\/?post_type=product&#038;p=20651"},"modified":"2023-02-08T11:58:17","modified_gmt":"2023-02-08T10:58:17","slug":"wodoodporny-namiot-tipi-grey","status":"publish","type":"product","link":"https:\/\/cozydots.com\/pl\/produkt\/wodoodporny-namiot-tipi-grey\/","title":{"rendered":"Wodoodporny namiot tipi Grey"},"content":{"rendered":"<p>Wodoodporny namiot do zabawy. Ogrodowe tipi od Cozy.<\/p>\n<p>Namiot\u00a0<strong>wykonany jest z wodoodpornej tkaniny PREMIUM, dzi\u0119ki czemu nie niszczy si\u0119 od wody i nadaje si\u0119 na zabaw\u0119 na podw\u00f3rku. Namiot \u0142atwo utrzyma\u0107 w czysto\u015bci.\u00a0<\/strong>Ka\u017cdy egzemplarz tipi\u00a0od Cozyshop jest naszego projektu, staramy si\u0119 aby ka\u017cdy namiot by\u0142 unikatowy i zgodny z obecnymi trendami.<\/p>\n<p><b>Dzieci\u0119cy namiot tipi do zabawy posiada cztery boki oraz wszyt\u0105 wodoodporn\u0105 pod\u0142og\u0119 i dwa otwierane okienka z rolet\u0105, girlanda oraz kiesze\u0144 na zabawki.<\/b><\/p>\n<p><strong>Domek tipi<\/strong>\u00a0<strong>posiada w zestawie sk\u0142adane sosnowe kije.<\/strong> Wszystkie elementy z tkaniny <strong>mo\u017cna pra\u0107 w pralce.<\/strong>\u00a0Namiot dla dzieci \u0142atwo si\u0119 sk\u0142ada i nie zajmuje wiele miejsca.<\/p>\n<p>Wszystkie\u00a0<strong>modele projektowane s\u0105 przez nas i dajemy ci gwarancj\u0119, \u017ce dostajesz produkt unikalny<\/strong>\u00a0i najlepszej jako\u015bci. India\u0144skie namioty\u00a0<strong>tipi tworzone s\u0105 metod\u0105 hand made, z bezpiecznych dla dzieci tkanin pochodz\u0105cych z Europy<\/strong>\u00a0i posiadaj\u0105cych certyfikaty jako\u015bci.<\/p>\n<p>Dost\u0119pne warianty kolorystyczne:<\/p>\n<ul>\n<li>r\u00f3\u017c<\/li>\n<li>szary<\/li>\n<li>zielony<\/li>\n<li>miodowy<\/li>\n<li>br\u0105zowy<\/li>\n<li>czarny<\/li>\n<\/ul>\n<p><strong>W sk\u0142ad zestawu Garden od Cozy wchodz\u0105:<\/strong><\/p>\n<ul>\n<li>tipi (kolory do wyboru: jasny r\u00f3\u017c, ciep\u0142y szary)<\/li>\n<li>ozdobne chor\u0105giewki<\/li>\n<li><strong>Stabilizator\u00a0<\/strong>(zapobiega przesuwaniu stela\u017cu)<\/li>\n<li>4 kije z naturalnego drewna sosnowego (stela\u017c).<\/li>\n<\/ul>\n<p>&nbsp;<\/p>\n","protected":false},"excerpt":{"rendered":"<p>Wodoodporny namiot tipi do zabawy w zestawie z chor\u0105giewkami, kijami i stabilizatorem. Namiot do zabawy posiada dwa okienka i kiesze\u0144 na drobne zabawki.<\/p>\n","protected":false},"featured_media":48711,"comment_status":"open","ping_status":"closed","template":"","meta":[],"product_brand":[],"product_cat":[24],"product_tag":[1434],"class_list":{"0":"post-20651","1":"product","2":"type-product","3":"status-publish","4":"has-post-thumbnail","6":"product_cat-namioty-tipi","7":"product_tag-pla","9":"first","10":"instock","11":"taxable","12":"shipping-taxable","13":"product-type-simple"},"yoast_head":"<!-- This site is optimized with the Yoast SEO plugin v27.0 - https:\/\/yoast.com\/product\/yoast-seo-wordpress\/ -->\n<title>Wodoodporny namiot tipi Grey - Cozydots.com<\/title>\n<meta name=\"description\" content=\"Wodoodporny namiot tipi do zabawy w zestawie z chor\u0105giewkami, kijami i stabilizatorem. Namiot do zabawy posiada dwa okienka i kiesze\u0144 na drobne zabawki.\" \/>\n<meta name=\"robots\" content=\"index, follow, max-snippet:-1, max-image-preview:large, max-video-preview:-1\" \/>\n<link rel=\"canonical\" href=\"https:\/\/cozydots.com\/pl\/produkt\/wodoodporny-namiot-tipi-grey\/\" \/>\n<meta property=\"og:locale\" content=\"pl_PL\" \/>\n<meta property=\"og:type\" content=\"article\" \/>\n<meta property=\"og:title\" content=\"Wodoodporny namiot tipi Grey - Cozydots.com\" \/>\n<meta property=\"og:description\" content=\"Wodoodporny namiot tipi do zabawy w zestawie z chor\u0105giewkami, kijami i stabilizatorem. Namiot do zabawy posiada dwa okienka i kiesze\u0144 na drobne zabawki.\" \/>\n<meta property=\"og:url\" content=\"https:\/\/cozydots.com\/pl\/produkt\/wodoodporny-namiot-tipi-grey\/\" \/>\n<meta property=\"og:site_name\" content=\"Cozydots.com\" \/>\n<meta property=\"article:modified_time\" content=\"2023-02-08T10:58:17+00:00\" \/>\n<meta property=\"og:image\" content=\"https:\/\/cozydots.com\/wp-content\/uploads\/2019\/07\/kids_tipi_tent_Garden_Grey_s1.jpg\" \/>\n\t<meta property=\"og:image:width\" content=\"1200\" \/>\n\t<meta property=\"og:image:height\" content=\"1200\" \/>\n\t<meta property=\"og:image:type\" content=\"image\/jpeg\" \/>\n<meta name=\"twitter:card\" content=\"summary_large_image\" \/>\n<meta name=\"twitter:label1\" content=\"Szacowany czas czytania\" \/>\n\t<meta name=\"twitter:data1\" content=\"1 minuta\" \/>\n<script type=\"application\/ld+json\" class=\"yoast-schema-graph\">{\"@context\":\"https:\/\/schema.org\",\"@graph\":[{\"@type\":\"WebPage\",\"@id\":\"https:\/\/cozydots.com\/pl\/produkt\/wodoodporny-namiot-tipi-grey\/\",\"url\":\"https:\/\/cozydots.com\/pl\/produkt\/wodoodporny-namiot-tipi-grey\/\",\"name\":\"Wodoodporny namiot tipi Grey - Cozydots.com\",\"isPartOf\":{\"@id\":\"https:\/\/cozydots.com\/pl\/#website\"},\"primaryImageOfPage\":{\"@id\":\"https:\/\/cozydots.com\/pl\/produkt\/wodoodporny-namiot-tipi-grey\/#primaryimage\"},\"image\":{\"@id\":\"https:\/\/cozydots.com\/pl\/produkt\/wodoodporny-namiot-tipi-grey\/#primaryimage\"},\"thumbnailUrl\":\"https:\/\/cozydots.com\/wp-content\/uploads\/2019\/07\/kids_tipi_tent_Garden_Grey_s1.jpg\",\"datePublished\":\"2019-07-03T13:01:39+00:00\",\"dateModified\":\"2023-02-08T10:58:17+00:00\",\"description\":\"Wodoodporny namiot tipi do zabawy w zestawie z chor\u0105giewkami, kijami i stabilizatorem. Namiot do zabawy posiada dwa okienka i kiesze\u0144 na drobne zabawki.\",\"breadcrumb\":{\"@id\":\"https:\/\/cozydots.com\/pl\/produkt\/wodoodporny-namiot-tipi-grey\/#breadcrumb\"},\"inLanguage\":\"pl-PL\",\"potentialAction\":[{\"@type\":\"ReadAction\",\"target\":[\"https:\/\/cozydots.com\/pl\/produkt\/wodoodporny-namiot-tipi-grey\/\"]}]},{\"@type\":\"ImageObject\",\"inLanguage\":\"pl-PL\",\"@id\":\"https:\/\/cozydots.com\/pl\/produkt\/wodoodporny-namiot-tipi-grey\/#primaryimage\",\"url\":\"https:\/\/cozydots.com\/wp-content\/uploads\/2019\/07\/kids_tipi_tent_Garden_Grey_s1.jpg\",\"contentUrl\":\"https:\/\/cozydots.com\/wp-content\/uploads\/2019\/07\/kids_tipi_tent_Garden_Grey_s1.jpg\",\"width\":1200,\"height\":1200,\"caption\":\"kids_tipi_tent_Garden_Grey_s1\"},{\"@type\":\"BreadcrumbList\",\"@id\":\"https:\/\/cozydots.com\/pl\/produkt\/wodoodporny-namiot-tipi-grey\/#breadcrumb\",\"itemListElement\":[{\"@type\":\"ListItem\",\"position\":1,\"name\":\"Strona g\u0142\u00f3wna\",\"item\":\"https:\/\/cozydots.com\/pl\/\"},{\"@type\":\"ListItem\",\"position\":2,\"name\":\"Sklep\",\"item\":\"https:\/\/cozydots.com\/pl\/sklep\/\"},{\"@type\":\"ListItem\",\"position\":3,\"name\":\"Wodoodporny namiot tipi Grey\"}]},{\"@type\":\"WebSite\",\"@id\":\"https:\/\/cozydots.com\/pl\/#website\",\"url\":\"https:\/\/cozydots.com\/pl\/\",\"name\":\"Cozydots.com\",\"description\":\"Producent namiot\u00f3w Tipi\",\"publisher\":{\"@id\":\"https:\/\/cozydots.com\/pl\/#organization\"},\"potentialAction\":[{\"@type\":\"SearchAction\",\"target\":{\"@type\":\"EntryPoint\",\"urlTemplate\":\"https:\/\/cozydots.com\/pl\/?s={search_term_string}\"},\"query-input\":{\"@type\":\"PropertyValueSpecification\",\"valueRequired\":true,\"valueName\":\"search_term_string\"}}],\"inLanguage\":\"pl-PL\"},{\"@type\":\"Organization\",\"@id\":\"https:\/\/cozydots.com\/pl\/#organization\",\"name\":\"Cozydots.com\",\"url\":\"https:\/\/cozydots.com\/pl\/\",\"logo\":{\"@type\":\"ImageObject\",\"inLanguage\":\"pl-PL\",\"@id\":\"https:\/\/cozydots.com\/pl\/#\/schema\/logo\/image\/\",\"url\":\"https:\/\/cozydots.com\/wp-content\/uploads\/2021\/10\/cozyshop_logo.png\",\"contentUrl\":\"https:\/\/cozydots.com\/wp-content\/uploads\/2021\/10\/cozyshop_logo.png\",\"width\":400,\"height\":121,\"caption\":\"Cozydots.com\"},\"image\":{\"@id\":\"https:\/\/cozydots.com\/pl\/#\/schema\/logo\/image\/\"}}]}<\/script>\n<!-- \/ Yoast SEO plugin. -->","yoast_head_json":{"title":"Wodoodporny namiot tipi Grey - Cozydots.com","description":"Wodoodporny namiot tipi do zabawy w zestawie z chor\u0105giewkami, kijami i stabilizatorem. Namiot do zabawy posiada dwa okienka i kiesze\u0144 na drobne zabawki.","robots":{"index":"index","follow":"follow","max-snippet":"max-snippet:-1","max-image-preview":"max-image-preview:large","max-video-preview":"max-video-preview:-1"},"canonical":"https:\/\/cozydots.com\/pl\/produkt\/wodoodporny-namiot-tipi-grey\/","og_locale":"pl_PL","og_type":"article","og_title":"Wodoodporny namiot tipi Grey - Cozydots.com","og_description":"Wodoodporny namiot tipi do zabawy w zestawie z chor\u0105giewkami, kijami i stabilizatorem. Namiot do zabawy posiada dwa okienka i kiesze\u0144 na drobne zabawki.","og_url":"https:\/\/cozydots.com\/pl\/produkt\/wodoodporny-namiot-tipi-grey\/","og_site_name":"Cozydots.com","article_modified_time":"2023-02-08T10:58:17+00:00","og_image":[{"width":1200,"height":1200,"url":"https:\/\/cozydots.com\/wp-content\/uploads\/2019\/07\/kids_tipi_tent_Garden_Grey_s1.jpg","type":"image\/jpeg"}],"twitter_card":"summary_large_image","twitter_misc":{"Szacowany czas czytania":"1 minuta"},"schema":{"@context":"https:\/\/schema.org","@graph":[{"@type":"WebPage","@id":"https:\/\/cozydots.com\/pl\/produkt\/wodoodporny-namiot-tipi-grey\/","url":"https:\/\/cozydots.com\/pl\/produkt\/wodoodporny-namiot-tipi-grey\/","name":"Wodoodporny namiot tipi Grey - Cozydots.com","isPartOf":{"@id":"https:\/\/cozydots.com\/pl\/#website"},"primaryImageOfPage":{"@id":"https:\/\/cozydots.com\/pl\/produkt\/wodoodporny-namiot-tipi-grey\/#primaryimage"},"image":{"@id":"https:\/\/cozydots.com\/pl\/produkt\/wodoodporny-namiot-tipi-grey\/#primaryimage"},"thumbnailUrl":"https:\/\/cozydots.com\/wp-content\/uploads\/2019\/07\/kids_tipi_tent_Garden_Grey_s1.jpg","datePublished":"2019-07-03T13:01:39+00:00","dateModified":"2023-02-08T10:58:17+00:00","description":"Wodoodporny namiot tipi do zabawy w zestawie z chor\u0105giewkami, kijami i stabilizatorem. Namiot do zabawy posiada dwa okienka i kiesze\u0144 na drobne zabawki.","breadcrumb":{"@id":"https:\/\/cozydots.com\/pl\/produkt\/wodoodporny-namiot-tipi-grey\/#breadcrumb"},"inLanguage":"pl-PL","potentialAction":[{"@type":"ReadAction","target":["https:\/\/cozydots.com\/pl\/produkt\/wodoodporny-namiot-tipi-grey\/"]}]},{"@type":"ImageObject","inLanguage":"pl-PL","@id":"https:\/\/cozydots.com\/pl\/produkt\/wodoodporny-namiot-tipi-grey\/#primaryimage","url":"https:\/\/cozydots.com\/wp-content\/uploads\/2019\/07\/kids_tipi_tent_Garden_Grey_s1.jpg","contentUrl":"https:\/\/cozydots.com\/wp-content\/uploads\/2019\/07\/kids_tipi_tent_Garden_Grey_s1.jpg","width":1200,"height":1200,"caption":"kids_tipi_tent_Garden_Grey_s1"},{"@type":"BreadcrumbList","@id":"https:\/\/cozydots.com\/pl\/produkt\/wodoodporny-namiot-tipi-grey\/#breadcrumb","itemListElement":[{"@type":"ListItem","position":1,"name":"Strona g\u0142\u00f3wna","item":"https:\/\/cozydots.com\/pl\/"},{"@type":"ListItem","position":2,"name":"Sklep","item":"https:\/\/cozydots.com\/pl\/sklep\/"},{"@type":"ListItem","position":3,"name":"Wodoodporny namiot tipi Grey"}]},{"@type":"WebSite","@id":"https:\/\/cozydots.com\/pl\/#website","url":"https:\/\/cozydots.com\/pl\/","name":"Cozydots.com","description":"Producent namiot\u00f3w Tipi","publisher":{"@id":"https:\/\/cozydots.com\/pl\/#organization"},"potentialAction":[{"@type":"SearchAction","target":{"@type":"EntryPoint","urlTemplate":"https:\/\/cozydots.com\/pl\/?s={search_term_string}"},"query-input":{"@type":"PropertyValueSpecification","valueRequired":true,"valueName":"search_term_string"}}],"inLanguage":"pl-PL"},{"@type":"Organization","@id":"https:\/\/cozydots.com\/pl\/#organization","name":"Cozydots.com","url":"https:\/\/cozydots.com\/pl\/","logo":{"@type":"ImageObject","inLanguage":"pl-PL","@id":"https:\/\/cozydots.com\/pl\/#\/schema\/logo\/image\/","url":"https:\/\/cozydots.com\/wp-content\/uploads\/2021\/10\/cozyshop_logo.png","contentUrl":"https:\/\/cozydots.com\/wp-content\/uploads\/2021\/10\/cozyshop_logo.png","width":400,"height":121,"caption":"Cozydots.com"},"image":{"@id":"https:\/\/cozydots.com\/pl\/#\/schema\/logo\/image\/"}}]}},"_links":{"self":[{"href":"https:\/\/cozydots.com\/pl\/wp-json\/wp\/v2\/product\/20651","targetHints":{"allow":["GET"]}}],"collection":[{"href":"https:\/\/cozydots.com\/pl\/wp-json\/wp\/v2\/product"}],"about":[{"href":"https:\/\/cozydots.com\/pl\/wp-json\/wp\/v2\/types\/product"}],"replies":[{"embeddable":true,"href":"https:\/\/cozydots.com\/pl\/wp-json\/wp\/v2\/comments?post=20651"}],"wp:featuredmedia":[{"embeddable":true,"href":"https:\/\/cozydots.com\/pl\/wp-json\/wp\/v2\/media\/48711"}],"wp:attachment":[{"href":"https:\/\/cozydots.com\/pl\/wp-json\/wp\/v2\/media?parent=20651"}],"wp:term":[{"taxonomy":"product_brand","embeddable":true,"href":"https:\/\/cozydots.com\/pl\/wp-json\/wp\/v2\/product_brand?post=20651"},{"taxonomy":"product_cat","embeddable":true,"href":"https:\/\/cozydots.com\/pl\/wp-json\/wp\/v2\/product_cat?post=20651"},{"taxonomy":"product_tag","embeddable":true,"href":"https:\/\/cozydots.com\/pl\/wp-json\/wp\/v2\/product_tag?post=20651"}],"curies":[{"name":"wp","href":"https:\/\/api.w.org\/{rel}","templated":true}]}}