{"id":2644,"date":"2017-10-11T10:46:32","date_gmt":"2017-10-11T08:46:32","guid":{"rendered":"https:\/\/cozydots.com\/?post_type=product&#038;p=2644"},"modified":"2024-02-16T13:34:59","modified_gmt":"2024-02-16T12:34:59","slug":"rozowe-tipi-dla-dziewczynki-namiot-z-pomponami-pink","status":"publish","type":"product","link":"https:\/\/cozydots.com\/pl\/produkt\/rozowe-tipi-dla-dziewczynki-namiot-z-pomponami-pink\/","title":{"rendered":"R\u00f3\u017cowe tipi dla dziewczynki, namiot z pomponami Pink"},"content":{"rendered":"<h1>R\u00f3\u017cowe tipi dla dziewczynki, namiot z pomponami PINK<\/h1>\n<p>Delikatne, india\u0144skie tipi do pokoju dzieci\u0119cego z serii Pink od Cozyshop to przytulne miejsce do zabawy, kt\u00f3re zauroczy ka\u017cd\u0105 ma\u0142\u0105 dziewczynk\u0119.<\/p>\n<p><strong>Naturalne p\u0142\u00f3tno zosta\u0142o wyko\u0144czone u g\u00f3ry jasnym, r\u00f3\u017cowym materia\u0142em a roletk\u0119 okna ozdobiona pudrowo r\u00f3\u017cow\u0105 tasiemk\u0105. Wej\u015bcie do namiotu ozdobione r\u00f3\u017cow\u0105 ta\u015bm\u0105 z pomponikami.<\/strong> To urocze r\u00f3\u017cowe tipi do pokoju dziewczynki, a tak\u017ce zaciszny k\u0105cik do zabawy w salonie lub w plenerze.<\/p>\n<p><strong>Wigwam dla dziecka zosta\u0142 uszyty r\u0119cznie z przewiewnej i mi\u0142ej w dotyku naturalnej bawe\u0142ny o mocnym splocie, kt\u00f3r\u0105 mo\u017cna pra\u0107 w pralce.<\/strong> W trakcie zabawy na podw\u00f3rku, india\u0144ski namiot dla dzieci zapewnia znakomit\u0105 ochron\u0119 przed promieniami s\u0142onecznymi i wiatrem. <strong>Wewn\u0105trz tipi znajduj\u0105 si\u0119 dwie pojemne kieszonki, kt\u00f3re pomieszcz\u0105 dzieci\u0119ce skarby, oraz okienko z regulowan\u0105 roletk\u0105, za pomoc\u0105 kt\u00f3rej mo\u017cna przys\u0142oni\u0107 wn\u0119trze dzieci\u0119cego namiotu.<\/strong><\/p>\n<p>Cozyshop tipi wykonane s\u0105 technik\u0105 handmade, z wielk\u0105 precyzj\u0105 i staranno\u015bci\u0105. Dzi\u0119ki temu ka\u017cdy namiot dla dziecka jest unikatowy, a Ty masz pewno\u015b\u0107, \u017ce otrzymujesz egzemplarz najlepszej jako\u015bci.<\/p>\n<h2>W sk\u0142ad zestawu r\u00f3\u017cowe tipi Pink od Cozyshop wchodz\u0105:<\/h2>\n<ul>\n<li>namiot tipi<\/li>\n<li>4 kije z naturalnego drewna sosnowego (stela\u017c)<\/li>\n<li>pokrowiec na namiot (z wszytym uchwytem i \u015bci\u0105gany sznurkiem)<\/li>\n<\/ul>\n<p>Model Pink mo\u017cna zakupi\u0107 r\u00f3wnie\u017c w zestawie z mat\u0105 na pod\u0142og\u0119 i poduszkami.<\/p>\n<h2>Wymiary:<\/h2>\n<ul>\n<li>Wysoko\u015b\u0107 (z kijkami) po roz\u0142o\u017ceniu: 150 cm<\/li>\n<li>Wysoko\u015b\u0107 (z kijkami) po z\u0142o\u017ceniu: 170 cm<\/li>\n<li>Powierzchnia pod\u0142ogi: ok. 110\u00d7110 cm<\/li>\n<\/ul>\n<p>Wigwam o takich rozmiarach zmie\u015bci 2-3 dzieci. Po z\u0142o\u017ceniu mo\u017cna go przechowywa\u0107 w bawe\u0142nianym pokrowcu z r\u0105czk\u0105, kt\u00f3ry jest elementem zestawu.<\/p>\n<h2>Sk\u0142ad:<\/h2>\n<ul>\n<li>100% bawe\u0142na<\/li>\n<li>Posiada certyfikat  oraz atest CE<\/li>\n<\/ul>\n<p>Tekstylia, z kt\u00f3rych powstaj\u0105 nasze namioty, pochodz\u0105 z Europy i posiadaj\u0105 atesty, kt\u00f3re potwierdzaj\u0105 ich bezpiecze\u0144stwo dla dzieci. Tipi uszyto w Polsce.<\/p>\n<h2>Spos\u00f3b piel\u0119gnacji:<\/h2>\n<ul>\n<li>Mo\u017cna pra\u0107 w pralce w temperaturze 40 stopni,<\/li>\n<li>wirowanie \u2013 800 obrot\u00f3w<\/li>\n<li>Nie pra\u0107 chemicznie<\/li>\n<li>Nie wybiela\u0107<\/li>\n<\/ul>\n<p>Czas realizacji zam\u00f3wienia: 1-2 dni robocze + czas dostawy.<\/p>\n<p>Ch\u0119tnie zrealizujemy zam\u00f3wienie specjalnie dla Ciebie \u2013 wed\u0142ug Twojego pomys\u0142u. Napisz do nas i dowiedz si\u0119 wi\u0119cej.<\/p>\n","protected":false},"excerpt":{"rendered":"<p>Tipi india\u0144skie z serii PINK, idealne miejsce do zabawy. W zestawie namiot tipi, pokrowiec, 4 sosnowe kije.<\/p>\n","protected":false},"featured_media":41228,"comment_status":"open","ping_status":"closed","template":"","meta":[],"product_brand":[],"product_cat":[24],"product_tag":[],"class_list":{"0":"post-2644","1":"product","2":"type-product","3":"status-publish","4":"has-post-thumbnail","6":"product_cat-namioty-tipi","8":"first","9":"outofstock","10":"sale","11":"taxable","12":"shipping-taxable","13":"product-type-simple"},"yoast_head":"<!-- This site is optimized with the Yoast SEO plugin v27.0 - https:\/\/yoast.com\/product\/yoast-seo-wordpress\/ -->\n<title>Tipi namiot Pink - R\u00f3\u017cowy namiot tipi dla dziewczynki z pomponami<\/title>\n<meta name=\"description\" content=\"Naturalne p\u0142\u00f3tno w tipi zosta\u0142o wyko\u0144czone u g\u00f3ry jasnym, r\u00f3\u017cowym materia\u0142em a roletk\u0119 okna ozdobiona pudrowo r\u00f3\u017cow\u0105 tasiemk\u0105. Wej\u015bcie do namiotu ozdobione r\u00f3\u017cow\u0105 ta\u015bm\u0105 z pomponikami. To urocze r\u00f3\u017cowe tipi do pokoju dziewczynki, a tak\u017ce zaciszny k\u0105cik do zabawy w salonie lub w plenerze.\" \/>\n<meta name=\"robots\" content=\"index, follow, max-snippet:-1, max-image-preview:large, max-video-preview:-1\" \/>\n<link rel=\"canonical\" href=\"https:\/\/cozydots.com\/pl\/produkt\/rozowe-tipi-dla-dziewczynki-namiot-z-pomponami-pink\/\" \/>\n<meta property=\"og:locale\" content=\"pl_PL\" \/>\n<meta property=\"og:type\" content=\"article\" \/>\n<meta property=\"og:title\" content=\"Tipi namiot Pink - R\u00f3\u017cowy namiot tipi dla dziewczynki z pomponami\" \/>\n<meta property=\"og:description\" content=\"Naturalne p\u0142\u00f3tno w tipi zosta\u0142o wyko\u0144czone u g\u00f3ry jasnym, r\u00f3\u017cowym materia\u0142em a roletk\u0119 okna ozdobiona pudrowo r\u00f3\u017cow\u0105 tasiemk\u0105. Wej\u015bcie do namiotu ozdobione r\u00f3\u017cow\u0105 ta\u015bm\u0105 z pomponikami. To urocze r\u00f3\u017cowe tipi do pokoju dziewczynki, a tak\u017ce zaciszny k\u0105cik do zabawy w salonie lub w plenerze.\" \/>\n<meta property=\"og:url\" content=\"https:\/\/cozydots.com\/pl\/produkt\/rozowe-tipi-dla-dziewczynki-namiot-z-pomponami-pink\/\" \/>\n<meta property=\"og:site_name\" content=\"Cozydots.com\" \/>\n<meta property=\"article:modified_time\" content=\"2024-02-16T12:34:59+00:00\" \/>\n<meta property=\"og:image\" content=\"https:\/\/cozydots.com\/wp-content\/uploads\/2021\/11\/pp-1090.jpg\" \/>\n\t<meta property=\"og:image:width\" content=\"1200\" \/>\n\t<meta property=\"og:image:height\" content=\"1200\" \/>\n\t<meta property=\"og:image:type\" content=\"image\/jpeg\" \/>\n<meta name=\"twitter:card\" content=\"summary_large_image\" \/>\n<meta name=\"twitter:label1\" content=\"Szacowany czas czytania\" \/>\n\t<meta name=\"twitter:data1\" content=\"2 minuty\" \/>\n<script type=\"application\/ld+json\" class=\"yoast-schema-graph\">{\"@context\":\"https:\/\/schema.org\",\"@graph\":[{\"@type\":\"WebPage\",\"@id\":\"https:\/\/cozydots.com\/pl\/produkt\/rozowe-tipi-dla-dziewczynki-namiot-z-pomponami-pink\/\",\"url\":\"https:\/\/cozydots.com\/pl\/produkt\/rozowe-tipi-dla-dziewczynki-namiot-z-pomponami-pink\/\",\"name\":\"Tipi namiot Pink - R\u00f3\u017cowy namiot tipi dla dziewczynki z pomponami\",\"isPartOf\":{\"@id\":\"https:\/\/cozydots.com\/pl\/#website\"},\"primaryImageOfPage\":{\"@id\":\"https:\/\/cozydots.com\/pl\/produkt\/rozowe-tipi-dla-dziewczynki-namiot-z-pomponami-pink\/#primaryimage\"},\"image\":{\"@id\":\"https:\/\/cozydots.com\/pl\/produkt\/rozowe-tipi-dla-dziewczynki-namiot-z-pomponami-pink\/#primaryimage\"},\"thumbnailUrl\":\"https:\/\/cozydots.com\/wp-content\/uploads\/2021\/11\/pp-1090.jpg\",\"datePublished\":\"2017-10-11T08:46:32+00:00\",\"dateModified\":\"2024-02-16T12:34:59+00:00\",\"description\":\"Naturalne p\u0142\u00f3tno w tipi zosta\u0142o wyko\u0144czone u g\u00f3ry jasnym, r\u00f3\u017cowym materia\u0142em a roletk\u0119 okna ozdobiona pudrowo r\u00f3\u017cow\u0105 tasiemk\u0105. Wej\u015bcie do namiotu ozdobione r\u00f3\u017cow\u0105 ta\u015bm\u0105 z pomponikami. To urocze r\u00f3\u017cowe tipi do pokoju dziewczynki, a tak\u017ce zaciszny k\u0105cik do zabawy w salonie lub w plenerze.\",\"breadcrumb\":{\"@id\":\"https:\/\/cozydots.com\/pl\/produkt\/rozowe-tipi-dla-dziewczynki-namiot-z-pomponami-pink\/#breadcrumb\"},\"inLanguage\":\"pl-PL\",\"potentialAction\":[{\"@type\":\"ReadAction\",\"target\":[\"https:\/\/cozydots.com\/pl\/produkt\/rozowe-tipi-dla-dziewczynki-namiot-z-pomponami-pink\/\"]}]},{\"@type\":\"ImageObject\",\"inLanguage\":\"pl-PL\",\"@id\":\"https:\/\/cozydots.com\/pl\/produkt\/rozowe-tipi-dla-dziewczynki-namiot-z-pomponami-pink\/#primaryimage\",\"url\":\"https:\/\/cozydots.com\/wp-content\/uploads\/2021\/11\/pp-1090.jpg\",\"contentUrl\":\"https:\/\/cozydots.com\/wp-content\/uploads\/2021\/11\/pp-1090.jpg\",\"width\":1200,\"height\":1200},{\"@type\":\"BreadcrumbList\",\"@id\":\"https:\/\/cozydots.com\/pl\/produkt\/rozowe-tipi-dla-dziewczynki-namiot-z-pomponami-pink\/#breadcrumb\",\"itemListElement\":[{\"@type\":\"ListItem\",\"position\":1,\"name\":\"Strona g\u0142\u00f3wna\",\"item\":\"https:\/\/cozydots.com\/pl\/\"},{\"@type\":\"ListItem\",\"position\":2,\"name\":\"Sklep\",\"item\":\"https:\/\/cozydots.com\/pl\/sklep\/\"},{\"@type\":\"ListItem\",\"position\":3,\"name\":\"R\u00f3\u017cowe tipi dla dziewczynki, namiot z pomponami Pink\"}]},{\"@type\":\"WebSite\",\"@id\":\"https:\/\/cozydots.com\/pl\/#website\",\"url\":\"https:\/\/cozydots.com\/pl\/\",\"name\":\"Cozydots.com\",\"description\":\"Producent namiot\u00f3w Tipi\",\"publisher\":{\"@id\":\"https:\/\/cozydots.com\/pl\/#organization\"},\"potentialAction\":[{\"@type\":\"SearchAction\",\"target\":{\"@type\":\"EntryPoint\",\"urlTemplate\":\"https:\/\/cozydots.com\/pl\/?s={search_term_string}\"},\"query-input\":{\"@type\":\"PropertyValueSpecification\",\"valueRequired\":true,\"valueName\":\"search_term_string\"}}],\"inLanguage\":\"pl-PL\"},{\"@type\":\"Organization\",\"@id\":\"https:\/\/cozydots.com\/pl\/#organization\",\"name\":\"Cozydots.com\",\"url\":\"https:\/\/cozydots.com\/pl\/\",\"logo\":{\"@type\":\"ImageObject\",\"inLanguage\":\"pl-PL\",\"@id\":\"https:\/\/cozydots.com\/pl\/#\/schema\/logo\/image\/\",\"url\":\"https:\/\/cozydots.com\/wp-content\/uploads\/2021\/10\/cozyshop_logo.png\",\"contentUrl\":\"https:\/\/cozydots.com\/wp-content\/uploads\/2021\/10\/cozyshop_logo.png\",\"width\":400,\"height\":121,\"caption\":\"Cozydots.com\"},\"image\":{\"@id\":\"https:\/\/cozydots.com\/pl\/#\/schema\/logo\/image\/\"}}]}<\/script>\n<!-- \/ Yoast SEO plugin. -->","yoast_head_json":{"title":"Tipi namiot Pink - R\u00f3\u017cowy namiot tipi dla dziewczynki z pomponami","description":"Naturalne p\u0142\u00f3tno w tipi zosta\u0142o wyko\u0144czone u g\u00f3ry jasnym, r\u00f3\u017cowym materia\u0142em a roletk\u0119 okna ozdobiona pudrowo r\u00f3\u017cow\u0105 tasiemk\u0105. Wej\u015bcie do namiotu ozdobione r\u00f3\u017cow\u0105 ta\u015bm\u0105 z pomponikami. To urocze r\u00f3\u017cowe tipi do pokoju dziewczynki, a tak\u017ce zaciszny k\u0105cik do zabawy w salonie lub w plenerze.","robots":{"index":"index","follow":"follow","max-snippet":"max-snippet:-1","max-image-preview":"max-image-preview:large","max-video-preview":"max-video-preview:-1"},"canonical":"https:\/\/cozydots.com\/pl\/produkt\/rozowe-tipi-dla-dziewczynki-namiot-z-pomponami-pink\/","og_locale":"pl_PL","og_type":"article","og_title":"Tipi namiot Pink - R\u00f3\u017cowy namiot tipi dla dziewczynki z pomponami","og_description":"Naturalne p\u0142\u00f3tno w tipi zosta\u0142o wyko\u0144czone u g\u00f3ry jasnym, r\u00f3\u017cowym materia\u0142em a roletk\u0119 okna ozdobiona pudrowo r\u00f3\u017cow\u0105 tasiemk\u0105. Wej\u015bcie do namiotu ozdobione r\u00f3\u017cow\u0105 ta\u015bm\u0105 z pomponikami. To urocze r\u00f3\u017cowe tipi do pokoju dziewczynki, a tak\u017ce zaciszny k\u0105cik do zabawy w salonie lub w plenerze.","og_url":"https:\/\/cozydots.com\/pl\/produkt\/rozowe-tipi-dla-dziewczynki-namiot-z-pomponami-pink\/","og_site_name":"Cozydots.com","article_modified_time":"2024-02-16T12:34:59+00:00","og_image":[{"width":1200,"height":1200,"url":"https:\/\/cozydots.com\/wp-content\/uploads\/2021\/11\/pp-1090.jpg","type":"image\/jpeg"}],"twitter_card":"summary_large_image","twitter_misc":{"Szacowany czas czytania":"2 minuty"},"schema":{"@context":"https:\/\/schema.org","@graph":[{"@type":"WebPage","@id":"https:\/\/cozydots.com\/pl\/produkt\/rozowe-tipi-dla-dziewczynki-namiot-z-pomponami-pink\/","url":"https:\/\/cozydots.com\/pl\/produkt\/rozowe-tipi-dla-dziewczynki-namiot-z-pomponami-pink\/","name":"Tipi namiot Pink - R\u00f3\u017cowy namiot tipi dla dziewczynki z pomponami","isPartOf":{"@id":"https:\/\/cozydots.com\/pl\/#website"},"primaryImageOfPage":{"@id":"https:\/\/cozydots.com\/pl\/produkt\/rozowe-tipi-dla-dziewczynki-namiot-z-pomponami-pink\/#primaryimage"},"image":{"@id":"https:\/\/cozydots.com\/pl\/produkt\/rozowe-tipi-dla-dziewczynki-namiot-z-pomponami-pink\/#primaryimage"},"thumbnailUrl":"https:\/\/cozydots.com\/wp-content\/uploads\/2021\/11\/pp-1090.jpg","datePublished":"2017-10-11T08:46:32+00:00","dateModified":"2024-02-16T12:34:59+00:00","description":"Naturalne p\u0142\u00f3tno w tipi zosta\u0142o wyko\u0144czone u g\u00f3ry jasnym, r\u00f3\u017cowym materia\u0142em a roletk\u0119 okna ozdobiona pudrowo r\u00f3\u017cow\u0105 tasiemk\u0105. Wej\u015bcie do namiotu ozdobione r\u00f3\u017cow\u0105 ta\u015bm\u0105 z pomponikami. To urocze r\u00f3\u017cowe tipi do pokoju dziewczynki, a tak\u017ce zaciszny k\u0105cik do zabawy w salonie lub w plenerze.","breadcrumb":{"@id":"https:\/\/cozydots.com\/pl\/produkt\/rozowe-tipi-dla-dziewczynki-namiot-z-pomponami-pink\/#breadcrumb"},"inLanguage":"pl-PL","potentialAction":[{"@type":"ReadAction","target":["https:\/\/cozydots.com\/pl\/produkt\/rozowe-tipi-dla-dziewczynki-namiot-z-pomponami-pink\/"]}]},{"@type":"ImageObject","inLanguage":"pl-PL","@id":"https:\/\/cozydots.com\/pl\/produkt\/rozowe-tipi-dla-dziewczynki-namiot-z-pomponami-pink\/#primaryimage","url":"https:\/\/cozydots.com\/wp-content\/uploads\/2021\/11\/pp-1090.jpg","contentUrl":"https:\/\/cozydots.com\/wp-content\/uploads\/2021\/11\/pp-1090.jpg","width":1200,"height":1200},{"@type":"BreadcrumbList","@id":"https:\/\/cozydots.com\/pl\/produkt\/rozowe-tipi-dla-dziewczynki-namiot-z-pomponami-pink\/#breadcrumb","itemListElement":[{"@type":"ListItem","position":1,"name":"Strona g\u0142\u00f3wna","item":"https:\/\/cozydots.com\/pl\/"},{"@type":"ListItem","position":2,"name":"Sklep","item":"https:\/\/cozydots.com\/pl\/sklep\/"},{"@type":"ListItem","position":3,"name":"R\u00f3\u017cowe tipi dla dziewczynki, namiot z pomponami Pink"}]},{"@type":"WebSite","@id":"https:\/\/cozydots.com\/pl\/#website","url":"https:\/\/cozydots.com\/pl\/","name":"Cozydots.com","description":"Producent namiot\u00f3w Tipi","publisher":{"@id":"https:\/\/cozydots.com\/pl\/#organization"},"potentialAction":[{"@type":"SearchAction","target":{"@type":"EntryPoint","urlTemplate":"https:\/\/cozydots.com\/pl\/?s={search_term_string}"},"query-input":{"@type":"PropertyValueSpecification","valueRequired":true,"valueName":"search_term_string"}}],"inLanguage":"pl-PL"},{"@type":"Organization","@id":"https:\/\/cozydots.com\/pl\/#organization","name":"Cozydots.com","url":"https:\/\/cozydots.com\/pl\/","logo":{"@type":"ImageObject","inLanguage":"pl-PL","@id":"https:\/\/cozydots.com\/pl\/#\/schema\/logo\/image\/","url":"https:\/\/cozydots.com\/wp-content\/uploads\/2021\/10\/cozyshop_logo.png","contentUrl":"https:\/\/cozydots.com\/wp-content\/uploads\/2021\/10\/cozyshop_logo.png","width":400,"height":121,"caption":"Cozydots.com"},"image":{"@id":"https:\/\/cozydots.com\/pl\/#\/schema\/logo\/image\/"}}]}},"_links":{"self":[{"href":"https:\/\/cozydots.com\/pl\/wp-json\/wp\/v2\/product\/2644","targetHints":{"allow":["GET"]}}],"collection":[{"href":"https:\/\/cozydots.com\/pl\/wp-json\/wp\/v2\/product"}],"about":[{"href":"https:\/\/cozydots.com\/pl\/wp-json\/wp\/v2\/types\/product"}],"replies":[{"embeddable":true,"href":"https:\/\/cozydots.com\/pl\/wp-json\/wp\/v2\/comments?post=2644"}],"wp:featuredmedia":[{"embeddable":true,"href":"https:\/\/cozydots.com\/pl\/wp-json\/wp\/v2\/media\/41228"}],"wp:attachment":[{"href":"https:\/\/cozydots.com\/pl\/wp-json\/wp\/v2\/media?parent=2644"}],"wp:term":[{"taxonomy":"product_brand","embeddable":true,"href":"https:\/\/cozydots.com\/pl\/wp-json\/wp\/v2\/product_brand?post=2644"},{"taxonomy":"product_cat","embeddable":true,"href":"https:\/\/cozydots.com\/pl\/wp-json\/wp\/v2\/product_cat?post=2644"},{"taxonomy":"product_tag","embeddable":true,"href":"https:\/\/cozydots.com\/pl\/wp-json\/wp\/v2\/product_tag?post=2644"}],"curies":[{"name":"wp","href":"https:\/\/api.w.org\/{rel}","templated":true}]}}