{"id":3096,"date":"2017-10-20T11:15:32","date_gmt":"2017-10-20T09:15:32","guid":{"rendered":"https:\/\/cozydots.com\/?post_type=product&#038;p=3096"},"modified":"2023-02-08T11:58:16","modified_gmt":"2023-02-08T10:58:16","slug":"namiot-tipi-stripes-zestaw-z-mata-i-poduszkami","status":"publish","type":"product","link":"https:\/\/cozydots.com\/pl\/produkt\/namiot-tipi-stripes-zestaw-z-mata-i-poduszkami\/","title":{"rendered":"Namiot tipi Stripes &#8211; zestaw z mat\u0105 i poduszkami"},"content":{"rendered":"<p>Tipi india\u0144skie,\u00a0to niezwyk\u0142e\u00a0miejsce do zabawy\u00a0na \u015bwie\u017cym powietrzu i w domu. Namiot tipi dla dzieci to dobre miejsce do odpoczynku i k\u0105cik\u00a0do czytania ksi\u0105\u017cek.\u00a0Tipi dla dzieci to\u00a0modny elementem wystroju dzieci\u0119cego pokoju.<\/p>\n<p>Namiot\u00a0tipi Stripes wykonany jest z mocnego p\u0142\u00f3tna oraz bawe\u0142ny w bia\u0142o-czarne paski. Wej\u015bcie do wigwamu\u00a0<strong>ozdobione jest czarn\u0105 ta\u015bm\u0105.\u00a0<\/strong>\u00a0Dodatkowo w zestawie s\u0105 dwie \u00a0poduszki i ciep\u0142a mata. Namiot dla dziecka ma wszyt\u0105 kiesze\u0144 na zabawki i okienko ze zwijan\u0105 rolet\u0105.Wszystkie elementy z tkaniny <strong>mo\u017cna pra\u0107 w pralce.<\/strong>\u00a0Namiot dla dzieci \u0142atwo si\u0119 sk\u0142ada i nie zajmuje wiele miejsca.<\/p>\n<p>India\u0144skie\u00a0tipi tworzone s\u0105 metod\u0105 hand made, z bezpiecznych dla dzieci tkanin pochodz\u0105cych z Europy\u00a0i posiadaj\u0105cych certyfikaty jako\u015bci. Wszystkie\u00a0modele projektowane s\u0105 przez nas i dajemy ci gwarancj\u0119, \u017ce dostajesz produkt unikalny\u00a0i najlepszej jako\u015bci.<\/p>\n<h2>W sk\u0142ad zestawu tipi Stripes od Cozyshop wchodz\u0105:<\/h2>\n<ul>\n<li>namiot tipi do zabawy<\/li>\n<li>mi\u0119kka mata<\/li>\n<li>dwie poduszki gwiazdki ( czarna i w bia\u0142o-czarne paski)<\/li>\n<li>stabilizator<\/li>\n<li>4 kije z naturalnego drewna sosnowego (stela\u017c).<\/li>\n<\/ul>\n<p>Wigwam mo\u017cna r\u00f3wnie\u017c zakupi\u0107 bez maty i poduszek.<\/p>\n","protected":false},"excerpt":{"rendered":"<p>Namiot\u00a0tipi Stripes wykonany jest z mocnego p\u0142\u00f3tna oraz bawe\u0142ny w bia\u0142o-czarne paski. Namiot w zestawie z mat\u0105 i dwiema poduszkami.<\/p>\n","protected":false},"featured_media":41284,"comment_status":"open","ping_status":"closed","template":"","meta":[],"product_brand":[],"product_cat":[24],"product_tag":[],"class_list":{"0":"post-3096","1":"product","2":"type-product","3":"status-publish","4":"has-post-thumbnail","6":"product_cat-namioty-tipi","8":"first","9":"instock","10":"sale","11":"taxable","12":"shipping-taxable","13":"product-type-simple"},"yoast_head":"<!-- This site is optimized with the Yoast SEO plugin v27.0 - https:\/\/yoast.com\/product\/yoast-seo-wordpress\/ -->\n<title>Namiot tipi Stripes - zestaw z mat\u0105 i poduszkami - Cozydots.com<\/title>\n<meta name=\"description\" content=\"Namiot\u00a0tipi Stripes wykonany jest z mocnego p\u0142\u00f3tna oraz bawe\u0142ny w bia\u0142o-czarne paski. Namiot w zestawie z mat\u0105 i dwiema poduszkami.\" \/>\n<meta name=\"robots\" content=\"index, follow, max-snippet:-1, max-image-preview:large, max-video-preview:-1\" \/>\n<link rel=\"canonical\" href=\"https:\/\/cozydots.com\/pl\/produkt\/namiot-tipi-stripes-zestaw-z-mata-i-poduszkami\/\" \/>\n<meta property=\"og:locale\" content=\"pl_PL\" \/>\n<meta property=\"og:type\" content=\"article\" \/>\n<meta property=\"og:title\" content=\"Namiot tipi Stripes - zestaw z mat\u0105 i poduszkami - Cozydots.com\" \/>\n<meta property=\"og:description\" content=\"Namiot\u00a0tipi Stripes wykonany jest z mocnego p\u0142\u00f3tna oraz bawe\u0142ny w bia\u0142o-czarne paski. Namiot w zestawie z mat\u0105 i dwiema poduszkami.\" \/>\n<meta property=\"og:url\" content=\"https:\/\/cozydots.com\/pl\/produkt\/namiot-tipi-stripes-zestaw-z-mata-i-poduszkami\/\" \/>\n<meta property=\"og:site_name\" content=\"Cozydots.com\" \/>\n<meta property=\"article:modified_time\" content=\"2023-02-08T10:58:16+00:00\" \/>\n<meta property=\"og:image\" content=\"https:\/\/cozydots.com\/wp-content\/uploads\/2021\/11\/pp-1248.jpg\" \/>\n\t<meta property=\"og:image:width\" content=\"1200\" \/>\n\t<meta property=\"og:image:height\" content=\"1200\" \/>\n\t<meta property=\"og:image:type\" content=\"image\/jpeg\" \/>\n<meta name=\"twitter:card\" content=\"summary_large_image\" \/>\n<meta name=\"twitter:label1\" content=\"Szacowany czas czytania\" \/>\n\t<meta name=\"twitter:data1\" content=\"1 minuta\" \/>\n<script type=\"application\/ld+json\" class=\"yoast-schema-graph\">{\"@context\":\"https:\/\/schema.org\",\"@graph\":[{\"@type\":\"WebPage\",\"@id\":\"https:\/\/cozydots.com\/pl\/produkt\/namiot-tipi-stripes-zestaw-z-mata-i-poduszkami\/\",\"url\":\"https:\/\/cozydots.com\/pl\/produkt\/namiot-tipi-stripes-zestaw-z-mata-i-poduszkami\/\",\"name\":\"Namiot tipi Stripes - zestaw z mat\u0105 i poduszkami - Cozydots.com\",\"isPartOf\":{\"@id\":\"https:\/\/cozydots.com\/pl\/#website\"},\"primaryImageOfPage\":{\"@id\":\"https:\/\/cozydots.com\/pl\/produkt\/namiot-tipi-stripes-zestaw-z-mata-i-poduszkami\/#primaryimage\"},\"image\":{\"@id\":\"https:\/\/cozydots.com\/pl\/produkt\/namiot-tipi-stripes-zestaw-z-mata-i-poduszkami\/#primaryimage\"},\"thumbnailUrl\":\"https:\/\/cozydots.com\/wp-content\/uploads\/2021\/11\/pp-1248.jpg\",\"datePublished\":\"2017-10-20T09:15:32+00:00\",\"dateModified\":\"2023-02-08T10:58:16+00:00\",\"description\":\"Namiot\u00a0tipi Stripes wykonany jest z mocnego p\u0142\u00f3tna oraz bawe\u0142ny w bia\u0142o-czarne paski. Namiot w zestawie z mat\u0105 i dwiema poduszkami.\",\"breadcrumb\":{\"@id\":\"https:\/\/cozydots.com\/pl\/produkt\/namiot-tipi-stripes-zestaw-z-mata-i-poduszkami\/#breadcrumb\"},\"inLanguage\":\"pl-PL\",\"potentialAction\":[{\"@type\":\"ReadAction\",\"target\":[\"https:\/\/cozydots.com\/pl\/produkt\/namiot-tipi-stripes-zestaw-z-mata-i-poduszkami\/\"]}]},{\"@type\":\"ImageObject\",\"inLanguage\":\"pl-PL\",\"@id\":\"https:\/\/cozydots.com\/pl\/produkt\/namiot-tipi-stripes-zestaw-z-mata-i-poduszkami\/#primaryimage\",\"url\":\"https:\/\/cozydots.com\/wp-content\/uploads\/2021\/11\/pp-1248.jpg\",\"contentUrl\":\"https:\/\/cozydots.com\/wp-content\/uploads\/2021\/11\/pp-1248.jpg\",\"width\":1200,\"height\":1200,\"caption\":\"tipi tent cozydozy\"},{\"@type\":\"BreadcrumbList\",\"@id\":\"https:\/\/cozydots.com\/pl\/produkt\/namiot-tipi-stripes-zestaw-z-mata-i-poduszkami\/#breadcrumb\",\"itemListElement\":[{\"@type\":\"ListItem\",\"position\":1,\"name\":\"Strona g\u0142\u00f3wna\",\"item\":\"https:\/\/cozydots.com\/pl\/\"},{\"@type\":\"ListItem\",\"position\":2,\"name\":\"Sklep\",\"item\":\"https:\/\/cozydots.com\/pl\/sklep\/\"},{\"@type\":\"ListItem\",\"position\":3,\"name\":\"Namiot tipi Stripes &#8211; zestaw z mat\u0105 i poduszkami\"}]},{\"@type\":\"WebSite\",\"@id\":\"https:\/\/cozydots.com\/pl\/#website\",\"url\":\"https:\/\/cozydots.com\/pl\/\",\"name\":\"Cozydots.com\",\"description\":\"Producent namiot\u00f3w Tipi\",\"publisher\":{\"@id\":\"https:\/\/cozydots.com\/pl\/#organization\"},\"potentialAction\":[{\"@type\":\"SearchAction\",\"target\":{\"@type\":\"EntryPoint\",\"urlTemplate\":\"https:\/\/cozydots.com\/pl\/?s={search_term_string}\"},\"query-input\":{\"@type\":\"PropertyValueSpecification\",\"valueRequired\":true,\"valueName\":\"search_term_string\"}}],\"inLanguage\":\"pl-PL\"},{\"@type\":\"Organization\",\"@id\":\"https:\/\/cozydots.com\/pl\/#organization\",\"name\":\"Cozydots.com\",\"url\":\"https:\/\/cozydots.com\/pl\/\",\"logo\":{\"@type\":\"ImageObject\",\"inLanguage\":\"pl-PL\",\"@id\":\"https:\/\/cozydots.com\/pl\/#\/schema\/logo\/image\/\",\"url\":\"https:\/\/cozydots.com\/wp-content\/uploads\/2021\/10\/cozyshop_logo.png\",\"contentUrl\":\"https:\/\/cozydots.com\/wp-content\/uploads\/2021\/10\/cozyshop_logo.png\",\"width\":400,\"height\":121,\"caption\":\"Cozydots.com\"},\"image\":{\"@id\":\"https:\/\/cozydots.com\/pl\/#\/schema\/logo\/image\/\"}}]}<\/script>\n<!-- \/ Yoast SEO plugin. -->","yoast_head_json":{"title":"Namiot tipi Stripes - zestaw z mat\u0105 i poduszkami - Cozydots.com","description":"Namiot\u00a0tipi Stripes wykonany jest z mocnego p\u0142\u00f3tna oraz bawe\u0142ny w bia\u0142o-czarne paski. Namiot w zestawie z mat\u0105 i dwiema poduszkami.","robots":{"index":"index","follow":"follow","max-snippet":"max-snippet:-1","max-image-preview":"max-image-preview:large","max-video-preview":"max-video-preview:-1"},"canonical":"https:\/\/cozydots.com\/pl\/produkt\/namiot-tipi-stripes-zestaw-z-mata-i-poduszkami\/","og_locale":"pl_PL","og_type":"article","og_title":"Namiot tipi Stripes - zestaw z mat\u0105 i poduszkami - Cozydots.com","og_description":"Namiot\u00a0tipi Stripes wykonany jest z mocnego p\u0142\u00f3tna oraz bawe\u0142ny w bia\u0142o-czarne paski. Namiot w zestawie z mat\u0105 i dwiema poduszkami.","og_url":"https:\/\/cozydots.com\/pl\/produkt\/namiot-tipi-stripes-zestaw-z-mata-i-poduszkami\/","og_site_name":"Cozydots.com","article_modified_time":"2023-02-08T10:58:16+00:00","og_image":[{"width":1200,"height":1200,"url":"https:\/\/cozydots.com\/wp-content\/uploads\/2021\/11\/pp-1248.jpg","type":"image\/jpeg"}],"twitter_card":"summary_large_image","twitter_misc":{"Szacowany czas czytania":"1 minuta"},"schema":{"@context":"https:\/\/schema.org","@graph":[{"@type":"WebPage","@id":"https:\/\/cozydots.com\/pl\/produkt\/namiot-tipi-stripes-zestaw-z-mata-i-poduszkami\/","url":"https:\/\/cozydots.com\/pl\/produkt\/namiot-tipi-stripes-zestaw-z-mata-i-poduszkami\/","name":"Namiot tipi Stripes - zestaw z mat\u0105 i poduszkami - Cozydots.com","isPartOf":{"@id":"https:\/\/cozydots.com\/pl\/#website"},"primaryImageOfPage":{"@id":"https:\/\/cozydots.com\/pl\/produkt\/namiot-tipi-stripes-zestaw-z-mata-i-poduszkami\/#primaryimage"},"image":{"@id":"https:\/\/cozydots.com\/pl\/produkt\/namiot-tipi-stripes-zestaw-z-mata-i-poduszkami\/#primaryimage"},"thumbnailUrl":"https:\/\/cozydots.com\/wp-content\/uploads\/2021\/11\/pp-1248.jpg","datePublished":"2017-10-20T09:15:32+00:00","dateModified":"2023-02-08T10:58:16+00:00","description":"Namiot\u00a0tipi Stripes wykonany jest z mocnego p\u0142\u00f3tna oraz bawe\u0142ny w bia\u0142o-czarne paski. Namiot w zestawie z mat\u0105 i dwiema poduszkami.","breadcrumb":{"@id":"https:\/\/cozydots.com\/pl\/produkt\/namiot-tipi-stripes-zestaw-z-mata-i-poduszkami\/#breadcrumb"},"inLanguage":"pl-PL","potentialAction":[{"@type":"ReadAction","target":["https:\/\/cozydots.com\/pl\/produkt\/namiot-tipi-stripes-zestaw-z-mata-i-poduszkami\/"]}]},{"@type":"ImageObject","inLanguage":"pl-PL","@id":"https:\/\/cozydots.com\/pl\/produkt\/namiot-tipi-stripes-zestaw-z-mata-i-poduszkami\/#primaryimage","url":"https:\/\/cozydots.com\/wp-content\/uploads\/2021\/11\/pp-1248.jpg","contentUrl":"https:\/\/cozydots.com\/wp-content\/uploads\/2021\/11\/pp-1248.jpg","width":1200,"height":1200,"caption":"tipi tent cozydozy"},{"@type":"BreadcrumbList","@id":"https:\/\/cozydots.com\/pl\/produkt\/namiot-tipi-stripes-zestaw-z-mata-i-poduszkami\/#breadcrumb","itemListElement":[{"@type":"ListItem","position":1,"name":"Strona g\u0142\u00f3wna","item":"https:\/\/cozydots.com\/pl\/"},{"@type":"ListItem","position":2,"name":"Sklep","item":"https:\/\/cozydots.com\/pl\/sklep\/"},{"@type":"ListItem","position":3,"name":"Namiot tipi Stripes &#8211; zestaw z mat\u0105 i poduszkami"}]},{"@type":"WebSite","@id":"https:\/\/cozydots.com\/pl\/#website","url":"https:\/\/cozydots.com\/pl\/","name":"Cozydots.com","description":"Producent namiot\u00f3w Tipi","publisher":{"@id":"https:\/\/cozydots.com\/pl\/#organization"},"potentialAction":[{"@type":"SearchAction","target":{"@type":"EntryPoint","urlTemplate":"https:\/\/cozydots.com\/pl\/?s={search_term_string}"},"query-input":{"@type":"PropertyValueSpecification","valueRequired":true,"valueName":"search_term_string"}}],"inLanguage":"pl-PL"},{"@type":"Organization","@id":"https:\/\/cozydots.com\/pl\/#organization","name":"Cozydots.com","url":"https:\/\/cozydots.com\/pl\/","logo":{"@type":"ImageObject","inLanguage":"pl-PL","@id":"https:\/\/cozydots.com\/pl\/#\/schema\/logo\/image\/","url":"https:\/\/cozydots.com\/wp-content\/uploads\/2021\/10\/cozyshop_logo.png","contentUrl":"https:\/\/cozydots.com\/wp-content\/uploads\/2021\/10\/cozyshop_logo.png","width":400,"height":121,"caption":"Cozydots.com"},"image":{"@id":"https:\/\/cozydots.com\/pl\/#\/schema\/logo\/image\/"}}]}},"_links":{"self":[{"href":"https:\/\/cozydots.com\/pl\/wp-json\/wp\/v2\/product\/3096","targetHints":{"allow":["GET"]}}],"collection":[{"href":"https:\/\/cozydots.com\/pl\/wp-json\/wp\/v2\/product"}],"about":[{"href":"https:\/\/cozydots.com\/pl\/wp-json\/wp\/v2\/types\/product"}],"replies":[{"embeddable":true,"href":"https:\/\/cozydots.com\/pl\/wp-json\/wp\/v2\/comments?post=3096"}],"wp:featuredmedia":[{"embeddable":true,"href":"https:\/\/cozydots.com\/pl\/wp-json\/wp\/v2\/media\/41284"}],"wp:attachment":[{"href":"https:\/\/cozydots.com\/pl\/wp-json\/wp\/v2\/media?parent=3096"}],"wp:term":[{"taxonomy":"product_brand","embeddable":true,"href":"https:\/\/cozydots.com\/pl\/wp-json\/wp\/v2\/product_brand?post=3096"},{"taxonomy":"product_cat","embeddable":true,"href":"https:\/\/cozydots.com\/pl\/wp-json\/wp\/v2\/product_cat?post=3096"},{"taxonomy":"product_tag","embeddable":true,"href":"https:\/\/cozydots.com\/pl\/wp-json\/wp\/v2\/product_tag?post=3096"}],"curies":[{"name":"wp","href":"https:\/\/api.w.org\/{rel}","templated":true}]}}