{"id":41704,"date":"2021-11-09T12:20:16","date_gmt":"2021-11-09T11:20:16","guid":{"rendered":"https:\/\/cozydots.com\/?post_type=product&#038;p=41704"},"modified":"2023-02-01T13:38:03","modified_gmt":"2023-02-01T12:38:03","slug":"stabilizator-tipi-stabilizator-do-namiotu","status":"publish","type":"product","link":"https:\/\/cozydots.com\/pl\/produkt\/stabilizator-tipi-stabilizator-do-namiotu\/","title":{"rendered":"Stabilizator tipi, stabilizator do namiotu"},"content":{"rendered":"<p>Tipi stabilizator sprawia \u017ce namiot <b>stoi stabilnie<\/b>, a stela\u017c jest sztywny.<\/p>\n<p>Dzi\u0119ki odpowiedniemu roz\u0142o\u017ceniu kij\u00f3w w namiocie, powoduje \u017ce\u00a0<b>materia\u0142 jest ca\u0142y czas napi\u0119ty<\/b><\/p>\n<p><b>Stabilizator gwarantuje bezpieczn\u0105 zabaw\u0119 i\u00a0pi\u0119kny wygl\u0105d namiotu.<\/b><\/p>\n<p>Zestaw stabilizuj\u0105cy zawiera :<\/p>\n<ul>\n<li>stabilizator<\/li>\n<li>instrukcja<\/li>\n<\/ul>\n<p>&nbsp;<\/p>\n","protected":false},"excerpt":{"rendered":"<p><b>Stabilizator gwarantuje bezpieczn\u0105 zabaw\u0119 i\u00a0pi\u0119kny wygl\u0105d namiotu.<\/b><\/p>\n","protected":false},"featured_media":41726,"comment_status":"open","ping_status":"closed","template":"","meta":[],"product_brand":[],"product_cat":[24,108],"product_tag":[],"class_list":{"0":"post-41704","1":"product","2":"type-product","3":"status-publish","4":"has-post-thumbnail","6":"product_cat-namioty-tipi","7":"product_cat-akcesoria","8":"product_shipping_class-kije","10":"first","11":"instock","12":"taxable","13":"shipping-taxable","14":"product-type-simple"},"yoast_head":"<!-- This site is optimized with the Yoast SEO plugin v27.0 - https:\/\/yoast.com\/product\/yoast-seo-wordpress\/ -->\n<title>Stabilizator tipi, stabilizator do namiotu - Cozydots.com<\/title>\n<meta name=\"description\" content=\"Stabilizator gwarantuje bezpieczn\u0105 zabaw\u0119 i\u00a0pi\u0119kny wygl\u0105d namiotu.\" \/>\n<meta name=\"robots\" content=\"index, follow, max-snippet:-1, max-image-preview:large, max-video-preview:-1\" \/>\n<link rel=\"canonical\" href=\"https:\/\/cozydots.com\/pl\/produkt\/stabilizator-tipi-stabilizator-do-namiotu\/\" \/>\n<meta property=\"og:locale\" content=\"pl_PL\" \/>\n<meta property=\"og:type\" content=\"article\" \/>\n<meta property=\"og:title\" content=\"Stabilizator tipi, stabilizator do namiotu - Cozydots.com\" \/>\n<meta property=\"og:description\" content=\"Stabilizator gwarantuje bezpieczn\u0105 zabaw\u0119 i\u00a0pi\u0119kny wygl\u0105d namiotu.\" \/>\n<meta property=\"og:url\" content=\"https:\/\/cozydots.com\/pl\/produkt\/stabilizator-tipi-stabilizator-do-namiotu\/\" \/>\n<meta property=\"og:site_name\" content=\"Cozydots.com\" \/>\n<meta property=\"article:modified_time\" content=\"2023-02-01T12:38:03+00:00\" \/>\n<meta property=\"og:image\" content=\"https:\/\/cozydots.com\/wp-content\/uploads\/2021\/11\/stabilizator-1.png\" \/>\n\t<meta property=\"og:image:width\" content=\"1000\" \/>\n\t<meta property=\"og:image:height\" content=\"998\" \/>\n\t<meta property=\"og:image:type\" content=\"image\/png\" \/>\n<meta name=\"twitter:card\" content=\"summary_large_image\" \/>\n<meta name=\"twitter:label1\" content=\"Szacowany czas czytania\" \/>\n\t<meta name=\"twitter:data1\" content=\"1 minuta\" \/>\n<script type=\"application\/ld+json\" class=\"yoast-schema-graph\">{\"@context\":\"https:\/\/schema.org\",\"@graph\":[{\"@type\":\"WebPage\",\"@id\":\"https:\/\/cozydots.com\/pl\/produkt\/stabilizator-tipi-stabilizator-do-namiotu\/\",\"url\":\"https:\/\/cozydots.com\/pl\/produkt\/stabilizator-tipi-stabilizator-do-namiotu\/\",\"name\":\"Stabilizator tipi, stabilizator do namiotu - Cozydots.com\",\"isPartOf\":{\"@id\":\"https:\/\/cozydots.com\/pl\/#website\"},\"primaryImageOfPage\":{\"@id\":\"https:\/\/cozydots.com\/pl\/produkt\/stabilizator-tipi-stabilizator-do-namiotu\/#primaryimage\"},\"image\":{\"@id\":\"https:\/\/cozydots.com\/pl\/produkt\/stabilizator-tipi-stabilizator-do-namiotu\/#primaryimage\"},\"thumbnailUrl\":\"https:\/\/cozydots.com\/wp-content\/uploads\/2021\/11\/stabilizator-1.png\",\"datePublished\":\"2021-11-09T11:20:16+00:00\",\"dateModified\":\"2023-02-01T12:38:03+00:00\",\"description\":\"Stabilizator gwarantuje bezpieczn\u0105 zabaw\u0119 i\u00a0pi\u0119kny wygl\u0105d namiotu.\",\"breadcrumb\":{\"@id\":\"https:\/\/cozydots.com\/pl\/produkt\/stabilizator-tipi-stabilizator-do-namiotu\/#breadcrumb\"},\"inLanguage\":\"pl-PL\",\"potentialAction\":[{\"@type\":\"ReadAction\",\"target\":[\"https:\/\/cozydots.com\/pl\/produkt\/stabilizator-tipi-stabilizator-do-namiotu\/\"]}]},{\"@type\":\"ImageObject\",\"inLanguage\":\"pl-PL\",\"@id\":\"https:\/\/cozydots.com\/pl\/produkt\/stabilizator-tipi-stabilizator-do-namiotu\/#primaryimage\",\"url\":\"https:\/\/cozydots.com\/wp-content\/uploads\/2021\/11\/stabilizator-1.png\",\"contentUrl\":\"https:\/\/cozydots.com\/wp-content\/uploads\/2021\/11\/stabilizator-1.png\",\"width\":1000,\"height\":998},{\"@type\":\"BreadcrumbList\",\"@id\":\"https:\/\/cozydots.com\/pl\/produkt\/stabilizator-tipi-stabilizator-do-namiotu\/#breadcrumb\",\"itemListElement\":[{\"@type\":\"ListItem\",\"position\":1,\"name\":\"Strona g\u0142\u00f3wna\",\"item\":\"https:\/\/cozydots.com\/pl\/\"},{\"@type\":\"ListItem\",\"position\":2,\"name\":\"Sklep\",\"item\":\"https:\/\/cozydots.com\/pl\/sklep\/\"},{\"@type\":\"ListItem\",\"position\":3,\"name\":\"Stabilizator tipi, stabilizator do namiotu\"}]},{\"@type\":\"WebSite\",\"@id\":\"https:\/\/cozydots.com\/pl\/#website\",\"url\":\"https:\/\/cozydots.com\/pl\/\",\"name\":\"Cozydots.com\",\"description\":\"Producent namiot\u00f3w Tipi\",\"publisher\":{\"@id\":\"https:\/\/cozydots.com\/pl\/#organization\"},\"potentialAction\":[{\"@type\":\"SearchAction\",\"target\":{\"@type\":\"EntryPoint\",\"urlTemplate\":\"https:\/\/cozydots.com\/pl\/?s={search_term_string}\"},\"query-input\":{\"@type\":\"PropertyValueSpecification\",\"valueRequired\":true,\"valueName\":\"search_term_string\"}}],\"inLanguage\":\"pl-PL\"},{\"@type\":\"Organization\",\"@id\":\"https:\/\/cozydots.com\/pl\/#organization\",\"name\":\"Cozydots.com\",\"url\":\"https:\/\/cozydots.com\/pl\/\",\"logo\":{\"@type\":\"ImageObject\",\"inLanguage\":\"pl-PL\",\"@id\":\"https:\/\/cozydots.com\/pl\/#\/schema\/logo\/image\/\",\"url\":\"https:\/\/cozydots.com\/wp-content\/uploads\/2021\/10\/cozyshop_logo.png\",\"contentUrl\":\"https:\/\/cozydots.com\/wp-content\/uploads\/2021\/10\/cozyshop_logo.png\",\"width\":400,\"height\":121,\"caption\":\"Cozydots.com\"},\"image\":{\"@id\":\"https:\/\/cozydots.com\/pl\/#\/schema\/logo\/image\/\"}}]}<\/script>\n<!-- \/ Yoast SEO plugin. -->","yoast_head_json":{"title":"Stabilizator tipi, stabilizator do namiotu - Cozydots.com","description":"Stabilizator gwarantuje bezpieczn\u0105 zabaw\u0119 i\u00a0pi\u0119kny wygl\u0105d namiotu.","robots":{"index":"index","follow":"follow","max-snippet":"max-snippet:-1","max-image-preview":"max-image-preview:large","max-video-preview":"max-video-preview:-1"},"canonical":"https:\/\/cozydots.com\/pl\/produkt\/stabilizator-tipi-stabilizator-do-namiotu\/","og_locale":"pl_PL","og_type":"article","og_title":"Stabilizator tipi, stabilizator do namiotu - Cozydots.com","og_description":"Stabilizator gwarantuje bezpieczn\u0105 zabaw\u0119 i\u00a0pi\u0119kny wygl\u0105d namiotu.","og_url":"https:\/\/cozydots.com\/pl\/produkt\/stabilizator-tipi-stabilizator-do-namiotu\/","og_site_name":"Cozydots.com","article_modified_time":"2023-02-01T12:38:03+00:00","og_image":[{"width":1000,"height":998,"url":"https:\/\/cozydots.com\/wp-content\/uploads\/2021\/11\/stabilizator-1.png","type":"image\/png"}],"twitter_card":"summary_large_image","twitter_misc":{"Szacowany czas czytania":"1 minuta"},"schema":{"@context":"https:\/\/schema.org","@graph":[{"@type":"WebPage","@id":"https:\/\/cozydots.com\/pl\/produkt\/stabilizator-tipi-stabilizator-do-namiotu\/","url":"https:\/\/cozydots.com\/pl\/produkt\/stabilizator-tipi-stabilizator-do-namiotu\/","name":"Stabilizator tipi, stabilizator do namiotu - Cozydots.com","isPartOf":{"@id":"https:\/\/cozydots.com\/pl\/#website"},"primaryImageOfPage":{"@id":"https:\/\/cozydots.com\/pl\/produkt\/stabilizator-tipi-stabilizator-do-namiotu\/#primaryimage"},"image":{"@id":"https:\/\/cozydots.com\/pl\/produkt\/stabilizator-tipi-stabilizator-do-namiotu\/#primaryimage"},"thumbnailUrl":"https:\/\/cozydots.com\/wp-content\/uploads\/2021\/11\/stabilizator-1.png","datePublished":"2021-11-09T11:20:16+00:00","dateModified":"2023-02-01T12:38:03+00:00","description":"Stabilizator gwarantuje bezpieczn\u0105 zabaw\u0119 i\u00a0pi\u0119kny wygl\u0105d namiotu.","breadcrumb":{"@id":"https:\/\/cozydots.com\/pl\/produkt\/stabilizator-tipi-stabilizator-do-namiotu\/#breadcrumb"},"inLanguage":"pl-PL","potentialAction":[{"@type":"ReadAction","target":["https:\/\/cozydots.com\/pl\/produkt\/stabilizator-tipi-stabilizator-do-namiotu\/"]}]},{"@type":"ImageObject","inLanguage":"pl-PL","@id":"https:\/\/cozydots.com\/pl\/produkt\/stabilizator-tipi-stabilizator-do-namiotu\/#primaryimage","url":"https:\/\/cozydots.com\/wp-content\/uploads\/2021\/11\/stabilizator-1.png","contentUrl":"https:\/\/cozydots.com\/wp-content\/uploads\/2021\/11\/stabilizator-1.png","width":1000,"height":998},{"@type":"BreadcrumbList","@id":"https:\/\/cozydots.com\/pl\/produkt\/stabilizator-tipi-stabilizator-do-namiotu\/#breadcrumb","itemListElement":[{"@type":"ListItem","position":1,"name":"Strona g\u0142\u00f3wna","item":"https:\/\/cozydots.com\/pl\/"},{"@type":"ListItem","position":2,"name":"Sklep","item":"https:\/\/cozydots.com\/pl\/sklep\/"},{"@type":"ListItem","position":3,"name":"Stabilizator tipi, stabilizator do namiotu"}]},{"@type":"WebSite","@id":"https:\/\/cozydots.com\/pl\/#website","url":"https:\/\/cozydots.com\/pl\/","name":"Cozydots.com","description":"Producent namiot\u00f3w Tipi","publisher":{"@id":"https:\/\/cozydots.com\/pl\/#organization"},"potentialAction":[{"@type":"SearchAction","target":{"@type":"EntryPoint","urlTemplate":"https:\/\/cozydots.com\/pl\/?s={search_term_string}"},"query-input":{"@type":"PropertyValueSpecification","valueRequired":true,"valueName":"search_term_string"}}],"inLanguage":"pl-PL"},{"@type":"Organization","@id":"https:\/\/cozydots.com\/pl\/#organization","name":"Cozydots.com","url":"https:\/\/cozydots.com\/pl\/","logo":{"@type":"ImageObject","inLanguage":"pl-PL","@id":"https:\/\/cozydots.com\/pl\/#\/schema\/logo\/image\/","url":"https:\/\/cozydots.com\/wp-content\/uploads\/2021\/10\/cozyshop_logo.png","contentUrl":"https:\/\/cozydots.com\/wp-content\/uploads\/2021\/10\/cozyshop_logo.png","width":400,"height":121,"caption":"Cozydots.com"},"image":{"@id":"https:\/\/cozydots.com\/pl\/#\/schema\/logo\/image\/"}}]}},"_links":{"self":[{"href":"https:\/\/cozydots.com\/pl\/wp-json\/wp\/v2\/product\/41704","targetHints":{"allow":["GET"]}}],"collection":[{"href":"https:\/\/cozydots.com\/pl\/wp-json\/wp\/v2\/product"}],"about":[{"href":"https:\/\/cozydots.com\/pl\/wp-json\/wp\/v2\/types\/product"}],"replies":[{"embeddable":true,"href":"https:\/\/cozydots.com\/pl\/wp-json\/wp\/v2\/comments?post=41704"}],"wp:featuredmedia":[{"embeddable":true,"href":"https:\/\/cozydots.com\/pl\/wp-json\/wp\/v2\/media\/41726"}],"wp:attachment":[{"href":"https:\/\/cozydots.com\/pl\/wp-json\/wp\/v2\/media?parent=41704"}],"wp:term":[{"taxonomy":"product_brand","embeddable":true,"href":"https:\/\/cozydots.com\/pl\/wp-json\/wp\/v2\/product_brand?post=41704"},{"taxonomy":"product_cat","embeddable":true,"href":"https:\/\/cozydots.com\/pl\/wp-json\/wp\/v2\/product_cat?post=41704"},{"taxonomy":"product_tag","embeddable":true,"href":"https:\/\/cozydots.com\/pl\/wp-json\/wp\/v2\/product_tag?post=41704"}],"curies":[{"name":"wp","href":"https:\/\/api.w.org\/{rel}","templated":true}]}}