{"id":42962,"date":"2022-01-11T10:07:50","date_gmt":"2022-01-11T09:07:50","guid":{"rendered":"https:\/\/cozydots.com\/?post_type=product&#038;p=42962"},"modified":"2022-02-27T12:04:13","modified_gmt":"2022-02-27T11:04:13","slug":"poduszka-pink-balloon","status":"publish","type":"product","link":"https:\/\/cozydots.com\/pl\/produkt\/poduszka-pink-balloon\/","title":{"rendered":"Poduszka Pink Balloon"},"content":{"rendered":"<h3><strong>Poduszka Cozy &amp; Dozy zaintryguje nie tylko dzieci<\/strong><\/h3>\n<p><strong>\u00a0<\/strong><\/p>\n<p>Poduszek w domu nigdy nie jest za wiele \u2013 do tego has\u0142a chyba nikogo nie trzeba przekonywa\u0107, prawda? Pi\u0119kne i przyjemne w dotyku poduszki <strong>tworz\u0105 przytulny i ciep\u0142y klimat <\/strong>w ka\u017cdym, nawet najbardziej surowym, wn\u0119trzu. Jednak dla nas najwa\u017cniejszy jest fakt, \u017ce \u017cadne dziecko nie pogardzi drzemk\u0105 na mi\u0119kkiej i wygodnej poduszce. Co wi\u0119cej, dla naszych dzieci, kt\u00f3re od najm\u0142odszych lat maj\u0105 mn\u00f3stwo rozmaitych przyg\u00f3d, dobra drzemka jest na wag\u0119 z\u0142ota.<\/p>\n<p>Dzieci ch\u0119tnie korzystaj\u0105 z poduszki Ballon tak\u017ce w trakcie swoich zabaw. Nietypowy kszta\u0142t poduszki <strong>pobudza ich wyobra\u017anie<\/strong> i sprawia, \u017ce balon czasami zamienia si\u0119 w lizak dla misia czy te\u017c jego termofor. Rzadko spotykany kszta\u0142t poduszki Balloon <strong>przyci\u0105ga uwag\u0119<\/strong> nie tylko dzieci, ale tak\u017ce doros\u0142ych. Czasami s\u0142yszymy wr\u0119cz, \u017ce rodzice podkradaj\u0105 nasze poduchy swoim dzieciom i ozdabiaj\u0105 nimi w\u0142asny salon. \ud83d\ude09<\/p>\n<p>Nasze poduszki <strong>zdobywaj\u0105 uznanie<\/strong> nawet najwi\u0119kszych krytyk\u00f3w, gdy\u017c wykonane zosta\u0142y z najwi\u0119ksz\u0105 staranno\u015bci\u0105 i dba\u0142o\u015bci\u0105 o ka\u017cdy detal. Ponadto uszyte zosta\u0142y z <strong>materia\u0142u najwy\u017cszej jako\u015bci <\/strong>\u2013 100% bawe\u0142ny \u2013 kt\u00f3ry zapewnia pi\u0119kny i efektowny wygl\u0105d poduszki przez bardzo d\u0142ugi czas. Materia\u0142 ten posiada tak\u017ce <strong>certyfikat , CE,<\/strong> a to oznacza, \u017ce jest bezpieczny w u\u017cytkowaniu i nie zawiera \u017cadnych szkodliwych substancji. Mo\u017cesz zatem bez obaw podarowa\u0107 nasze poduszki dzieciom z nawet najbardziej wra\u017cliw\u0105 sk\u00f3r\u0105.<\/p>\n<p>Poduszki Cozy &amp; Dozy s\u0105 produktami wyj\u0105tkowymi i niepowtarzalnymi. Zosta\u0142y przez nas zaprojektowane, dopracowane w najmniejszych szczeg\u00f3\u0142ach i uszyte przez nasze do\u015bwiadczone krawcowe. Dzi\u0119ki temu masz pewno\u015b\u0107, \u017ce otrzymujesz <strong>produkt najwy\u017cszej jako\u015bci<\/strong>, naprawd\u0119 starannie wykonany. Jest to dla nas bardzo wa\u017cne z jednego konkretnego powodu. Z naszych do\u015bwiadcze\u0144 wynika, \u017ce dzieci najlepiej ucz\u0105 si\u0119 poprzez dobry przyk\u0142ad, jaki daj\u0105 mu jego rodzice. Gdy Twoja pociecha otrzyma <strong>pi\u0119kny, jako\u015bciowy produkt<\/strong>, ju\u017c od najm\u0142odszych lat b\u0119dzie mog\u0142a uczy\u0107 si\u0119 po\u0142\u0105cze\u0144 kolorystycznych i poczucia estetyki. B\u0119dzie te\u017c wiedzia\u0142a, \u017ce warto inwestowa\u0107 w dobrej jako\u015bci produkty, gdy\u017c pozostaj\u0105 one z nami na d\u0142u\u017cej.<\/p>\n<p>&nbsp;<\/p>\n<p><strong>Dane techniczne:<\/strong><\/p>\n<p><strong>Wymiar:<\/strong><\/p>\n<ul>\n<li>50 x 35 cm<\/li>\n<\/ul>\n<p><strong>Sk\u0142ad:<\/strong><\/p>\n<ul>\n<li>100% bawe\u0142na (certyfikat , CE)<\/li>\n<li>wype\u0142nienie poduszek \u2013 kulka silikonowa, antyalergiczna. Dodatkowo wszyta w \u015brodku owata silikonowa zapobiega zbijaniu si\u0119 wype\u0142nienia.<\/li>\n<\/ul>\n<p><strong>Pranie:<\/strong><\/p>\n<ul>\n<li>Mo\u017cna pra\u0107 w pralce w temperaturze 40 stopni,<\/li>\n<li>wirowanie \u2013 800 obrot\u00f3w,<\/li>\n<li>nie pra\u0107 chemicznie, nie wybiela\u0107,<\/li>\n<li>Po praniu wstrz\u0105sn\u0105\u0107 w celu u\u0142o\u017cenia wsypu,<\/li>\n<li>suszy\u0107 na p\u0142askiej powierzchni.<\/li>\n<\/ul>\n","protected":false},"excerpt":{"rendered":"<p>Pami\u0119tacie ten dzieci\u0119cy b\u00f3l, gdy Wasz balon p\u0119k\u0142 po kilku godzinach od zakupu i nadawa\u0142 si\u0119 tylko do wyrzucenia? Na szcz\u0119\u015bcie z balonem Cozy &amp; Dozy ta sytuacja Twojemu dziecku nie grozi. Poduszka jest tak samo efektowna jak prawdziwy balon, jednak nie ulega tak \u0142atwo zniszczeniu, dlatego zostanie z Wami na d\u0142ugie lata. My ju\u017c wiemy, na jaki prezent si\u0119 zdecydujemy, a Ty?<\/p>\n","protected":false},"featured_media":42978,"comment_status":"open","ping_status":"closed","template":"","meta":[],"product_brand":[],"product_cat":[102],"product_tag":[],"class_list":{"0":"post-42962","1":"product","2":"type-product","3":"status-publish","4":"has-post-thumbnail","6":"product_cat-poduszki-i-pufy","8":"first","9":"instock","10":"taxable","11":"shipping-taxable","12":"product-type-simple"},"yoast_head":"<!-- This site is optimized with the Yoast SEO plugin v27.0 - https:\/\/yoast.com\/product\/yoast-seo-wordpress\/ -->\n<title>Poduszka Pink Balloon - Cozydots.com<\/title>\n<meta name=\"description\" content=\"Pami\u0119tacie ten dzieci\u0119cy b\u00f3l, gdy Wasz balon p\u0119k\u0142 po kilku godzinach od zakupu i nadawa\u0142 si\u0119 tylko do wyrzucenia? Na szcz\u0119\u015bcie z balonem Cozy &amp; Dozy ta sytuacja Twojemu dziecku nie grozi. Poduszka jest tak samo efektowna jak prawdziwy balon, jednak nie ulega tak \u0142atwo zniszczeniu, dlatego zostanie z Wami na d\u0142ugie lata. My ju\u017c wiemy, na jaki prezent si\u0119 zdecydujemy, a Ty?\" \/>\n<meta name=\"robots\" content=\"index, follow, max-snippet:-1, max-image-preview:large, max-video-preview:-1\" \/>\n<link rel=\"canonical\" href=\"https:\/\/cozydots.com\/pl\/produkt\/poduszka-pink-balloon\/\" \/>\n<meta property=\"og:locale\" content=\"pl_PL\" \/>\n<meta property=\"og:type\" content=\"article\" \/>\n<meta property=\"og:title\" content=\"Poduszka Pink Balloon - Cozydots.com\" \/>\n<meta property=\"og:description\" content=\"Pami\u0119tacie ten dzieci\u0119cy b\u00f3l, gdy Wasz balon p\u0119k\u0142 po kilku godzinach od zakupu i nadawa\u0142 si\u0119 tylko do wyrzucenia? Na szcz\u0119\u015bcie z balonem Cozy &amp; Dozy ta sytuacja Twojemu dziecku nie grozi. Poduszka jest tak samo efektowna jak prawdziwy balon, jednak nie ulega tak \u0142atwo zniszczeniu, dlatego zostanie z Wami na d\u0142ugie lata. My ju\u017c wiemy, na jaki prezent si\u0119 zdecydujemy, a Ty?\" \/>\n<meta property=\"og:url\" content=\"https:\/\/cozydots.com\/pl\/produkt\/poduszka-pink-balloon\/\" \/>\n<meta property=\"og:site_name\" content=\"Cozydots.com\" \/>\n<meta property=\"article:modified_time\" content=\"2022-02-27T11:04:13+00:00\" \/>\n<meta property=\"og:image\" content=\"https:\/\/cozydots.com\/wp-content\/uploads\/2022\/01\/poduszka_balloon.jpg\" \/>\n\t<meta property=\"og:image:width\" content=\"1200\" \/>\n\t<meta property=\"og:image:height\" content=\"1200\" \/>\n\t<meta property=\"og:image:type\" content=\"image\/jpeg\" \/>\n<meta name=\"twitter:card\" content=\"summary_large_image\" \/>\n<meta name=\"twitter:label1\" content=\"Szacowany czas czytania\" \/>\n\t<meta name=\"twitter:data1\" content=\"3 minuty\" \/>\n<script type=\"application\/ld+json\" class=\"yoast-schema-graph\">{\"@context\":\"https:\/\/schema.org\",\"@graph\":[{\"@type\":\"WebPage\",\"@id\":\"https:\/\/cozydots.com\/pl\/produkt\/poduszka-pink-balloon\/\",\"url\":\"https:\/\/cozydots.com\/pl\/produkt\/poduszka-pink-balloon\/\",\"name\":\"Poduszka Pink Balloon - Cozydots.com\",\"isPartOf\":{\"@id\":\"https:\/\/cozydots.com\/pl\/#website\"},\"primaryImageOfPage\":{\"@id\":\"https:\/\/cozydots.com\/pl\/produkt\/poduszka-pink-balloon\/#primaryimage\"},\"image\":{\"@id\":\"https:\/\/cozydots.com\/pl\/produkt\/poduszka-pink-balloon\/#primaryimage\"},\"thumbnailUrl\":\"https:\/\/cozydots.com\/wp-content\/uploads\/2022\/01\/poduszka_balloon.jpg\",\"datePublished\":\"2022-01-11T09:07:50+00:00\",\"dateModified\":\"2022-02-27T11:04:13+00:00\",\"description\":\"Pami\u0119tacie ten dzieci\u0119cy b\u00f3l, gdy Wasz balon p\u0119k\u0142 po kilku godzinach od zakupu i nadawa\u0142 si\u0119 tylko do wyrzucenia? Na szcz\u0119\u015bcie z balonem Cozy & Dozy ta sytuacja Twojemu dziecku nie grozi. Poduszka jest tak samo efektowna jak prawdziwy balon, jednak nie ulega tak \u0142atwo zniszczeniu, dlatego zostanie z Wami na d\u0142ugie lata. My ju\u017c wiemy, na jaki prezent si\u0119 zdecydujemy, a Ty?\",\"breadcrumb\":{\"@id\":\"https:\/\/cozydots.com\/pl\/produkt\/poduszka-pink-balloon\/#breadcrumb\"},\"inLanguage\":\"pl-PL\",\"potentialAction\":[{\"@type\":\"ReadAction\",\"target\":[\"https:\/\/cozydots.com\/pl\/produkt\/poduszka-pink-balloon\/\"]}]},{\"@type\":\"ImageObject\",\"inLanguage\":\"pl-PL\",\"@id\":\"https:\/\/cozydots.com\/pl\/produkt\/poduszka-pink-balloon\/#primaryimage\",\"url\":\"https:\/\/cozydots.com\/wp-content\/uploads\/2022\/01\/poduszka_balloon.jpg\",\"contentUrl\":\"https:\/\/cozydots.com\/wp-content\/uploads\/2022\/01\/poduszka_balloon.jpg\",\"width\":1200,\"height\":1200},{\"@type\":\"BreadcrumbList\",\"@id\":\"https:\/\/cozydots.com\/pl\/produkt\/poduszka-pink-balloon\/#breadcrumb\",\"itemListElement\":[{\"@type\":\"ListItem\",\"position\":1,\"name\":\"Strona g\u0142\u00f3wna\",\"item\":\"https:\/\/cozydots.com\/pl\/\"},{\"@type\":\"ListItem\",\"position\":2,\"name\":\"Sklep\",\"item\":\"https:\/\/cozydots.com\/pl\/sklep\/\"},{\"@type\":\"ListItem\",\"position\":3,\"name\":\"Poduszka Pink Balloon\"}]},{\"@type\":\"WebSite\",\"@id\":\"https:\/\/cozydots.com\/pl\/#website\",\"url\":\"https:\/\/cozydots.com\/pl\/\",\"name\":\"Cozydots.com\",\"description\":\"Producent namiot\u00f3w Tipi\",\"publisher\":{\"@id\":\"https:\/\/cozydots.com\/pl\/#organization\"},\"potentialAction\":[{\"@type\":\"SearchAction\",\"target\":{\"@type\":\"EntryPoint\",\"urlTemplate\":\"https:\/\/cozydots.com\/pl\/?s={search_term_string}\"},\"query-input\":{\"@type\":\"PropertyValueSpecification\",\"valueRequired\":true,\"valueName\":\"search_term_string\"}}],\"inLanguage\":\"pl-PL\"},{\"@type\":\"Organization\",\"@id\":\"https:\/\/cozydots.com\/pl\/#organization\",\"name\":\"Cozydots.com\",\"url\":\"https:\/\/cozydots.com\/pl\/\",\"logo\":{\"@type\":\"ImageObject\",\"inLanguage\":\"pl-PL\",\"@id\":\"https:\/\/cozydots.com\/pl\/#\/schema\/logo\/image\/\",\"url\":\"https:\/\/cozydots.com\/wp-content\/uploads\/2021\/10\/cozyshop_logo.png\",\"contentUrl\":\"https:\/\/cozydots.com\/wp-content\/uploads\/2021\/10\/cozyshop_logo.png\",\"width\":400,\"height\":121,\"caption\":\"Cozydots.com\"},\"image\":{\"@id\":\"https:\/\/cozydots.com\/pl\/#\/schema\/logo\/image\/\"}}]}<\/script>\n<!-- \/ Yoast SEO plugin. -->","yoast_head_json":{"title":"Poduszka Pink Balloon - Cozydots.com","description":"Pami\u0119tacie ten dzieci\u0119cy b\u00f3l, gdy Wasz balon p\u0119k\u0142 po kilku godzinach od zakupu i nadawa\u0142 si\u0119 tylko do wyrzucenia? Na szcz\u0119\u015bcie z balonem Cozy & Dozy ta sytuacja Twojemu dziecku nie grozi. Poduszka jest tak samo efektowna jak prawdziwy balon, jednak nie ulega tak \u0142atwo zniszczeniu, dlatego zostanie z Wami na d\u0142ugie lata. My ju\u017c wiemy, na jaki prezent si\u0119 zdecydujemy, a Ty?","robots":{"index":"index","follow":"follow","max-snippet":"max-snippet:-1","max-image-preview":"max-image-preview:large","max-video-preview":"max-video-preview:-1"},"canonical":"https:\/\/cozydots.com\/pl\/produkt\/poduszka-pink-balloon\/","og_locale":"pl_PL","og_type":"article","og_title":"Poduszka Pink Balloon - Cozydots.com","og_description":"Pami\u0119tacie ten dzieci\u0119cy b\u00f3l, gdy Wasz balon p\u0119k\u0142 po kilku godzinach od zakupu i nadawa\u0142 si\u0119 tylko do wyrzucenia? Na szcz\u0119\u015bcie z balonem Cozy & Dozy ta sytuacja Twojemu dziecku nie grozi. Poduszka jest tak samo efektowna jak prawdziwy balon, jednak nie ulega tak \u0142atwo zniszczeniu, dlatego zostanie z Wami na d\u0142ugie lata. My ju\u017c wiemy, na jaki prezent si\u0119 zdecydujemy, a Ty?","og_url":"https:\/\/cozydots.com\/pl\/produkt\/poduszka-pink-balloon\/","og_site_name":"Cozydots.com","article_modified_time":"2022-02-27T11:04:13+00:00","og_image":[{"width":1200,"height":1200,"url":"https:\/\/cozydots.com\/wp-content\/uploads\/2022\/01\/poduszka_balloon.jpg","type":"image\/jpeg"}],"twitter_card":"summary_large_image","twitter_misc":{"Szacowany czas czytania":"3 minuty"},"schema":{"@context":"https:\/\/schema.org","@graph":[{"@type":"WebPage","@id":"https:\/\/cozydots.com\/pl\/produkt\/poduszka-pink-balloon\/","url":"https:\/\/cozydots.com\/pl\/produkt\/poduszka-pink-balloon\/","name":"Poduszka Pink Balloon - Cozydots.com","isPartOf":{"@id":"https:\/\/cozydots.com\/pl\/#website"},"primaryImageOfPage":{"@id":"https:\/\/cozydots.com\/pl\/produkt\/poduszka-pink-balloon\/#primaryimage"},"image":{"@id":"https:\/\/cozydots.com\/pl\/produkt\/poduszka-pink-balloon\/#primaryimage"},"thumbnailUrl":"https:\/\/cozydots.com\/wp-content\/uploads\/2022\/01\/poduszka_balloon.jpg","datePublished":"2022-01-11T09:07:50+00:00","dateModified":"2022-02-27T11:04:13+00:00","description":"Pami\u0119tacie ten dzieci\u0119cy b\u00f3l, gdy Wasz balon p\u0119k\u0142 po kilku godzinach od zakupu i nadawa\u0142 si\u0119 tylko do wyrzucenia? Na szcz\u0119\u015bcie z balonem Cozy & Dozy ta sytuacja Twojemu dziecku nie grozi. Poduszka jest tak samo efektowna jak prawdziwy balon, jednak nie ulega tak \u0142atwo zniszczeniu, dlatego zostanie z Wami na d\u0142ugie lata. My ju\u017c wiemy, na jaki prezent si\u0119 zdecydujemy, a Ty?","breadcrumb":{"@id":"https:\/\/cozydots.com\/pl\/produkt\/poduszka-pink-balloon\/#breadcrumb"},"inLanguage":"pl-PL","potentialAction":[{"@type":"ReadAction","target":["https:\/\/cozydots.com\/pl\/produkt\/poduszka-pink-balloon\/"]}]},{"@type":"ImageObject","inLanguage":"pl-PL","@id":"https:\/\/cozydots.com\/pl\/produkt\/poduszka-pink-balloon\/#primaryimage","url":"https:\/\/cozydots.com\/wp-content\/uploads\/2022\/01\/poduszka_balloon.jpg","contentUrl":"https:\/\/cozydots.com\/wp-content\/uploads\/2022\/01\/poduszka_balloon.jpg","width":1200,"height":1200},{"@type":"BreadcrumbList","@id":"https:\/\/cozydots.com\/pl\/produkt\/poduszka-pink-balloon\/#breadcrumb","itemListElement":[{"@type":"ListItem","position":1,"name":"Strona g\u0142\u00f3wna","item":"https:\/\/cozydots.com\/pl\/"},{"@type":"ListItem","position":2,"name":"Sklep","item":"https:\/\/cozydots.com\/pl\/sklep\/"},{"@type":"ListItem","position":3,"name":"Poduszka Pink Balloon"}]},{"@type":"WebSite","@id":"https:\/\/cozydots.com\/pl\/#website","url":"https:\/\/cozydots.com\/pl\/","name":"Cozydots.com","description":"Producent namiot\u00f3w Tipi","publisher":{"@id":"https:\/\/cozydots.com\/pl\/#organization"},"potentialAction":[{"@type":"SearchAction","target":{"@type":"EntryPoint","urlTemplate":"https:\/\/cozydots.com\/pl\/?s={search_term_string}"},"query-input":{"@type":"PropertyValueSpecification","valueRequired":true,"valueName":"search_term_string"}}],"inLanguage":"pl-PL"},{"@type":"Organization","@id":"https:\/\/cozydots.com\/pl\/#organization","name":"Cozydots.com","url":"https:\/\/cozydots.com\/pl\/","logo":{"@type":"ImageObject","inLanguage":"pl-PL","@id":"https:\/\/cozydots.com\/pl\/#\/schema\/logo\/image\/","url":"https:\/\/cozydots.com\/wp-content\/uploads\/2021\/10\/cozyshop_logo.png","contentUrl":"https:\/\/cozydots.com\/wp-content\/uploads\/2021\/10\/cozyshop_logo.png","width":400,"height":121,"caption":"Cozydots.com"},"image":{"@id":"https:\/\/cozydots.com\/pl\/#\/schema\/logo\/image\/"}}]}},"_links":{"self":[{"href":"https:\/\/cozydots.com\/pl\/wp-json\/wp\/v2\/product\/42962","targetHints":{"allow":["GET"]}}],"collection":[{"href":"https:\/\/cozydots.com\/pl\/wp-json\/wp\/v2\/product"}],"about":[{"href":"https:\/\/cozydots.com\/pl\/wp-json\/wp\/v2\/types\/product"}],"replies":[{"embeddable":true,"href":"https:\/\/cozydots.com\/pl\/wp-json\/wp\/v2\/comments?post=42962"}],"wp:featuredmedia":[{"embeddable":true,"href":"https:\/\/cozydots.com\/pl\/wp-json\/wp\/v2\/media\/42978"}],"wp:attachment":[{"href":"https:\/\/cozydots.com\/pl\/wp-json\/wp\/v2\/media?parent=42962"}],"wp:term":[{"taxonomy":"product_brand","embeddable":true,"href":"https:\/\/cozydots.com\/pl\/wp-json\/wp\/v2\/product_brand?post=42962"},{"taxonomy":"product_cat","embeddable":true,"href":"https:\/\/cozydots.com\/pl\/wp-json\/wp\/v2\/product_cat?post=42962"},{"taxonomy":"product_tag","embeddable":true,"href":"https:\/\/cozydots.com\/pl\/wp-json\/wp\/v2\/product_tag?post=42962"}],"curies":[{"name":"wp","href":"https:\/\/api.w.org\/{rel}","templated":true}]}}