{"id":46091,"date":"2022-01-11T11:31:34","date_gmt":"2022-01-11T10:31:34","guid":{"rendered":"https:\/\/cozydots.com\/?post_type=product&#038;p=46091"},"modified":"2022-03-29T13:27:59","modified_gmt":"2022-03-29T11:27:59","slug":"poduszka-muszelka-velvet-dusty-pink-shell","status":"publish","type":"product","link":"https:\/\/cozydots.com\/pl\/produkt\/poduszka-muszelka-velvet-dusty-pink-shell\/","title":{"rendered":"Poduszka muszelka Velvet Dusty Pink Shell"},"content":{"rendered":"<h2><strong>Zanurz si\u0119 w podwodny \u015bwiat z firm\u0105 Cozy &amp; Dozy<\/strong><\/h2>\n<p><strong>\u00a0<\/strong><\/p>\n<p>Ka\u017cdy morski odkrywca wie, \u017ce nie istniej\u0105 podwodne krainy bez mn\u00f3stwa kolorowych muszelek. A co najwa\u017cniejsze, stanowi\u0105 one wspania\u0142e artefakty i pow\u00f3d do dumy dla mi\u0142o\u015bnik\u00f3w przyg\u00f3d wszelakich. Niech podniesie r\u0119k\u0119 ten, kto chocia\u017c raz przywi\u00f3z\u0142 z wakacji pami\u0105tkow\u0105 muszelk\u0119. Zg\u0142aszamy si\u0119! W\u0142a\u015bnie dlatego w naszej kolekcji morskiej nie mog\u0142o zabrakn\u0105\u0107 poduszki o takim w\u0142a\u015bnie kszta\u0142cie.<\/p>\n<p>Od poduszki muszelki Dusty Pink Shell\u00a0<strong>nie da si\u0119 oderwa\u0107 r\u0105k<\/strong>! Wykonana jest z bardzo mi\u0119kkiego velvetu. Materia\u0142 ten sprawia, \u017ce korzystanie z poduszki jest\u00a0<strong>niezwykle przyjemnym do\u015bwiadczeniem<\/strong>. Twoje dziecko z pewno\u015bci\u0105 b\u0119dzie j\u0105 ch\u0119tnie przytula\u0107 i zabiera\u0107 ze sob\u0105 na wszystkie drzemki.<\/p>\n<p><strong>Bezpiecze\u0144stwo dzieciak\u00f3w jest dla nas zawsze na pierwszym miejscu<\/strong>, dlatego poduszka zosta\u0142a wykonana z najwy\u017cszej jako\u015bci 100% velvetu. Materia\u0142 ten posiada certyfikat , CE, co oznacza, \u017ce jest przyjazny dla nawet najbardziej wra\u017cliwej sk\u00f3ry \u2013 nie wywo\u0142uje alergii i podra\u017cnie\u0144. Zatem bez obaw mo\u017cesz podarowa\u0107 dziecku nasze produkt.<\/p>\n<p>Poduszka Dusty Pink Shell jest produktem\u00a0<strong>wyj\u0105tkowym i niepowtarzalnym<\/strong>. Zosta\u0142a przez nas zaprojektowana, dopracowana w najmniejszych szczeg\u00f3\u0142ach i uszyta przez nasze do\u015bwiadczone krawcowe. Dzi\u0119ki temu masz pewno\u015b\u0107, \u017ce otrzymujesz\u00a0<strong>produkt najwy\u017cszej jako\u015bci<\/strong>, naprawd\u0119 starannie wykonany. Jest to dla nas bardzo wa\u017cne z jednego konkretnego powodu. Z naszych do\u015bwiadcze\u0144 wynika, \u017ce dzieci najlepiej ucz\u0105 si\u0119 poprzez dobry przyk\u0142ad, jaki daj\u0105 mu jego rodzice. Gdy Twoja pociecha otrzyma\u00a0<strong>pi\u0119kny, jako\u015bciowy produkt<\/strong>, ju\u017c od najm\u0142odszych lat b\u0119dzie mog\u0142a uczy\u0107 si\u0119 po\u0142\u0105cze\u0144 kolorystycznych i poczucia estetyki. B\u0119dzie te\u017c wiedzia\u0142a, \u017ce warto inwestowa\u0107 w dobrej jako\u015bci produkty, gdy\u017c pozostaj\u0105 one z nami na d\u0142u\u017cej.<\/p>\n<p>Niejednokrotnie byli\u015bmy \u015bwiadkami, gdy rodzice przed uroczysto\u015bciami rodzinnymi chowali poduszki czy zabawki swoich dzieci. Poduszkom Cozy &amp; Dozy to nie grozi \u2013 wygl\u0105daj\u0105 pi\u0119knie i efektownie w ka\u017cdym pokoju. Co wi\u0119cej, czasami s\u0142yszymy wr\u0119cz, \u017ce rodzice podkradaj\u0105 nasze poduchy swoim dzieciom.<\/p>\n<p>&nbsp;<\/p>\n<p><strong>Twoje dziecko uwielbia morskie klimaty?<\/strong><\/p>\n<p>Poduszka\u00a0<strong>Pink Shell<\/strong>\u00a0pi\u0119knie komponuje si\u0119 z pozosta\u0142ymi produktami z kolekcji morskiej \u2013 w ofercie Cozy &amp; Dozy znajdziesz namiot tipi, maty, inne poduszki oraz girland\u0119 do zestawu. Tym samym mo\u017cesz stworzy\u0107 swojemu dziecku sp\u00f3jn\u0105 przestrze\u0144 pe\u0142n\u0105 r\u00f3\u017cnorodnych produkt\u00f3w, z kt\u00f3rymi na pewno nuda w jego pokoju nie zago\u015bci.<\/p>\n<p>&nbsp;<\/p>\n<p><strong>\u00a0Dane techniczne:<\/strong><\/p>\n<p><strong>Wymiar:<\/strong><\/p>\n<ul>\n<li>45 x 45 cm<\/li>\n<\/ul>\n<p><strong>Sk\u0142ad:<\/strong><\/p>\n<ul>\n<li>100% velvet (certyfikat , CE)<\/li>\n<li>wype\u0142nienie poduszek \u2013 kulka silikonowa, antyalergiczna. Dodatkowo wszyta w \u015brodku owata silikonowa zapobiega zbijaniu si\u0119 wype\u0142nienia.<\/li>\n<\/ul>\n<p><strong>Pranie:<\/strong><\/p>\n<ul>\n<li>Mo\u017cna pra\u0107 w pralce w temperaturze 40 stopni,<\/li>\n<li>wirowanie \u2013 800 obrot\u00f3w,<\/li>\n<li>nie pra\u0107 chemicznie, nie wybiela\u0107,<\/li>\n<li>Po praniu wstrz\u0105sn\u0105\u0107 w celu u\u0142o\u017cenia wsypu,<\/li>\n<li>suszy\u0107 na p\u0142askiej powierzchni.<\/li>\n<\/ul>\n<p>&nbsp;<\/p>\n","protected":false},"excerpt":{"rendered":"<p>Bez czego nie jeste\u015bmy w stanie wyobrazi\u0107 sobie morskiej krainy? Oczywi\u015bcie, bez pi\u0119knych i niepowtarzalnych muszelek. A najlepiej jest wtedy, gdy te muszelki s\u0105 mi\u0119kkimi i przyjemnymi w dotyku poduszkami!<\/p>\n","protected":false},"featured_media":50905,"comment_status":"open","ping_status":"closed","template":"","meta":[],"product_brand":[],"product_cat":[102],"product_tag":[],"class_list":{"0":"post-46091","1":"product","2":"type-product","3":"status-publish","4":"has-post-thumbnail","6":"product_cat-poduszki-i-pufy","8":"first","9":"instock","10":"taxable","11":"shipping-taxable","12":"product-type-simple"},"yoast_head":"<!-- This site is optimized with the Yoast SEO plugin v27.0 - https:\/\/yoast.com\/product\/yoast-seo-wordpress\/ -->\n<title>Poduszka muszelka Velvet Dusty Pink Shell - Cozydots.com<\/title>\n<meta name=\"description\" content=\"Bez czego nie jeste\u015bmy w stanie wyobrazi\u0107 sobie morskiej krainy? Oczywi\u015bcie, bez pi\u0119knych i niepowtarzalnych muszelek. A najlepiej jest wtedy, gdy te muszelki s\u0105 mi\u0119kkimi i przyjemnymi w dotyku poduszkami!\" \/>\n<meta name=\"robots\" content=\"index, follow, max-snippet:-1, max-image-preview:large, max-video-preview:-1\" \/>\n<link rel=\"canonical\" href=\"https:\/\/cozydots.com\/pl\/produkt\/poduszka-muszelka-velvet-dusty-pink-shell\/\" \/>\n<meta property=\"og:locale\" content=\"pl_PL\" \/>\n<meta property=\"og:type\" content=\"article\" \/>\n<meta property=\"og:title\" content=\"Poduszka muszelka Velvet Dusty Pink Shell - Cozydots.com\" \/>\n<meta property=\"og:description\" content=\"Bez czego nie jeste\u015bmy w stanie wyobrazi\u0107 sobie morskiej krainy? Oczywi\u015bcie, bez pi\u0119knych i niepowtarzalnych muszelek. A najlepiej jest wtedy, gdy te muszelki s\u0105 mi\u0119kkimi i przyjemnymi w dotyku poduszkami!\" \/>\n<meta property=\"og:url\" content=\"https:\/\/cozydots.com\/pl\/produkt\/poduszka-muszelka-velvet-dusty-pink-shell\/\" \/>\n<meta property=\"og:site_name\" content=\"Cozydots.com\" \/>\n<meta property=\"article:modified_time\" content=\"2022-03-29T11:27:59+00:00\" \/>\n<meta property=\"og:image\" content=\"https:\/\/cozydots.com\/wp-content\/uploads\/2022\/01\/shell-pink-pillow-mermaid.jpg\" \/>\n\t<meta property=\"og:image:width\" content=\"1200\" \/>\n\t<meta property=\"og:image:height\" content=\"1200\" \/>\n\t<meta property=\"og:image:type\" content=\"image\/jpeg\" \/>\n<meta name=\"twitter:card\" content=\"summary_large_image\" \/>\n<meta name=\"twitter:label1\" content=\"Szacowany czas czytania\" \/>\n\t<meta name=\"twitter:data1\" content=\"3 minuty\" \/>\n<script type=\"application\/ld+json\" class=\"yoast-schema-graph\">{\"@context\":\"https:\/\/schema.org\",\"@graph\":[{\"@type\":\"WebPage\",\"@id\":\"https:\/\/cozydots.com\/pl\/produkt\/poduszka-muszelka-velvet-dusty-pink-shell\/\",\"url\":\"https:\/\/cozydots.com\/pl\/produkt\/poduszka-muszelka-velvet-dusty-pink-shell\/\",\"name\":\"Poduszka muszelka Velvet Dusty Pink Shell - Cozydots.com\",\"isPartOf\":{\"@id\":\"https:\/\/cozydots.com\/pl\/#website\"},\"primaryImageOfPage\":{\"@id\":\"https:\/\/cozydots.com\/pl\/produkt\/poduszka-muszelka-velvet-dusty-pink-shell\/#primaryimage\"},\"image\":{\"@id\":\"https:\/\/cozydots.com\/pl\/produkt\/poduszka-muszelka-velvet-dusty-pink-shell\/#primaryimage\"},\"thumbnailUrl\":\"https:\/\/cozydots.com\/wp-content\/uploads\/2022\/01\/shell-pink-pillow-mermaid.jpg\",\"datePublished\":\"2022-01-11T10:31:34+00:00\",\"dateModified\":\"2022-03-29T11:27:59+00:00\",\"description\":\"Bez czego nie jeste\u015bmy w stanie wyobrazi\u0107 sobie morskiej krainy? Oczywi\u015bcie, bez pi\u0119knych i niepowtarzalnych muszelek. A najlepiej jest wtedy, gdy te muszelki s\u0105 mi\u0119kkimi i przyjemnymi w dotyku poduszkami!\",\"breadcrumb\":{\"@id\":\"https:\/\/cozydots.com\/pl\/produkt\/poduszka-muszelka-velvet-dusty-pink-shell\/#breadcrumb\"},\"inLanguage\":\"pl-PL\",\"potentialAction\":[{\"@type\":\"ReadAction\",\"target\":[\"https:\/\/cozydots.com\/pl\/produkt\/poduszka-muszelka-velvet-dusty-pink-shell\/\"]}]},{\"@type\":\"ImageObject\",\"inLanguage\":\"pl-PL\",\"@id\":\"https:\/\/cozydots.com\/pl\/produkt\/poduszka-muszelka-velvet-dusty-pink-shell\/#primaryimage\",\"url\":\"https:\/\/cozydots.com\/wp-content\/uploads\/2022\/01\/shell-pink-pillow-mermaid.jpg\",\"contentUrl\":\"https:\/\/cozydots.com\/wp-content\/uploads\/2022\/01\/shell-pink-pillow-mermaid.jpg\",\"width\":1200,\"height\":1200},{\"@type\":\"BreadcrumbList\",\"@id\":\"https:\/\/cozydots.com\/pl\/produkt\/poduszka-muszelka-velvet-dusty-pink-shell\/#breadcrumb\",\"itemListElement\":[{\"@type\":\"ListItem\",\"position\":1,\"name\":\"Strona g\u0142\u00f3wna\",\"item\":\"https:\/\/cozydots.com\/pl\/\"},{\"@type\":\"ListItem\",\"position\":2,\"name\":\"Sklep\",\"item\":\"https:\/\/cozydots.com\/pl\/sklep\/\"},{\"@type\":\"ListItem\",\"position\":3,\"name\":\"Poduszka muszelka Velvet Dusty Pink Shell\"}]},{\"@type\":\"WebSite\",\"@id\":\"https:\/\/cozydots.com\/pl\/#website\",\"url\":\"https:\/\/cozydots.com\/pl\/\",\"name\":\"Cozydots.com\",\"description\":\"Producent namiot\u00f3w Tipi\",\"publisher\":{\"@id\":\"https:\/\/cozydots.com\/pl\/#organization\"},\"potentialAction\":[{\"@type\":\"SearchAction\",\"target\":{\"@type\":\"EntryPoint\",\"urlTemplate\":\"https:\/\/cozydots.com\/pl\/?s={search_term_string}\"},\"query-input\":{\"@type\":\"PropertyValueSpecification\",\"valueRequired\":true,\"valueName\":\"search_term_string\"}}],\"inLanguage\":\"pl-PL\"},{\"@type\":\"Organization\",\"@id\":\"https:\/\/cozydots.com\/pl\/#organization\",\"name\":\"Cozydots.com\",\"url\":\"https:\/\/cozydots.com\/pl\/\",\"logo\":{\"@type\":\"ImageObject\",\"inLanguage\":\"pl-PL\",\"@id\":\"https:\/\/cozydots.com\/pl\/#\/schema\/logo\/image\/\",\"url\":\"https:\/\/cozydots.com\/wp-content\/uploads\/2021\/10\/cozyshop_logo.png\",\"contentUrl\":\"https:\/\/cozydots.com\/wp-content\/uploads\/2021\/10\/cozyshop_logo.png\",\"width\":400,\"height\":121,\"caption\":\"Cozydots.com\"},\"image\":{\"@id\":\"https:\/\/cozydots.com\/pl\/#\/schema\/logo\/image\/\"}}]}<\/script>\n<!-- \/ Yoast SEO plugin. -->","yoast_head_json":{"title":"Poduszka muszelka Velvet Dusty Pink Shell - Cozydots.com","description":"Bez czego nie jeste\u015bmy w stanie wyobrazi\u0107 sobie morskiej krainy? Oczywi\u015bcie, bez pi\u0119knych i niepowtarzalnych muszelek. A najlepiej jest wtedy, gdy te muszelki s\u0105 mi\u0119kkimi i przyjemnymi w dotyku poduszkami!","robots":{"index":"index","follow":"follow","max-snippet":"max-snippet:-1","max-image-preview":"max-image-preview:large","max-video-preview":"max-video-preview:-1"},"canonical":"https:\/\/cozydots.com\/pl\/produkt\/poduszka-muszelka-velvet-dusty-pink-shell\/","og_locale":"pl_PL","og_type":"article","og_title":"Poduszka muszelka Velvet Dusty Pink Shell - Cozydots.com","og_description":"Bez czego nie jeste\u015bmy w stanie wyobrazi\u0107 sobie morskiej krainy? Oczywi\u015bcie, bez pi\u0119knych i niepowtarzalnych muszelek. A najlepiej jest wtedy, gdy te muszelki s\u0105 mi\u0119kkimi i przyjemnymi w dotyku poduszkami!","og_url":"https:\/\/cozydots.com\/pl\/produkt\/poduszka-muszelka-velvet-dusty-pink-shell\/","og_site_name":"Cozydots.com","article_modified_time":"2022-03-29T11:27:59+00:00","og_image":[{"width":1200,"height":1200,"url":"https:\/\/cozydots.com\/wp-content\/uploads\/2022\/01\/shell-pink-pillow-mermaid.jpg","type":"image\/jpeg"}],"twitter_card":"summary_large_image","twitter_misc":{"Szacowany czas czytania":"3 minuty"},"schema":{"@context":"https:\/\/schema.org","@graph":[{"@type":"WebPage","@id":"https:\/\/cozydots.com\/pl\/produkt\/poduszka-muszelka-velvet-dusty-pink-shell\/","url":"https:\/\/cozydots.com\/pl\/produkt\/poduszka-muszelka-velvet-dusty-pink-shell\/","name":"Poduszka muszelka Velvet Dusty Pink Shell - Cozydots.com","isPartOf":{"@id":"https:\/\/cozydots.com\/pl\/#website"},"primaryImageOfPage":{"@id":"https:\/\/cozydots.com\/pl\/produkt\/poduszka-muszelka-velvet-dusty-pink-shell\/#primaryimage"},"image":{"@id":"https:\/\/cozydots.com\/pl\/produkt\/poduszka-muszelka-velvet-dusty-pink-shell\/#primaryimage"},"thumbnailUrl":"https:\/\/cozydots.com\/wp-content\/uploads\/2022\/01\/shell-pink-pillow-mermaid.jpg","datePublished":"2022-01-11T10:31:34+00:00","dateModified":"2022-03-29T11:27:59+00:00","description":"Bez czego nie jeste\u015bmy w stanie wyobrazi\u0107 sobie morskiej krainy? Oczywi\u015bcie, bez pi\u0119knych i niepowtarzalnych muszelek. A najlepiej jest wtedy, gdy te muszelki s\u0105 mi\u0119kkimi i przyjemnymi w dotyku poduszkami!","breadcrumb":{"@id":"https:\/\/cozydots.com\/pl\/produkt\/poduszka-muszelka-velvet-dusty-pink-shell\/#breadcrumb"},"inLanguage":"pl-PL","potentialAction":[{"@type":"ReadAction","target":["https:\/\/cozydots.com\/pl\/produkt\/poduszka-muszelka-velvet-dusty-pink-shell\/"]}]},{"@type":"ImageObject","inLanguage":"pl-PL","@id":"https:\/\/cozydots.com\/pl\/produkt\/poduszka-muszelka-velvet-dusty-pink-shell\/#primaryimage","url":"https:\/\/cozydots.com\/wp-content\/uploads\/2022\/01\/shell-pink-pillow-mermaid.jpg","contentUrl":"https:\/\/cozydots.com\/wp-content\/uploads\/2022\/01\/shell-pink-pillow-mermaid.jpg","width":1200,"height":1200},{"@type":"BreadcrumbList","@id":"https:\/\/cozydots.com\/pl\/produkt\/poduszka-muszelka-velvet-dusty-pink-shell\/#breadcrumb","itemListElement":[{"@type":"ListItem","position":1,"name":"Strona g\u0142\u00f3wna","item":"https:\/\/cozydots.com\/pl\/"},{"@type":"ListItem","position":2,"name":"Sklep","item":"https:\/\/cozydots.com\/pl\/sklep\/"},{"@type":"ListItem","position":3,"name":"Poduszka muszelka Velvet Dusty Pink Shell"}]},{"@type":"WebSite","@id":"https:\/\/cozydots.com\/pl\/#website","url":"https:\/\/cozydots.com\/pl\/","name":"Cozydots.com","description":"Producent namiot\u00f3w Tipi","publisher":{"@id":"https:\/\/cozydots.com\/pl\/#organization"},"potentialAction":[{"@type":"SearchAction","target":{"@type":"EntryPoint","urlTemplate":"https:\/\/cozydots.com\/pl\/?s={search_term_string}"},"query-input":{"@type":"PropertyValueSpecification","valueRequired":true,"valueName":"search_term_string"}}],"inLanguage":"pl-PL"},{"@type":"Organization","@id":"https:\/\/cozydots.com\/pl\/#organization","name":"Cozydots.com","url":"https:\/\/cozydots.com\/pl\/","logo":{"@type":"ImageObject","inLanguage":"pl-PL","@id":"https:\/\/cozydots.com\/pl\/#\/schema\/logo\/image\/","url":"https:\/\/cozydots.com\/wp-content\/uploads\/2021\/10\/cozyshop_logo.png","contentUrl":"https:\/\/cozydots.com\/wp-content\/uploads\/2021\/10\/cozyshop_logo.png","width":400,"height":121,"caption":"Cozydots.com"},"image":{"@id":"https:\/\/cozydots.com\/pl\/#\/schema\/logo\/image\/"}}]}},"_links":{"self":[{"href":"https:\/\/cozydots.com\/pl\/wp-json\/wp\/v2\/product\/46091","targetHints":{"allow":["GET"]}}],"collection":[{"href":"https:\/\/cozydots.com\/pl\/wp-json\/wp\/v2\/product"}],"about":[{"href":"https:\/\/cozydots.com\/pl\/wp-json\/wp\/v2\/types\/product"}],"replies":[{"embeddable":true,"href":"https:\/\/cozydots.com\/pl\/wp-json\/wp\/v2\/comments?post=46091"}],"wp:featuredmedia":[{"embeddable":true,"href":"https:\/\/cozydots.com\/pl\/wp-json\/wp\/v2\/media\/50905"}],"wp:attachment":[{"href":"https:\/\/cozydots.com\/pl\/wp-json\/wp\/v2\/media?parent=46091"}],"wp:term":[{"taxonomy":"product_brand","embeddable":true,"href":"https:\/\/cozydots.com\/pl\/wp-json\/wp\/v2\/product_brand?post=46091"},{"taxonomy":"product_cat","embeddable":true,"href":"https:\/\/cozydots.com\/pl\/wp-json\/wp\/v2\/product_cat?post=46091"},{"taxonomy":"product_tag","embeddable":true,"href":"https:\/\/cozydots.com\/pl\/wp-json\/wp\/v2\/product_tag?post=46091"}],"curies":[{"name":"wp","href":"https:\/\/api.w.org\/{rel}","templated":true}]}}