{"id":47003,"date":"2022-01-01T13:12:21","date_gmt":"2022-01-01T12:12:21","guid":{"rendered":"https:\/\/cozydots.com\/?post_type=product&#038;p=47003"},"modified":"2022-10-22T12:11:27","modified_gmt":"2022-10-22T10:11:27","slug":"girlanda-velvet-pink-mermaid","status":"publish","type":"product","link":"https:\/\/cozydots.com\/pl\/produkt\/girlanda-velvet-pink-mermaid\/","title":{"rendered":"Girlanda Velvet Pink Mermaid"},"content":{"rendered":"<h3><strong>Zanurz si\u0119 w podwodny \u015bwiat z firm\u0105 Cozy &amp; Dozy<\/strong><\/h3>\n<p>Girlanda Pink Mermaid jest idealnym pomys\u0142em na prezent\u00a0<strong>dla maluszka i starszego dziecka<\/strong>. Motywy morskie, z kt\u00f3rych si\u0119 sk\u0142ada (posiada 5 zawieszek \u2013 3 rozgwiazdy i muszelki), z pewno\u015bci\u0105 zach\u0119c\u0105 dziecko do lepszego poznania podwodnego \u015bwiata. Ozdoba w pastelowych odcieniach r\u00f3\u017cowego b\u0119dzie tak\u017ce\u00a0<strong>pi\u0119knie komponowa\u0142a si\u0119 we wszystkich wn\u0119trzach.<\/strong><strong>\u00a0<\/strong><\/p>\n<p>Girlandy w pastelowych kolorach, wykonane z mi\u0119kkich materia\u0142\u00f3w sprawiaj\u0105, \u017ce dzieci\u0119cy\u00a0<strong>pok\u00f3j staje si\u0119 miejscem ciep\u0142ym i przytulnym<\/strong>. Miejscem, w kt\u00f3rym\u00a0<strong>dziecko mo\u017ce czu\u0107 si\u0119 bezpiecznie i komfortowo<\/strong>. A dzi\u0119ki temu ch\u0119tniej sp\u0119dza w nim czas, bawi si\u0119 i odpoczywa.<\/p>\n<p>Girlanda Pink Mermaid sprawdzi si\u0119 \u015bwietnie jako dekoracja pokoju dzieci\u0119cego, sali zabaw, przyj\u0119cia urodzinowego czy sesji fotograficznej. Doda wn\u0119trzu magicznego charakteru i podkre\u015bli si\u0142\u0119 oryginalno\u015bci.<\/p>\n<p>Ponadto girlanda zosta\u0142a od pocz\u0105tku do ko\u0144ca wykonana w naszej pracowni. Zatem dziecko otrzyma\u00a0<strong>prezent unikatowy i niepowtarzalny,<\/strong>\u00a0kt\u00f3ry z pewno\u015bci\u0105 przyci\u0105gnie jego uwag\u0119 i\u00a0<strong>sprawi niema\u0142\u0105 przyjemno\u015b\u0107<\/strong>. Dzieci lubi\u0105 r\u00f3wnie\u017c pokazywa\u0107 prezenty swoim kolegom i kole\u017cankom, a nasza girlanda na pewno wzbudzi ich zainteresowanie.<\/p>\n<p><strong>Bezpiecze\u0144stwo dzieciak\u00f3w jest dla nas na pierwszym miejscu<\/strong>, dlatego girlanda zosta\u0142a wykonana z najwy\u017cszej jako\u015bci 100% velvetu. Materia\u0142 ten posiada certyfikat , CE, co oznacza, \u017ce jest przyjazny dla nawet wra\u017cliwe sk\u00f3ry \u2013 nie wywo\u0142uje alergii i podra\u017cnie\u0144. Zatem bez obaw mo\u017cesz podarowa\u0107 dziecku nasze produkt.<\/p>\n<p>&nbsp;<\/p>\n<p><strong>Twoje dziecko uwielbia morskie klimaty?<\/strong><\/p>\n<p>Girlanda Pink Mermaid pi\u0119knie komponuje si\u0119 z pozosta\u0142ymi produktami z kolekcji morskiej \u2013 w ofercie Cozy &amp; Dozy znajdziesz namiot tipi, maty oraz poduszki do zestawu. Tym samym mo\u017cesz stworzy\u0107 swojemu dziecku sp\u00f3jn\u0105 przestrze\u0144 pe\u0142n\u0105 r\u00f3\u017cnorodnych produkt\u00f3w, z kt\u00f3rymi na pewno nuda w pokoju nie zago\u015bci.<\/p>\n<p>Staramy si\u0119, aby w naszym sklepie ka\u017cdy znalaz\u0142 produkt idealny dla siebie. W zwi\u0105zku z tym, je\u017celi Twoje dziecko woli kolor niebieski od r\u00f3\u017cowego, tak\u017ce taki wariant kolorystyczny kolekcji morskiej znajdziesz w naszej ofercie. Niebieska wersja girlandy Pink Mermaid nazywa si\u0119 Blue Sea.<\/p>\n<p>&nbsp;<\/p>\n<p><strong>Dane techniczne:<\/strong><\/p>\n<p><strong>Wymiary:<\/strong><\/p>\n<ul>\n<li>D\u0142ugo\u015b\u0107: bawe\u0142niany sznurek \u2013 235 cm<\/li>\n<li>Wielko\u015b\u0107 ozdoby: rozgwiazdy \u2013 22 x 22 cm, muszelki 19 x 17 cm<\/li>\n<\/ul>\n<p><strong>Sk\u0142ad:<\/strong><\/p>\n<ul>\n<li>Ozdoba: 100% velvet (certyfikat , CE)<\/li>\n<li>Sznurek: 100% bawe\u0142na<\/li>\n<\/ul>\n<p><strong>Pranie:<\/strong><\/p>\n<ul>\n<li>Ozdoby mo\u017cna pra\u0107 w temperaturze 40 stopni<\/li>\n<li>Wirowanie \u2013 800 obrot\u00f3w<\/li>\n<li>Nie pra\u0107 chemicznie, nie wybiela\u0107<\/li>\n<li>Suszy\u0107 na p\u0142askiej powierzchni<\/li>\n<\/ul>\n<p>&nbsp;<\/p>\n","protected":false},"excerpt":{"rendered":"<p>Coraz cz\u0119\u015bciej w pokoikach dzieci\u0119cych dostrzegamy pi\u0119kne girlandy i wcale nas to nie dziwi! Girlandy to delikatne ozdoby, kt\u00f3re s\u0105 jak wisienka na torcie \u2013 tworz\u0105 magiczny klimat wn\u0119trza. Z pewno\u015bci\u0105 z nasz\u0105 girland\u0105 Pink Mermaid ka\u017cde dziecko poczuj\u0119 si\u0119 jak morski odkrywca.<\/p>\n","protected":false},"featured_media":47005,"comment_status":"open","ping_status":"closed","template":"","meta":[],"product_brand":[],"product_cat":[108],"product_tag":[],"class_list":{"0":"post-47003","1":"product","2":"type-product","3":"status-publish","4":"has-post-thumbnail","6":"product_cat-akcesoria","7":"product_shipping_class-kije","9":"first","10":"instock","11":"taxable","12":"shipping-taxable","13":"product-type-simple"},"yoast_head":"<!-- This site is optimized with the Yoast SEO plugin v27.0 - https:\/\/yoast.com\/product\/yoast-seo-wordpress\/ -->\n<title>Girlanda Velvet Pink Mermaid - Cozydots.com<\/title>\n<meta name=\"description\" content=\"Coraz cz\u0119\u015bciej w pokoikach dzieci\u0119cych dostrzegamy pi\u0119kne girlandy i wcale nas to nie dziwi! Girlandy to delikatne ozdoby, kt\u00f3re s\u0105 jak wisienka na torcie \u2013 tworz\u0105 magiczny klimat wn\u0119trza. Z pewno\u015bci\u0105 z nasz\u0105 girland\u0105 Pink Mermaid ka\u017cde dziecko poczuj\u0119 si\u0119 jak morski odkrywca.\" \/>\n<meta name=\"robots\" content=\"index, follow, max-snippet:-1, max-image-preview:large, max-video-preview:-1\" \/>\n<link rel=\"canonical\" href=\"https:\/\/cozydots.com\/pl\/produkt\/girlanda-velvet-pink-mermaid\/\" \/>\n<meta property=\"og:locale\" content=\"pl_PL\" \/>\n<meta property=\"og:type\" content=\"article\" \/>\n<meta property=\"og:title\" content=\"Girlanda Velvet Pink Mermaid - Cozydots.com\" \/>\n<meta property=\"og:description\" content=\"Coraz cz\u0119\u015bciej w pokoikach dzieci\u0119cych dostrzegamy pi\u0119kne girlandy i wcale nas to nie dziwi! Girlandy to delikatne ozdoby, kt\u00f3re s\u0105 jak wisienka na torcie \u2013 tworz\u0105 magiczny klimat wn\u0119trza. Z pewno\u015bci\u0105 z nasz\u0105 girland\u0105 Pink Mermaid ka\u017cde dziecko poczuj\u0119 si\u0119 jak morski odkrywca.\" \/>\n<meta property=\"og:url\" content=\"https:\/\/cozydots.com\/pl\/produkt\/girlanda-velvet-pink-mermaid\/\" \/>\n<meta property=\"og:site_name\" content=\"Cozydots.com\" \/>\n<meta property=\"article:modified_time\" content=\"2022-10-22T10:11:27+00:00\" \/>\n<meta property=\"og:image\" content=\"https:\/\/cozydots.com\/wp-content\/uploads\/2022\/01\/girlanda_pink_mermaid.jpg\" \/>\n\t<meta property=\"og:image:width\" content=\"1200\" \/>\n\t<meta property=\"og:image:height\" content=\"1198\" \/>\n\t<meta property=\"og:image:type\" content=\"image\/jpeg\" \/>\n<meta name=\"twitter:card\" content=\"summary_large_image\" \/>\n<meta name=\"twitter:label1\" content=\"Szacowany czas czytania\" \/>\n\t<meta name=\"twitter:data1\" content=\"3 minuty\" \/>\n<script type=\"application\/ld+json\" class=\"yoast-schema-graph\">{\"@context\":\"https:\/\/schema.org\",\"@graph\":[{\"@type\":\"WebPage\",\"@id\":\"https:\/\/cozydots.com\/pl\/produkt\/girlanda-velvet-pink-mermaid\/\",\"url\":\"https:\/\/cozydots.com\/pl\/produkt\/girlanda-velvet-pink-mermaid\/\",\"name\":\"Girlanda Velvet Pink Mermaid - Cozydots.com\",\"isPartOf\":{\"@id\":\"https:\/\/cozydots.com\/pl\/#website\"},\"primaryImageOfPage\":{\"@id\":\"https:\/\/cozydots.com\/pl\/produkt\/girlanda-velvet-pink-mermaid\/#primaryimage\"},\"image\":{\"@id\":\"https:\/\/cozydots.com\/pl\/produkt\/girlanda-velvet-pink-mermaid\/#primaryimage\"},\"thumbnailUrl\":\"https:\/\/cozydots.com\/wp-content\/uploads\/2022\/01\/girlanda_pink_mermaid.jpg\",\"datePublished\":\"2022-01-01T12:12:21+00:00\",\"dateModified\":\"2022-10-22T10:11:27+00:00\",\"description\":\"Coraz cz\u0119\u015bciej w pokoikach dzieci\u0119cych dostrzegamy pi\u0119kne girlandy i wcale nas to nie dziwi! Girlandy to delikatne ozdoby, kt\u00f3re s\u0105 jak wisienka na torcie \u2013 tworz\u0105 magiczny klimat wn\u0119trza. Z pewno\u015bci\u0105 z nasz\u0105 girland\u0105 Pink Mermaid ka\u017cde dziecko poczuj\u0119 si\u0119 jak morski odkrywca.\",\"breadcrumb\":{\"@id\":\"https:\/\/cozydots.com\/pl\/produkt\/girlanda-velvet-pink-mermaid\/#breadcrumb\"},\"inLanguage\":\"pl-PL\",\"potentialAction\":[{\"@type\":\"ReadAction\",\"target\":[\"https:\/\/cozydots.com\/pl\/produkt\/girlanda-velvet-pink-mermaid\/\"]}]},{\"@type\":\"ImageObject\",\"inLanguage\":\"pl-PL\",\"@id\":\"https:\/\/cozydots.com\/pl\/produkt\/girlanda-velvet-pink-mermaid\/#primaryimage\",\"url\":\"https:\/\/cozydots.com\/wp-content\/uploads\/2022\/01\/girlanda_pink_mermaid.jpg\",\"contentUrl\":\"https:\/\/cozydots.com\/wp-content\/uploads\/2022\/01\/girlanda_pink_mermaid.jpg\",\"width\":1200,\"height\":1198},{\"@type\":\"BreadcrumbList\",\"@id\":\"https:\/\/cozydots.com\/pl\/produkt\/girlanda-velvet-pink-mermaid\/#breadcrumb\",\"itemListElement\":[{\"@type\":\"ListItem\",\"position\":1,\"name\":\"Strona g\u0142\u00f3wna\",\"item\":\"https:\/\/cozydots.com\/pl\/\"},{\"@type\":\"ListItem\",\"position\":2,\"name\":\"Sklep\",\"item\":\"https:\/\/cozydots.com\/pl\/sklep\/\"},{\"@type\":\"ListItem\",\"position\":3,\"name\":\"Girlanda Velvet Pink Mermaid\"}]},{\"@type\":\"WebSite\",\"@id\":\"https:\/\/cozydots.com\/pl\/#website\",\"url\":\"https:\/\/cozydots.com\/pl\/\",\"name\":\"Cozydots.com\",\"description\":\"Producent namiot\u00f3w Tipi\",\"publisher\":{\"@id\":\"https:\/\/cozydots.com\/pl\/#organization\"},\"potentialAction\":[{\"@type\":\"SearchAction\",\"target\":{\"@type\":\"EntryPoint\",\"urlTemplate\":\"https:\/\/cozydots.com\/pl\/?s={search_term_string}\"},\"query-input\":{\"@type\":\"PropertyValueSpecification\",\"valueRequired\":true,\"valueName\":\"search_term_string\"}}],\"inLanguage\":\"pl-PL\"},{\"@type\":\"Organization\",\"@id\":\"https:\/\/cozydots.com\/pl\/#organization\",\"name\":\"Cozydots.com\",\"url\":\"https:\/\/cozydots.com\/pl\/\",\"logo\":{\"@type\":\"ImageObject\",\"inLanguage\":\"pl-PL\",\"@id\":\"https:\/\/cozydots.com\/pl\/#\/schema\/logo\/image\/\",\"url\":\"https:\/\/cozydots.com\/wp-content\/uploads\/2021\/10\/cozyshop_logo.png\",\"contentUrl\":\"https:\/\/cozydots.com\/wp-content\/uploads\/2021\/10\/cozyshop_logo.png\",\"width\":400,\"height\":121,\"caption\":\"Cozydots.com\"},\"image\":{\"@id\":\"https:\/\/cozydots.com\/pl\/#\/schema\/logo\/image\/\"}}]}<\/script>\n<!-- \/ Yoast SEO plugin. -->","yoast_head_json":{"title":"Girlanda Velvet Pink Mermaid - Cozydots.com","description":"Coraz cz\u0119\u015bciej w pokoikach dzieci\u0119cych dostrzegamy pi\u0119kne girlandy i wcale nas to nie dziwi! Girlandy to delikatne ozdoby, kt\u00f3re s\u0105 jak wisienka na torcie \u2013 tworz\u0105 magiczny klimat wn\u0119trza. Z pewno\u015bci\u0105 z nasz\u0105 girland\u0105 Pink Mermaid ka\u017cde dziecko poczuj\u0119 si\u0119 jak morski odkrywca.","robots":{"index":"index","follow":"follow","max-snippet":"max-snippet:-1","max-image-preview":"max-image-preview:large","max-video-preview":"max-video-preview:-1"},"canonical":"https:\/\/cozydots.com\/pl\/produkt\/girlanda-velvet-pink-mermaid\/","og_locale":"pl_PL","og_type":"article","og_title":"Girlanda Velvet Pink Mermaid - Cozydots.com","og_description":"Coraz cz\u0119\u015bciej w pokoikach dzieci\u0119cych dostrzegamy pi\u0119kne girlandy i wcale nas to nie dziwi! Girlandy to delikatne ozdoby, kt\u00f3re s\u0105 jak wisienka na torcie \u2013 tworz\u0105 magiczny klimat wn\u0119trza. Z pewno\u015bci\u0105 z nasz\u0105 girland\u0105 Pink Mermaid ka\u017cde dziecko poczuj\u0119 si\u0119 jak morski odkrywca.","og_url":"https:\/\/cozydots.com\/pl\/produkt\/girlanda-velvet-pink-mermaid\/","og_site_name":"Cozydots.com","article_modified_time":"2022-10-22T10:11:27+00:00","og_image":[{"width":1200,"height":1198,"url":"https:\/\/cozydots.com\/wp-content\/uploads\/2022\/01\/girlanda_pink_mermaid.jpg","type":"image\/jpeg"}],"twitter_card":"summary_large_image","twitter_misc":{"Szacowany czas czytania":"3 minuty"},"schema":{"@context":"https:\/\/schema.org","@graph":[{"@type":"WebPage","@id":"https:\/\/cozydots.com\/pl\/produkt\/girlanda-velvet-pink-mermaid\/","url":"https:\/\/cozydots.com\/pl\/produkt\/girlanda-velvet-pink-mermaid\/","name":"Girlanda Velvet Pink Mermaid - Cozydots.com","isPartOf":{"@id":"https:\/\/cozydots.com\/pl\/#website"},"primaryImageOfPage":{"@id":"https:\/\/cozydots.com\/pl\/produkt\/girlanda-velvet-pink-mermaid\/#primaryimage"},"image":{"@id":"https:\/\/cozydots.com\/pl\/produkt\/girlanda-velvet-pink-mermaid\/#primaryimage"},"thumbnailUrl":"https:\/\/cozydots.com\/wp-content\/uploads\/2022\/01\/girlanda_pink_mermaid.jpg","datePublished":"2022-01-01T12:12:21+00:00","dateModified":"2022-10-22T10:11:27+00:00","description":"Coraz cz\u0119\u015bciej w pokoikach dzieci\u0119cych dostrzegamy pi\u0119kne girlandy i wcale nas to nie dziwi! Girlandy to delikatne ozdoby, kt\u00f3re s\u0105 jak wisienka na torcie \u2013 tworz\u0105 magiczny klimat wn\u0119trza. Z pewno\u015bci\u0105 z nasz\u0105 girland\u0105 Pink Mermaid ka\u017cde dziecko poczuj\u0119 si\u0119 jak morski odkrywca.","breadcrumb":{"@id":"https:\/\/cozydots.com\/pl\/produkt\/girlanda-velvet-pink-mermaid\/#breadcrumb"},"inLanguage":"pl-PL","potentialAction":[{"@type":"ReadAction","target":["https:\/\/cozydots.com\/pl\/produkt\/girlanda-velvet-pink-mermaid\/"]}]},{"@type":"ImageObject","inLanguage":"pl-PL","@id":"https:\/\/cozydots.com\/pl\/produkt\/girlanda-velvet-pink-mermaid\/#primaryimage","url":"https:\/\/cozydots.com\/wp-content\/uploads\/2022\/01\/girlanda_pink_mermaid.jpg","contentUrl":"https:\/\/cozydots.com\/wp-content\/uploads\/2022\/01\/girlanda_pink_mermaid.jpg","width":1200,"height":1198},{"@type":"BreadcrumbList","@id":"https:\/\/cozydots.com\/pl\/produkt\/girlanda-velvet-pink-mermaid\/#breadcrumb","itemListElement":[{"@type":"ListItem","position":1,"name":"Strona g\u0142\u00f3wna","item":"https:\/\/cozydots.com\/pl\/"},{"@type":"ListItem","position":2,"name":"Sklep","item":"https:\/\/cozydots.com\/pl\/sklep\/"},{"@type":"ListItem","position":3,"name":"Girlanda Velvet Pink Mermaid"}]},{"@type":"WebSite","@id":"https:\/\/cozydots.com\/pl\/#website","url":"https:\/\/cozydots.com\/pl\/","name":"Cozydots.com","description":"Producent namiot\u00f3w Tipi","publisher":{"@id":"https:\/\/cozydots.com\/pl\/#organization"},"potentialAction":[{"@type":"SearchAction","target":{"@type":"EntryPoint","urlTemplate":"https:\/\/cozydots.com\/pl\/?s={search_term_string}"},"query-input":{"@type":"PropertyValueSpecification","valueRequired":true,"valueName":"search_term_string"}}],"inLanguage":"pl-PL"},{"@type":"Organization","@id":"https:\/\/cozydots.com\/pl\/#organization","name":"Cozydots.com","url":"https:\/\/cozydots.com\/pl\/","logo":{"@type":"ImageObject","inLanguage":"pl-PL","@id":"https:\/\/cozydots.com\/pl\/#\/schema\/logo\/image\/","url":"https:\/\/cozydots.com\/wp-content\/uploads\/2021\/10\/cozyshop_logo.png","contentUrl":"https:\/\/cozydots.com\/wp-content\/uploads\/2021\/10\/cozyshop_logo.png","width":400,"height":121,"caption":"Cozydots.com"},"image":{"@id":"https:\/\/cozydots.com\/pl\/#\/schema\/logo\/image\/"}}]}},"_links":{"self":[{"href":"https:\/\/cozydots.com\/pl\/wp-json\/wp\/v2\/product\/47003","targetHints":{"allow":["GET"]}}],"collection":[{"href":"https:\/\/cozydots.com\/pl\/wp-json\/wp\/v2\/product"}],"about":[{"href":"https:\/\/cozydots.com\/pl\/wp-json\/wp\/v2\/types\/product"}],"replies":[{"embeddable":true,"href":"https:\/\/cozydots.com\/pl\/wp-json\/wp\/v2\/comments?post=47003"}],"wp:featuredmedia":[{"embeddable":true,"href":"https:\/\/cozydots.com\/pl\/wp-json\/wp\/v2\/media\/47005"}],"wp:attachment":[{"href":"https:\/\/cozydots.com\/pl\/wp-json\/wp\/v2\/media?parent=47003"}],"wp:term":[{"taxonomy":"product_brand","embeddable":true,"href":"https:\/\/cozydots.com\/pl\/wp-json\/wp\/v2\/product_brand?post=47003"},{"taxonomy":"product_cat","embeddable":true,"href":"https:\/\/cozydots.com\/pl\/wp-json\/wp\/v2\/product_cat?post=47003"},{"taxonomy":"product_tag","embeddable":true,"href":"https:\/\/cozydots.com\/pl\/wp-json\/wp\/v2\/product_tag?post=47003"}],"curies":[{"name":"wp","href":"https:\/\/api.w.org\/{rel}","templated":true}]}}