{"id":47265,"date":"2022-01-01T12:45:47","date_gmt":"2022-01-01T11:45:47","guid":{"rendered":"https:\/\/cozydots.com\/?post_type=product&#038;p=47265"},"modified":"2022-10-22T12:09:09","modified_gmt":"2022-10-22T10:09:09","slug":"girlanda-candy-grey","status":"publish","type":"product","link":"https:\/\/cozydots.com\/pl\/produkt\/girlanda-candy-grey\/","title":{"rendered":"Girlanda Candy Grey"},"content":{"rendered":"<p style=\"text-align: center;\"><b>Za spraw\u0105 Cozy &amp; Dozy w Twoim domu zago\u015bci magia<\/b><\/p>\n<p>Cyrk kojarzy nam si\u0119 z miejscem, w kt\u00f3rym nie ma ogranicze\u0144 i wszystko jest mo\u017cliwe.\u00a0A tak\u017ce z lud\u017ami, dla kt\u00f3rych najwa\u017cniejsza jest wiara w swoje mo\u017cliwo\u015bci i sumienna praca. Takich warto\u015bci staramy si\u0119 uczy\u0107 tak\u017ce swoje dzieci, dlatego stworzyli\u015bmy kolekcj\u0119 Candy \u2013 ma przypomina\u0107 dzieciakom, \u017ce \u015bwiat stoi przed nimi otworem.<\/p>\n<p>Gdy dziecko widzi dwukolorow\u0105 Girland\u0119 Candy Gray, od razu <b>my\u015bli o pi\u0119knej, kolorowej cyrkowej arenie<\/b>. Pok\u00f3j zaczyna nabiera\u0107 barw, a jego wyobra\u017ania podsuwa mu sceny niesamowitych akrobacji cyrkowych czy sztuczek magicznych. Jeste\u015bmy zatem pewni,\u00a0\u017ce girlanda mo\u017ce stanowi\u0107 <b>punkt wyj\u015bcia dla dzieci\u0119cych pomys\u0142\u00f3w na zabaw\u0119<\/b> i sp\u0119dzanie wolnego czasu. Dzi\u0119ki niej dzieciaki na d\u0142ugie godziny mog\u0105 zanurzy\u0107 si\u0119 w \u015bwiecie fantazji i nieograniczonych mo\u017cliwo\u015bci.<\/p>\n<p>Girlanda Candy Gray sprawdzi si\u0119 \u015bwietnie jako dekoracja pokoju dzieci\u0119cego, sali zabaw, przyj\u0119cia urodzinowego czy sesji fotograficznej. <b>Doda wn\u0119trzu magicznego charakteru<\/b> i podkre\u015bli si\u0142\u0119 oryginalno\u015bci.<\/p>\n<p>Ponadto girlanda zosta\u0142a od pocz\u0105tku do ko\u0144ca wykonana w naszej pracowni. Zatem mo\u017cemy zagwarantowa\u0107 Ci, \u017ce Twoje dziecko otrzyma <b>prezent unikatowy i niepowtarzalny. <\/b>Nowa ozdoba na pewno przyci\u0105gnie jego uwag\u0119 i <b>sprawi niema\u0142\u0105 przyjemno\u015b\u0107<\/b>. Dzieci lubi\u0105 r\u00f3wnie\u017c pokazywa\u0107 prezenty swoim kolegom i kole\u017cankom, a nasza girlanda z pewno\u015bci\u0105 wzbudzi ich zainteresowanie.<\/p>\n<p><b>Bezpiecze\u0144stwo dzieciak\u00f3w jest dla nas na pierwszym miejscu<\/b>, dlatego girlanda zosta\u0142a wykonana z najwy\u017cszej jako\u015bci 100% bawe\u0142ny. Materia\u0142 ten posiada certyfikat , CE, co oznacza, \u017ce jest przyjazny dla nawet wra\u017cliwe sk\u00f3ry \u2013 nie wywo\u0142uje alergii i podra\u017cnie\u0144. Zatem bez obaw mo\u017cesz podarowa\u0107 dziecku nasze produkt.<\/p>\n<p>&nbsp;<\/p>\n<p><b>Twoje dziecko uwielbia bajkowy, cyrkowy \u015bwiat?<span class=\"Apple-converted-space\">\u00a0<\/span><\/b><\/p>\n<p>Zapraszamy wi\u0119c do bli\u017cszego zapoznania si\u0119 z namiotem tipi z kolekcji Candy. Dzi\u0119ki niemu stworzysz swojemu dziecku <b>kolorowy i bezpieczny k\u0105cik do zabawy, <\/b>w kt\u00f3rym z pewno\u015bci\u0105 sp\u0119dzi d\u0142ugie godziny.<\/p>\n<p>Co wi\u0119cej, zale\u017cy nam na tym, aby w naszym sklepie ka\u017cdy znalaz\u0142 produkt idealny dla siebie, z tego wzgl\u0119du znajdziesz u nasz kolekcje Candy w jeszcze trzech ods\u0142onach kolorystycznych \u2013 szarej, zielonej i r\u00f3\u017cowej.<\/p>\n<p>&nbsp;<\/p>\n<p><b>Dane techniczne:<\/b><\/p>\n<p><b>Wymiary:<\/b><\/p>\n<ul>\n<li>D\u0142ugo\u015b\u0107: bawe\u0142niany sznurek \u2013 160 cm<\/li>\n<li>Wielko\u015b\u0107 proporczyka: 14 x 11 cm<\/li>\n<\/ul>\n<p><b>Sk\u0142ad:<\/b><\/p>\n<ul>\n<li>Ozdoba: 100% bawe\u0142na (certyfikat , CE)<\/li>\n<li>Sznurek: 100% bawe\u0142na<\/li>\n<\/ul>\n<p><b>Pranie:<\/b><\/p>\n<ul>\n<li>Ozdoby mo\u017cna pra\u0107 w temperaturze 40 stopni,<\/li>\n<li>Wirowanie \u2013 800 obrot\u00f3w,<\/li>\n<li>Nie pra\u0107 chemicznie, nie wybiela\u0107<\/li>\n<li>Suszy\u0107 na p\u0142askiej powierzchni.<\/li>\n<\/ul>\n","protected":false},"excerpt":{"rendered":"<p>Coraz cz\u0119\u015bciej w pokoikach dzieci\u0119cych dostrzegamy pi\u0119kne girlandy i wcale nas to nie dziwi! Girlandy to delikatne ozdoby, kt\u00f3re s\u0105 jak wisienka na torcie \u2013 tworz\u0105 magiczny klimat wn\u0119trza. A dzi\u0119ki girlandzie Candy Gray Twoje dziecko poczuje si\u0119 jak gwiazda cyrkowej sceny.<\/p>\n","protected":false},"featured_media":47276,"comment_status":"open","ping_status":"closed","template":"","meta":[],"product_brand":[],"product_cat":[108],"product_tag":[],"class_list":{"0":"post-47265","1":"product","2":"type-product","3":"status-publish","4":"has-post-thumbnail","6":"product_cat-akcesoria","7":"product_shipping_class-kije","9":"first","10":"instock","11":"taxable","12":"shipping-taxable","13":"product-type-simple"},"yoast_head":"<!-- This site is optimized with the Yoast SEO plugin v27.0 - https:\/\/yoast.com\/product\/yoast-seo-wordpress\/ -->\n<title>Girlanda Candy Grey - Cozydots.com<\/title>\n<meta name=\"description\" content=\"Coraz cz\u0119\u015bciej w pokoikach dzieci\u0119cych dostrzegamy pi\u0119kne girlandy i wcale nas to nie dziwi! Girlandy to delikatne ozdoby, kt\u00f3re s\u0105 jak wisienka na torcie \u2013 tworz\u0105 magiczny klimat wn\u0119trza. A dzi\u0119ki girlandzie Candy Gray Twoje dziecko poczuje si\u0119 jak gwiazda cyrkowej sceny.\" \/>\n<meta name=\"robots\" content=\"index, follow, max-snippet:-1, max-image-preview:large, max-video-preview:-1\" \/>\n<link rel=\"canonical\" href=\"https:\/\/cozydots.com\/pl\/produkt\/girlanda-candy-grey\/\" \/>\n<meta property=\"og:locale\" content=\"pl_PL\" \/>\n<meta property=\"og:type\" content=\"article\" \/>\n<meta property=\"og:title\" content=\"Girlanda Candy Grey - Cozydots.com\" \/>\n<meta property=\"og:description\" content=\"Coraz cz\u0119\u015bciej w pokoikach dzieci\u0119cych dostrzegamy pi\u0119kne girlandy i wcale nas to nie dziwi! Girlandy to delikatne ozdoby, kt\u00f3re s\u0105 jak wisienka na torcie \u2013 tworz\u0105 magiczny klimat wn\u0119trza. A dzi\u0119ki girlandzie Candy Gray Twoje dziecko poczuje si\u0119 jak gwiazda cyrkowej sceny.\" \/>\n<meta property=\"og:url\" content=\"https:\/\/cozydots.com\/pl\/produkt\/girlanda-candy-grey\/\" \/>\n<meta property=\"og:site_name\" content=\"Cozydots.com\" \/>\n<meta property=\"article:modified_time\" content=\"2022-10-22T10:09:09+00:00\" \/>\n<meta property=\"og:image\" content=\"https:\/\/cozydots.com\/wp-content\/uploads\/2022\/01\/girlanda_candy_blue.jpg\" \/>\n\t<meta property=\"og:image:width\" content=\"1200\" \/>\n\t<meta property=\"og:image:height\" content=\"1200\" \/>\n\t<meta property=\"og:image:type\" content=\"image\/jpeg\" \/>\n<meta name=\"twitter:card\" content=\"summary_large_image\" \/>\n<meta name=\"twitter:label1\" content=\"Szacowany czas czytania\" \/>\n\t<meta name=\"twitter:data1\" content=\"3 minuty\" \/>\n<script type=\"application\/ld+json\" class=\"yoast-schema-graph\">{\"@context\":\"https:\/\/schema.org\",\"@graph\":[{\"@type\":\"WebPage\",\"@id\":\"https:\/\/cozydots.com\/pl\/produkt\/girlanda-candy-grey\/\",\"url\":\"https:\/\/cozydots.com\/pl\/produkt\/girlanda-candy-grey\/\",\"name\":\"Girlanda Candy Grey - Cozydots.com\",\"isPartOf\":{\"@id\":\"https:\/\/cozydots.com\/pl\/#website\"},\"primaryImageOfPage\":{\"@id\":\"https:\/\/cozydots.com\/pl\/produkt\/girlanda-candy-grey\/#primaryimage\"},\"image\":{\"@id\":\"https:\/\/cozydots.com\/pl\/produkt\/girlanda-candy-grey\/#primaryimage\"},\"thumbnailUrl\":\"https:\/\/cozydots.com\/wp-content\/uploads\/2022\/01\/girlanda_candy_blue.jpg\",\"datePublished\":\"2022-01-01T11:45:47+00:00\",\"dateModified\":\"2022-10-22T10:09:09+00:00\",\"description\":\"Coraz cz\u0119\u015bciej w pokoikach dzieci\u0119cych dostrzegamy pi\u0119kne girlandy i wcale nas to nie dziwi! Girlandy to delikatne ozdoby, kt\u00f3re s\u0105 jak wisienka na torcie \u2013 tworz\u0105 magiczny klimat wn\u0119trza. A dzi\u0119ki girlandzie Candy Gray Twoje dziecko poczuje si\u0119 jak gwiazda cyrkowej sceny.\",\"breadcrumb\":{\"@id\":\"https:\/\/cozydots.com\/pl\/produkt\/girlanda-candy-grey\/#breadcrumb\"},\"inLanguage\":\"pl-PL\",\"potentialAction\":[{\"@type\":\"ReadAction\",\"target\":[\"https:\/\/cozydots.com\/pl\/produkt\/girlanda-candy-grey\/\"]}]},{\"@type\":\"ImageObject\",\"inLanguage\":\"pl-PL\",\"@id\":\"https:\/\/cozydots.com\/pl\/produkt\/girlanda-candy-grey\/#primaryimage\",\"url\":\"https:\/\/cozydots.com\/wp-content\/uploads\/2022\/01\/girlanda_candy_blue.jpg\",\"contentUrl\":\"https:\/\/cozydots.com\/wp-content\/uploads\/2022\/01\/girlanda_candy_blue.jpg\",\"width\":1200,\"height\":1200},{\"@type\":\"BreadcrumbList\",\"@id\":\"https:\/\/cozydots.com\/pl\/produkt\/girlanda-candy-grey\/#breadcrumb\",\"itemListElement\":[{\"@type\":\"ListItem\",\"position\":1,\"name\":\"Strona g\u0142\u00f3wna\",\"item\":\"https:\/\/cozydots.com\/pl\/\"},{\"@type\":\"ListItem\",\"position\":2,\"name\":\"Sklep\",\"item\":\"https:\/\/cozydots.com\/pl\/sklep\/\"},{\"@type\":\"ListItem\",\"position\":3,\"name\":\"Girlanda Candy Grey\"}]},{\"@type\":\"WebSite\",\"@id\":\"https:\/\/cozydots.com\/pl\/#website\",\"url\":\"https:\/\/cozydots.com\/pl\/\",\"name\":\"Cozydots.com\",\"description\":\"Producent namiot\u00f3w Tipi\",\"publisher\":{\"@id\":\"https:\/\/cozydots.com\/pl\/#organization\"},\"potentialAction\":[{\"@type\":\"SearchAction\",\"target\":{\"@type\":\"EntryPoint\",\"urlTemplate\":\"https:\/\/cozydots.com\/pl\/?s={search_term_string}\"},\"query-input\":{\"@type\":\"PropertyValueSpecification\",\"valueRequired\":true,\"valueName\":\"search_term_string\"}}],\"inLanguage\":\"pl-PL\"},{\"@type\":\"Organization\",\"@id\":\"https:\/\/cozydots.com\/pl\/#organization\",\"name\":\"Cozydots.com\",\"url\":\"https:\/\/cozydots.com\/pl\/\",\"logo\":{\"@type\":\"ImageObject\",\"inLanguage\":\"pl-PL\",\"@id\":\"https:\/\/cozydots.com\/pl\/#\/schema\/logo\/image\/\",\"url\":\"https:\/\/cozydots.com\/wp-content\/uploads\/2021\/10\/cozyshop_logo.png\",\"contentUrl\":\"https:\/\/cozydots.com\/wp-content\/uploads\/2021\/10\/cozyshop_logo.png\",\"width\":400,\"height\":121,\"caption\":\"Cozydots.com\"},\"image\":{\"@id\":\"https:\/\/cozydots.com\/pl\/#\/schema\/logo\/image\/\"}}]}<\/script>\n<!-- \/ Yoast SEO plugin. -->","yoast_head_json":{"title":"Girlanda Candy Grey - Cozydots.com","description":"Coraz cz\u0119\u015bciej w pokoikach dzieci\u0119cych dostrzegamy pi\u0119kne girlandy i wcale nas to nie dziwi! Girlandy to delikatne ozdoby, kt\u00f3re s\u0105 jak wisienka na torcie \u2013 tworz\u0105 magiczny klimat wn\u0119trza. A dzi\u0119ki girlandzie Candy Gray Twoje dziecko poczuje si\u0119 jak gwiazda cyrkowej sceny.","robots":{"index":"index","follow":"follow","max-snippet":"max-snippet:-1","max-image-preview":"max-image-preview:large","max-video-preview":"max-video-preview:-1"},"canonical":"https:\/\/cozydots.com\/pl\/produkt\/girlanda-candy-grey\/","og_locale":"pl_PL","og_type":"article","og_title":"Girlanda Candy Grey - Cozydots.com","og_description":"Coraz cz\u0119\u015bciej w pokoikach dzieci\u0119cych dostrzegamy pi\u0119kne girlandy i wcale nas to nie dziwi! Girlandy to delikatne ozdoby, kt\u00f3re s\u0105 jak wisienka na torcie \u2013 tworz\u0105 magiczny klimat wn\u0119trza. A dzi\u0119ki girlandzie Candy Gray Twoje dziecko poczuje si\u0119 jak gwiazda cyrkowej sceny.","og_url":"https:\/\/cozydots.com\/pl\/produkt\/girlanda-candy-grey\/","og_site_name":"Cozydots.com","article_modified_time":"2022-10-22T10:09:09+00:00","og_image":[{"width":1200,"height":1200,"url":"https:\/\/cozydots.com\/wp-content\/uploads\/2022\/01\/girlanda_candy_blue.jpg","type":"image\/jpeg"}],"twitter_card":"summary_large_image","twitter_misc":{"Szacowany czas czytania":"3 minuty"},"schema":{"@context":"https:\/\/schema.org","@graph":[{"@type":"WebPage","@id":"https:\/\/cozydots.com\/pl\/produkt\/girlanda-candy-grey\/","url":"https:\/\/cozydots.com\/pl\/produkt\/girlanda-candy-grey\/","name":"Girlanda Candy Grey - Cozydots.com","isPartOf":{"@id":"https:\/\/cozydots.com\/pl\/#website"},"primaryImageOfPage":{"@id":"https:\/\/cozydots.com\/pl\/produkt\/girlanda-candy-grey\/#primaryimage"},"image":{"@id":"https:\/\/cozydots.com\/pl\/produkt\/girlanda-candy-grey\/#primaryimage"},"thumbnailUrl":"https:\/\/cozydots.com\/wp-content\/uploads\/2022\/01\/girlanda_candy_blue.jpg","datePublished":"2022-01-01T11:45:47+00:00","dateModified":"2022-10-22T10:09:09+00:00","description":"Coraz cz\u0119\u015bciej w pokoikach dzieci\u0119cych dostrzegamy pi\u0119kne girlandy i wcale nas to nie dziwi! Girlandy to delikatne ozdoby, kt\u00f3re s\u0105 jak wisienka na torcie \u2013 tworz\u0105 magiczny klimat wn\u0119trza. A dzi\u0119ki girlandzie Candy Gray Twoje dziecko poczuje si\u0119 jak gwiazda cyrkowej sceny.","breadcrumb":{"@id":"https:\/\/cozydots.com\/pl\/produkt\/girlanda-candy-grey\/#breadcrumb"},"inLanguage":"pl-PL","potentialAction":[{"@type":"ReadAction","target":["https:\/\/cozydots.com\/pl\/produkt\/girlanda-candy-grey\/"]}]},{"@type":"ImageObject","inLanguage":"pl-PL","@id":"https:\/\/cozydots.com\/pl\/produkt\/girlanda-candy-grey\/#primaryimage","url":"https:\/\/cozydots.com\/wp-content\/uploads\/2022\/01\/girlanda_candy_blue.jpg","contentUrl":"https:\/\/cozydots.com\/wp-content\/uploads\/2022\/01\/girlanda_candy_blue.jpg","width":1200,"height":1200},{"@type":"BreadcrumbList","@id":"https:\/\/cozydots.com\/pl\/produkt\/girlanda-candy-grey\/#breadcrumb","itemListElement":[{"@type":"ListItem","position":1,"name":"Strona g\u0142\u00f3wna","item":"https:\/\/cozydots.com\/pl\/"},{"@type":"ListItem","position":2,"name":"Sklep","item":"https:\/\/cozydots.com\/pl\/sklep\/"},{"@type":"ListItem","position":3,"name":"Girlanda Candy Grey"}]},{"@type":"WebSite","@id":"https:\/\/cozydots.com\/pl\/#website","url":"https:\/\/cozydots.com\/pl\/","name":"Cozydots.com","description":"Producent namiot\u00f3w Tipi","publisher":{"@id":"https:\/\/cozydots.com\/pl\/#organization"},"potentialAction":[{"@type":"SearchAction","target":{"@type":"EntryPoint","urlTemplate":"https:\/\/cozydots.com\/pl\/?s={search_term_string}"},"query-input":{"@type":"PropertyValueSpecification","valueRequired":true,"valueName":"search_term_string"}}],"inLanguage":"pl-PL"},{"@type":"Organization","@id":"https:\/\/cozydots.com\/pl\/#organization","name":"Cozydots.com","url":"https:\/\/cozydots.com\/pl\/","logo":{"@type":"ImageObject","inLanguage":"pl-PL","@id":"https:\/\/cozydots.com\/pl\/#\/schema\/logo\/image\/","url":"https:\/\/cozydots.com\/wp-content\/uploads\/2021\/10\/cozyshop_logo.png","contentUrl":"https:\/\/cozydots.com\/wp-content\/uploads\/2021\/10\/cozyshop_logo.png","width":400,"height":121,"caption":"Cozydots.com"},"image":{"@id":"https:\/\/cozydots.com\/pl\/#\/schema\/logo\/image\/"}}]}},"_links":{"self":[{"href":"https:\/\/cozydots.com\/pl\/wp-json\/wp\/v2\/product\/47265","targetHints":{"allow":["GET"]}}],"collection":[{"href":"https:\/\/cozydots.com\/pl\/wp-json\/wp\/v2\/product"}],"about":[{"href":"https:\/\/cozydots.com\/pl\/wp-json\/wp\/v2\/types\/product"}],"replies":[{"embeddable":true,"href":"https:\/\/cozydots.com\/pl\/wp-json\/wp\/v2\/comments?post=47265"}],"wp:featuredmedia":[{"embeddable":true,"href":"https:\/\/cozydots.com\/pl\/wp-json\/wp\/v2\/media\/47276"}],"wp:attachment":[{"href":"https:\/\/cozydots.com\/pl\/wp-json\/wp\/v2\/media?parent=47265"}],"wp:term":[{"taxonomy":"product_brand","embeddable":true,"href":"https:\/\/cozydots.com\/pl\/wp-json\/wp\/v2\/product_brand?post=47265"},{"taxonomy":"product_cat","embeddable":true,"href":"https:\/\/cozydots.com\/pl\/wp-json\/wp\/v2\/product_cat?post=47265"},{"taxonomy":"product_tag","embeddable":true,"href":"https:\/\/cozydots.com\/pl\/wp-json\/wp\/v2\/product_tag?post=47265"}],"curies":[{"name":"wp","href":"https:\/\/api.w.org\/{rel}","templated":true}]}}