{"id":47924,"date":"2022-01-31T03:48:16","date_gmt":"2022-01-31T02:48:16","guid":{"rendered":"https:\/\/cozydots.com\/?post_type=product&#038;p=47924"},"modified":"2023-02-01T13:24:34","modified_gmt":"2023-02-01T12:24:34","slug":"poduszka-sheep-przytulanka-owieczka","status":"publish","type":"product","link":"https:\/\/cozydots.com\/pl\/produkt\/poduszka-sheep-przytulanka-owieczka\/","title":{"rendered":"Poduszka Sheep, przytulanka owieczka"},"content":{"rendered":"<h2><strong>Hej przygodo! Baw si\u0119 razem z Cozy &amp; Dozy<\/strong><\/h2>\n<p>Od przytulnej poduszki Sheep\u00a0<strong>nie da si\u0119 oderwa\u0107 r\u0105k<\/strong>! Wykonana jest z bardzo mi\u0119kkiego &#8216;misia&#8217;. Materia\u0142 ten sprawia, \u017ce korzystanie z poduszki jest\u00a0<strong>niezwykle przyjemnym do\u015bwiadczeniem<\/strong>. Twoje dziecko z pewno\u015bci\u0105 b\u0119dzie j\u0105 ch\u0119tnie przytula\u0107 i zabiera\u0107 ze sob\u0105 na wszystkie drzemki.<\/p>\n<p><strong>Bezpiecze\u0144stwo dzieciak\u00f3w jest dla nas zawsze na pierwszym miejscu<\/strong>, dlatego poduszka zosta\u0142a wykonana z najwy\u017cszej jako\u015bci tkaniny. Materia\u0142 ten posiada certyfikat , CE, co oznacza, \u017ce jest przyjazny dla nawet najbardziej wra\u017cliwej sk\u00f3ry \u2013 nie wywo\u0142uje alergii i podra\u017cnie\u0144. Zatem bez obaw mo\u017cesz podarowa\u0107 dziecku nasze produkt.<\/p>\n<p>Poduszka Sheep jest produktem\u00a0<strong>wyj\u0105tkowym i niepowtarzalnym<\/strong>. Zosta\u0142a przez nas zaprojektowana, dopracowana w najmniejszych szczeg\u00f3\u0142ach i uszyta przez nasze do\u015bwiadczone krawcowe. Dzi\u0119ki temu masz pewno\u015b\u0107, \u017ce otrzymujesz\u00a0<strong>produkt najwy\u017cszej jako\u015bci<\/strong>, naprawd\u0119 starannie wykonany. Jest to dla nas bardzo wa\u017cne z jednego konkretnego powodu. Z naszych do\u015bwiadcze\u0144 wynika, \u017ce dzieci najlepiej ucz\u0105 si\u0119 poprzez dobry przyk\u0142ad, jaki daj\u0105 mu jego rodzice. Gdy Twoja pociecha otrzyma\u00a0<strong>pi\u0119kny, jako\u015bciowy produkt<\/strong>, ju\u017c od najm\u0142odszych lat b\u0119dzie mog\u0142a uczy\u0107 si\u0119 po\u0142\u0105cze\u0144 kolorystycznych i poczucia estetyki. B\u0119dzie te\u017c wiedzia\u0142a, \u017ce warto inwestowa\u0107 w dobrej jako\u015bci produkty, gdy\u017c pozostaj\u0105 one z nami na d\u0142u\u017cej.<\/p>\n<p>Niejednokrotnie byli\u015bmy \u015bwiadkami, gdy rodzice przed uroczysto\u015bciami rodzinnymi chowali poduszki czy zabawki swoich dzieci. Poduszkom Cozy &amp; Dozy to nie grozi \u2013 wygl\u0105daj\u0105 pi\u0119knie i efektownie w ka\u017cdym pokoju. Co wi\u0119cej, czasami s\u0142yszymy wr\u0119cz, \u017ce rodzice podkradaj\u0105 nasze poduchy swoim dzieciom.<\/p>\n<p>&nbsp;<\/p>\n<p><strong>Twoje dziecko uwielbia zwierz\u0119ta?<\/strong><\/p>\n<p>Poduszka Sheep pi\u0119knie komponuje si\u0119 z pozosta\u0142ymi produktami z kolekcji Adventure \u2013 w ofercie Cozy &amp; Dozy znajdziesz namiot tipi, maty, inne poduszki oraz girland\u0119 do zestawu. Tym samym mo\u017cesz stworzy\u0107 swojemu dziecku sp\u00f3jn\u0105 przestrze\u0144 pe\u0142n\u0105 r\u00f3\u017cnorodnych produkt\u00f3w, z kt\u00f3rymi na pewno nuda w jego pokoju nie zago\u015bci.<\/p>\n<p>&nbsp;<\/p>\n<p><strong>\u00a0Dane techniczne:<\/strong><\/p>\n<p><strong>Wymiar:<\/strong><\/p>\n<ul>\n<li>65 x 40 cm<\/li>\n<\/ul>\n<p><strong>Sk\u0142ad:<\/strong><\/p>\n<ul>\n<li>5% wiskoza 80% polyester , 15 % acryl (certyfikat , CE)<\/li>\n<li>wype\u0142nienie poduszek \u2013 kulka silikonowa, antyalergiczna. Dodatkowo wszyta w \u015brodku owata silikonowa zapobiega zbijaniu si\u0119 wype\u0142nienia.<\/li>\n<\/ul>\n<p><strong>Pranie:<\/strong><\/p>\n<ul>\n<li>Mo\u017cna pra\u0107 w pralce w temperaturze 40 stopni,<\/li>\n<li>wirowanie \u2013 800 obrot\u00f3w,<\/li>\n<li>nie pra\u0107 chemicznie, nie wybiela\u0107,<\/li>\n<li>Po praniu wstrz\u0105sn\u0105\u0107 w celu u\u0142o\u017cenia wsypu,<\/li>\n<li>suszy\u0107 na p\u0142askiej powierzchni.<\/li>\n<\/ul>\n<p>&nbsp;<\/p>\n","protected":false},"excerpt":{"rendered":"<p>Przytulna i du\u017ca poducha dekoracyjna Sheepull z delikatnego velvetu.<\/p>\n","protected":false},"featured_media":47852,"comment_status":"open","ping_status":"closed","template":"","meta":[],"product_brand":[],"product_cat":[102],"product_tag":[],"class_list":{"0":"post-47924","1":"product","2":"type-product","3":"status-publish","4":"has-post-thumbnail","6":"product_cat-poduszki-i-pufy","8":"first","9":"instock","10":"taxable","11":"shipping-taxable","12":"product-type-simple"},"yoast_head":"<!-- This site is optimized with the Yoast SEO plugin v27.0 - https:\/\/yoast.com\/product\/yoast-seo-wordpress\/ -->\n<title>Poduszka Sheep, przytulanka owieczka - Cozydots.com<\/title>\n<meta name=\"description\" content=\"Przytulna i du\u017ca poducha dekoracyjna Sheep\" \/>\n<meta name=\"robots\" content=\"index, follow, max-snippet:-1, max-image-preview:large, max-video-preview:-1\" \/>\n<link rel=\"canonical\" href=\"https:\/\/cozydots.com\/pl\/produkt\/poduszka-sheep-przytulanka-owieczka\/\" \/>\n<meta property=\"og:locale\" content=\"pl_PL\" \/>\n<meta property=\"og:type\" content=\"article\" \/>\n<meta property=\"og:title\" content=\"Poduszka Sheep, przytulanka owieczka - Cozydots.com\" \/>\n<meta property=\"og:description\" content=\"Przytulna i du\u017ca poducha dekoracyjna Sheep\" \/>\n<meta property=\"og:url\" content=\"https:\/\/cozydots.com\/pl\/produkt\/poduszka-sheep-przytulanka-owieczka\/\" \/>\n<meta property=\"og:site_name\" content=\"Cozydots.com\" \/>\n<meta property=\"article:modified_time\" content=\"2023-02-01T12:24:34+00:00\" \/>\n<meta property=\"og:image\" content=\"https:\/\/cozydots.com\/wp-content\/uploads\/2022\/01\/sheep-pillow-pink-frill-heart-pouf-pink-gold-tipi.jpeg\" \/>\n\t<meta property=\"og:image:width\" content=\"1197\" \/>\n\t<meta property=\"og:image:height\" content=\"1194\" \/>\n\t<meta property=\"og:image:type\" content=\"image\/jpeg\" \/>\n<meta name=\"twitter:card\" content=\"summary_large_image\" \/>\n<meta name=\"twitter:label1\" content=\"Szacowany czas czytania\" \/>\n\t<meta name=\"twitter:data1\" content=\"3 minuty\" \/>\n<script type=\"application\/ld+json\" class=\"yoast-schema-graph\">{\"@context\":\"https:\/\/schema.org\",\"@graph\":[{\"@type\":\"WebPage\",\"@id\":\"https:\/\/cozydots.com\/pl\/produkt\/poduszka-sheep-przytulanka-owieczka\/\",\"url\":\"https:\/\/cozydots.com\/pl\/produkt\/poduszka-sheep-przytulanka-owieczka\/\",\"name\":\"Poduszka Sheep, przytulanka owieczka - Cozydots.com\",\"isPartOf\":{\"@id\":\"https:\/\/cozydots.com\/pl\/#website\"},\"primaryImageOfPage\":{\"@id\":\"https:\/\/cozydots.com\/pl\/produkt\/poduszka-sheep-przytulanka-owieczka\/#primaryimage\"},\"image\":{\"@id\":\"https:\/\/cozydots.com\/pl\/produkt\/poduszka-sheep-przytulanka-owieczka\/#primaryimage\"},\"thumbnailUrl\":\"https:\/\/cozydots.com\/wp-content\/uploads\/2022\/01\/sheep-pillow-pink-frill-heart-pouf-pink-gold-tipi.jpeg\",\"datePublished\":\"2022-01-31T02:48:16+00:00\",\"dateModified\":\"2023-02-01T12:24:34+00:00\",\"description\":\"Przytulna i du\u017ca poducha dekoracyjna Sheep\",\"breadcrumb\":{\"@id\":\"https:\/\/cozydots.com\/pl\/produkt\/poduszka-sheep-przytulanka-owieczka\/#breadcrumb\"},\"inLanguage\":\"pl-PL\",\"potentialAction\":[{\"@type\":\"ReadAction\",\"target\":[\"https:\/\/cozydots.com\/pl\/produkt\/poduszka-sheep-przytulanka-owieczka\/\"]}]},{\"@type\":\"ImageObject\",\"inLanguage\":\"pl-PL\",\"@id\":\"https:\/\/cozydots.com\/pl\/produkt\/poduszka-sheep-przytulanka-owieczka\/#primaryimage\",\"url\":\"https:\/\/cozydots.com\/wp-content\/uploads\/2022\/01\/sheep-pillow-pink-frill-heart-pouf-pink-gold-tipi.jpeg\",\"contentUrl\":\"https:\/\/cozydots.com\/wp-content\/uploads\/2022\/01\/sheep-pillow-pink-frill-heart-pouf-pink-gold-tipi.jpeg\",\"width\":1197,\"height\":1194},{\"@type\":\"BreadcrumbList\",\"@id\":\"https:\/\/cozydots.com\/pl\/produkt\/poduszka-sheep-przytulanka-owieczka\/#breadcrumb\",\"itemListElement\":[{\"@type\":\"ListItem\",\"position\":1,\"name\":\"Strona g\u0142\u00f3wna\",\"item\":\"https:\/\/cozydots.com\/pl\/\"},{\"@type\":\"ListItem\",\"position\":2,\"name\":\"Sklep\",\"item\":\"https:\/\/cozydots.com\/pl\/sklep\/\"},{\"@type\":\"ListItem\",\"position\":3,\"name\":\"Poduszka Sheep, przytulanka owieczka\"}]},{\"@type\":\"WebSite\",\"@id\":\"https:\/\/cozydots.com\/pl\/#website\",\"url\":\"https:\/\/cozydots.com\/pl\/\",\"name\":\"Cozydots.com\",\"description\":\"Producent namiot\u00f3w Tipi\",\"publisher\":{\"@id\":\"https:\/\/cozydots.com\/pl\/#organization\"},\"potentialAction\":[{\"@type\":\"SearchAction\",\"target\":{\"@type\":\"EntryPoint\",\"urlTemplate\":\"https:\/\/cozydots.com\/pl\/?s={search_term_string}\"},\"query-input\":{\"@type\":\"PropertyValueSpecification\",\"valueRequired\":true,\"valueName\":\"search_term_string\"}}],\"inLanguage\":\"pl-PL\"},{\"@type\":\"Organization\",\"@id\":\"https:\/\/cozydots.com\/pl\/#organization\",\"name\":\"Cozydots.com\",\"url\":\"https:\/\/cozydots.com\/pl\/\",\"logo\":{\"@type\":\"ImageObject\",\"inLanguage\":\"pl-PL\",\"@id\":\"https:\/\/cozydots.com\/pl\/#\/schema\/logo\/image\/\",\"url\":\"https:\/\/cozydots.com\/wp-content\/uploads\/2021\/10\/cozyshop_logo.png\",\"contentUrl\":\"https:\/\/cozydots.com\/wp-content\/uploads\/2021\/10\/cozyshop_logo.png\",\"width\":400,\"height\":121,\"caption\":\"Cozydots.com\"},\"image\":{\"@id\":\"https:\/\/cozydots.com\/pl\/#\/schema\/logo\/image\/\"}}]}<\/script>\n<!-- \/ Yoast SEO plugin. -->","yoast_head_json":{"title":"Poduszka Sheep, przytulanka owieczka - Cozydots.com","description":"Przytulna i du\u017ca poducha dekoracyjna Sheep","robots":{"index":"index","follow":"follow","max-snippet":"max-snippet:-1","max-image-preview":"max-image-preview:large","max-video-preview":"max-video-preview:-1"},"canonical":"https:\/\/cozydots.com\/pl\/produkt\/poduszka-sheep-przytulanka-owieczka\/","og_locale":"pl_PL","og_type":"article","og_title":"Poduszka Sheep, przytulanka owieczka - Cozydots.com","og_description":"Przytulna i du\u017ca poducha dekoracyjna Sheep","og_url":"https:\/\/cozydots.com\/pl\/produkt\/poduszka-sheep-przytulanka-owieczka\/","og_site_name":"Cozydots.com","article_modified_time":"2023-02-01T12:24:34+00:00","og_image":[{"width":1197,"height":1194,"url":"https:\/\/cozydots.com\/wp-content\/uploads\/2022\/01\/sheep-pillow-pink-frill-heart-pouf-pink-gold-tipi.jpeg","type":"image\/jpeg"}],"twitter_card":"summary_large_image","twitter_misc":{"Szacowany czas czytania":"3 minuty"},"schema":{"@context":"https:\/\/schema.org","@graph":[{"@type":"WebPage","@id":"https:\/\/cozydots.com\/pl\/produkt\/poduszka-sheep-przytulanka-owieczka\/","url":"https:\/\/cozydots.com\/pl\/produkt\/poduszka-sheep-przytulanka-owieczka\/","name":"Poduszka Sheep, przytulanka owieczka - Cozydots.com","isPartOf":{"@id":"https:\/\/cozydots.com\/pl\/#website"},"primaryImageOfPage":{"@id":"https:\/\/cozydots.com\/pl\/produkt\/poduszka-sheep-przytulanka-owieczka\/#primaryimage"},"image":{"@id":"https:\/\/cozydots.com\/pl\/produkt\/poduszka-sheep-przytulanka-owieczka\/#primaryimage"},"thumbnailUrl":"https:\/\/cozydots.com\/wp-content\/uploads\/2022\/01\/sheep-pillow-pink-frill-heart-pouf-pink-gold-tipi.jpeg","datePublished":"2022-01-31T02:48:16+00:00","dateModified":"2023-02-01T12:24:34+00:00","description":"Przytulna i du\u017ca poducha dekoracyjna Sheep","breadcrumb":{"@id":"https:\/\/cozydots.com\/pl\/produkt\/poduszka-sheep-przytulanka-owieczka\/#breadcrumb"},"inLanguage":"pl-PL","potentialAction":[{"@type":"ReadAction","target":["https:\/\/cozydots.com\/pl\/produkt\/poduszka-sheep-przytulanka-owieczka\/"]}]},{"@type":"ImageObject","inLanguage":"pl-PL","@id":"https:\/\/cozydots.com\/pl\/produkt\/poduszka-sheep-przytulanka-owieczka\/#primaryimage","url":"https:\/\/cozydots.com\/wp-content\/uploads\/2022\/01\/sheep-pillow-pink-frill-heart-pouf-pink-gold-tipi.jpeg","contentUrl":"https:\/\/cozydots.com\/wp-content\/uploads\/2022\/01\/sheep-pillow-pink-frill-heart-pouf-pink-gold-tipi.jpeg","width":1197,"height":1194},{"@type":"BreadcrumbList","@id":"https:\/\/cozydots.com\/pl\/produkt\/poduszka-sheep-przytulanka-owieczka\/#breadcrumb","itemListElement":[{"@type":"ListItem","position":1,"name":"Strona g\u0142\u00f3wna","item":"https:\/\/cozydots.com\/pl\/"},{"@type":"ListItem","position":2,"name":"Sklep","item":"https:\/\/cozydots.com\/pl\/sklep\/"},{"@type":"ListItem","position":3,"name":"Poduszka Sheep, przytulanka owieczka"}]},{"@type":"WebSite","@id":"https:\/\/cozydots.com\/pl\/#website","url":"https:\/\/cozydots.com\/pl\/","name":"Cozydots.com","description":"Producent namiot\u00f3w Tipi","publisher":{"@id":"https:\/\/cozydots.com\/pl\/#organization"},"potentialAction":[{"@type":"SearchAction","target":{"@type":"EntryPoint","urlTemplate":"https:\/\/cozydots.com\/pl\/?s={search_term_string}"},"query-input":{"@type":"PropertyValueSpecification","valueRequired":true,"valueName":"search_term_string"}}],"inLanguage":"pl-PL"},{"@type":"Organization","@id":"https:\/\/cozydots.com\/pl\/#organization","name":"Cozydots.com","url":"https:\/\/cozydots.com\/pl\/","logo":{"@type":"ImageObject","inLanguage":"pl-PL","@id":"https:\/\/cozydots.com\/pl\/#\/schema\/logo\/image\/","url":"https:\/\/cozydots.com\/wp-content\/uploads\/2021\/10\/cozyshop_logo.png","contentUrl":"https:\/\/cozydots.com\/wp-content\/uploads\/2021\/10\/cozyshop_logo.png","width":400,"height":121,"caption":"Cozydots.com"},"image":{"@id":"https:\/\/cozydots.com\/pl\/#\/schema\/logo\/image\/"}}]}},"_links":{"self":[{"href":"https:\/\/cozydots.com\/pl\/wp-json\/wp\/v2\/product\/47924","targetHints":{"allow":["GET"]}}],"collection":[{"href":"https:\/\/cozydots.com\/pl\/wp-json\/wp\/v2\/product"}],"about":[{"href":"https:\/\/cozydots.com\/pl\/wp-json\/wp\/v2\/types\/product"}],"replies":[{"embeddable":true,"href":"https:\/\/cozydots.com\/pl\/wp-json\/wp\/v2\/comments?post=47924"}],"wp:featuredmedia":[{"embeddable":true,"href":"https:\/\/cozydots.com\/pl\/wp-json\/wp\/v2\/media\/47852"}],"wp:attachment":[{"href":"https:\/\/cozydots.com\/pl\/wp-json\/wp\/v2\/media?parent=47924"}],"wp:term":[{"taxonomy":"product_brand","embeddable":true,"href":"https:\/\/cozydots.com\/pl\/wp-json\/wp\/v2\/product_brand?post=47924"},{"taxonomy":"product_cat","embeddable":true,"href":"https:\/\/cozydots.com\/pl\/wp-json\/wp\/v2\/product_cat?post=47924"},{"taxonomy":"product_tag","embeddable":true,"href":"https:\/\/cozydots.com\/pl\/wp-json\/wp\/v2\/product_tag?post=47924"}],"curies":[{"name":"wp","href":"https:\/\/api.w.org\/{rel}","templated":true}]}}