{"id":48861,"date":"2022-02-24T14:33:16","date_gmt":"2022-02-24T13:33:16","guid":{"rendered":"https:\/\/cozydots.com\/?post_type=product&#038;p=48861"},"modified":"2023-02-01T13:26:25","modified_gmt":"2023-02-01T12:26:25","slug":"namiot-tipi-z-mata-candy-red","status":"publish","type":"product","link":"https:\/\/cozydots.com\/pl\/produkt\/namiot-tipi-z-mata-candy-red\/","title":{"rendered":"Namiot tipi z mat\u0105 Candy Red"},"content":{"rendered":"<p><b>Namiot tipi dla dzieci Candy<\/b><\/p>\n<p><b>Tipi z mat\u0105 do zabawy Cozy &amp; Dozy<\/b><\/p>\n<p>Namiot do zabawy z serii CANDY, to tipi w bia\u0142e paski z mi\u0119kka mat\u0105. Namiot Candy wykonany jest z mocnego p\u0142\u00f3tna (<b>100% bawe\u0142na 270g\/m2<\/b>) i ozdobiony kolorow\u0105 bawe\u0142n\u0105 przypominaj\u0105c\u0105 markizy. Kolekcja Candy to nawi\u0105zanie do kolorowych sklepik\u00f3w ze s\u0142odyczami.<\/p>\n<p>Namiot to \u015bwietne miejsce do zabawy w domu, na tarasie lub w ogrodzie. <b>Tipi do zabawy posiada okienko z odwijan\u0105 roletk\u0105 i dwie kieszonki na zabawki.<\/b> Namiot dla dziecka Candy mo\u017cna zestawi\u0107 z poduszkami w kszta\u0142cie balonik\u00f3w, ciasteczek macarons i kolorowych girland. Candy to kolekcja inspirowana sklepikami ze s\u0142odkimi donatami, ciasteczkami Macarons i kolorowymi balonikami.<\/p>\n<p>Namioty w stylu Candy Shop z ozdobn\u0105 markiz\u0105, to \u015bwietne miejsce do zabawy i przytulny k\u0105cik do odpoczynku. Wigwam zosta\u0142 zaprojektowany tak, aby na d\u0142ugo cieszy\u0107 oko i zapewni\u0107 bezpieczn\u0105 zabaw\u0119.<\/p>\n<p><b>Zestaw Candy od Cozy &amp; Dozy zawiera:<\/b><\/p>\n<ul>\n<li><b>Namiot tipi<\/b><\/li>\n<li><b>Mi\u0119kka mata pod\u0142ogowa<\/b><\/li>\n<li>4 kije z naturalnego drewna sosnowego (stela\u017c)<\/li>\n<li><b>Stabilizator <\/b>(zapobiega przesuwaniu stela\u017cu)<\/li>\n<\/ul>\n<table cellspacing=\"0\" cellpadding=\"0\">\n<tbody>\n<tr>\n<td valign=\"top\"><b>WAGA<\/b><\/td>\n<td valign=\"top\">2 kg<\/td>\n<\/tr>\n<tr>\n<td valign=\"top\"><b>WYSOKO\u015a\u0106 (Z KIJKAMI) PO ROZ\u0141O\u017bENIU<\/b><\/td>\n<td valign=\"top\">150 cm<\/td>\n<\/tr>\n<tr>\n<td valign=\"top\"><b>WYSOKO\u015a\u0106 (Z KIJKAMI) PO Z\u0141O\u017bENIU<\/b><\/td>\n<td valign=\"top\">170 cm<\/td>\n<\/tr>\n<tr>\n<td valign=\"top\"><b>POWIERZCHNIA POD\u0141OGI<\/b><\/td>\n<td valign=\"top\">110 x 110 cm<\/td>\n<\/tr>\n<tr>\n<td valign=\"top\"><b>TKANINA<\/b><\/td>\n<td valign=\"top\">100% bawe\u0142na 270g\/m2<\/td>\n<\/tr>\n<tr>\n<td valign=\"top\"><b>WYPE\u0141NIENIE MATY I PODUSZEK<\/b><\/td>\n<td valign=\"top\">100% hipoalergiczna pianka silikonowa<\/td>\n<\/tr>\n<tr>\n<td valign=\"top\"><b>MATA<\/b><\/td>\n<td valign=\"top\">110 x 110 cm<\/td>\n<\/tr>\n<tr>\n<td valign=\"top\"><b>STELA\u017b<\/b><\/td>\n<td valign=\"top\">Kije z drewna sosnowego \/ metalowe \u0142\u0105czniki<\/td>\n<\/tr>\n<tr>\n<td valign=\"top\"><b>INSTRUKCJA PRANIA<\/b><\/td>\n<td valign=\"top\">Materia\u0142 mo\u017cna pra\u0107 w pralce w temperaturze 40 stopni, wirowanie \u2013 max 800 obrot\u00f3w \/ Nie pra\u0107 chemicznie \/ Nie wybiela\u0107<\/td>\n<\/tr>\n<tr>\n<td valign=\"top\"><b>SZACOWANY CZAS MONTA\u017bU<\/b><\/td>\n<td valign=\"top\">5 min<\/td>\n<\/tr>\n<\/tbody>\n<\/table>\n<p><b>Zaprojektowane i wykonane w Polsce<\/b><\/p>\n<p>Wszystkie modele projektowane s\u0105 przez nas i dajemy ci gwarancj\u0119, \u017ce dostajesz produkt unikalny i najlepszej jako\u015bci. India\u0144skie namioty tipi tworzone s\u0105 metod\u0105 hand made, z bezpiecznych dla dzieci tkanin pochodz\u0105cych z Europy i posiadaj\u0105cych certyfikaty jako\u015bci.<\/p>\n<p>Tipi dost\u0119pne w r\u00f3\u017cnych wariantach kolorystycznych.<\/p>\n<p><b>Przygotuj si\u0119 na zabaw\u0119<\/b><\/p>\n<p><b>Namiot jest przeznaczony dla 2-3 dzieci.<\/b> Tipi \u0142atwo si\u0119 sk\u0142ada i nie zajmuje wiele miejsca. Mo\u017cna je przechowywa\u0107 w bawe\u0142nianym pokrowcu z uchwytem (dost\u0119pny oddzielnie)<\/p>\n<p><b>Tkaniny<\/b>, z kt\u00f3rych powstaj\u0105 nasze namioty tipi s\u0105 <b>certyfikowane i pochodz\u0105 z kraj\u00f3w europejskich<\/b>, dzi\u0119ki czemu s\u0105 bezpieczne dla dzieci.<\/p>\n<p>&nbsp;<\/p>\n","protected":false},"excerpt":{"rendered":"<p>Namiot do zabawy z serii CANDY, to tipi w paski z\u00a0mi\u0119kka mat\u0105. Namiot Candy wykonany jest z mocnego p\u0142\u00f3tna i ozdobiony kolorow\u0105 bawe\u0142n\u0105 przypominaj\u0105c\u0105 markizy.<\/p>\n","protected":false},"featured_media":48883,"comment_status":"open","ping_status":"closed","template":"","meta":[],"product_brand":[],"product_cat":[24],"product_tag":[],"class_list":{"0":"post-48861","1":"product","2":"type-product","3":"status-publish","4":"has-post-thumbnail","6":"product_cat-namioty-tipi","8":"first","9":"instock","10":"sale","11":"taxable","12":"shipping-taxable","13":"product-type-simple"},"yoast_head":"<!-- This site is optimized with the Yoast SEO plugin v27.0 - https:\/\/yoast.com\/product\/yoast-seo-wordpress\/ -->\n<title>Namiot tipi z mat\u0105 Candy Red - Cozydots.com<\/title>\n<meta name=\"description\" content=\"Namiot do zabawy z serii CANDY, to tipi w paski z mi\u0119kka mat\u0105. Namiot Candy wykonany jest z mocnego p\u0142\u00f3tna i ozdobiony kolorow\u0105 bawe\u0142n\u0105 przypominaj\u0105c\u0105 markizy.\" \/>\n<meta name=\"robots\" content=\"index, follow, max-snippet:-1, max-image-preview:large, max-video-preview:-1\" \/>\n<link rel=\"canonical\" href=\"https:\/\/cozydots.com\/pl\/produkt\/namiot-tipi-z-mata-candy-red\/\" \/>\n<meta property=\"og:locale\" content=\"pl_PL\" \/>\n<meta property=\"og:type\" content=\"article\" \/>\n<meta property=\"og:title\" content=\"Namiot tipi z mat\u0105 Candy Red - Cozydots.com\" \/>\n<meta property=\"og:description\" content=\"Namiot do zabawy z serii CANDY, to tipi w paski z mi\u0119kka mat\u0105. Namiot Candy wykonany jest z mocnego p\u0142\u00f3tna i ozdobiony kolorow\u0105 bawe\u0142n\u0105 przypominaj\u0105c\u0105 markizy.\" \/>\n<meta property=\"og:url\" content=\"https:\/\/cozydots.com\/pl\/produkt\/namiot-tipi-z-mata-candy-red\/\" \/>\n<meta property=\"og:site_name\" content=\"Cozydots.com\" \/>\n<meta property=\"article:modified_time\" content=\"2023-02-01T12:26:25+00:00\" \/>\n<meta property=\"og:image\" content=\"https:\/\/cozydots.com\/wp-content\/uploads\/2022\/02\/candy-red-tipi.jpg\" \/>\n\t<meta property=\"og:image:width\" content=\"1200\" \/>\n\t<meta property=\"og:image:height\" content=\"1200\" \/>\n\t<meta property=\"og:image:type\" content=\"image\/jpeg\" \/>\n<meta name=\"twitter:card\" content=\"summary_large_image\" \/>\n<meta name=\"twitter:label1\" content=\"Szacowany czas czytania\" \/>\n\t<meta name=\"twitter:data1\" content=\"2 minuty\" \/>\n<script type=\"application\/ld+json\" class=\"yoast-schema-graph\">{\"@context\":\"https:\/\/schema.org\",\"@graph\":[{\"@type\":\"WebPage\",\"@id\":\"https:\/\/cozydots.com\/pl\/produkt\/namiot-tipi-z-mata-candy-red\/\",\"url\":\"https:\/\/cozydots.com\/pl\/produkt\/namiot-tipi-z-mata-candy-red\/\",\"name\":\"Namiot tipi z mat\u0105 Candy Red - Cozydots.com\",\"isPartOf\":{\"@id\":\"https:\/\/cozydots.com\/pl\/#website\"},\"primaryImageOfPage\":{\"@id\":\"https:\/\/cozydots.com\/pl\/produkt\/namiot-tipi-z-mata-candy-red\/#primaryimage\"},\"image\":{\"@id\":\"https:\/\/cozydots.com\/pl\/produkt\/namiot-tipi-z-mata-candy-red\/#primaryimage\"},\"thumbnailUrl\":\"https:\/\/cozydots.com\/wp-content\/uploads\/2022\/02\/candy-red-tipi.jpg\",\"datePublished\":\"2022-02-24T13:33:16+00:00\",\"dateModified\":\"2023-02-01T12:26:25+00:00\",\"description\":\"Namiot do zabawy z serii CANDY, to tipi w paski z mi\u0119kka mat\u0105. Namiot Candy wykonany jest z mocnego p\u0142\u00f3tna i ozdobiony kolorow\u0105 bawe\u0142n\u0105 przypominaj\u0105c\u0105 markizy.\",\"breadcrumb\":{\"@id\":\"https:\/\/cozydots.com\/pl\/produkt\/namiot-tipi-z-mata-candy-red\/#breadcrumb\"},\"inLanguage\":\"pl-PL\",\"potentialAction\":[{\"@type\":\"ReadAction\",\"target\":[\"https:\/\/cozydots.com\/pl\/produkt\/namiot-tipi-z-mata-candy-red\/\"]}]},{\"@type\":\"ImageObject\",\"inLanguage\":\"pl-PL\",\"@id\":\"https:\/\/cozydots.com\/pl\/produkt\/namiot-tipi-z-mata-candy-red\/#primaryimage\",\"url\":\"https:\/\/cozydots.com\/wp-content\/uploads\/2022\/02\/candy-red-tipi.jpg\",\"contentUrl\":\"https:\/\/cozydots.com\/wp-content\/uploads\/2022\/02\/candy-red-tipi.jpg\",\"width\":1200,\"height\":1200},{\"@type\":\"BreadcrumbList\",\"@id\":\"https:\/\/cozydots.com\/pl\/produkt\/namiot-tipi-z-mata-candy-red\/#breadcrumb\",\"itemListElement\":[{\"@type\":\"ListItem\",\"position\":1,\"name\":\"Strona g\u0142\u00f3wna\",\"item\":\"https:\/\/cozydots.com\/pl\/\"},{\"@type\":\"ListItem\",\"position\":2,\"name\":\"Sklep\",\"item\":\"https:\/\/cozydots.com\/pl\/sklep\/\"},{\"@type\":\"ListItem\",\"position\":3,\"name\":\"Namiot tipi z mat\u0105 Candy Red\"}]},{\"@type\":\"WebSite\",\"@id\":\"https:\/\/cozydots.com\/pl\/#website\",\"url\":\"https:\/\/cozydots.com\/pl\/\",\"name\":\"Cozydots.com\",\"description\":\"Producent namiot\u00f3w Tipi\",\"publisher\":{\"@id\":\"https:\/\/cozydots.com\/pl\/#organization\"},\"potentialAction\":[{\"@type\":\"SearchAction\",\"target\":{\"@type\":\"EntryPoint\",\"urlTemplate\":\"https:\/\/cozydots.com\/pl\/?s={search_term_string}\"},\"query-input\":{\"@type\":\"PropertyValueSpecification\",\"valueRequired\":true,\"valueName\":\"search_term_string\"}}],\"inLanguage\":\"pl-PL\"},{\"@type\":\"Organization\",\"@id\":\"https:\/\/cozydots.com\/pl\/#organization\",\"name\":\"Cozydots.com\",\"url\":\"https:\/\/cozydots.com\/pl\/\",\"logo\":{\"@type\":\"ImageObject\",\"inLanguage\":\"pl-PL\",\"@id\":\"https:\/\/cozydots.com\/pl\/#\/schema\/logo\/image\/\",\"url\":\"https:\/\/cozydots.com\/wp-content\/uploads\/2021\/10\/cozyshop_logo.png\",\"contentUrl\":\"https:\/\/cozydots.com\/wp-content\/uploads\/2021\/10\/cozyshop_logo.png\",\"width\":400,\"height\":121,\"caption\":\"Cozydots.com\"},\"image\":{\"@id\":\"https:\/\/cozydots.com\/pl\/#\/schema\/logo\/image\/\"}}]}<\/script>\n<!-- \/ Yoast SEO plugin. -->","yoast_head_json":{"title":"Namiot tipi z mat\u0105 Candy Red - Cozydots.com","description":"Namiot do zabawy z serii CANDY, to tipi w paski z mi\u0119kka mat\u0105. Namiot Candy wykonany jest z mocnego p\u0142\u00f3tna i ozdobiony kolorow\u0105 bawe\u0142n\u0105 przypominaj\u0105c\u0105 markizy.","robots":{"index":"index","follow":"follow","max-snippet":"max-snippet:-1","max-image-preview":"max-image-preview:large","max-video-preview":"max-video-preview:-1"},"canonical":"https:\/\/cozydots.com\/pl\/produkt\/namiot-tipi-z-mata-candy-red\/","og_locale":"pl_PL","og_type":"article","og_title":"Namiot tipi z mat\u0105 Candy Red - Cozydots.com","og_description":"Namiot do zabawy z serii CANDY, to tipi w paski z mi\u0119kka mat\u0105. Namiot Candy wykonany jest z mocnego p\u0142\u00f3tna i ozdobiony kolorow\u0105 bawe\u0142n\u0105 przypominaj\u0105c\u0105 markizy.","og_url":"https:\/\/cozydots.com\/pl\/produkt\/namiot-tipi-z-mata-candy-red\/","og_site_name":"Cozydots.com","article_modified_time":"2023-02-01T12:26:25+00:00","og_image":[{"width":1200,"height":1200,"url":"https:\/\/cozydots.com\/wp-content\/uploads\/2022\/02\/candy-red-tipi.jpg","type":"image\/jpeg"}],"twitter_card":"summary_large_image","twitter_misc":{"Szacowany czas czytania":"2 minuty"},"schema":{"@context":"https:\/\/schema.org","@graph":[{"@type":"WebPage","@id":"https:\/\/cozydots.com\/pl\/produkt\/namiot-tipi-z-mata-candy-red\/","url":"https:\/\/cozydots.com\/pl\/produkt\/namiot-tipi-z-mata-candy-red\/","name":"Namiot tipi z mat\u0105 Candy Red - Cozydots.com","isPartOf":{"@id":"https:\/\/cozydots.com\/pl\/#website"},"primaryImageOfPage":{"@id":"https:\/\/cozydots.com\/pl\/produkt\/namiot-tipi-z-mata-candy-red\/#primaryimage"},"image":{"@id":"https:\/\/cozydots.com\/pl\/produkt\/namiot-tipi-z-mata-candy-red\/#primaryimage"},"thumbnailUrl":"https:\/\/cozydots.com\/wp-content\/uploads\/2022\/02\/candy-red-tipi.jpg","datePublished":"2022-02-24T13:33:16+00:00","dateModified":"2023-02-01T12:26:25+00:00","description":"Namiot do zabawy z serii CANDY, to tipi w paski z mi\u0119kka mat\u0105. Namiot Candy wykonany jest z mocnego p\u0142\u00f3tna i ozdobiony kolorow\u0105 bawe\u0142n\u0105 przypominaj\u0105c\u0105 markizy.","breadcrumb":{"@id":"https:\/\/cozydots.com\/pl\/produkt\/namiot-tipi-z-mata-candy-red\/#breadcrumb"},"inLanguage":"pl-PL","potentialAction":[{"@type":"ReadAction","target":["https:\/\/cozydots.com\/pl\/produkt\/namiot-tipi-z-mata-candy-red\/"]}]},{"@type":"ImageObject","inLanguage":"pl-PL","@id":"https:\/\/cozydots.com\/pl\/produkt\/namiot-tipi-z-mata-candy-red\/#primaryimage","url":"https:\/\/cozydots.com\/wp-content\/uploads\/2022\/02\/candy-red-tipi.jpg","contentUrl":"https:\/\/cozydots.com\/wp-content\/uploads\/2022\/02\/candy-red-tipi.jpg","width":1200,"height":1200},{"@type":"BreadcrumbList","@id":"https:\/\/cozydots.com\/pl\/produkt\/namiot-tipi-z-mata-candy-red\/#breadcrumb","itemListElement":[{"@type":"ListItem","position":1,"name":"Strona g\u0142\u00f3wna","item":"https:\/\/cozydots.com\/pl\/"},{"@type":"ListItem","position":2,"name":"Sklep","item":"https:\/\/cozydots.com\/pl\/sklep\/"},{"@type":"ListItem","position":3,"name":"Namiot tipi z mat\u0105 Candy Red"}]},{"@type":"WebSite","@id":"https:\/\/cozydots.com\/pl\/#website","url":"https:\/\/cozydots.com\/pl\/","name":"Cozydots.com","description":"Producent namiot\u00f3w Tipi","publisher":{"@id":"https:\/\/cozydots.com\/pl\/#organization"},"potentialAction":[{"@type":"SearchAction","target":{"@type":"EntryPoint","urlTemplate":"https:\/\/cozydots.com\/pl\/?s={search_term_string}"},"query-input":{"@type":"PropertyValueSpecification","valueRequired":true,"valueName":"search_term_string"}}],"inLanguage":"pl-PL"},{"@type":"Organization","@id":"https:\/\/cozydots.com\/pl\/#organization","name":"Cozydots.com","url":"https:\/\/cozydots.com\/pl\/","logo":{"@type":"ImageObject","inLanguage":"pl-PL","@id":"https:\/\/cozydots.com\/pl\/#\/schema\/logo\/image\/","url":"https:\/\/cozydots.com\/wp-content\/uploads\/2021\/10\/cozyshop_logo.png","contentUrl":"https:\/\/cozydots.com\/wp-content\/uploads\/2021\/10\/cozyshop_logo.png","width":400,"height":121,"caption":"Cozydots.com"},"image":{"@id":"https:\/\/cozydots.com\/pl\/#\/schema\/logo\/image\/"}}]}},"_links":{"self":[{"href":"https:\/\/cozydots.com\/pl\/wp-json\/wp\/v2\/product\/48861","targetHints":{"allow":["GET"]}}],"collection":[{"href":"https:\/\/cozydots.com\/pl\/wp-json\/wp\/v2\/product"}],"about":[{"href":"https:\/\/cozydots.com\/pl\/wp-json\/wp\/v2\/types\/product"}],"replies":[{"embeddable":true,"href":"https:\/\/cozydots.com\/pl\/wp-json\/wp\/v2\/comments?post=48861"}],"wp:featuredmedia":[{"embeddable":true,"href":"https:\/\/cozydots.com\/pl\/wp-json\/wp\/v2\/media\/48883"}],"wp:attachment":[{"href":"https:\/\/cozydots.com\/pl\/wp-json\/wp\/v2\/media?parent=48861"}],"wp:term":[{"taxonomy":"product_brand","embeddable":true,"href":"https:\/\/cozydots.com\/pl\/wp-json\/wp\/v2\/product_brand?post=48861"},{"taxonomy":"product_cat","embeddable":true,"href":"https:\/\/cozydots.com\/pl\/wp-json\/wp\/v2\/product_cat?post=48861"},{"taxonomy":"product_tag","embeddable":true,"href":"https:\/\/cozydots.com\/pl\/wp-json\/wp\/v2\/product_tag?post=48861"}],"curies":[{"name":"wp","href":"https:\/\/api.w.org\/{rel}","templated":true}]}}