{"id":50222,"date":"2022-03-04T13:11:56","date_gmt":"2022-03-04T12:11:56","guid":{"rendered":"https:\/\/cozydots.com\/?post_type=product&#038;p=50222"},"modified":"2023-02-01T12:58:58","modified_gmt":"2023-02-01T11:58:58","slug":"namiot-tipi-dla-dziewczynki-pink-frill-zestaw-5-el","status":"publish","type":"product","link":"https:\/\/cozydots.com\/pl\/produkt\/namiot-tipi-dla-dziewczynki-pink-frill-zestaw-5-el\/","title":{"rendered":"Namiot tipi dla dziewczynki Pink Frill &#8211; zestaw 5 el."},"content":{"rendered":"<p><strong>Namiot z falbank\u0105 z serii Pink Frill to dziewcz\u0119cy zestaw do pokoju z mi\u0119kk\u0105, du\u017c\u0105 okr\u0105g\u0142\u0105 mat\u0105, poduszk\u0105 serce oraz du\u017cym namiotem 110x150cm. Idealny zestaw do zabawy.<\/strong><\/p>\n<p><b>Tipi india\u0144skie,\u00a0<\/b>to niezwyk\u0142e\u00a0<b>miejsce do zabawy<\/b>\u00a0na \u015bwie\u017cym powietrzu i w domu. Namiot tipi dla dzieci to dobre miejsce <b>do odpoczynku i k\u0105cik\u00a0do czytania ksi\u0105\u017cek.<\/b>\u00a0Wigwam dla dziecka to\u00a0<b>modny element wystroju dzieci\u0119cego pokoju<\/b>.<\/p>\n<p>Namiot dla dziecka ma wszyt\u0105 kiesze\u0144 na zabawki i okienko ze zwijan\u0105 rolet\u0105. Wszystkie elementy z tkaniny <b>mo\u017cna pra\u0107 w pralce.<\/b>\u00a0Namiot dla dzieci \u0142atwo si\u0119 sk\u0142ada i nie zajmuje wiele miejsca.<\/p>\n<p>India\u0144skie\u00a0<b>tipi tworzone s\u0105 metod\u0105 hand made, z bezpiecznych dla dzieci tkanin pochodz\u0105cych z Europy<\/b>\u00a0i posiadaj\u0105cych certyfikaty jako\u015bci. Wszystkie\u00a0<b>modele projektowane s\u0105 przez nas i dajemy ci gwarancj\u0119, \u017ce dostajesz produkt unikalny<\/b>\u00a0i najlepszej jako\u015bci.<\/p>\n<p><b>W sk\u0142ad zestawu tipi Pink Frill od COZY &amp; DOZY wchodz\u0105:<\/b><\/p>\n<ul>\n<li>tipi dla dziewczynki<\/li>\n<li>mi\u0119kka okr\u0105g\u0142a mata z falbank\u0105<\/li>\n<li>poduszk\u0119 serce<\/li>\n<li>stabiizator<\/li>\n<li>4 kije z naturalnego drewna sosnowego (stela\u017c).<\/li>\n<\/ul>\n<p>Wigwam mo\u017cna r\u00f3wnie\u017c zakupi\u0107 bez maty i poduszek.<\/p>\n<p><b>Dodatkowe informacje<\/b><\/p>\n<p><b>Wymiary:<\/b><\/p>\n<ul>\n<li>Wysoko\u015b\u0107 (z kijkami) po roz\u0142o\u017ceniu: 150 cm<\/li>\n<li>Wysoko\u015b\u0107 (z kijkami) po z\u0142o\u017ceniu: 170 cm<\/li>\n<li>Powierzchnia pod\u0142ogi: ok. 110\u00d7110 cm<\/li>\n<li>Mata: 110\u00d7110 cm<\/li>\n<\/ul>\n<p>Namiot jest przeznaczony dla 2-3 dzieci. Tipi \u0142atwo si\u0119 sk\u0142ada i nie zajmuje wiele miejsca. Mo\u017cesz je przechowywa\u0107 w bawe\u0142nianym pokrowcu z uchwytem, kt\u00f3ry otrzymujesz w komplecie.<\/p>\n<p><b>Sk\u0142ad:<\/b><\/p>\n<ul>\n<li>100% bawe\u0142na, Posiada certyfikat<\/li>\n<li>Wype\u0142nienie maty i poduszek: 100% hipoalergiczna pianka silikonowa<\/li>\n<\/ul>\n<p>Wszystkie tkaniny, z kt\u00f3rych powstaj\u0105 nasze namioty tipi s\u0105 certyfikowane i pochodz\u0105 z kraj\u00f3w europejskich, dzi\u0119ki czemu s\u0105<b>\u00a0bezpieczne dla dzieci<\/b>.<\/p>\n<p>Wszystkie artyku\u0142y Cozy &amp; Dozy s\u0105 projektowane i szyte w Polsce.<\/p>\n","protected":false},"excerpt":{"rendered":"<p><strong>Namiot z falbank\u0105 z serii Pink Frill to dziewcz\u0119cy zestaw do pokoju z mi\u0119kk\u0105, du\u017c\u0105 okr\u0105g\u0142\u0105 mat\u0105, poduszk\u0105 serce oraz du\u017cym namiotem 110x150cm. Idealny zestaw do zabawy.<\/strong><\/p>\n","protected":false},"featured_media":50071,"comment_status":"open","ping_status":"closed","template":"","meta":[],"product_brand":[],"product_cat":[24],"product_tag":[],"class_list":{"0":"post-50222","1":"product","2":"type-product","3":"status-publish","4":"has-post-thumbnail","6":"product_cat-namioty-tipi","8":"first","9":"instock","10":"sale","11":"taxable","12":"shipping-taxable","13":"product-type-simple"},"yoast_head":"<!-- This site is optimized with the Yoast SEO plugin v27.0 - https:\/\/yoast.com\/product\/yoast-seo-wordpress\/ -->\n<title>Namiot tipi dla dziewczynki Pink Frill - zestaw 5 el. - Cozydots.com<\/title>\n<meta name=\"description\" content=\"Namiot z falbank\u0105 z serii Pink Frill to dziewcz\u0119cy zestaw do pokoju z mi\u0119kk\u0105, du\u017c\u0105 okr\u0105g\u0142\u0105 mat\u0105, poduszk\u0105 serce oraz du\u017cym namiotem 110x150cm. Idealny zestaw do zabawy.\" \/>\n<meta name=\"robots\" content=\"index, follow, max-snippet:-1, max-image-preview:large, max-video-preview:-1\" \/>\n<link rel=\"canonical\" href=\"https:\/\/cozydots.com\/pl\/produkt\/namiot-tipi-dla-dziewczynki-pink-frill-zestaw-5-el\/\" \/>\n<meta property=\"og:locale\" content=\"pl_PL\" \/>\n<meta property=\"og:type\" content=\"article\" \/>\n<meta property=\"og:title\" content=\"Namiot tipi dla dziewczynki Pink Frill - zestaw 5 el. - Cozydots.com\" \/>\n<meta property=\"og:description\" content=\"Namiot z falbank\u0105 z serii Pink Frill to dziewcz\u0119cy zestaw do pokoju z mi\u0119kk\u0105, du\u017c\u0105 okr\u0105g\u0142\u0105 mat\u0105, poduszk\u0105 serce oraz du\u017cym namiotem 110x150cm. Idealny zestaw do zabawy.\" \/>\n<meta property=\"og:url\" content=\"https:\/\/cozydots.com\/pl\/produkt\/namiot-tipi-dla-dziewczynki-pink-frill-zestaw-5-el\/\" \/>\n<meta property=\"og:site_name\" content=\"Cozydots.com\" \/>\n<meta property=\"article:modified_time\" content=\"2023-02-01T11:58:58+00:00\" \/>\n<meta property=\"og:image\" content=\"https:\/\/cozydots.com\/wp-content\/uploads\/2022\/02\/pink-frill-tipi-set.jpg\" \/>\n\t<meta property=\"og:image:width\" content=\"1200\" \/>\n\t<meta property=\"og:image:height\" content=\"1395\" \/>\n\t<meta property=\"og:image:type\" content=\"image\/jpeg\" \/>\n<meta name=\"twitter:card\" content=\"summary_large_image\" \/>\n<meta name=\"twitter:label1\" content=\"Szacowany czas czytania\" \/>\n\t<meta name=\"twitter:data1\" content=\"2 minuty\" \/>\n<script type=\"application\/ld+json\" class=\"yoast-schema-graph\">{\"@context\":\"https:\/\/schema.org\",\"@graph\":[{\"@type\":\"WebPage\",\"@id\":\"https:\/\/cozydots.com\/pl\/produkt\/namiot-tipi-dla-dziewczynki-pink-frill-zestaw-5-el\/\",\"url\":\"https:\/\/cozydots.com\/pl\/produkt\/namiot-tipi-dla-dziewczynki-pink-frill-zestaw-5-el\/\",\"name\":\"Namiot tipi dla dziewczynki Pink Frill - zestaw 5 el. - Cozydots.com\",\"isPartOf\":{\"@id\":\"https:\/\/cozydots.com\/pl\/#website\"},\"primaryImageOfPage\":{\"@id\":\"https:\/\/cozydots.com\/pl\/produkt\/namiot-tipi-dla-dziewczynki-pink-frill-zestaw-5-el\/#primaryimage\"},\"image\":{\"@id\":\"https:\/\/cozydots.com\/pl\/produkt\/namiot-tipi-dla-dziewczynki-pink-frill-zestaw-5-el\/#primaryimage\"},\"thumbnailUrl\":\"https:\/\/cozydots.com\/wp-content\/uploads\/2022\/02\/pink-frill-tipi-set.jpg\",\"datePublished\":\"2022-03-04T12:11:56+00:00\",\"dateModified\":\"2023-02-01T11:58:58+00:00\",\"description\":\"Namiot z falbank\u0105 z serii Pink Frill to dziewcz\u0119cy zestaw do pokoju z mi\u0119kk\u0105, du\u017c\u0105 okr\u0105g\u0142\u0105 mat\u0105, poduszk\u0105 serce oraz du\u017cym namiotem 110x150cm. Idealny zestaw do zabawy.\",\"breadcrumb\":{\"@id\":\"https:\/\/cozydots.com\/pl\/produkt\/namiot-tipi-dla-dziewczynki-pink-frill-zestaw-5-el\/#breadcrumb\"},\"inLanguage\":\"pl-PL\",\"potentialAction\":[{\"@type\":\"ReadAction\",\"target\":[\"https:\/\/cozydots.com\/pl\/produkt\/namiot-tipi-dla-dziewczynki-pink-frill-zestaw-5-el\/\"]}]},{\"@type\":\"ImageObject\",\"inLanguage\":\"pl-PL\",\"@id\":\"https:\/\/cozydots.com\/pl\/produkt\/namiot-tipi-dla-dziewczynki-pink-frill-zestaw-5-el\/#primaryimage\",\"url\":\"https:\/\/cozydots.com\/wp-content\/uploads\/2022\/02\/pink-frill-tipi-set.jpg\",\"contentUrl\":\"https:\/\/cozydots.com\/wp-content\/uploads\/2022\/02\/pink-frill-tipi-set.jpg\",\"width\":1200,\"height\":1395},{\"@type\":\"BreadcrumbList\",\"@id\":\"https:\/\/cozydots.com\/pl\/produkt\/namiot-tipi-dla-dziewczynki-pink-frill-zestaw-5-el\/#breadcrumb\",\"itemListElement\":[{\"@type\":\"ListItem\",\"position\":1,\"name\":\"Strona g\u0142\u00f3wna\",\"item\":\"https:\/\/cozydots.com\/pl\/\"},{\"@type\":\"ListItem\",\"position\":2,\"name\":\"Sklep\",\"item\":\"https:\/\/cozydots.com\/pl\/sklep\/\"},{\"@type\":\"ListItem\",\"position\":3,\"name\":\"Namiot tipi dla dziewczynki Pink Frill &#8211; zestaw 5 el.\"}]},{\"@type\":\"WebSite\",\"@id\":\"https:\/\/cozydots.com\/pl\/#website\",\"url\":\"https:\/\/cozydots.com\/pl\/\",\"name\":\"Cozydots.com\",\"description\":\"Producent namiot\u00f3w Tipi\",\"publisher\":{\"@id\":\"https:\/\/cozydots.com\/pl\/#organization\"},\"potentialAction\":[{\"@type\":\"SearchAction\",\"target\":{\"@type\":\"EntryPoint\",\"urlTemplate\":\"https:\/\/cozydots.com\/pl\/?s={search_term_string}\"},\"query-input\":{\"@type\":\"PropertyValueSpecification\",\"valueRequired\":true,\"valueName\":\"search_term_string\"}}],\"inLanguage\":\"pl-PL\"},{\"@type\":\"Organization\",\"@id\":\"https:\/\/cozydots.com\/pl\/#organization\",\"name\":\"Cozydots.com\",\"url\":\"https:\/\/cozydots.com\/pl\/\",\"logo\":{\"@type\":\"ImageObject\",\"inLanguage\":\"pl-PL\",\"@id\":\"https:\/\/cozydots.com\/pl\/#\/schema\/logo\/image\/\",\"url\":\"https:\/\/cozydots.com\/wp-content\/uploads\/2021\/10\/cozyshop_logo.png\",\"contentUrl\":\"https:\/\/cozydots.com\/wp-content\/uploads\/2021\/10\/cozyshop_logo.png\",\"width\":400,\"height\":121,\"caption\":\"Cozydots.com\"},\"image\":{\"@id\":\"https:\/\/cozydots.com\/pl\/#\/schema\/logo\/image\/\"}}]}<\/script>\n<!-- \/ Yoast SEO plugin. -->","yoast_head_json":{"title":"Namiot tipi dla dziewczynki Pink Frill - zestaw 5 el. - Cozydots.com","description":"Namiot z falbank\u0105 z serii Pink Frill to dziewcz\u0119cy zestaw do pokoju z mi\u0119kk\u0105, du\u017c\u0105 okr\u0105g\u0142\u0105 mat\u0105, poduszk\u0105 serce oraz du\u017cym namiotem 110x150cm. Idealny zestaw do zabawy.","robots":{"index":"index","follow":"follow","max-snippet":"max-snippet:-1","max-image-preview":"max-image-preview:large","max-video-preview":"max-video-preview:-1"},"canonical":"https:\/\/cozydots.com\/pl\/produkt\/namiot-tipi-dla-dziewczynki-pink-frill-zestaw-5-el\/","og_locale":"pl_PL","og_type":"article","og_title":"Namiot tipi dla dziewczynki Pink Frill - zestaw 5 el. - Cozydots.com","og_description":"Namiot z falbank\u0105 z serii Pink Frill to dziewcz\u0119cy zestaw do pokoju z mi\u0119kk\u0105, du\u017c\u0105 okr\u0105g\u0142\u0105 mat\u0105, poduszk\u0105 serce oraz du\u017cym namiotem 110x150cm. Idealny zestaw do zabawy.","og_url":"https:\/\/cozydots.com\/pl\/produkt\/namiot-tipi-dla-dziewczynki-pink-frill-zestaw-5-el\/","og_site_name":"Cozydots.com","article_modified_time":"2023-02-01T11:58:58+00:00","og_image":[{"width":1200,"height":1395,"url":"https:\/\/cozydots.com\/wp-content\/uploads\/2022\/02\/pink-frill-tipi-set.jpg","type":"image\/jpeg"}],"twitter_card":"summary_large_image","twitter_misc":{"Szacowany czas czytania":"2 minuty"},"schema":{"@context":"https:\/\/schema.org","@graph":[{"@type":"WebPage","@id":"https:\/\/cozydots.com\/pl\/produkt\/namiot-tipi-dla-dziewczynki-pink-frill-zestaw-5-el\/","url":"https:\/\/cozydots.com\/pl\/produkt\/namiot-tipi-dla-dziewczynki-pink-frill-zestaw-5-el\/","name":"Namiot tipi dla dziewczynki Pink Frill - zestaw 5 el. - Cozydots.com","isPartOf":{"@id":"https:\/\/cozydots.com\/pl\/#website"},"primaryImageOfPage":{"@id":"https:\/\/cozydots.com\/pl\/produkt\/namiot-tipi-dla-dziewczynki-pink-frill-zestaw-5-el\/#primaryimage"},"image":{"@id":"https:\/\/cozydots.com\/pl\/produkt\/namiot-tipi-dla-dziewczynki-pink-frill-zestaw-5-el\/#primaryimage"},"thumbnailUrl":"https:\/\/cozydots.com\/wp-content\/uploads\/2022\/02\/pink-frill-tipi-set.jpg","datePublished":"2022-03-04T12:11:56+00:00","dateModified":"2023-02-01T11:58:58+00:00","description":"Namiot z falbank\u0105 z serii Pink Frill to dziewcz\u0119cy zestaw do pokoju z mi\u0119kk\u0105, du\u017c\u0105 okr\u0105g\u0142\u0105 mat\u0105, poduszk\u0105 serce oraz du\u017cym namiotem 110x150cm. Idealny zestaw do zabawy.","breadcrumb":{"@id":"https:\/\/cozydots.com\/pl\/produkt\/namiot-tipi-dla-dziewczynki-pink-frill-zestaw-5-el\/#breadcrumb"},"inLanguage":"pl-PL","potentialAction":[{"@type":"ReadAction","target":["https:\/\/cozydots.com\/pl\/produkt\/namiot-tipi-dla-dziewczynki-pink-frill-zestaw-5-el\/"]}]},{"@type":"ImageObject","inLanguage":"pl-PL","@id":"https:\/\/cozydots.com\/pl\/produkt\/namiot-tipi-dla-dziewczynki-pink-frill-zestaw-5-el\/#primaryimage","url":"https:\/\/cozydots.com\/wp-content\/uploads\/2022\/02\/pink-frill-tipi-set.jpg","contentUrl":"https:\/\/cozydots.com\/wp-content\/uploads\/2022\/02\/pink-frill-tipi-set.jpg","width":1200,"height":1395},{"@type":"BreadcrumbList","@id":"https:\/\/cozydots.com\/pl\/produkt\/namiot-tipi-dla-dziewczynki-pink-frill-zestaw-5-el\/#breadcrumb","itemListElement":[{"@type":"ListItem","position":1,"name":"Strona g\u0142\u00f3wna","item":"https:\/\/cozydots.com\/pl\/"},{"@type":"ListItem","position":2,"name":"Sklep","item":"https:\/\/cozydots.com\/pl\/sklep\/"},{"@type":"ListItem","position":3,"name":"Namiot tipi dla dziewczynki Pink Frill &#8211; zestaw 5 el."}]},{"@type":"WebSite","@id":"https:\/\/cozydots.com\/pl\/#website","url":"https:\/\/cozydots.com\/pl\/","name":"Cozydots.com","description":"Producent namiot\u00f3w Tipi","publisher":{"@id":"https:\/\/cozydots.com\/pl\/#organization"},"potentialAction":[{"@type":"SearchAction","target":{"@type":"EntryPoint","urlTemplate":"https:\/\/cozydots.com\/pl\/?s={search_term_string}"},"query-input":{"@type":"PropertyValueSpecification","valueRequired":true,"valueName":"search_term_string"}}],"inLanguage":"pl-PL"},{"@type":"Organization","@id":"https:\/\/cozydots.com\/pl\/#organization","name":"Cozydots.com","url":"https:\/\/cozydots.com\/pl\/","logo":{"@type":"ImageObject","inLanguage":"pl-PL","@id":"https:\/\/cozydots.com\/pl\/#\/schema\/logo\/image\/","url":"https:\/\/cozydots.com\/wp-content\/uploads\/2021\/10\/cozyshop_logo.png","contentUrl":"https:\/\/cozydots.com\/wp-content\/uploads\/2021\/10\/cozyshop_logo.png","width":400,"height":121,"caption":"Cozydots.com"},"image":{"@id":"https:\/\/cozydots.com\/pl\/#\/schema\/logo\/image\/"}}]}},"_links":{"self":[{"href":"https:\/\/cozydots.com\/pl\/wp-json\/wp\/v2\/product\/50222","targetHints":{"allow":["GET"]}}],"collection":[{"href":"https:\/\/cozydots.com\/pl\/wp-json\/wp\/v2\/product"}],"about":[{"href":"https:\/\/cozydots.com\/pl\/wp-json\/wp\/v2\/types\/product"}],"replies":[{"embeddable":true,"href":"https:\/\/cozydots.com\/pl\/wp-json\/wp\/v2\/comments?post=50222"}],"wp:featuredmedia":[{"embeddable":true,"href":"https:\/\/cozydots.com\/pl\/wp-json\/wp\/v2\/media\/50071"}],"wp:attachment":[{"href":"https:\/\/cozydots.com\/pl\/wp-json\/wp\/v2\/media?parent=50222"}],"wp:term":[{"taxonomy":"product_brand","embeddable":true,"href":"https:\/\/cozydots.com\/pl\/wp-json\/wp\/v2\/product_brand?post=50222"},{"taxonomy":"product_cat","embeddable":true,"href":"https:\/\/cozydots.com\/pl\/wp-json\/wp\/v2\/product_cat?post=50222"},{"taxonomy":"product_tag","embeddable":true,"href":"https:\/\/cozydots.com\/pl\/wp-json\/wp\/v2\/product_tag?post=50222"}],"curies":[{"name":"wp","href":"https:\/\/api.w.org\/{rel}","templated":true}]}}