{"id":50434,"date":"2022-03-24T16:22:38","date_gmt":"2022-03-24T15:22:38","guid":{"rendered":"https:\/\/cozydots.com\/?post_type=product&#038;p=50434"},"modified":"2023-02-08T12:12:14","modified_gmt":"2023-02-08T11:12:14","slug":"wodoodporny-namiot-tipi-garden-forest-z-miekka-mata","status":"publish","type":"product","link":"https:\/\/cozydots.com\/pl\/produkt\/wodoodporny-namiot-tipi-garden-forest-z-miekka-mata\/","title":{"rendered":"Wodoodporny namiot tipi Garden Forest z mi\u0119kk\u0105 mat\u0105"},"content":{"rendered":"<p style=\"text-align: center\"><b>Wodoodporny namiot do zabawy, o<\/b><b>grodowe tipi od Cozy &amp; Dozy<\/b><\/p>\n<p>Namiot \u00a0wykonany jest z <b>wodoodpornej tkaniny PREMIUM<\/b>, dzi\u0119ki czemu nie niszczy si\u0119 od wody i nadaje si\u0119 na zabaw\u0119 na podw\u00f3rku. Namiot \u0142atwo utrzyma\u0107 w czysto\u015bci.<\/p>\n<p><b>Dzieci\u0119cy namiot tipi do zabawy posiada cztery boki oraz wszyt\u0105 wodoodporn\u0105 pod\u0142og\u0119, mi\u0119kk\u0105 mat\u0119, ozdobne flagi, worek do przechowywania, sk\u0142adane sosnowe kije, stabilizator do namiotu, kiesze\u0144 na zabawki i dwa otwierane okienka z rolet\u0105.\u00a0<\/b><\/p>\n<p>Wszystkie elementy z tkaniny mo\u017cna pra\u0107 w pralce. Namiot dla dzieci \u0142atwo si\u0119 sk\u0142ada i nie zajmuje wiele miejsca.<\/p>\n<p><b>Zaprojektowane i wykonane w Polsce<\/b><\/p>\n<p>Wszystkie modele projektowane s\u0105 przez nas i dajemy ci gwarancj\u0119, \u017ce dostajesz produkt unikalny i najlepszej jako\u015bci. India\u0144skie namioty tipi tworzone s\u0105 metod\u0105 hand made, z bezpiecznych dla dzieci tkanin pochodz\u0105cych z Europy i posiadaj\u0105cych certyfikaty jako\u015bci.<\/p>\n<p>Tipi dost\u0119pne w r\u00f3\u017cnych wariantach kolorystycznych.<\/p>\n<p><b>Przygotuj si\u0119 na zabaw\u0119<\/b><\/p>\n<p><b>Namiot jest przeznaczony dla 2-3 dzieci.<\/b> Tipi \u0142atwo si\u0119 sk\u0142ada i nie zajmuje wiele miejsca. Mo\u017cna je przechowywa\u0107 w bawe\u0142nianym pokrowcu z uchwytem.<\/p>\n<p><b>Tkaniny<\/b>, z kt\u00f3rych powstaj\u0105 nasze namioty tipi s\u0105 <b>certyfikowane i pochodz\u0105 z kraj\u00f3w europejskich<\/b>, dzi\u0119ki czemu s\u0105 bezpieczne dla dzieci.<\/p>\n<p><b>Wszystkie artyku\u0142y Cozy &amp; Dozy s\u0105 projektowane i szyte w Polsce.<\/b><\/p>\n<p><b>W sk\u0142ad zestawu Garden od Cozy &amp; Dozy wchodz\u0105:<\/b><\/p>\n<ul>\n<li><b>namiot tipi<\/b> (kolory do wyboru)<\/li>\n<li>mi\u0119kka mata<\/li>\n<li><b>ozdobne flagi<\/b><\/li>\n<li>worek na namiot<\/li>\n<li>4 sk\u0142adane kije z naturalnego drewna sosnowego + \u0142\u0105czniki<\/li>\n<li><b>stabilizator <\/b>(zapobiega przesuwaniu stela\u017cu)<\/li>\n<\/ul>\n","protected":false},"excerpt":{"rendered":"<p>Wodoodporny namiot tipi do zabawy w zestawie z ozdobnymi flagami, mi\u0119kk\u0105 mat\u0105, workiem na tipi, stabilizatorem i kijami. Tipi do zabawy posiada dwa okienka i kiesze\u0144 na drobne zabawki.<\/p>\n","protected":false},"featured_media":41578,"comment_status":"open","ping_status":"closed","template":"","meta":[],"product_brand":[],"product_cat":[24],"product_tag":[1434],"class_list":{"0":"post-50434","1":"product","2":"type-product","3":"status-publish","4":"has-post-thumbnail","6":"product_cat-namioty-tipi","7":"product_tag-pla","9":"first","10":"instock","11":"taxable","12":"shipping-taxable","13":"product-type-simple"},"yoast_head":"<!-- This site is optimized with the Yoast SEO plugin v27.0 - https:\/\/yoast.com\/product\/yoast-seo-wordpress\/ -->\n<title>Wodoodporny namiot tipi Garden Forest z mi\u0119kk\u0105 mat\u0105 - Cozydots.com<\/title>\n<meta name=\"description\" content=\"Wodoodporny namiot tipi do zabawy w zestawie z ozdobnymi flagami, mi\u0119kk\u0105 mat\u0105, workiem na tipi, stabilizatorem i kijami. Tipi do zabawy posiada dwa okienka i kiesze\u0144 na drobne zabawki.\" \/>\n<meta name=\"robots\" content=\"index, follow, max-snippet:-1, max-image-preview:large, max-video-preview:-1\" \/>\n<link rel=\"canonical\" href=\"https:\/\/cozydots.com\/pl\/produkt\/wodoodporny-namiot-tipi-garden-forest-z-miekka-mata\/\" \/>\n<meta property=\"og:locale\" content=\"pl_PL\" \/>\n<meta property=\"og:type\" content=\"article\" \/>\n<meta property=\"og:title\" content=\"Wodoodporny namiot tipi Garden Forest z mi\u0119kk\u0105 mat\u0105 - Cozydots.com\" \/>\n<meta property=\"og:description\" content=\"Wodoodporny namiot tipi do zabawy w zestawie z ozdobnymi flagami, mi\u0119kk\u0105 mat\u0105, workiem na tipi, stabilizatorem i kijami. Tipi do zabawy posiada dwa okienka i kiesze\u0144 na drobne zabawki.\" \/>\n<meta property=\"og:url\" content=\"https:\/\/cozydots.com\/pl\/produkt\/wodoodporny-namiot-tipi-garden-forest-z-miekka-mata\/\" \/>\n<meta property=\"og:site_name\" content=\"Cozydots.com\" \/>\n<meta property=\"article:modified_time\" content=\"2023-02-08T11:12:14+00:00\" \/>\n<meta property=\"og:image\" content=\"https:\/\/cozydots.com\/wp-content\/uploads\/2021\/11\/pp-1582.jpg\" \/>\n\t<meta property=\"og:image:width\" content=\"1200\" \/>\n\t<meta property=\"og:image:height\" content=\"1200\" \/>\n\t<meta property=\"og:image:type\" content=\"image\/jpeg\" \/>\n<meta name=\"twitter:card\" content=\"summary_large_image\" \/>\n<meta name=\"twitter:label1\" content=\"Szacowany czas czytania\" \/>\n\t<meta name=\"twitter:data1\" content=\"2 minuty\" \/>\n<script type=\"application\/ld+json\" class=\"yoast-schema-graph\">{\"@context\":\"https:\/\/schema.org\",\"@graph\":[{\"@type\":\"WebPage\",\"@id\":\"https:\/\/cozydots.com\/pl\/produkt\/wodoodporny-namiot-tipi-garden-forest-z-miekka-mata\/\",\"url\":\"https:\/\/cozydots.com\/pl\/produkt\/wodoodporny-namiot-tipi-garden-forest-z-miekka-mata\/\",\"name\":\"Wodoodporny namiot tipi Garden Forest z mi\u0119kk\u0105 mat\u0105 - Cozydots.com\",\"isPartOf\":{\"@id\":\"https:\/\/cozydots.com\/pl\/#website\"},\"primaryImageOfPage\":{\"@id\":\"https:\/\/cozydots.com\/pl\/produkt\/wodoodporny-namiot-tipi-garden-forest-z-miekka-mata\/#primaryimage\"},\"image\":{\"@id\":\"https:\/\/cozydots.com\/pl\/produkt\/wodoodporny-namiot-tipi-garden-forest-z-miekka-mata\/#primaryimage\"},\"thumbnailUrl\":\"https:\/\/cozydots.com\/wp-content\/uploads\/2021\/11\/pp-1582.jpg\",\"datePublished\":\"2022-03-24T15:22:38+00:00\",\"dateModified\":\"2023-02-08T11:12:14+00:00\",\"description\":\"Wodoodporny namiot tipi do zabawy w zestawie z ozdobnymi flagami, mi\u0119kk\u0105 mat\u0105, workiem na tipi, stabilizatorem i kijami. Tipi do zabawy posiada dwa okienka i kiesze\u0144 na drobne zabawki.\",\"breadcrumb\":{\"@id\":\"https:\/\/cozydots.com\/pl\/produkt\/wodoodporny-namiot-tipi-garden-forest-z-miekka-mata\/#breadcrumb\"},\"inLanguage\":\"pl-PL\",\"potentialAction\":[{\"@type\":\"ReadAction\",\"target\":[\"https:\/\/cozydots.com\/pl\/produkt\/wodoodporny-namiot-tipi-garden-forest-z-miekka-mata\/\"]}]},{\"@type\":\"ImageObject\",\"inLanguage\":\"pl-PL\",\"@id\":\"https:\/\/cozydots.com\/pl\/produkt\/wodoodporny-namiot-tipi-garden-forest-z-miekka-mata\/#primaryimage\",\"url\":\"https:\/\/cozydots.com\/wp-content\/uploads\/2021\/11\/pp-1582.jpg\",\"contentUrl\":\"https:\/\/cozydots.com\/wp-content\/uploads\/2021\/11\/pp-1582.jpg\",\"width\":1200,\"height\":1200},{\"@type\":\"BreadcrumbList\",\"@id\":\"https:\/\/cozydots.com\/pl\/produkt\/wodoodporny-namiot-tipi-garden-forest-z-miekka-mata\/#breadcrumb\",\"itemListElement\":[{\"@type\":\"ListItem\",\"position\":1,\"name\":\"Strona g\u0142\u00f3wna\",\"item\":\"https:\/\/cozydots.com\/pl\/\"},{\"@type\":\"ListItem\",\"position\":2,\"name\":\"Sklep\",\"item\":\"https:\/\/cozydots.com\/pl\/sklep\/\"},{\"@type\":\"ListItem\",\"position\":3,\"name\":\"Wodoodporny namiot tipi Garden Forest z mi\u0119kk\u0105 mat\u0105\"}]},{\"@type\":\"WebSite\",\"@id\":\"https:\/\/cozydots.com\/pl\/#website\",\"url\":\"https:\/\/cozydots.com\/pl\/\",\"name\":\"Cozydots.com\",\"description\":\"Producent namiot\u00f3w Tipi\",\"publisher\":{\"@id\":\"https:\/\/cozydots.com\/pl\/#organization\"},\"potentialAction\":[{\"@type\":\"SearchAction\",\"target\":{\"@type\":\"EntryPoint\",\"urlTemplate\":\"https:\/\/cozydots.com\/pl\/?s={search_term_string}\"},\"query-input\":{\"@type\":\"PropertyValueSpecification\",\"valueRequired\":true,\"valueName\":\"search_term_string\"}}],\"inLanguage\":\"pl-PL\"},{\"@type\":\"Organization\",\"@id\":\"https:\/\/cozydots.com\/pl\/#organization\",\"name\":\"Cozydots.com\",\"url\":\"https:\/\/cozydots.com\/pl\/\",\"logo\":{\"@type\":\"ImageObject\",\"inLanguage\":\"pl-PL\",\"@id\":\"https:\/\/cozydots.com\/pl\/#\/schema\/logo\/image\/\",\"url\":\"https:\/\/cozydots.com\/wp-content\/uploads\/2021\/10\/cozyshop_logo.png\",\"contentUrl\":\"https:\/\/cozydots.com\/wp-content\/uploads\/2021\/10\/cozyshop_logo.png\",\"width\":400,\"height\":121,\"caption\":\"Cozydots.com\"},\"image\":{\"@id\":\"https:\/\/cozydots.com\/pl\/#\/schema\/logo\/image\/\"}}]}<\/script>\n<!-- \/ Yoast SEO plugin. -->","yoast_head_json":{"title":"Wodoodporny namiot tipi Garden Forest z mi\u0119kk\u0105 mat\u0105 - Cozydots.com","description":"Wodoodporny namiot tipi do zabawy w zestawie z ozdobnymi flagami, mi\u0119kk\u0105 mat\u0105, workiem na tipi, stabilizatorem i kijami. Tipi do zabawy posiada dwa okienka i kiesze\u0144 na drobne zabawki.","robots":{"index":"index","follow":"follow","max-snippet":"max-snippet:-1","max-image-preview":"max-image-preview:large","max-video-preview":"max-video-preview:-1"},"canonical":"https:\/\/cozydots.com\/pl\/produkt\/wodoodporny-namiot-tipi-garden-forest-z-miekka-mata\/","og_locale":"pl_PL","og_type":"article","og_title":"Wodoodporny namiot tipi Garden Forest z mi\u0119kk\u0105 mat\u0105 - Cozydots.com","og_description":"Wodoodporny namiot tipi do zabawy w zestawie z ozdobnymi flagami, mi\u0119kk\u0105 mat\u0105, workiem na tipi, stabilizatorem i kijami. Tipi do zabawy posiada dwa okienka i kiesze\u0144 na drobne zabawki.","og_url":"https:\/\/cozydots.com\/pl\/produkt\/wodoodporny-namiot-tipi-garden-forest-z-miekka-mata\/","og_site_name":"Cozydots.com","article_modified_time":"2023-02-08T11:12:14+00:00","og_image":[{"width":1200,"height":1200,"url":"https:\/\/cozydots.com\/wp-content\/uploads\/2021\/11\/pp-1582.jpg","type":"image\/jpeg"}],"twitter_card":"summary_large_image","twitter_misc":{"Szacowany czas czytania":"2 minuty"},"schema":{"@context":"https:\/\/schema.org","@graph":[{"@type":"WebPage","@id":"https:\/\/cozydots.com\/pl\/produkt\/wodoodporny-namiot-tipi-garden-forest-z-miekka-mata\/","url":"https:\/\/cozydots.com\/pl\/produkt\/wodoodporny-namiot-tipi-garden-forest-z-miekka-mata\/","name":"Wodoodporny namiot tipi Garden Forest z mi\u0119kk\u0105 mat\u0105 - Cozydots.com","isPartOf":{"@id":"https:\/\/cozydots.com\/pl\/#website"},"primaryImageOfPage":{"@id":"https:\/\/cozydots.com\/pl\/produkt\/wodoodporny-namiot-tipi-garden-forest-z-miekka-mata\/#primaryimage"},"image":{"@id":"https:\/\/cozydots.com\/pl\/produkt\/wodoodporny-namiot-tipi-garden-forest-z-miekka-mata\/#primaryimage"},"thumbnailUrl":"https:\/\/cozydots.com\/wp-content\/uploads\/2021\/11\/pp-1582.jpg","datePublished":"2022-03-24T15:22:38+00:00","dateModified":"2023-02-08T11:12:14+00:00","description":"Wodoodporny namiot tipi do zabawy w zestawie z ozdobnymi flagami, mi\u0119kk\u0105 mat\u0105, workiem na tipi, stabilizatorem i kijami. Tipi do zabawy posiada dwa okienka i kiesze\u0144 na drobne zabawki.","breadcrumb":{"@id":"https:\/\/cozydots.com\/pl\/produkt\/wodoodporny-namiot-tipi-garden-forest-z-miekka-mata\/#breadcrumb"},"inLanguage":"pl-PL","potentialAction":[{"@type":"ReadAction","target":["https:\/\/cozydots.com\/pl\/produkt\/wodoodporny-namiot-tipi-garden-forest-z-miekka-mata\/"]}]},{"@type":"ImageObject","inLanguage":"pl-PL","@id":"https:\/\/cozydots.com\/pl\/produkt\/wodoodporny-namiot-tipi-garden-forest-z-miekka-mata\/#primaryimage","url":"https:\/\/cozydots.com\/wp-content\/uploads\/2021\/11\/pp-1582.jpg","contentUrl":"https:\/\/cozydots.com\/wp-content\/uploads\/2021\/11\/pp-1582.jpg","width":1200,"height":1200},{"@type":"BreadcrumbList","@id":"https:\/\/cozydots.com\/pl\/produkt\/wodoodporny-namiot-tipi-garden-forest-z-miekka-mata\/#breadcrumb","itemListElement":[{"@type":"ListItem","position":1,"name":"Strona g\u0142\u00f3wna","item":"https:\/\/cozydots.com\/pl\/"},{"@type":"ListItem","position":2,"name":"Sklep","item":"https:\/\/cozydots.com\/pl\/sklep\/"},{"@type":"ListItem","position":3,"name":"Wodoodporny namiot tipi Garden Forest z mi\u0119kk\u0105 mat\u0105"}]},{"@type":"WebSite","@id":"https:\/\/cozydots.com\/pl\/#website","url":"https:\/\/cozydots.com\/pl\/","name":"Cozydots.com","description":"Producent namiot\u00f3w Tipi","publisher":{"@id":"https:\/\/cozydots.com\/pl\/#organization"},"potentialAction":[{"@type":"SearchAction","target":{"@type":"EntryPoint","urlTemplate":"https:\/\/cozydots.com\/pl\/?s={search_term_string}"},"query-input":{"@type":"PropertyValueSpecification","valueRequired":true,"valueName":"search_term_string"}}],"inLanguage":"pl-PL"},{"@type":"Organization","@id":"https:\/\/cozydots.com\/pl\/#organization","name":"Cozydots.com","url":"https:\/\/cozydots.com\/pl\/","logo":{"@type":"ImageObject","inLanguage":"pl-PL","@id":"https:\/\/cozydots.com\/pl\/#\/schema\/logo\/image\/","url":"https:\/\/cozydots.com\/wp-content\/uploads\/2021\/10\/cozyshop_logo.png","contentUrl":"https:\/\/cozydots.com\/wp-content\/uploads\/2021\/10\/cozyshop_logo.png","width":400,"height":121,"caption":"Cozydots.com"},"image":{"@id":"https:\/\/cozydots.com\/pl\/#\/schema\/logo\/image\/"}}]}},"_links":{"self":[{"href":"https:\/\/cozydots.com\/pl\/wp-json\/wp\/v2\/product\/50434","targetHints":{"allow":["GET"]}}],"collection":[{"href":"https:\/\/cozydots.com\/pl\/wp-json\/wp\/v2\/product"}],"about":[{"href":"https:\/\/cozydots.com\/pl\/wp-json\/wp\/v2\/types\/product"}],"replies":[{"embeddable":true,"href":"https:\/\/cozydots.com\/pl\/wp-json\/wp\/v2\/comments?post=50434"}],"wp:featuredmedia":[{"embeddable":true,"href":"https:\/\/cozydots.com\/pl\/wp-json\/wp\/v2\/media\/41578"}],"wp:attachment":[{"href":"https:\/\/cozydots.com\/pl\/wp-json\/wp\/v2\/media?parent=50434"}],"wp:term":[{"taxonomy":"product_brand","embeddable":true,"href":"https:\/\/cozydots.com\/pl\/wp-json\/wp\/v2\/product_brand?post=50434"},{"taxonomy":"product_cat","embeddable":true,"href":"https:\/\/cozydots.com\/pl\/wp-json\/wp\/v2\/product_cat?post=50434"},{"taxonomy":"product_tag","embeddable":true,"href":"https:\/\/cozydots.com\/pl\/wp-json\/wp\/v2\/product_tag?post=50434"}],"curies":[{"name":"wp","href":"https:\/\/api.w.org\/{rel}","templated":true}]}}