{"id":50446,"date":"2022-03-28T12:21:06","date_gmt":"2022-03-28T10:21:06","guid":{"rendered":"https:\/\/cozydots.com\/?post_type=product&#038;p=50446"},"modified":"2022-03-28T12:21:06","modified_gmt":"2022-03-28T10:21:06","slug":"poduszka-muszelka-velvetowa-poduszka-shell","status":"publish","type":"product","link":"https:\/\/cozydots.com\/pl\/produkt\/poduszka-muszelka-velvetowa-poduszka-shell\/","title":{"rendered":"Poduszka muszelka, velvetowa poduszka Shell"},"content":{"rendered":"<h3>Poduszka w kszta\u0142cie muszelki Shell velvet Light Pink<\/h3>\n<p>Bez czego nie wyobra\u017camy sobie morza? Oczywi\u015bcie bez pi\u0119knych i niepowtarzalnych muszelek.<\/p>\n<p>A najlepiej, gdy te muszle to mi\u0119kkie i przyjemne w dotyku poduszki!<\/p>\n<p>Shell Pillow to pi\u0119kny dodatek do ka\u017cdego pomieszczenia. Udekoruje zar\u00f3wno sypialni\u0119, salon, jak i pok\u00f3j dzieci\u0119cy.<\/p>\n<p>Ka\u017cdy znajdzie co\u015b dla siebie.<\/p>\n<p>Od poduszki Shell <b>nie da si\u0119 oderwa\u0107 r\u0105k<\/b>! Wykonana jest z bardzo mi\u0119kkiego velvetu. Materia\u0142 ten sprawia, \u017ce korzystanie z poduszki jest <b>niezwykle przyjemnym do\u015bwiadczeniem<\/b>. Twoje dziecko z pewno\u015bci\u0105 b\u0119dzie j\u0105 ch\u0119tnie przytula\u0107 i zabiera\u0107 ze sob\u0105 na wszystkie drzemki<\/p>\n<p>Do wyboru muszle w kilku r\u00f3\u017cnych kolorach: bia\u0142y, szary, ciemnor\u00f3\u017cowy, jasnor\u00f3\u017cowy, niebieski, granatowy, miodowy, \u017c\u00f3\u0142ty, zielony, ciemnozielony, turkusowy<\/p>\n<p><span class=\"Apple-converted-space\">\u00a0<\/span>Wymiary:<\/p>\n<p>&#8211; 48&#215;55 cm<\/p>\n<p>Kompozycja:<\/p>\n<p>&#8211; 100% aksamit (certyfikat , CE)<\/p>\n<p>&#8211; Wype\u0142nienie poduszki &#8211; kulka silikonowa, antyalergiczna.<\/p>\n<p><b>Pranie:<\/b><\/p>\n<ul>\n<li>Mo\u017cna pra\u0107 w pralce w temperaturze 40 stopni,<\/li>\n<li>wirowanie \u2013 800 obrot\u00f3w,<\/li>\n<li>nie pra\u0107 chemicznie, nie wybiela\u0107,<\/li>\n<li>Po praniu wstrz\u0105sn\u0105\u0107 w celu u\u0142o\u017cenia wsypu,<\/li>\n<li>suszy\u0107 na p\u0142askiej powierzchni.<\/li>\n<\/ul>\n<p>&nbsp;<\/p>\n","protected":false},"excerpt":{"rendered":"<p>Du\u017ca, velvetowa poduszka o wymiarach 48x55cm z mi\u0119kkim wype\u0142nieniem.<\/p>\n","protected":false},"featured_media":0,"comment_status":"open","ping_status":"closed","template":"","meta":[],"product_brand":[],"product_cat":[102],"product_tag":[],"class_list":{"0":"post-50446","1":"product","2":"type-product","3":"status-publish","5":"product_cat-poduszki-i-pufy","7":"first","8":"instock","9":"taxable","10":"shipping-taxable","11":"product-type-simple"},"yoast_head":"<!-- This site is optimized with the Yoast SEO plugin v27.0 - https:\/\/yoast.com\/product\/yoast-seo-wordpress\/ -->\n<title>Poduszka muszelka, velvetowa poduszka Shell - Cozydots.com<\/title>\n<meta name=\"robots\" content=\"index, follow, max-snippet:-1, max-image-preview:large, max-video-preview:-1\" \/>\n<link rel=\"canonical\" href=\"https:\/\/cozydots.com\/pl\/produkt\/poduszka-muszelka-velvetowa-poduszka-shell\/\" \/>\n<meta property=\"og:locale\" content=\"pl_PL\" \/>\n<meta property=\"og:type\" content=\"article\" \/>\n<meta property=\"og:title\" content=\"Poduszka muszelka, velvetowa poduszka Shell - Cozydots.com\" \/>\n<meta property=\"og:description\" content=\"Du\u017ca, velvetowa poduszka o wymiarach 48x55cm z mi\u0119kkim wype\u0142nieniem.\" \/>\n<meta property=\"og:url\" content=\"https:\/\/cozydots.com\/pl\/produkt\/poduszka-muszelka-velvetowa-poduszka-shell\/\" \/>\n<meta property=\"og:site_name\" content=\"Cozydots.com\" \/>\n<meta name=\"twitter:card\" content=\"summary_large_image\" \/>\n<meta name=\"twitter:label1\" content=\"Szacowany czas czytania\" \/>\n\t<meta name=\"twitter:data1\" content=\"1 minuta\" \/>\n<script type=\"application\/ld+json\" class=\"yoast-schema-graph\">{\"@context\":\"https:\/\/schema.org\",\"@graph\":[{\"@type\":\"WebPage\",\"@id\":\"https:\/\/cozydots.com\/pl\/produkt\/poduszka-muszelka-velvetowa-poduszka-shell\/\",\"url\":\"https:\/\/cozydots.com\/pl\/produkt\/poduszka-muszelka-velvetowa-poduszka-shell\/\",\"name\":\"Poduszka muszelka, velvetowa poduszka Shell - Cozydots.com\",\"isPartOf\":{\"@id\":\"https:\/\/cozydots.com\/pl\/#website\"},\"datePublished\":\"2022-03-28T10:21:06+00:00\",\"breadcrumb\":{\"@id\":\"https:\/\/cozydots.com\/pl\/produkt\/poduszka-muszelka-velvetowa-poduszka-shell\/#breadcrumb\"},\"inLanguage\":\"pl-PL\",\"potentialAction\":[{\"@type\":\"ReadAction\",\"target\":[\"https:\/\/cozydots.com\/pl\/produkt\/poduszka-muszelka-velvetowa-poduszka-shell\/\"]}]},{\"@type\":\"BreadcrumbList\",\"@id\":\"https:\/\/cozydots.com\/pl\/produkt\/poduszka-muszelka-velvetowa-poduszka-shell\/#breadcrumb\",\"itemListElement\":[{\"@type\":\"ListItem\",\"position\":1,\"name\":\"Strona g\u0142\u00f3wna\",\"item\":\"https:\/\/cozydots.com\/pl\/\"},{\"@type\":\"ListItem\",\"position\":2,\"name\":\"Sklep\",\"item\":\"https:\/\/cozydots.com\/pl\/sklep\/\"},{\"@type\":\"ListItem\",\"position\":3,\"name\":\"Poduszka muszelka, velvetowa poduszka Shell\"}]},{\"@type\":\"WebSite\",\"@id\":\"https:\/\/cozydots.com\/pl\/#website\",\"url\":\"https:\/\/cozydots.com\/pl\/\",\"name\":\"Cozydots.com\",\"description\":\"Producent namiot\u00f3w Tipi\",\"publisher\":{\"@id\":\"https:\/\/cozydots.com\/pl\/#organization\"},\"potentialAction\":[{\"@type\":\"SearchAction\",\"target\":{\"@type\":\"EntryPoint\",\"urlTemplate\":\"https:\/\/cozydots.com\/pl\/?s={search_term_string}\"},\"query-input\":{\"@type\":\"PropertyValueSpecification\",\"valueRequired\":true,\"valueName\":\"search_term_string\"}}],\"inLanguage\":\"pl-PL\"},{\"@type\":\"Organization\",\"@id\":\"https:\/\/cozydots.com\/pl\/#organization\",\"name\":\"Cozydots.com\",\"url\":\"https:\/\/cozydots.com\/pl\/\",\"logo\":{\"@type\":\"ImageObject\",\"inLanguage\":\"pl-PL\",\"@id\":\"https:\/\/cozydots.com\/pl\/#\/schema\/logo\/image\/\",\"url\":\"https:\/\/cozydots.com\/wp-content\/uploads\/2021\/10\/cozyshop_logo.png\",\"contentUrl\":\"https:\/\/cozydots.com\/wp-content\/uploads\/2021\/10\/cozyshop_logo.png\",\"width\":400,\"height\":121,\"caption\":\"Cozydots.com\"},\"image\":{\"@id\":\"https:\/\/cozydots.com\/pl\/#\/schema\/logo\/image\/\"}}]}<\/script>\n<!-- \/ Yoast SEO plugin. -->","yoast_head_json":{"title":"Poduszka muszelka, velvetowa poduszka Shell - Cozydots.com","robots":{"index":"index","follow":"follow","max-snippet":"max-snippet:-1","max-image-preview":"max-image-preview:large","max-video-preview":"max-video-preview:-1"},"canonical":"https:\/\/cozydots.com\/pl\/produkt\/poduszka-muszelka-velvetowa-poduszka-shell\/","og_locale":"pl_PL","og_type":"article","og_title":"Poduszka muszelka, velvetowa poduszka Shell - Cozydots.com","og_description":"Du\u017ca, velvetowa poduszka o wymiarach 48x55cm z mi\u0119kkim wype\u0142nieniem.","og_url":"https:\/\/cozydots.com\/pl\/produkt\/poduszka-muszelka-velvetowa-poduszka-shell\/","og_site_name":"Cozydots.com","twitter_card":"summary_large_image","twitter_misc":{"Szacowany czas czytania":"1 minuta"},"schema":{"@context":"https:\/\/schema.org","@graph":[{"@type":"WebPage","@id":"https:\/\/cozydots.com\/pl\/produkt\/poduszka-muszelka-velvetowa-poduszka-shell\/","url":"https:\/\/cozydots.com\/pl\/produkt\/poduszka-muszelka-velvetowa-poduszka-shell\/","name":"Poduszka muszelka, velvetowa poduszka Shell - Cozydots.com","isPartOf":{"@id":"https:\/\/cozydots.com\/pl\/#website"},"datePublished":"2022-03-28T10:21:06+00:00","breadcrumb":{"@id":"https:\/\/cozydots.com\/pl\/produkt\/poduszka-muszelka-velvetowa-poduszka-shell\/#breadcrumb"},"inLanguage":"pl-PL","potentialAction":[{"@type":"ReadAction","target":["https:\/\/cozydots.com\/pl\/produkt\/poduszka-muszelka-velvetowa-poduszka-shell\/"]}]},{"@type":"BreadcrumbList","@id":"https:\/\/cozydots.com\/pl\/produkt\/poduszka-muszelka-velvetowa-poduszka-shell\/#breadcrumb","itemListElement":[{"@type":"ListItem","position":1,"name":"Strona g\u0142\u00f3wna","item":"https:\/\/cozydots.com\/pl\/"},{"@type":"ListItem","position":2,"name":"Sklep","item":"https:\/\/cozydots.com\/pl\/sklep\/"},{"@type":"ListItem","position":3,"name":"Poduszka muszelka, velvetowa poduszka Shell"}]},{"@type":"WebSite","@id":"https:\/\/cozydots.com\/pl\/#website","url":"https:\/\/cozydots.com\/pl\/","name":"Cozydots.com","description":"Producent namiot\u00f3w Tipi","publisher":{"@id":"https:\/\/cozydots.com\/pl\/#organization"},"potentialAction":[{"@type":"SearchAction","target":{"@type":"EntryPoint","urlTemplate":"https:\/\/cozydots.com\/pl\/?s={search_term_string}"},"query-input":{"@type":"PropertyValueSpecification","valueRequired":true,"valueName":"search_term_string"}}],"inLanguage":"pl-PL"},{"@type":"Organization","@id":"https:\/\/cozydots.com\/pl\/#organization","name":"Cozydots.com","url":"https:\/\/cozydots.com\/pl\/","logo":{"@type":"ImageObject","inLanguage":"pl-PL","@id":"https:\/\/cozydots.com\/pl\/#\/schema\/logo\/image\/","url":"https:\/\/cozydots.com\/wp-content\/uploads\/2021\/10\/cozyshop_logo.png","contentUrl":"https:\/\/cozydots.com\/wp-content\/uploads\/2021\/10\/cozyshop_logo.png","width":400,"height":121,"caption":"Cozydots.com"},"image":{"@id":"https:\/\/cozydots.com\/pl\/#\/schema\/logo\/image\/"}}]}},"_links":{"self":[{"href":"https:\/\/cozydots.com\/pl\/wp-json\/wp\/v2\/product\/50446","targetHints":{"allow":["GET"]}}],"collection":[{"href":"https:\/\/cozydots.com\/pl\/wp-json\/wp\/v2\/product"}],"about":[{"href":"https:\/\/cozydots.com\/pl\/wp-json\/wp\/v2\/types\/product"}],"replies":[{"embeddable":true,"href":"https:\/\/cozydots.com\/pl\/wp-json\/wp\/v2\/comments?post=50446"}],"wp:attachment":[{"href":"https:\/\/cozydots.com\/pl\/wp-json\/wp\/v2\/media?parent=50446"}],"wp:term":[{"taxonomy":"product_brand","embeddable":true,"href":"https:\/\/cozydots.com\/pl\/wp-json\/wp\/v2\/product_brand?post=50446"},{"taxonomy":"product_cat","embeddable":true,"href":"https:\/\/cozydots.com\/pl\/wp-json\/wp\/v2\/product_cat?post=50446"},{"taxonomy":"product_tag","embeddable":true,"href":"https:\/\/cozydots.com\/pl\/wp-json\/wp\/v2\/product_tag?post=50446"}],"curies":[{"name":"wp","href":"https:\/\/api.w.org\/{rel}","templated":true}]}}