{"id":51561,"date":"2022-05-30T10:14:55","date_gmt":"2022-05-30T08:14:55","guid":{"rendered":"https:\/\/cozydots.com\/?post_type=product&#038;p=51561"},"modified":"2022-06-29T17:50:40","modified_gmt":"2022-06-29T15:50:40","slug":"pufa-dla-dzieci-honey-velvet-patchworkowe-siedzisko","status":"publish","type":"product","link":"https:\/\/cozydots.com\/pl\/produkt\/pufa-dla-dzieci-honey-velvet-patchworkowe-siedzisko\/","title":{"rendered":"Pufa dla dzieci Honey Velvet patchworkowe siedzisko"},"content":{"rendered":"<h3><b>Patchworkowa poduszka pod\u0142ogowa Honey Velvet<\/b><\/h3>\n<p><strong>Dekoracyjna pufka dla dziecka<\/strong> Honey, to du\u017ce, <strong>przytulne siedzisko<\/strong> idealne do codziennych zabaw i odpoczynku.<\/p>\n<p>Pufa posiada wype\u0142nienie z antyalergicznej pianki.<\/p>\n<p><strong>Pod\u0142ogowa poduszka<\/strong> Honey posiada zamek, dzi\u0119ki czemu u\u0142atwia pranie.<\/p>\n<p><strong>Kolorowy puf<\/strong> to pi\u0119kna dekoracja pokoju dziecka i ulubione miejsce do zabawy.<\/p>\n<p><strong>Poduszka na pod\u0142og\u0119<\/strong> Honey, to idealna <strong>pufa do pokoju m\u0142odzie\u017cowego.<\/strong><\/p>\n<p><strong>HONEY VELVET &#8211; poduszka patchworkowa w kolorach: miodowy, szary, sza\u0142wiowy.<\/strong><\/p>\n<p>Specyfikacja:<\/p>\n<ul>\n<li>Wymiary: ok. 70\u00d710 cm (+\/- 2.5cm)<\/li>\n<li>Wype\u0142nienie antyalergiczna pianka i kulka<\/li>\n<\/ul>\n<p>Tkanina: Velvet welur \u2013 CE<\/p>\n<p>W kolekcji Velvet znajdziesz inne kolory i rozmiary <strong>puf, oraz namioty tipi, girlandy, dywaniki i poduszki.<\/strong><\/p>\n<p>Spos\u00f3b piel\u0119gnacji:<\/p>\n<ul>\n<li>Nie prasowa\u0107<\/li>\n<li>Mo\u017cna pra\u0107 w pralce w temperaturze 40 stopni, wirowanie \u2013 800 obrot\u00f3w<\/li>\n<li>Nie pra\u0107 chemicznie<\/li>\n<li>Nie wybiela\u0107<\/li>\n<\/ul>\n<p>Zaprojektowane i uszyte w Polsce przez Cozy&amp;Dozy<\/p>\n","protected":false},"excerpt":{"rendered":"<p>Velvetowa pufa dla dziecka &#8211; patchworkowe siedzisko. Okr\u0105g\u0142a poducha na pod\u0142og\u0119 o wymiarach\u00a070x70x10cm.<\/p>\n","protected":false},"featured_media":51613,"comment_status":"open","ping_status":"closed","template":"","meta":[],"product_brand":[],"product_cat":[102],"product_tag":[],"class_list":{"0":"post-51561","1":"product","2":"type-product","3":"status-publish","4":"has-post-thumbnail","6":"product_cat-poduszki-i-pufy","8":"first","9":"instock","10":"taxable","11":"shipping-taxable","12":"product-type-simple"},"yoast_head":"<!-- This site is optimized with the Yoast SEO plugin v27.0 - https:\/\/yoast.com\/product\/yoast-seo-wordpress\/ -->\n<title>Pufa dla dzieci Honey Velvet patchworkowe siedzisko - Cozydots.com<\/title>\n<meta name=\"description\" content=\"Velvetowa pufa dla dziecka - patchworkowe siedzisko. Okr\u0105g\u0142a poducha na pod\u0142og\u0119 o wymiarach\u00a070x70x10cm.\" \/>\n<meta name=\"robots\" content=\"index, follow, max-snippet:-1, max-image-preview:large, max-video-preview:-1\" \/>\n<link rel=\"canonical\" href=\"https:\/\/cozydots.com\/pl\/produkt\/pufa-dla-dzieci-honey-velvet-patchworkowe-siedzisko\/\" \/>\n<meta property=\"og:locale\" content=\"pl_PL\" \/>\n<meta property=\"og:type\" content=\"article\" \/>\n<meta property=\"og:title\" content=\"Pufa dla dzieci Honey Velvet patchworkowe siedzisko - Cozydots.com\" \/>\n<meta property=\"og:description\" content=\"Velvetowa pufa dla dziecka - patchworkowe siedzisko. Okr\u0105g\u0142a poducha na pod\u0142og\u0119 o wymiarach\u00a070x70x10cm.\" \/>\n<meta property=\"og:url\" content=\"https:\/\/cozydots.com\/pl\/produkt\/pufa-dla-dzieci-honey-velvet-patchworkowe-siedzisko\/\" \/>\n<meta property=\"og:site_name\" content=\"Cozydots.com\" \/>\n<meta property=\"article:modified_time\" content=\"2022-06-29T15:50:40+00:00\" \/>\n<meta property=\"og:image\" content=\"https:\/\/cozydots.com\/wp-content\/uploads\/2022\/05\/honey-pouf-patchwork.jpg\" \/>\n\t<meta property=\"og:image:width\" content=\"1200\" \/>\n\t<meta property=\"og:image:height\" content=\"1200\" \/>\n\t<meta property=\"og:image:type\" content=\"image\/jpeg\" \/>\n<meta name=\"twitter:card\" content=\"summary_large_image\" \/>\n<meta name=\"twitter:label1\" content=\"Szacowany czas czytania\" \/>\n\t<meta name=\"twitter:data1\" content=\"1 minuta\" \/>\n<script type=\"application\/ld+json\" class=\"yoast-schema-graph\">{\"@context\":\"https:\/\/schema.org\",\"@graph\":[{\"@type\":\"WebPage\",\"@id\":\"https:\/\/cozydots.com\/pl\/produkt\/pufa-dla-dzieci-honey-velvet-patchworkowe-siedzisko\/\",\"url\":\"https:\/\/cozydots.com\/pl\/produkt\/pufa-dla-dzieci-honey-velvet-patchworkowe-siedzisko\/\",\"name\":\"Pufa dla dzieci Honey Velvet patchworkowe siedzisko - Cozydots.com\",\"isPartOf\":{\"@id\":\"https:\/\/cozydots.com\/pl\/#website\"},\"primaryImageOfPage\":{\"@id\":\"https:\/\/cozydots.com\/pl\/produkt\/pufa-dla-dzieci-honey-velvet-patchworkowe-siedzisko\/#primaryimage\"},\"image\":{\"@id\":\"https:\/\/cozydots.com\/pl\/produkt\/pufa-dla-dzieci-honey-velvet-patchworkowe-siedzisko\/#primaryimage\"},\"thumbnailUrl\":\"https:\/\/cozydots.com\/wp-content\/uploads\/2022\/05\/honey-pouf-patchwork.jpg\",\"datePublished\":\"2022-05-30T08:14:55+00:00\",\"dateModified\":\"2022-06-29T15:50:40+00:00\",\"description\":\"Velvetowa pufa dla dziecka - patchworkowe siedzisko. Okr\u0105g\u0142a poducha na pod\u0142og\u0119 o wymiarach\u00a070x70x10cm.\",\"breadcrumb\":{\"@id\":\"https:\/\/cozydots.com\/pl\/produkt\/pufa-dla-dzieci-honey-velvet-patchworkowe-siedzisko\/#breadcrumb\"},\"inLanguage\":\"pl-PL\",\"potentialAction\":[{\"@type\":\"ReadAction\",\"target\":[\"https:\/\/cozydots.com\/pl\/produkt\/pufa-dla-dzieci-honey-velvet-patchworkowe-siedzisko\/\"]}]},{\"@type\":\"ImageObject\",\"inLanguage\":\"pl-PL\",\"@id\":\"https:\/\/cozydots.com\/pl\/produkt\/pufa-dla-dzieci-honey-velvet-patchworkowe-siedzisko\/#primaryimage\",\"url\":\"https:\/\/cozydots.com\/wp-content\/uploads\/2022\/05\/honey-pouf-patchwork.jpg\",\"contentUrl\":\"https:\/\/cozydots.com\/wp-content\/uploads\/2022\/05\/honey-pouf-patchwork.jpg\",\"width\":1200,\"height\":1200},{\"@type\":\"BreadcrumbList\",\"@id\":\"https:\/\/cozydots.com\/pl\/produkt\/pufa-dla-dzieci-honey-velvet-patchworkowe-siedzisko\/#breadcrumb\",\"itemListElement\":[{\"@type\":\"ListItem\",\"position\":1,\"name\":\"Strona g\u0142\u00f3wna\",\"item\":\"https:\/\/cozydots.com\/pl\/\"},{\"@type\":\"ListItem\",\"position\":2,\"name\":\"Sklep\",\"item\":\"https:\/\/cozydots.com\/pl\/sklep\/\"},{\"@type\":\"ListItem\",\"position\":3,\"name\":\"Pufa dla dzieci Honey Velvet patchworkowe siedzisko\"}]},{\"@type\":\"WebSite\",\"@id\":\"https:\/\/cozydots.com\/pl\/#website\",\"url\":\"https:\/\/cozydots.com\/pl\/\",\"name\":\"Cozydots.com\",\"description\":\"Producent namiot\u00f3w Tipi\",\"publisher\":{\"@id\":\"https:\/\/cozydots.com\/pl\/#organization\"},\"potentialAction\":[{\"@type\":\"SearchAction\",\"target\":{\"@type\":\"EntryPoint\",\"urlTemplate\":\"https:\/\/cozydots.com\/pl\/?s={search_term_string}\"},\"query-input\":{\"@type\":\"PropertyValueSpecification\",\"valueRequired\":true,\"valueName\":\"search_term_string\"}}],\"inLanguage\":\"pl-PL\"},{\"@type\":\"Organization\",\"@id\":\"https:\/\/cozydots.com\/pl\/#organization\",\"name\":\"Cozydots.com\",\"url\":\"https:\/\/cozydots.com\/pl\/\",\"logo\":{\"@type\":\"ImageObject\",\"inLanguage\":\"pl-PL\",\"@id\":\"https:\/\/cozydots.com\/pl\/#\/schema\/logo\/image\/\",\"url\":\"https:\/\/cozydots.com\/wp-content\/uploads\/2021\/10\/cozyshop_logo.png\",\"contentUrl\":\"https:\/\/cozydots.com\/wp-content\/uploads\/2021\/10\/cozyshop_logo.png\",\"width\":400,\"height\":121,\"caption\":\"Cozydots.com\"},\"image\":{\"@id\":\"https:\/\/cozydots.com\/pl\/#\/schema\/logo\/image\/\"}}]}<\/script>\n<!-- \/ Yoast SEO plugin. -->","yoast_head_json":{"title":"Pufa dla dzieci Honey Velvet patchworkowe siedzisko - Cozydots.com","description":"Velvetowa pufa dla dziecka - patchworkowe siedzisko. Okr\u0105g\u0142a poducha na pod\u0142og\u0119 o wymiarach\u00a070x70x10cm.","robots":{"index":"index","follow":"follow","max-snippet":"max-snippet:-1","max-image-preview":"max-image-preview:large","max-video-preview":"max-video-preview:-1"},"canonical":"https:\/\/cozydots.com\/pl\/produkt\/pufa-dla-dzieci-honey-velvet-patchworkowe-siedzisko\/","og_locale":"pl_PL","og_type":"article","og_title":"Pufa dla dzieci Honey Velvet patchworkowe siedzisko - Cozydots.com","og_description":"Velvetowa pufa dla dziecka - patchworkowe siedzisko. Okr\u0105g\u0142a poducha na pod\u0142og\u0119 o wymiarach\u00a070x70x10cm.","og_url":"https:\/\/cozydots.com\/pl\/produkt\/pufa-dla-dzieci-honey-velvet-patchworkowe-siedzisko\/","og_site_name":"Cozydots.com","article_modified_time":"2022-06-29T15:50:40+00:00","og_image":[{"width":1200,"height":1200,"url":"https:\/\/cozydots.com\/wp-content\/uploads\/2022\/05\/honey-pouf-patchwork.jpg","type":"image\/jpeg"}],"twitter_card":"summary_large_image","twitter_misc":{"Szacowany czas czytania":"1 minuta"},"schema":{"@context":"https:\/\/schema.org","@graph":[{"@type":"WebPage","@id":"https:\/\/cozydots.com\/pl\/produkt\/pufa-dla-dzieci-honey-velvet-patchworkowe-siedzisko\/","url":"https:\/\/cozydots.com\/pl\/produkt\/pufa-dla-dzieci-honey-velvet-patchworkowe-siedzisko\/","name":"Pufa dla dzieci Honey Velvet patchworkowe siedzisko - Cozydots.com","isPartOf":{"@id":"https:\/\/cozydots.com\/pl\/#website"},"primaryImageOfPage":{"@id":"https:\/\/cozydots.com\/pl\/produkt\/pufa-dla-dzieci-honey-velvet-patchworkowe-siedzisko\/#primaryimage"},"image":{"@id":"https:\/\/cozydots.com\/pl\/produkt\/pufa-dla-dzieci-honey-velvet-patchworkowe-siedzisko\/#primaryimage"},"thumbnailUrl":"https:\/\/cozydots.com\/wp-content\/uploads\/2022\/05\/honey-pouf-patchwork.jpg","datePublished":"2022-05-30T08:14:55+00:00","dateModified":"2022-06-29T15:50:40+00:00","description":"Velvetowa pufa dla dziecka - patchworkowe siedzisko. Okr\u0105g\u0142a poducha na pod\u0142og\u0119 o wymiarach\u00a070x70x10cm.","breadcrumb":{"@id":"https:\/\/cozydots.com\/pl\/produkt\/pufa-dla-dzieci-honey-velvet-patchworkowe-siedzisko\/#breadcrumb"},"inLanguage":"pl-PL","potentialAction":[{"@type":"ReadAction","target":["https:\/\/cozydots.com\/pl\/produkt\/pufa-dla-dzieci-honey-velvet-patchworkowe-siedzisko\/"]}]},{"@type":"ImageObject","inLanguage":"pl-PL","@id":"https:\/\/cozydots.com\/pl\/produkt\/pufa-dla-dzieci-honey-velvet-patchworkowe-siedzisko\/#primaryimage","url":"https:\/\/cozydots.com\/wp-content\/uploads\/2022\/05\/honey-pouf-patchwork.jpg","contentUrl":"https:\/\/cozydots.com\/wp-content\/uploads\/2022\/05\/honey-pouf-patchwork.jpg","width":1200,"height":1200},{"@type":"BreadcrumbList","@id":"https:\/\/cozydots.com\/pl\/produkt\/pufa-dla-dzieci-honey-velvet-patchworkowe-siedzisko\/#breadcrumb","itemListElement":[{"@type":"ListItem","position":1,"name":"Strona g\u0142\u00f3wna","item":"https:\/\/cozydots.com\/pl\/"},{"@type":"ListItem","position":2,"name":"Sklep","item":"https:\/\/cozydots.com\/pl\/sklep\/"},{"@type":"ListItem","position":3,"name":"Pufa dla dzieci Honey Velvet patchworkowe siedzisko"}]},{"@type":"WebSite","@id":"https:\/\/cozydots.com\/pl\/#website","url":"https:\/\/cozydots.com\/pl\/","name":"Cozydots.com","description":"Producent namiot\u00f3w Tipi","publisher":{"@id":"https:\/\/cozydots.com\/pl\/#organization"},"potentialAction":[{"@type":"SearchAction","target":{"@type":"EntryPoint","urlTemplate":"https:\/\/cozydots.com\/pl\/?s={search_term_string}"},"query-input":{"@type":"PropertyValueSpecification","valueRequired":true,"valueName":"search_term_string"}}],"inLanguage":"pl-PL"},{"@type":"Organization","@id":"https:\/\/cozydots.com\/pl\/#organization","name":"Cozydots.com","url":"https:\/\/cozydots.com\/pl\/","logo":{"@type":"ImageObject","inLanguage":"pl-PL","@id":"https:\/\/cozydots.com\/pl\/#\/schema\/logo\/image\/","url":"https:\/\/cozydots.com\/wp-content\/uploads\/2021\/10\/cozyshop_logo.png","contentUrl":"https:\/\/cozydots.com\/wp-content\/uploads\/2021\/10\/cozyshop_logo.png","width":400,"height":121,"caption":"Cozydots.com"},"image":{"@id":"https:\/\/cozydots.com\/pl\/#\/schema\/logo\/image\/"}}]}},"_links":{"self":[{"href":"https:\/\/cozydots.com\/pl\/wp-json\/wp\/v2\/product\/51561","targetHints":{"allow":["GET"]}}],"collection":[{"href":"https:\/\/cozydots.com\/pl\/wp-json\/wp\/v2\/product"}],"about":[{"href":"https:\/\/cozydots.com\/pl\/wp-json\/wp\/v2\/types\/product"}],"replies":[{"embeddable":true,"href":"https:\/\/cozydots.com\/pl\/wp-json\/wp\/v2\/comments?post=51561"}],"wp:featuredmedia":[{"embeddable":true,"href":"https:\/\/cozydots.com\/pl\/wp-json\/wp\/v2\/media\/51613"}],"wp:attachment":[{"href":"https:\/\/cozydots.com\/pl\/wp-json\/wp\/v2\/media?parent=51561"}],"wp:term":[{"taxonomy":"product_brand","embeddable":true,"href":"https:\/\/cozydots.com\/pl\/wp-json\/wp\/v2\/product_brand?post=51561"},{"taxonomy":"product_cat","embeddable":true,"href":"https:\/\/cozydots.com\/pl\/wp-json\/wp\/v2\/product_cat?post=51561"},{"taxonomy":"product_tag","embeddable":true,"href":"https:\/\/cozydots.com\/pl\/wp-json\/wp\/v2\/product_tag?post=51561"}],"curies":[{"name":"wp","href":"https:\/\/api.w.org\/{rel}","templated":true}]}}