{"id":52773,"date":"2022-08-04T14:29:33","date_gmt":"2022-08-04T12:29:33","guid":{"rendered":"https:\/\/cozydots.com\/?post_type=product&#038;p=52773"},"modified":"2026-01-01T17:58:30","modified_gmt":"2026-01-01T16:58:30","slug":"namiot-tipi-pink-velvet-rozowe-tipi-z-mata-i-poduszkami","status":"publish","type":"product","link":"https:\/\/cozydots.com\/pl\/produkt\/namiot-tipi-pink-velvet-rozowe-tipi-z-mata-i-poduszkami\/","title":{"rendered":"Namiot tipi Pink Velvet, r\u00f3\u017cowe tipi z mat\u0105 i poduszkami"},"content":{"rendered":"<p><img loading=\"lazy\" decoding=\"async\" class=\"alignright wp-image-52723\" src=\"https:\/\/cozydots.com\/wp-content\/uploads\/2022\/02\/tipi-pink-set-aranzacja.jpg\" alt=\"\" width=\"540\" height=\"540\" srcset=\"https:\/\/cozydots.com\/wp-content\/uploads\/2022\/02\/tipi-pink-set-aranzacja.jpg 1200w, https:\/\/cozydots.com\/wp-content\/uploads\/2022\/02\/tipi-pink-set-aranzacja-400x400.jpg 400w, https:\/\/cozydots.com\/wp-content\/uploads\/2022\/02\/tipi-pink-set-aranzacja-150x150.jpg 150w, https:\/\/cozydots.com\/wp-content\/uploads\/2022\/02\/tipi-pink-set-aranzacja-768x768.jpg 768w, https:\/\/cozydots.com\/wp-content\/uploads\/2022\/02\/tipi-pink-set-aranzacja-470x470.jpg 470w, https:\/\/cozydots.com\/wp-content\/uploads\/2022\/02\/tipi-pink-set-aranzacja-800x800.jpg 800w, https:\/\/cozydots.com\/wp-content\/uploads\/2022\/02\/tipi-pink-set-aranzacja-100x100.jpg 100w\" sizes=\"auto, (max-width: 540px) 100vw, 540px\" \/><br \/>\n<b>Namiot do zabawy z serii Pink Velvet, to r\u00f3\u017cowe tipi z szarymi pomponikami. Namiot tipi wykonany jest z mocnego p\u0142\u00f3tna i ozdobiony r\u00f3\u017cow\u0105 tkanin\u0105 velvet.<\/b><\/p>\n<p>Namiot to \u015bwietne miejsce do zabawy w domu, na tarasie lub w ogrodzie.<\/p>\n<p><b>Tipi do zabawy posiada okienko z odwijan\u0105 roletk\u0105 i dwie kieszonki na zabawki.<\/b><\/p>\n<p><b>Namioty z serii Velvet, to \u015bwietne miejsce do zabawy i przytulny k\u0105cik do odpoczynku.<\/b><\/p>\n<p>Wigwam zosta\u0142 zaprojektowany tak, aby na d\u0142ugo cieszy\u0107 oko i zapewni\u0107 bezpieczn\u0105 zabaw\u0119.<\/p>\n<p><b>Tipi posiada 4 boki \u00a0\u2013 powierzchnia do zabawy ok. 1m2, wysoko\u015b\u0107 po roz\u0142o\u017ceniu ok. 150 cm.<\/b><\/p>\n<p><b>Do ka\u017cdego namiotu dostajesz w zestawie sk\u0142adane sosnowe kije oraz stabilizator, kt\u00f3ry trzyma sztywno kije by zapewni\u0107 stabilno\u015b\u0107 namiotu.<\/b><\/p>\n<p>Wszystkie produkty COZY&amp;DOZY zosta\u0142y zaprojektowane i wykonane w Polsce oraz posiadaj\u0105 deklaracje CE dla produkt\u00f3w dzieci\u0119cych.<\/p>\n<p>W sk\u0142ad zestawu wchodzi:<\/p>\n<ul>\n<li>namiot tipi<\/li>\n<li>mi\u0119kka mata<\/li>\n<li>dwie poduszki gwiazdki<\/li>\n<li>4 sk\u0142adane kije sosnowe (8 po\u0142\u00f3wek) + elementy do \u0142\u0105czenia kij\u00f3w (8 wkr\u0119t\u00f3w i 4 \u015bruby)<\/li>\n<li>instrukcja<\/li>\n<li>stabilizator + sznurek<\/li>\n<\/ul>\n","protected":false},"excerpt":{"rendered":"<p>R\u00f3\u017cowy namiot tipi z serii Velvet z mat\u0105 i dwiema poduszkami. Stabilne i du\u017ce tipi do zabawy.<\/p>\n","protected":false},"featured_media":52723,"comment_status":"open","ping_status":"closed","template":"","meta":[],"product_brand":[],"product_cat":[24],"product_tag":[],"class_list":{"0":"post-52773","1":"product","2":"type-product","3":"status-publish","4":"has-post-thumbnail","6":"product_cat-namioty-tipi","8":"first","9":"instock","10":"sale","11":"taxable","12":"shipping-taxable","13":"product-type-simple"},"yoast_head":"<!-- This site is optimized with the Yoast SEO plugin v27.0 - https:\/\/yoast.com\/product\/yoast-seo-wordpress\/ -->\n<title>Namiot tipi Pink Velvet, r\u00f3\u017cowe tipi z mat\u0105 i poduszkami - Cozydots.com<\/title>\n<meta name=\"description\" content=\"R\u00f3\u017cowy namiot tipi z serii Velvet z mat\u0105 i dwiema poduszkami. Stabilne i du\u017ce tipi do zabawy.\" \/>\n<meta name=\"robots\" content=\"index, follow, max-snippet:-1, max-image-preview:large, max-video-preview:-1\" \/>\n<link rel=\"canonical\" href=\"https:\/\/cozydots.com\/pl\/produkt\/namiot-tipi-pink-velvet-rozowe-tipi-z-mata-i-poduszkami\/\" \/>\n<meta property=\"og:locale\" content=\"pl_PL\" \/>\n<meta property=\"og:type\" content=\"article\" \/>\n<meta property=\"og:title\" content=\"Namiot tipi Pink Velvet, r\u00f3\u017cowe tipi z mat\u0105 i poduszkami - Cozydots.com\" \/>\n<meta property=\"og:description\" content=\"R\u00f3\u017cowy namiot tipi z serii Velvet z mat\u0105 i dwiema poduszkami. Stabilne i du\u017ce tipi do zabawy.\" \/>\n<meta property=\"og:url\" content=\"https:\/\/cozydots.com\/pl\/produkt\/namiot-tipi-pink-velvet-rozowe-tipi-z-mata-i-poduszkami\/\" \/>\n<meta property=\"og:site_name\" content=\"Cozydots.com\" \/>\n<meta property=\"article:modified_time\" content=\"2026-01-01T16:58:30+00:00\" \/>\n<meta property=\"og:image\" content=\"https:\/\/cozydots.com\/wp-content\/uploads\/2022\/02\/tipi-pink-set-aranzacja.jpg\" \/>\n\t<meta property=\"og:image:width\" content=\"1200\" \/>\n\t<meta property=\"og:image:height\" content=\"1200\" \/>\n\t<meta property=\"og:image:type\" content=\"image\/jpeg\" \/>\n<meta name=\"twitter:card\" content=\"summary_large_image\" \/>\n<meta name=\"twitter:label1\" content=\"Szacowany czas czytania\" \/>\n\t<meta name=\"twitter:data1\" content=\"2 minuty\" \/>\n<script type=\"application\/ld+json\" class=\"yoast-schema-graph\">{\"@context\":\"https:\/\/schema.org\",\"@graph\":[{\"@type\":\"WebPage\",\"@id\":\"https:\/\/cozydots.com\/pl\/produkt\/namiot-tipi-pink-velvet-rozowe-tipi-z-mata-i-poduszkami\/\",\"url\":\"https:\/\/cozydots.com\/pl\/produkt\/namiot-tipi-pink-velvet-rozowe-tipi-z-mata-i-poduszkami\/\",\"name\":\"Namiot tipi Pink Velvet, r\u00f3\u017cowe tipi z mat\u0105 i poduszkami - Cozydots.com\",\"isPartOf\":{\"@id\":\"https:\/\/cozydots.com\/pl\/#website\"},\"primaryImageOfPage\":{\"@id\":\"https:\/\/cozydots.com\/pl\/produkt\/namiot-tipi-pink-velvet-rozowe-tipi-z-mata-i-poduszkami\/#primaryimage\"},\"image\":{\"@id\":\"https:\/\/cozydots.com\/pl\/produkt\/namiot-tipi-pink-velvet-rozowe-tipi-z-mata-i-poduszkami\/#primaryimage\"},\"thumbnailUrl\":\"https:\/\/cozydots.com\/wp-content\/uploads\/2022\/02\/tipi-pink-set-aranzacja.jpg\",\"datePublished\":\"2022-08-04T12:29:33+00:00\",\"dateModified\":\"2026-01-01T16:58:30+00:00\",\"description\":\"R\u00f3\u017cowy namiot tipi z serii Velvet z mat\u0105 i dwiema poduszkami. Stabilne i du\u017ce tipi do zabawy.\",\"breadcrumb\":{\"@id\":\"https:\/\/cozydots.com\/pl\/produkt\/namiot-tipi-pink-velvet-rozowe-tipi-z-mata-i-poduszkami\/#breadcrumb\"},\"inLanguage\":\"pl-PL\",\"potentialAction\":[{\"@type\":\"ReadAction\",\"target\":[\"https:\/\/cozydots.com\/pl\/produkt\/namiot-tipi-pink-velvet-rozowe-tipi-z-mata-i-poduszkami\/\"]}]},{\"@type\":\"ImageObject\",\"inLanguage\":\"pl-PL\",\"@id\":\"https:\/\/cozydots.com\/pl\/produkt\/namiot-tipi-pink-velvet-rozowe-tipi-z-mata-i-poduszkami\/#primaryimage\",\"url\":\"https:\/\/cozydots.com\/wp-content\/uploads\/2022\/02\/tipi-pink-set-aranzacja.jpg\",\"contentUrl\":\"https:\/\/cozydots.com\/wp-content\/uploads\/2022\/02\/tipi-pink-set-aranzacja.jpg\",\"width\":1200,\"height\":1200},{\"@type\":\"BreadcrumbList\",\"@id\":\"https:\/\/cozydots.com\/pl\/produkt\/namiot-tipi-pink-velvet-rozowe-tipi-z-mata-i-poduszkami\/#breadcrumb\",\"itemListElement\":[{\"@type\":\"ListItem\",\"position\":1,\"name\":\"Strona g\u0142\u00f3wna\",\"item\":\"https:\/\/cozydots.com\/pl\/\"},{\"@type\":\"ListItem\",\"position\":2,\"name\":\"Sklep\",\"item\":\"https:\/\/cozydots.com\/pl\/sklep\/\"},{\"@type\":\"ListItem\",\"position\":3,\"name\":\"Namiot tipi Pink Velvet, r\u00f3\u017cowe tipi z mat\u0105 i poduszkami\"}]},{\"@type\":\"WebSite\",\"@id\":\"https:\/\/cozydots.com\/pl\/#website\",\"url\":\"https:\/\/cozydots.com\/pl\/\",\"name\":\"Cozydots.com\",\"description\":\"Producent namiot\u00f3w Tipi\",\"publisher\":{\"@id\":\"https:\/\/cozydots.com\/pl\/#organization\"},\"potentialAction\":[{\"@type\":\"SearchAction\",\"target\":{\"@type\":\"EntryPoint\",\"urlTemplate\":\"https:\/\/cozydots.com\/pl\/?s={search_term_string}\"},\"query-input\":{\"@type\":\"PropertyValueSpecification\",\"valueRequired\":true,\"valueName\":\"search_term_string\"}}],\"inLanguage\":\"pl-PL\"},{\"@type\":\"Organization\",\"@id\":\"https:\/\/cozydots.com\/pl\/#organization\",\"name\":\"Cozydots.com\",\"url\":\"https:\/\/cozydots.com\/pl\/\",\"logo\":{\"@type\":\"ImageObject\",\"inLanguage\":\"pl-PL\",\"@id\":\"https:\/\/cozydots.com\/pl\/#\/schema\/logo\/image\/\",\"url\":\"https:\/\/cozydots.com\/wp-content\/uploads\/2021\/10\/cozyshop_logo.png\",\"contentUrl\":\"https:\/\/cozydots.com\/wp-content\/uploads\/2021\/10\/cozyshop_logo.png\",\"width\":400,\"height\":121,\"caption\":\"Cozydots.com\"},\"image\":{\"@id\":\"https:\/\/cozydots.com\/pl\/#\/schema\/logo\/image\/\"}}]}<\/script>\n<!-- \/ Yoast SEO plugin. -->","yoast_head_json":{"title":"Namiot tipi Pink Velvet, r\u00f3\u017cowe tipi z mat\u0105 i poduszkami - Cozydots.com","description":"R\u00f3\u017cowy namiot tipi z serii Velvet z mat\u0105 i dwiema poduszkami. Stabilne i du\u017ce tipi do zabawy.","robots":{"index":"index","follow":"follow","max-snippet":"max-snippet:-1","max-image-preview":"max-image-preview:large","max-video-preview":"max-video-preview:-1"},"canonical":"https:\/\/cozydots.com\/pl\/produkt\/namiot-tipi-pink-velvet-rozowe-tipi-z-mata-i-poduszkami\/","og_locale":"pl_PL","og_type":"article","og_title":"Namiot tipi Pink Velvet, r\u00f3\u017cowe tipi z mat\u0105 i poduszkami - Cozydots.com","og_description":"R\u00f3\u017cowy namiot tipi z serii Velvet z mat\u0105 i dwiema poduszkami. Stabilne i du\u017ce tipi do zabawy.","og_url":"https:\/\/cozydots.com\/pl\/produkt\/namiot-tipi-pink-velvet-rozowe-tipi-z-mata-i-poduszkami\/","og_site_name":"Cozydots.com","article_modified_time":"2026-01-01T16:58:30+00:00","og_image":[{"width":1200,"height":1200,"url":"https:\/\/cozydots.com\/wp-content\/uploads\/2022\/02\/tipi-pink-set-aranzacja.jpg","type":"image\/jpeg"}],"twitter_card":"summary_large_image","twitter_misc":{"Szacowany czas czytania":"2 minuty"},"schema":{"@context":"https:\/\/schema.org","@graph":[{"@type":"WebPage","@id":"https:\/\/cozydots.com\/pl\/produkt\/namiot-tipi-pink-velvet-rozowe-tipi-z-mata-i-poduszkami\/","url":"https:\/\/cozydots.com\/pl\/produkt\/namiot-tipi-pink-velvet-rozowe-tipi-z-mata-i-poduszkami\/","name":"Namiot tipi Pink Velvet, r\u00f3\u017cowe tipi z mat\u0105 i poduszkami - Cozydots.com","isPartOf":{"@id":"https:\/\/cozydots.com\/pl\/#website"},"primaryImageOfPage":{"@id":"https:\/\/cozydots.com\/pl\/produkt\/namiot-tipi-pink-velvet-rozowe-tipi-z-mata-i-poduszkami\/#primaryimage"},"image":{"@id":"https:\/\/cozydots.com\/pl\/produkt\/namiot-tipi-pink-velvet-rozowe-tipi-z-mata-i-poduszkami\/#primaryimage"},"thumbnailUrl":"https:\/\/cozydots.com\/wp-content\/uploads\/2022\/02\/tipi-pink-set-aranzacja.jpg","datePublished":"2022-08-04T12:29:33+00:00","dateModified":"2026-01-01T16:58:30+00:00","description":"R\u00f3\u017cowy namiot tipi z serii Velvet z mat\u0105 i dwiema poduszkami. Stabilne i du\u017ce tipi do zabawy.","breadcrumb":{"@id":"https:\/\/cozydots.com\/pl\/produkt\/namiot-tipi-pink-velvet-rozowe-tipi-z-mata-i-poduszkami\/#breadcrumb"},"inLanguage":"pl-PL","potentialAction":[{"@type":"ReadAction","target":["https:\/\/cozydots.com\/pl\/produkt\/namiot-tipi-pink-velvet-rozowe-tipi-z-mata-i-poduszkami\/"]}]},{"@type":"ImageObject","inLanguage":"pl-PL","@id":"https:\/\/cozydots.com\/pl\/produkt\/namiot-tipi-pink-velvet-rozowe-tipi-z-mata-i-poduszkami\/#primaryimage","url":"https:\/\/cozydots.com\/wp-content\/uploads\/2022\/02\/tipi-pink-set-aranzacja.jpg","contentUrl":"https:\/\/cozydots.com\/wp-content\/uploads\/2022\/02\/tipi-pink-set-aranzacja.jpg","width":1200,"height":1200},{"@type":"BreadcrumbList","@id":"https:\/\/cozydots.com\/pl\/produkt\/namiot-tipi-pink-velvet-rozowe-tipi-z-mata-i-poduszkami\/#breadcrumb","itemListElement":[{"@type":"ListItem","position":1,"name":"Strona g\u0142\u00f3wna","item":"https:\/\/cozydots.com\/pl\/"},{"@type":"ListItem","position":2,"name":"Sklep","item":"https:\/\/cozydots.com\/pl\/sklep\/"},{"@type":"ListItem","position":3,"name":"Namiot tipi Pink Velvet, r\u00f3\u017cowe tipi z mat\u0105 i poduszkami"}]},{"@type":"WebSite","@id":"https:\/\/cozydots.com\/pl\/#website","url":"https:\/\/cozydots.com\/pl\/","name":"Cozydots.com","description":"Producent namiot\u00f3w Tipi","publisher":{"@id":"https:\/\/cozydots.com\/pl\/#organization"},"potentialAction":[{"@type":"SearchAction","target":{"@type":"EntryPoint","urlTemplate":"https:\/\/cozydots.com\/pl\/?s={search_term_string}"},"query-input":{"@type":"PropertyValueSpecification","valueRequired":true,"valueName":"search_term_string"}}],"inLanguage":"pl-PL"},{"@type":"Organization","@id":"https:\/\/cozydots.com\/pl\/#organization","name":"Cozydots.com","url":"https:\/\/cozydots.com\/pl\/","logo":{"@type":"ImageObject","inLanguage":"pl-PL","@id":"https:\/\/cozydots.com\/pl\/#\/schema\/logo\/image\/","url":"https:\/\/cozydots.com\/wp-content\/uploads\/2021\/10\/cozyshop_logo.png","contentUrl":"https:\/\/cozydots.com\/wp-content\/uploads\/2021\/10\/cozyshop_logo.png","width":400,"height":121,"caption":"Cozydots.com"},"image":{"@id":"https:\/\/cozydots.com\/pl\/#\/schema\/logo\/image\/"}}]}},"_links":{"self":[{"href":"https:\/\/cozydots.com\/pl\/wp-json\/wp\/v2\/product\/52773","targetHints":{"allow":["GET"]}}],"collection":[{"href":"https:\/\/cozydots.com\/pl\/wp-json\/wp\/v2\/product"}],"about":[{"href":"https:\/\/cozydots.com\/pl\/wp-json\/wp\/v2\/types\/product"}],"replies":[{"embeddable":true,"href":"https:\/\/cozydots.com\/pl\/wp-json\/wp\/v2\/comments?post=52773"}],"wp:featuredmedia":[{"embeddable":true,"href":"https:\/\/cozydots.com\/pl\/wp-json\/wp\/v2\/media\/52723"}],"wp:attachment":[{"href":"https:\/\/cozydots.com\/pl\/wp-json\/wp\/v2\/media?parent=52773"}],"wp:term":[{"taxonomy":"product_brand","embeddable":true,"href":"https:\/\/cozydots.com\/pl\/wp-json\/wp\/v2\/product_brand?post=52773"},{"taxonomy":"product_cat","embeddable":true,"href":"https:\/\/cozydots.com\/pl\/wp-json\/wp\/v2\/product_cat?post=52773"},{"taxonomy":"product_tag","embeddable":true,"href":"https:\/\/cozydots.com\/pl\/wp-json\/wp\/v2\/product_tag?post=52773"}],"curies":[{"name":"wp","href":"https:\/\/api.w.org\/{rel}","templated":true}]}}