{"id":52943,"date":"2022-08-12T16:21:09","date_gmt":"2022-08-12T14:21:09","guid":{"rendered":"https:\/\/cozydots.com\/?post_type=product&#038;p=52943"},"modified":"2025-04-12T11:25:46","modified_gmt":"2025-04-12T09:25:46","slug":"spiworek-przedszkolaka-retro-blue-75x140-cm","status":"publish","type":"product","link":"https:\/\/cozydots.com\/pl\/produkt\/spiworek-przedszkolaka-retro-blue-75x140-cm\/","title":{"rendered":"\u015apiworek przedszkolaka Retro Blue 75&#215;140 cm"},"content":{"rendered":"<p><img loading=\"lazy\" decoding=\"async\" class=\"alignnone size-medium wp-image-52851 alignright\" src=\"https:\/\/cozydots.com\/wp-content\/uploads\/2022\/08\/spiworki-przedszkolne-cozydots-400x400.jpg\" alt=\"\" width=\"400\" height=\"400\" srcset=\"https:\/\/cozydots.com\/wp-content\/uploads\/2022\/08\/spiworki-przedszkolne-cozydots-400x400.jpg 400w, https:\/\/cozydots.com\/wp-content\/uploads\/2022\/08\/spiworki-przedszkolne-cozydots-1200x1200.jpg 1200w, https:\/\/cozydots.com\/wp-content\/uploads\/2022\/08\/spiworki-przedszkolne-cozydots-150x150.jpg 150w, https:\/\/cozydots.com\/wp-content\/uploads\/2022\/08\/spiworki-przedszkolne-cozydots-768x768.jpg 768w, https:\/\/cozydots.com\/wp-content\/uploads\/2022\/08\/spiworki-przedszkolne-cozydots-470x470.jpg 470w, https:\/\/cozydots.com\/wp-content\/uploads\/2022\/08\/spiworki-przedszkolne-cozydots-800x800.jpg 800w, https:\/\/cozydots.com\/wp-content\/uploads\/2022\/08\/spiworki-przedszkolne-cozydots-100x100.jpg 100w, https:\/\/cozydots.com\/wp-content\/uploads\/2022\/08\/spiworki-przedszkolne-cozydots.jpg 1280w\" sizes=\"auto, (max-width: 400px) 100vw, 400px\" \/><\/p>\n<h3><strong>\u015apiworek przedszkolaka to przytulna po\u015bciel,<\/strong> wykonana z bawe\u0142ny i velvetu<strong> w komplecie z ma\u0142\u0105 poduszeczk\u0105, workiem do przechowywania i identyfikatorem.\u00a0<\/strong><\/h3>\n<p><strong>\u015apiworek przedszkolaka to przytulna po\u015bciel,<\/strong> wykonana z bawe\u0142ny i velvetu.<\/p>\n<p><strong>Po\u015bciel do przedszkola wype\u0142niona jest\u00a0antyalergicznym wk\u0142adem ko\u0142drowym oraz poduszk\u0105. Dodatkowo w komplecie jest ma\u0142a poduszeczka &#8211; do przytulania, worek do przechowywania oraz identyfikator na podpisanie imieniem i nazwiskiem.\u00a0<\/strong><\/p>\n<p>\u015apiworek z serii Retro, to stonowane kolory inspirowane wzorami i barwami w stylu vintage.<\/p>\n<p>\u015apiworek do przedszkola w paski RETRO BLUE w kolorach: jasnozielony, miodowy, granatowy, b\u0142\u0119kitny i jasnoszary.<\/p>\n<p>Kolekcja retro posiada 3 modele \u015bpiwork\u00f3w: <a href=\"https:\/\/cozydots.com\/pl\/produkt\/spiworek-do-przedszkola-retro-75x140-cm\/\"><span data-text-color=\"primary\">Retro<\/span>,<\/a> Retro Blue, <a href=\"https:\/\/cozydots.com\/pl\/produkt\/spiworek-przedszkolaka-retro-pink-75x140-cm\/\"><span data-text-color=\"primary\">Retro Pink.<\/span><\/a><\/p>\n<p><strong>\u015apiworek posiada zamek,<\/strong> dzi\u0119ki czemu <strong>dziecko nie b\u0119dzie si\u0119 rozkrywa\u0142o<\/strong> podczas drzemki.<\/p>\n<p>Dodatkowo <strong>posiada wyjmowan\u0105 poduszk\u0119 (jasiek), by u\u0142atwi\u0107 pranie w pralce.<\/strong><br \/>\n<img loading=\"lazy\" decoding=\"async\" class=\"alignnone size-medium wp-image-52928 alignright\" src=\"https:\/\/cozydots.com\/wp-content\/uploads\/2022\/08\/spwiorek-grubosc-400x400.jpg\" alt=\"\" width=\"400\" height=\"400\" srcset=\"https:\/\/cozydots.com\/wp-content\/uploads\/2022\/08\/spwiorek-grubosc-400x400.jpg 400w, https:\/\/cozydots.com\/wp-content\/uploads\/2022\/08\/spwiorek-grubosc.jpg 1200w, https:\/\/cozydots.com\/wp-content\/uploads\/2022\/08\/spwiorek-grubosc-150x150.jpg 150w, https:\/\/cozydots.com\/wp-content\/uploads\/2022\/08\/spwiorek-grubosc-768x768.jpg 768w, https:\/\/cozydots.com\/wp-content\/uploads\/2022\/08\/spwiorek-grubosc-470x470.jpg 470w, https:\/\/cozydots.com\/wp-content\/uploads\/2022\/08\/spwiorek-grubosc-800x800.jpg 800w, https:\/\/cozydots.com\/wp-content\/uploads\/2022\/08\/spwiorek-grubosc-100x100.jpg 100w\" sizes=\"auto, (max-width: 400px) 100vw, 400px\" \/><br \/>\n<strong>Kolorowy \u015bpiworek od Cozy&amp;Dozy<\/strong> to idealne rozwi\u0105zanie dla dzieci w wieku 2-7 lat. \u015apiworek sprawdzi si\u0119 nie tylko na drzemki w przedszkolu, ale jest r\u00f3wnie\u017c <strong>\u015bwietnym rozwi\u0105zaniem na wygodne spanie poza domem &#8211; na wakacjach, nocowanki u kole\u017canki czy wycieczk\u0119.<\/strong><\/p>\n<p>Wymiary:<\/p>\n<ul>\n<li>powierzchnia spania 140&#215;75<\/li>\n<li>ca\u0142kowita d\u0142ugo\u015b\u0107 po roz\u0142o\u017ceniu 240&#215;75<\/li>\n<li>ma\u0142a poduszeczka 40&#215;23<\/li>\n<\/ul>\n<p>W zestawie:<\/p>\n<ul>\n<li>\u015bpiworek (z wyjmowan\u0105 poduszk\u0105)<\/li>\n<li>ma\u0142a poduszeczka<\/li>\n<li>identyfikator<\/li>\n<li>worek do przechowywania<\/li>\n<\/ul>\n<p>Czas realizacji : 5 -10 dni roboczych + czas dostawy ( na terenie Polski 1-2 dni robocze)<\/p>\n<p>Sk\u0142ad:<\/p>\n<ul>\n<li>bawe\u0142na 100% (wewn\u0119trzna strona)<\/li>\n<li>velvet 100% (zewn\u0119trzna strona)<\/li>\n<\/ul>\n<p>Metoda piel\u0119gnacji:<\/p>\n<ul>\n<li>pranie w 40 stopniach w pralce<\/li>\n<li>nie wybiela\u0107<\/li>\n<li>prasowa\u0107 po bawe\u0142nianej stronie 180 stopni<\/li>\n<\/ul>\n<p>\u015apiworek przedszkolaka w ca\u0142o\u015bci zaprojektowany i uszyty przez Cozy&amp;Dozy.<\/p>\n<p>Wszystkie tkaniny z kt\u00f3rych szyjemy posiadaj\u0105 atesty i s\u0105 bezpieczne dla dzieci. Produkt posiada certyfikat CE.<\/p>\n<p>&nbsp;<\/p>\n","protected":false},"excerpt":{"rendered":"<p>\u015apiworek przedszkolaka z dodatkow\u0105 poduszk\u0105, workiem do przechowywania i identyfikatorem.<\/p>\n","protected":false},"featured_media":52972,"comment_status":"open","ping_status":"closed","template":"","meta":[],"product_brand":[],"product_cat":[111],"product_tag":[],"class_list":{"0":"post-52943","1":"product","2":"type-product","3":"status-publish","4":"has-post-thumbnail","6":"product_cat-posciel","8":"first","9":"instock","10":"taxable","11":"shipping-taxable","12":"product-type-simple"},"yoast_head":"<!-- This site is optimized with the Yoast SEO plugin v27.0 - https:\/\/yoast.com\/product\/yoast-seo-wordpress\/ -->\n<title>\u015apiworek przedszkolaka Retro Blue 75x140 cm - Cozydots.com<\/title>\n<meta name=\"description\" content=\"\u015apiworek przedszkolaka z dodatkow\u0105 poduszk\u0105, workiem do przechowywania i identyfikatorem.\" \/>\n<meta name=\"robots\" content=\"index, follow, max-snippet:-1, max-image-preview:large, max-video-preview:-1\" \/>\n<link rel=\"canonical\" href=\"https:\/\/cozydots.com\/pl\/produkt\/spiworek-przedszkolaka-retro-blue-75x140-cm\/\" \/>\n<meta property=\"og:locale\" content=\"pl_PL\" \/>\n<meta property=\"og:type\" content=\"article\" \/>\n<meta property=\"og:title\" content=\"\u015apiworek przedszkolaka Retro Blue 75x140 cm - Cozydots.com\" \/>\n<meta property=\"og:description\" content=\"\u015apiworek przedszkolaka z dodatkow\u0105 poduszk\u0105, workiem do przechowywania i identyfikatorem.\" \/>\n<meta property=\"og:url\" content=\"https:\/\/cozydots.com\/pl\/produkt\/spiworek-przedszkolaka-retro-blue-75x140-cm\/\" \/>\n<meta property=\"og:site_name\" content=\"Cozydots.com\" \/>\n<meta property=\"article:modified_time\" content=\"2025-04-12T09:25:46+00:00\" \/>\n<meta property=\"og:image\" content=\"https:\/\/cozydots.com\/wp-content\/uploads\/2022\/08\/spiworek-szkolny-blue-retro.jpg\" \/>\n\t<meta property=\"og:image:width\" content=\"1200\" \/>\n\t<meta property=\"og:image:height\" content=\"1200\" \/>\n\t<meta property=\"og:image:type\" content=\"image\/jpeg\" \/>\n<meta name=\"twitter:card\" content=\"summary_large_image\" \/>\n<meta name=\"twitter:label1\" content=\"Szacowany czas czytania\" \/>\n\t<meta name=\"twitter:data1\" content=\"2 minuty\" \/>\n<script type=\"application\/ld+json\" class=\"yoast-schema-graph\">{\"@context\":\"https:\/\/schema.org\",\"@graph\":[{\"@type\":\"WebPage\",\"@id\":\"https:\/\/cozydots.com\/pl\/produkt\/spiworek-przedszkolaka-retro-blue-75x140-cm\/\",\"url\":\"https:\/\/cozydots.com\/pl\/produkt\/spiworek-przedszkolaka-retro-blue-75x140-cm\/\",\"name\":\"\u015apiworek przedszkolaka Retro Blue 75x140 cm - Cozydots.com\",\"isPartOf\":{\"@id\":\"https:\/\/cozydots.com\/pl\/#website\"},\"primaryImageOfPage\":{\"@id\":\"https:\/\/cozydots.com\/pl\/produkt\/spiworek-przedszkolaka-retro-blue-75x140-cm\/#primaryimage\"},\"image\":{\"@id\":\"https:\/\/cozydots.com\/pl\/produkt\/spiworek-przedszkolaka-retro-blue-75x140-cm\/#primaryimage\"},\"thumbnailUrl\":\"https:\/\/cozydots.com\/wp-content\/uploads\/2022\/08\/spiworek-szkolny-blue-retro.jpg\",\"datePublished\":\"2022-08-12T14:21:09+00:00\",\"dateModified\":\"2025-04-12T09:25:46+00:00\",\"description\":\"\u015apiworek przedszkolaka z dodatkow\u0105 poduszk\u0105, workiem do przechowywania i identyfikatorem.\",\"breadcrumb\":{\"@id\":\"https:\/\/cozydots.com\/pl\/produkt\/spiworek-przedszkolaka-retro-blue-75x140-cm\/#breadcrumb\"},\"inLanguage\":\"pl-PL\",\"potentialAction\":[{\"@type\":\"ReadAction\",\"target\":[\"https:\/\/cozydots.com\/pl\/produkt\/spiworek-przedszkolaka-retro-blue-75x140-cm\/\"]}]},{\"@type\":\"ImageObject\",\"inLanguage\":\"pl-PL\",\"@id\":\"https:\/\/cozydots.com\/pl\/produkt\/spiworek-przedszkolaka-retro-blue-75x140-cm\/#primaryimage\",\"url\":\"https:\/\/cozydots.com\/wp-content\/uploads\/2022\/08\/spiworek-szkolny-blue-retro.jpg\",\"contentUrl\":\"https:\/\/cozydots.com\/wp-content\/uploads\/2022\/08\/spiworek-szkolny-blue-retro.jpg\",\"width\":1200,\"height\":1200},{\"@type\":\"BreadcrumbList\",\"@id\":\"https:\/\/cozydots.com\/pl\/produkt\/spiworek-przedszkolaka-retro-blue-75x140-cm\/#breadcrumb\",\"itemListElement\":[{\"@type\":\"ListItem\",\"position\":1,\"name\":\"Strona g\u0142\u00f3wna\",\"item\":\"https:\/\/cozydots.com\/pl\/\"},{\"@type\":\"ListItem\",\"position\":2,\"name\":\"Sklep\",\"item\":\"https:\/\/cozydots.com\/pl\/sklep\/\"},{\"@type\":\"ListItem\",\"position\":3,\"name\":\"\u015apiworek przedszkolaka Retro Blue 75&#215;140 cm\"}]},{\"@type\":\"WebSite\",\"@id\":\"https:\/\/cozydots.com\/pl\/#website\",\"url\":\"https:\/\/cozydots.com\/pl\/\",\"name\":\"Cozydots.com\",\"description\":\"Producent namiot\u00f3w Tipi\",\"publisher\":{\"@id\":\"https:\/\/cozydots.com\/pl\/#organization\"},\"potentialAction\":[{\"@type\":\"SearchAction\",\"target\":{\"@type\":\"EntryPoint\",\"urlTemplate\":\"https:\/\/cozydots.com\/pl\/?s={search_term_string}\"},\"query-input\":{\"@type\":\"PropertyValueSpecification\",\"valueRequired\":true,\"valueName\":\"search_term_string\"}}],\"inLanguage\":\"pl-PL\"},{\"@type\":\"Organization\",\"@id\":\"https:\/\/cozydots.com\/pl\/#organization\",\"name\":\"Cozydots.com\",\"url\":\"https:\/\/cozydots.com\/pl\/\",\"logo\":{\"@type\":\"ImageObject\",\"inLanguage\":\"pl-PL\",\"@id\":\"https:\/\/cozydots.com\/pl\/#\/schema\/logo\/image\/\",\"url\":\"https:\/\/cozydots.com\/wp-content\/uploads\/2021\/10\/cozyshop_logo.png\",\"contentUrl\":\"https:\/\/cozydots.com\/wp-content\/uploads\/2021\/10\/cozyshop_logo.png\",\"width\":400,\"height\":121,\"caption\":\"Cozydots.com\"},\"image\":{\"@id\":\"https:\/\/cozydots.com\/pl\/#\/schema\/logo\/image\/\"}}]}<\/script>\n<!-- \/ Yoast SEO plugin. -->","yoast_head_json":{"title":"\u015apiworek przedszkolaka Retro Blue 75x140 cm - Cozydots.com","description":"\u015apiworek przedszkolaka z dodatkow\u0105 poduszk\u0105, workiem do przechowywania i identyfikatorem.","robots":{"index":"index","follow":"follow","max-snippet":"max-snippet:-1","max-image-preview":"max-image-preview:large","max-video-preview":"max-video-preview:-1"},"canonical":"https:\/\/cozydots.com\/pl\/produkt\/spiworek-przedszkolaka-retro-blue-75x140-cm\/","og_locale":"pl_PL","og_type":"article","og_title":"\u015apiworek przedszkolaka Retro Blue 75x140 cm - Cozydots.com","og_description":"\u015apiworek przedszkolaka z dodatkow\u0105 poduszk\u0105, workiem do przechowywania i identyfikatorem.","og_url":"https:\/\/cozydots.com\/pl\/produkt\/spiworek-przedszkolaka-retro-blue-75x140-cm\/","og_site_name":"Cozydots.com","article_modified_time":"2025-04-12T09:25:46+00:00","og_image":[{"width":1200,"height":1200,"url":"https:\/\/cozydots.com\/wp-content\/uploads\/2022\/08\/spiworek-szkolny-blue-retro.jpg","type":"image\/jpeg"}],"twitter_card":"summary_large_image","twitter_misc":{"Szacowany czas czytania":"2 minuty"},"schema":{"@context":"https:\/\/schema.org","@graph":[{"@type":"WebPage","@id":"https:\/\/cozydots.com\/pl\/produkt\/spiworek-przedszkolaka-retro-blue-75x140-cm\/","url":"https:\/\/cozydots.com\/pl\/produkt\/spiworek-przedszkolaka-retro-blue-75x140-cm\/","name":"\u015apiworek przedszkolaka Retro Blue 75x140 cm - Cozydots.com","isPartOf":{"@id":"https:\/\/cozydots.com\/pl\/#website"},"primaryImageOfPage":{"@id":"https:\/\/cozydots.com\/pl\/produkt\/spiworek-przedszkolaka-retro-blue-75x140-cm\/#primaryimage"},"image":{"@id":"https:\/\/cozydots.com\/pl\/produkt\/spiworek-przedszkolaka-retro-blue-75x140-cm\/#primaryimage"},"thumbnailUrl":"https:\/\/cozydots.com\/wp-content\/uploads\/2022\/08\/spiworek-szkolny-blue-retro.jpg","datePublished":"2022-08-12T14:21:09+00:00","dateModified":"2025-04-12T09:25:46+00:00","description":"\u015apiworek przedszkolaka z dodatkow\u0105 poduszk\u0105, workiem do przechowywania i identyfikatorem.","breadcrumb":{"@id":"https:\/\/cozydots.com\/pl\/produkt\/spiworek-przedszkolaka-retro-blue-75x140-cm\/#breadcrumb"},"inLanguage":"pl-PL","potentialAction":[{"@type":"ReadAction","target":["https:\/\/cozydots.com\/pl\/produkt\/spiworek-przedszkolaka-retro-blue-75x140-cm\/"]}]},{"@type":"ImageObject","inLanguage":"pl-PL","@id":"https:\/\/cozydots.com\/pl\/produkt\/spiworek-przedszkolaka-retro-blue-75x140-cm\/#primaryimage","url":"https:\/\/cozydots.com\/wp-content\/uploads\/2022\/08\/spiworek-szkolny-blue-retro.jpg","contentUrl":"https:\/\/cozydots.com\/wp-content\/uploads\/2022\/08\/spiworek-szkolny-blue-retro.jpg","width":1200,"height":1200},{"@type":"BreadcrumbList","@id":"https:\/\/cozydots.com\/pl\/produkt\/spiworek-przedszkolaka-retro-blue-75x140-cm\/#breadcrumb","itemListElement":[{"@type":"ListItem","position":1,"name":"Strona g\u0142\u00f3wna","item":"https:\/\/cozydots.com\/pl\/"},{"@type":"ListItem","position":2,"name":"Sklep","item":"https:\/\/cozydots.com\/pl\/sklep\/"},{"@type":"ListItem","position":3,"name":"\u015apiworek przedszkolaka Retro Blue 75&#215;140 cm"}]},{"@type":"WebSite","@id":"https:\/\/cozydots.com\/pl\/#website","url":"https:\/\/cozydots.com\/pl\/","name":"Cozydots.com","description":"Producent namiot\u00f3w Tipi","publisher":{"@id":"https:\/\/cozydots.com\/pl\/#organization"},"potentialAction":[{"@type":"SearchAction","target":{"@type":"EntryPoint","urlTemplate":"https:\/\/cozydots.com\/pl\/?s={search_term_string}"},"query-input":{"@type":"PropertyValueSpecification","valueRequired":true,"valueName":"search_term_string"}}],"inLanguage":"pl-PL"},{"@type":"Organization","@id":"https:\/\/cozydots.com\/pl\/#organization","name":"Cozydots.com","url":"https:\/\/cozydots.com\/pl\/","logo":{"@type":"ImageObject","inLanguage":"pl-PL","@id":"https:\/\/cozydots.com\/pl\/#\/schema\/logo\/image\/","url":"https:\/\/cozydots.com\/wp-content\/uploads\/2021\/10\/cozyshop_logo.png","contentUrl":"https:\/\/cozydots.com\/wp-content\/uploads\/2021\/10\/cozyshop_logo.png","width":400,"height":121,"caption":"Cozydots.com"},"image":{"@id":"https:\/\/cozydots.com\/pl\/#\/schema\/logo\/image\/"}}]}},"_links":{"self":[{"href":"https:\/\/cozydots.com\/pl\/wp-json\/wp\/v2\/product\/52943","targetHints":{"allow":["GET"]}}],"collection":[{"href":"https:\/\/cozydots.com\/pl\/wp-json\/wp\/v2\/product"}],"about":[{"href":"https:\/\/cozydots.com\/pl\/wp-json\/wp\/v2\/types\/product"}],"replies":[{"embeddable":true,"href":"https:\/\/cozydots.com\/pl\/wp-json\/wp\/v2\/comments?post=52943"}],"wp:featuredmedia":[{"embeddable":true,"href":"https:\/\/cozydots.com\/pl\/wp-json\/wp\/v2\/media\/52972"}],"wp:attachment":[{"href":"https:\/\/cozydots.com\/pl\/wp-json\/wp\/v2\/media?parent=52943"}],"wp:term":[{"taxonomy":"product_brand","embeddable":true,"href":"https:\/\/cozydots.com\/pl\/wp-json\/wp\/v2\/product_brand?post=52943"},{"taxonomy":"product_cat","embeddable":true,"href":"https:\/\/cozydots.com\/pl\/wp-json\/wp\/v2\/product_cat?post=52943"},{"taxonomy":"product_tag","embeddable":true,"href":"https:\/\/cozydots.com\/pl\/wp-json\/wp\/v2\/product_tag?post=52943"}],"curies":[{"name":"wp","href":"https:\/\/api.w.org\/{rel}","templated":true}]}}