{"id":53276,"date":"2022-09-28T12:38:18","date_gmt":"2022-09-28T10:38:18","guid":{"rendered":"https:\/\/cozydots.com\/?post_type=product&#038;p=53276"},"modified":"2025-04-12T11:28:48","modified_gmt":"2025-04-12T09:28:48","slug":"namiot-tipi-basic-white-zestaw-8-el","status":"publish","type":"product","link":"https:\/\/cozydots.com\/pl\/produkt\/namiot-tipi-basic-white-zestaw-8-el\/","title":{"rendered":"Namiot tipi Basic White, zestaw 8 el"},"content":{"rendered":"<h3><img loading=\"lazy\" decoding=\"async\" class=\"alignright wp-image-50704\" src=\"https:\/\/cozydots.com\/wp-content\/uploads\/2022\/03\/stars-pillow-basic-grey.jpg\" alt=\"\" width=\"423\" height=\"423\" srcset=\"https:\/\/cozydots.com\/wp-content\/uploads\/2022\/03\/stars-pillow-basic-grey.jpg 1200w, https:\/\/cozydots.com\/wp-content\/uploads\/2022\/03\/stars-pillow-basic-grey-400x400.jpg 400w, https:\/\/cozydots.com\/wp-content\/uploads\/2022\/03\/stars-pillow-basic-grey-150x150.jpg 150w, https:\/\/cozydots.com\/wp-content\/uploads\/2022\/03\/stars-pillow-basic-grey-768x768.jpg 768w, https:\/\/cozydots.com\/wp-content\/uploads\/2022\/03\/stars-pillow-basic-grey-470x470.jpg 470w, https:\/\/cozydots.com\/wp-content\/uploads\/2022\/03\/stars-pillow-basic-grey-800x800.jpg 800w, https:\/\/cozydots.com\/wp-content\/uploads\/2022\/03\/stars-pillow-basic-grey-100x100.jpg 100w\" sizes=\"auto, (max-width: 423px) 100vw, 423px\" \/><\/h3>\n<h3>Du\u017cy zestaw do zabawy od Cozy&amp;Dozy, Tipi BASIC WHITE, komplet 8 element\u00f3w.<\/h3>\n<p>Mn\u00f3stwo frajdy, \u00a0element\u00f3w do zabawy i dekoracji pokoju dziecka.<\/p>\n<p><strong>Stabilny namiot tipi w zestawie z mi\u0119kk\u0105 mat\u0105, dwiema poduszkami, girland\u0105 i du\u017cym koszem na zabawki. Ka\u017cdy namiot posiada 4 sk\u0142adane kije oraz stabilizator, dzi\u0119ki kt\u00f3remu zabawa jest bezpieczna, a namiot dobrze wygl\u0105da, nie zapada si\u0119 i ma du\u017co miejsca do zabawy.<\/strong><\/p>\n<p>Namioty szyjemy z grubych tkanin, odpornych na cz\u0119ste pranie i przetarcia.<\/p>\n<p>Wszystkie elementy z tkaniny mo\u017cna pra\u0107 w pralce &#8211; 40 stopni.<\/p>\n<p><strong>Tkaniny, kt\u00f3rych u\u017cywamy posiadaj\u0105 atesty bezpiecze\u0144stwa dla dzieci. Ka\u017cda kolekcja jest zaprojektowana przez Cozy&amp;Dozy i uszyta w naszej pracowni w Polsce.<\/strong><\/p>\n<p>W zestawie Basic White tipi od Cozy&amp;Dozy s\u0105:<\/p>\n<ul>\n<li>namiot tipi z okienkiem<\/li>\n<li>mi\u0119kka mata<\/li>\n<li>dekoracyjna girlanda 170 cm<\/li>\n<li>du\u017cy kosz na zabawki, \u015bci\u0105gany sznurkiem<\/li>\n<li>dwie poduszki gwiazdki &#8211; 40&#215;40 cm<\/li>\n<li>sk\u0142adane kije wraz z instrukcj\u0105 monta\u017cu<\/li>\n<li style=\"text-align: left\">stabilizator<\/li>\n<\/ul>\n<p><b>Sk\u0142ad:<\/b><\/p>\n<ul>\n<li>100% bawe\u0142na, Posiada certyfikat\u00a0oraz atest <b>CE<\/b><\/li>\n<li>Wype\u0142nienie maty i poduszek: 100% hipoalergiczna pianka silikonowa<\/li>\n<\/ul>\n<p><b>Wymiary:<\/b><\/p>\n<ul>\n<li>Wysoko\u015b\u0107 (z kijkami) po roz\u0142o\u017ceniu: 150 cm<\/li>\n<li>Wysoko\u015b\u0107 (z kijkami) po z\u0142o\u017ceniu: 170 cm<\/li>\n<li>Powierzchnia pod\u0142ogi: ok. 110\u00d7110 cm<\/li>\n<\/ul>\n<p>Namiot jest przeznaczony dla 2-3 dzieci. Tipi \u0142atwo si\u0119 sk\u0142ada i nie zajmuje wiele miejsca.<\/p>\n<h3>Spos\u00f3b piel\u0119gnacji:<\/h3>\n<p>Pra\u0107 w temperaturze 40\u00b0 \u2013 program delikatne<\/p>\n<p>Prasowa\u0107 w niskiej temperaturze<\/p>\n<p>Nie suszy\u0107 w suszarce<\/p>\n<p>Nie czy\u015bci\u0107 chemicznie<\/p>\n<p>Nie chlorowa\u0107<\/p>\n<p><strong>UWAGA:<\/strong> Nie prasowa\u0107 pompon\u00f3w i chwost\u00f3w \u2013 mog\u0105 si\u0119 stopi\u0107!<\/p>\n","protected":false},"excerpt":{"rendered":"<p>Du\u017cy zestaw tipi do zabawy, z poduszkami i koszem na zabawki. Zestaw Basic White 8 el. do zabawy o dekoracji pokoju dziecka.<\/p>\n","protected":false},"featured_media":50725,"comment_status":"open","ping_status":"closed","template":"","meta":[],"product_brand":[],"product_cat":[24],"product_tag":[],"class_list":{"0":"post-53276","1":"product","2":"type-product","3":"status-publish","4":"has-post-thumbnail","6":"product_cat-namioty-tipi","8":"first","9":"instock","10":"sale","11":"taxable","12":"shipping-taxable","13":"product-type-simple"},"yoast_head":"<!-- This site is optimized with the Yoast SEO plugin v27.0 - https:\/\/yoast.com\/product\/yoast-seo-wordpress\/ -->\n<title>Namiot tipi Basic White, zestaw 8 el - Cozydots.com<\/title>\n<meta name=\"description\" content=\"Du\u017cy zestaw tipi do zabawy, z poduszkami i koszem na zabawki. Zestaw Basic White 8 el. do zabawy o dekoracji pokoju dziecka.\" \/>\n<meta name=\"robots\" content=\"index, follow, max-snippet:-1, max-image-preview:large, max-video-preview:-1\" \/>\n<link rel=\"canonical\" href=\"https:\/\/cozydots.com\/pl\/produkt\/namiot-tipi-basic-white-zestaw-8-el\/\" \/>\n<meta property=\"og:locale\" content=\"pl_PL\" \/>\n<meta property=\"og:type\" content=\"article\" \/>\n<meta property=\"og:title\" content=\"Namiot tipi Basic White, zestaw 8 el - Cozydots.com\" \/>\n<meta property=\"og:description\" content=\"Du\u017cy zestaw tipi do zabawy, z poduszkami i koszem na zabawki. Zestaw Basic White 8 el. do zabawy o dekoracji pokoju dziecka.\" \/>\n<meta property=\"og:url\" content=\"https:\/\/cozydots.com\/pl\/produkt\/namiot-tipi-basic-white-zestaw-8-el\/\" \/>\n<meta property=\"og:site_name\" content=\"Cozydots.com\" \/>\n<meta property=\"article:modified_time\" content=\"2025-04-12T09:28:48+00:00\" \/>\n<meta property=\"og:image\" content=\"https:\/\/cozydots.com\/wp-content\/uploads\/2022\/03\/tipi-set-basic-white-7-el.jpg\" \/>\n\t<meta property=\"og:image:width\" content=\"1200\" \/>\n\t<meta property=\"og:image:height\" content=\"1200\" \/>\n\t<meta property=\"og:image:type\" content=\"image\/jpeg\" \/>\n<meta name=\"twitter:card\" content=\"summary_large_image\" \/>\n<meta name=\"twitter:label1\" content=\"Szacowany czas czytania\" \/>\n\t<meta name=\"twitter:data1\" content=\"2 minuty\" \/>\n<script type=\"application\/ld+json\" class=\"yoast-schema-graph\">{\"@context\":\"https:\/\/schema.org\",\"@graph\":[{\"@type\":\"WebPage\",\"@id\":\"https:\/\/cozydots.com\/pl\/produkt\/namiot-tipi-basic-white-zestaw-8-el\/\",\"url\":\"https:\/\/cozydots.com\/pl\/produkt\/namiot-tipi-basic-white-zestaw-8-el\/\",\"name\":\"Namiot tipi Basic White, zestaw 8 el - Cozydots.com\",\"isPartOf\":{\"@id\":\"https:\/\/cozydots.com\/pl\/#website\"},\"primaryImageOfPage\":{\"@id\":\"https:\/\/cozydots.com\/pl\/produkt\/namiot-tipi-basic-white-zestaw-8-el\/#primaryimage\"},\"image\":{\"@id\":\"https:\/\/cozydots.com\/pl\/produkt\/namiot-tipi-basic-white-zestaw-8-el\/#primaryimage\"},\"thumbnailUrl\":\"https:\/\/cozydots.com\/wp-content\/uploads\/2022\/03\/tipi-set-basic-white-7-el.jpg\",\"datePublished\":\"2022-09-28T10:38:18+00:00\",\"dateModified\":\"2025-04-12T09:28:48+00:00\",\"description\":\"Du\u017cy zestaw tipi do zabawy, z poduszkami i koszem na zabawki. Zestaw Basic White 8 el. do zabawy o dekoracji pokoju dziecka.\",\"breadcrumb\":{\"@id\":\"https:\/\/cozydots.com\/pl\/produkt\/namiot-tipi-basic-white-zestaw-8-el\/#breadcrumb\"},\"inLanguage\":\"pl-PL\",\"potentialAction\":[{\"@type\":\"ReadAction\",\"target\":[\"https:\/\/cozydots.com\/pl\/produkt\/namiot-tipi-basic-white-zestaw-8-el\/\"]}]},{\"@type\":\"ImageObject\",\"inLanguage\":\"pl-PL\",\"@id\":\"https:\/\/cozydots.com\/pl\/produkt\/namiot-tipi-basic-white-zestaw-8-el\/#primaryimage\",\"url\":\"https:\/\/cozydots.com\/wp-content\/uploads\/2022\/03\/tipi-set-basic-white-7-el.jpg\",\"contentUrl\":\"https:\/\/cozydots.com\/wp-content\/uploads\/2022\/03\/tipi-set-basic-white-7-el.jpg\",\"width\":1200,\"height\":1200},{\"@type\":\"BreadcrumbList\",\"@id\":\"https:\/\/cozydots.com\/pl\/produkt\/namiot-tipi-basic-white-zestaw-8-el\/#breadcrumb\",\"itemListElement\":[{\"@type\":\"ListItem\",\"position\":1,\"name\":\"Strona g\u0142\u00f3wna\",\"item\":\"https:\/\/cozydots.com\/pl\/\"},{\"@type\":\"ListItem\",\"position\":2,\"name\":\"Sklep\",\"item\":\"https:\/\/cozydots.com\/pl\/sklep\/\"},{\"@type\":\"ListItem\",\"position\":3,\"name\":\"Namiot tipi Basic White, zestaw 8 el\"}]},{\"@type\":\"WebSite\",\"@id\":\"https:\/\/cozydots.com\/pl\/#website\",\"url\":\"https:\/\/cozydots.com\/pl\/\",\"name\":\"Cozydots.com\",\"description\":\"Producent namiot\u00f3w Tipi\",\"publisher\":{\"@id\":\"https:\/\/cozydots.com\/pl\/#organization\"},\"potentialAction\":[{\"@type\":\"SearchAction\",\"target\":{\"@type\":\"EntryPoint\",\"urlTemplate\":\"https:\/\/cozydots.com\/pl\/?s={search_term_string}\"},\"query-input\":{\"@type\":\"PropertyValueSpecification\",\"valueRequired\":true,\"valueName\":\"search_term_string\"}}],\"inLanguage\":\"pl-PL\"},{\"@type\":\"Organization\",\"@id\":\"https:\/\/cozydots.com\/pl\/#organization\",\"name\":\"Cozydots.com\",\"url\":\"https:\/\/cozydots.com\/pl\/\",\"logo\":{\"@type\":\"ImageObject\",\"inLanguage\":\"pl-PL\",\"@id\":\"https:\/\/cozydots.com\/pl\/#\/schema\/logo\/image\/\",\"url\":\"https:\/\/cozydots.com\/wp-content\/uploads\/2021\/10\/cozyshop_logo.png\",\"contentUrl\":\"https:\/\/cozydots.com\/wp-content\/uploads\/2021\/10\/cozyshop_logo.png\",\"width\":400,\"height\":121,\"caption\":\"Cozydots.com\"},\"image\":{\"@id\":\"https:\/\/cozydots.com\/pl\/#\/schema\/logo\/image\/\"}}]}<\/script>\n<!-- \/ Yoast SEO plugin. -->","yoast_head_json":{"title":"Namiot tipi Basic White, zestaw 8 el - Cozydots.com","description":"Du\u017cy zestaw tipi do zabawy, z poduszkami i koszem na zabawki. Zestaw Basic White 8 el. do zabawy o dekoracji pokoju dziecka.","robots":{"index":"index","follow":"follow","max-snippet":"max-snippet:-1","max-image-preview":"max-image-preview:large","max-video-preview":"max-video-preview:-1"},"canonical":"https:\/\/cozydots.com\/pl\/produkt\/namiot-tipi-basic-white-zestaw-8-el\/","og_locale":"pl_PL","og_type":"article","og_title":"Namiot tipi Basic White, zestaw 8 el - Cozydots.com","og_description":"Du\u017cy zestaw tipi do zabawy, z poduszkami i koszem na zabawki. Zestaw Basic White 8 el. do zabawy o dekoracji pokoju dziecka.","og_url":"https:\/\/cozydots.com\/pl\/produkt\/namiot-tipi-basic-white-zestaw-8-el\/","og_site_name":"Cozydots.com","article_modified_time":"2025-04-12T09:28:48+00:00","og_image":[{"width":1200,"height":1200,"url":"https:\/\/cozydots.com\/wp-content\/uploads\/2022\/03\/tipi-set-basic-white-7-el.jpg","type":"image\/jpeg"}],"twitter_card":"summary_large_image","twitter_misc":{"Szacowany czas czytania":"2 minuty"},"schema":{"@context":"https:\/\/schema.org","@graph":[{"@type":"WebPage","@id":"https:\/\/cozydots.com\/pl\/produkt\/namiot-tipi-basic-white-zestaw-8-el\/","url":"https:\/\/cozydots.com\/pl\/produkt\/namiot-tipi-basic-white-zestaw-8-el\/","name":"Namiot tipi Basic White, zestaw 8 el - Cozydots.com","isPartOf":{"@id":"https:\/\/cozydots.com\/pl\/#website"},"primaryImageOfPage":{"@id":"https:\/\/cozydots.com\/pl\/produkt\/namiot-tipi-basic-white-zestaw-8-el\/#primaryimage"},"image":{"@id":"https:\/\/cozydots.com\/pl\/produkt\/namiot-tipi-basic-white-zestaw-8-el\/#primaryimage"},"thumbnailUrl":"https:\/\/cozydots.com\/wp-content\/uploads\/2022\/03\/tipi-set-basic-white-7-el.jpg","datePublished":"2022-09-28T10:38:18+00:00","dateModified":"2025-04-12T09:28:48+00:00","description":"Du\u017cy zestaw tipi do zabawy, z poduszkami i koszem na zabawki. Zestaw Basic White 8 el. do zabawy o dekoracji pokoju dziecka.","breadcrumb":{"@id":"https:\/\/cozydots.com\/pl\/produkt\/namiot-tipi-basic-white-zestaw-8-el\/#breadcrumb"},"inLanguage":"pl-PL","potentialAction":[{"@type":"ReadAction","target":["https:\/\/cozydots.com\/pl\/produkt\/namiot-tipi-basic-white-zestaw-8-el\/"]}]},{"@type":"ImageObject","inLanguage":"pl-PL","@id":"https:\/\/cozydots.com\/pl\/produkt\/namiot-tipi-basic-white-zestaw-8-el\/#primaryimage","url":"https:\/\/cozydots.com\/wp-content\/uploads\/2022\/03\/tipi-set-basic-white-7-el.jpg","contentUrl":"https:\/\/cozydots.com\/wp-content\/uploads\/2022\/03\/tipi-set-basic-white-7-el.jpg","width":1200,"height":1200},{"@type":"BreadcrumbList","@id":"https:\/\/cozydots.com\/pl\/produkt\/namiot-tipi-basic-white-zestaw-8-el\/#breadcrumb","itemListElement":[{"@type":"ListItem","position":1,"name":"Strona g\u0142\u00f3wna","item":"https:\/\/cozydots.com\/pl\/"},{"@type":"ListItem","position":2,"name":"Sklep","item":"https:\/\/cozydots.com\/pl\/sklep\/"},{"@type":"ListItem","position":3,"name":"Namiot tipi Basic White, zestaw 8 el"}]},{"@type":"WebSite","@id":"https:\/\/cozydots.com\/pl\/#website","url":"https:\/\/cozydots.com\/pl\/","name":"Cozydots.com","description":"Producent namiot\u00f3w Tipi","publisher":{"@id":"https:\/\/cozydots.com\/pl\/#organization"},"potentialAction":[{"@type":"SearchAction","target":{"@type":"EntryPoint","urlTemplate":"https:\/\/cozydots.com\/pl\/?s={search_term_string}"},"query-input":{"@type":"PropertyValueSpecification","valueRequired":true,"valueName":"search_term_string"}}],"inLanguage":"pl-PL"},{"@type":"Organization","@id":"https:\/\/cozydots.com\/pl\/#organization","name":"Cozydots.com","url":"https:\/\/cozydots.com\/pl\/","logo":{"@type":"ImageObject","inLanguage":"pl-PL","@id":"https:\/\/cozydots.com\/pl\/#\/schema\/logo\/image\/","url":"https:\/\/cozydots.com\/wp-content\/uploads\/2021\/10\/cozyshop_logo.png","contentUrl":"https:\/\/cozydots.com\/wp-content\/uploads\/2021\/10\/cozyshop_logo.png","width":400,"height":121,"caption":"Cozydots.com"},"image":{"@id":"https:\/\/cozydots.com\/pl\/#\/schema\/logo\/image\/"}}]}},"_links":{"self":[{"href":"https:\/\/cozydots.com\/pl\/wp-json\/wp\/v2\/product\/53276","targetHints":{"allow":["GET"]}}],"collection":[{"href":"https:\/\/cozydots.com\/pl\/wp-json\/wp\/v2\/product"}],"about":[{"href":"https:\/\/cozydots.com\/pl\/wp-json\/wp\/v2\/types\/product"}],"replies":[{"embeddable":true,"href":"https:\/\/cozydots.com\/pl\/wp-json\/wp\/v2\/comments?post=53276"}],"wp:featuredmedia":[{"embeddable":true,"href":"https:\/\/cozydots.com\/pl\/wp-json\/wp\/v2\/media\/50725"}],"wp:attachment":[{"href":"https:\/\/cozydots.com\/pl\/wp-json\/wp\/v2\/media?parent=53276"}],"wp:term":[{"taxonomy":"product_brand","embeddable":true,"href":"https:\/\/cozydots.com\/pl\/wp-json\/wp\/v2\/product_brand?post=53276"},{"taxonomy":"product_cat","embeddable":true,"href":"https:\/\/cozydots.com\/pl\/wp-json\/wp\/v2\/product_cat?post=53276"},{"taxonomy":"product_tag","embeddable":true,"href":"https:\/\/cozydots.com\/pl\/wp-json\/wp\/v2\/product_tag?post=53276"}],"curies":[{"name":"wp","href":"https:\/\/api.w.org\/{rel}","templated":true}]}}