{"id":53432,"date":"2022-10-13T13:29:30","date_gmt":"2022-10-13T11:29:30","guid":{"rendered":"https:\/\/cozydots.com\/?post_type=product&#038;p=53432"},"modified":"2025-04-12T11:30:41","modified_gmt":"2025-04-12T09:30:41","slug":"poduszka-gwiazdka-z-chwostem-zestaw-stars-2-szt","status":"publish","type":"product","link":"https:\/\/cozydots.com\/pl\/produkt\/poduszka-gwiazdka-z-chwostem-zestaw-stars-2-szt\/","title":{"rendered":"Poduszka Gwiazdka z chwostem \u2013 zestaw Stars 2 szt."},"content":{"rendered":"<p><b>Poduszka Cozy &amp; Dozy zaintryguje nie tylko dzieci<\/b><\/p>\n<p><b>\u00a0<\/b>Poduszek w domu nigdy nie jest za wiele \u2013 do tego has\u0142a chyba nikogo nie trzeba przekonywa\u0107, prawda? Pi\u0119kne i przyjemne w dotyku poduszki <b>tworz\u0105 przytulny i ciep\u0142y klimat <\/b>w ka\u017cdym, nawet najbardziej surowym, wn\u0119trzu. Jednak dla nas najwa\u017cniejszy jest fakt, \u017ce \u017cadne dziecko nie pogardzi drzemk\u0105 na mi\u0119kkiej i wygodnej poduszce. Co wi\u0119cej, dla naszych dzieci, kt\u00f3re od najm\u0142odszych lat maj\u0105 mn\u00f3stwo rozmaitych przyg\u00f3d, dobra drzemka jest na wag\u0119 z\u0142ota.<\/p>\n<p>Dzieci ch\u0119tnie korzystaj\u0105 z poduszek tak\u017ce w trakcie swoich zabaw. Nietypowy kszta\u0142t poduszki <b>pobudza ich wyobra\u017anie<\/b> i sprawia, \u017ce balon czasami zamienia si\u0119 w lizak dla misia czy te\u017c jego termofor. Zestaw poduszek Stars\u00a0<b>przyci\u0105ga uwag\u0119<\/b> nie tylko dzieci, ale tak\u017ce doros\u0142ych. Czasami s\u0142yszymy wr\u0119cz, \u017ce rodzice podkradaj\u0105 nasze poduchy swoim dzieciom i ozdabiaj\u0105 nimi w\u0142asny salon. \ud83d\ude09<\/p>\n<p>Nasze poduszki <b>zdobywaj\u0105 uznanie<\/b> nawet najwi\u0119kszych krytyk\u00f3w, gdy\u017c wykonane zosta\u0142y z najwi\u0119ksz\u0105 staranno\u015bci\u0105 i dba\u0142o\u015bci\u0105 o ka\u017cdy detal. Ponadto uszyte zosta\u0142y z <b>materia\u0142u najwy\u017cszej jako\u015bci <\/b>\u2013 100% bawe\u0142ny \u2013 kt\u00f3ry zapewnia pi\u0119kny i efektowny wygl\u0105d poduszki przez bardzo d\u0142ugi czas. Materia\u0142 ten posiada tak\u017ce certyfikat<b>\u00a0CE,<\/b> a to oznacza, \u017ce jest bezpieczny w u\u017cytkowaniu i nie zawiera \u017cadnych szkodliwych substancji. Mo\u017cesz zatem bez obaw podarowa\u0107 nasze poduszki dzieciom z nawet najbardziej wra\u017cliw\u0105 sk\u00f3r\u0105.<\/p>\n<p>Poduszki Cozy &amp; Dozy s\u0105 produktami wyj\u0105tkowymi i niepowtarzalnymi. Zosta\u0142y przez nas zaprojektowane, dopracowane w najmniejszych szczeg\u00f3\u0142ach i uszyte przez nasze do\u015bwiadczone krawcowe. Dzi\u0119ki temu masz pewno\u015b\u0107, \u017ce otrzymujesz <b>produkt najwy\u017cszej jako\u015bci<\/b>, naprawd\u0119 starannie wykonany. Jest to dla nas bardzo wa\u017cne z jednego konkretnego powodu. Z naszych do\u015bwiadcze\u0144 wynika, \u017ce dzieci najlepiej ucz\u0105 si\u0119 poprzez dobry przyk\u0142ad, jaki daj\u0105 mu jego rodzice. Gdy Twoja pociecha otrzyma <b>pi\u0119kny, jako\u015bciowy produkt<\/b>, ju\u017c od najm\u0142odszych lat b\u0119dzie mog\u0142a uczy\u0107 si\u0119 po\u0142\u0105cze\u0144 kolorystycznych i poczucia estetyki. B\u0119dzie te\u017c wiedzia\u0142a, \u017ce warto inwestowa\u0107 w dobrej jako\u015bci produkty, gdy\u017c pozostaj\u0105 one z nami na d\u0142u\u017cej.<\/p>\n<p><b>W zestawie s\u0105 dwie poduszki w kszta\u0142cie gwiazdki:<\/b><\/p>\n<ul>\n<li><b>r\u00f3\u017cowa poduszka gwiazdka z sza\u0142wiowym chwostem<\/b><\/li>\n<li><b>be\u017cowa poduszka gwiazdka z sza\u0142wiowym chwostem<\/b><\/li>\n<\/ul>\n<p><b>Dane techniczne:<\/b><\/p>\n<p><b>Wymiar:<\/b><\/p>\n<ul>\n<li>40 x 40 cm<\/li>\n<\/ul>\n<p><b>Sk\u0142ad:<\/b><\/p>\n<ul>\n<li>100% bawe\u0142na (certyfikat CE)<\/li>\n<li>wype\u0142nienie poduszek \u2013 kulka silikonowa, antyalergiczna. Dodatkowo wszyta w \u015brodku owata silikonowa zapobiega zbijaniu si\u0119 wype\u0142nienia.<\/li>\n<\/ul>\n<p><b>Pranie:<\/b><\/p>\n<ul>\n<li>Mo\u017cna pra\u0107 w pralce w temperaturze 40 stopni,<\/li>\n<li>wirowanie \u2013 800 obrot\u00f3w,<\/li>\n<li>nie pra\u0107 chemicznie, nie wybiela\u0107,<\/li>\n<li>Po praniu wstrz\u0105sn\u0105\u0107 w celu u\u0142o\u017cenia wsypu,<\/li>\n<li>suszy\u0107 na p\u0142askiej powierzchni.<\/li>\n<\/ul>\n","protected":false},"excerpt":{"rendered":"<div class=\"product-short-description\">\n<p>Dekoracyjne poduszki w kolorze r\u00f3\u017cowym i be\u017cowym z ozdobnym chwostem.<\/p>\n<\/div>\n","protected":false},"featured_media":53447,"comment_status":"open","ping_status":"closed","template":"","meta":[],"product_brand":[],"product_cat":[102],"product_tag":[],"class_list":{"0":"post-53432","1":"product","2":"type-product","3":"status-publish","4":"has-post-thumbnail","6":"product_cat-poduszki-i-pufy","8":"first","9":"instock","10":"sale","11":"taxable","12":"shipping-taxable","13":"product-type-simple"},"yoast_head":"<!-- This site is optimized with the Yoast SEO plugin v27.0 - https:\/\/yoast.com\/product\/yoast-seo-wordpress\/ -->\n<title>Poduszka Gwiazdka z chwostem \u2013 zestaw Stars 2 szt. - Cozydots.com<\/title>\n<meta name=\"description\" content=\"Dekoracyjne poduszki w kolorze r\u00f3\u017cowym i be\u017cowym z ozdobnym chwostem.\" \/>\n<meta name=\"robots\" content=\"index, follow, max-snippet:-1, max-image-preview:large, max-video-preview:-1\" \/>\n<link rel=\"canonical\" href=\"https:\/\/cozydots.com\/pl\/produkt\/poduszka-gwiazdka-z-chwostem-zestaw-stars-2-szt\/\" \/>\n<meta property=\"og:locale\" content=\"pl_PL\" \/>\n<meta property=\"og:type\" content=\"article\" \/>\n<meta property=\"og:title\" content=\"Poduszka Gwiazdka z chwostem \u2013 zestaw Stars 2 szt. - Cozydots.com\" \/>\n<meta property=\"og:description\" content=\"Dekoracyjne poduszki w kolorze r\u00f3\u017cowym i be\u017cowym z ozdobnym chwostem.\" \/>\n<meta property=\"og:url\" content=\"https:\/\/cozydots.com\/pl\/produkt\/poduszka-gwiazdka-z-chwostem-zestaw-stars-2-szt\/\" \/>\n<meta property=\"og:site_name\" content=\"Cozydots.com\" \/>\n<meta property=\"article:modified_time\" content=\"2025-04-12T09:30:41+00:00\" \/>\n<meta property=\"og:image\" content=\"https:\/\/cozydots.com\/wp-content\/uploads\/2022\/10\/poduszki-boho.jpeg\" \/>\n\t<meta property=\"og:image:width\" content=\"917\" \/>\n\t<meta property=\"og:image:height\" content=\"952\" \/>\n\t<meta property=\"og:image:type\" content=\"image\/jpeg\" \/>\n<meta name=\"twitter:card\" content=\"summary_large_image\" \/>\n<meta name=\"twitter:label1\" content=\"Szacowany czas czytania\" \/>\n\t<meta name=\"twitter:data1\" content=\"3 minuty\" \/>\n<script type=\"application\/ld+json\" class=\"yoast-schema-graph\">{\"@context\":\"https:\/\/schema.org\",\"@graph\":[{\"@type\":\"WebPage\",\"@id\":\"https:\/\/cozydots.com\/pl\/produkt\/poduszka-gwiazdka-z-chwostem-zestaw-stars-2-szt\/\",\"url\":\"https:\/\/cozydots.com\/pl\/produkt\/poduszka-gwiazdka-z-chwostem-zestaw-stars-2-szt\/\",\"name\":\"Poduszka Gwiazdka z chwostem \u2013 zestaw Stars 2 szt. - Cozydots.com\",\"isPartOf\":{\"@id\":\"https:\/\/cozydots.com\/pl\/#website\"},\"primaryImageOfPage\":{\"@id\":\"https:\/\/cozydots.com\/pl\/produkt\/poduszka-gwiazdka-z-chwostem-zestaw-stars-2-szt\/#primaryimage\"},\"image\":{\"@id\":\"https:\/\/cozydots.com\/pl\/produkt\/poduszka-gwiazdka-z-chwostem-zestaw-stars-2-szt\/#primaryimage\"},\"thumbnailUrl\":\"https:\/\/cozydots.com\/wp-content\/uploads\/2022\/10\/poduszki-boho.jpeg\",\"datePublished\":\"2022-10-13T11:29:30+00:00\",\"dateModified\":\"2025-04-12T09:30:41+00:00\",\"description\":\"Dekoracyjne poduszki w kolorze r\u00f3\u017cowym i be\u017cowym z ozdobnym chwostem.\",\"breadcrumb\":{\"@id\":\"https:\/\/cozydots.com\/pl\/produkt\/poduszka-gwiazdka-z-chwostem-zestaw-stars-2-szt\/#breadcrumb\"},\"inLanguage\":\"pl-PL\",\"potentialAction\":[{\"@type\":\"ReadAction\",\"target\":[\"https:\/\/cozydots.com\/pl\/produkt\/poduszka-gwiazdka-z-chwostem-zestaw-stars-2-szt\/\"]}]},{\"@type\":\"ImageObject\",\"inLanguage\":\"pl-PL\",\"@id\":\"https:\/\/cozydots.com\/pl\/produkt\/poduszka-gwiazdka-z-chwostem-zestaw-stars-2-szt\/#primaryimage\",\"url\":\"https:\/\/cozydots.com\/wp-content\/uploads\/2022\/10\/poduszki-boho.jpeg\",\"contentUrl\":\"https:\/\/cozydots.com\/wp-content\/uploads\/2022\/10\/poduszki-boho.jpeg\",\"width\":917,\"height\":952},{\"@type\":\"BreadcrumbList\",\"@id\":\"https:\/\/cozydots.com\/pl\/produkt\/poduszka-gwiazdka-z-chwostem-zestaw-stars-2-szt\/#breadcrumb\",\"itemListElement\":[{\"@type\":\"ListItem\",\"position\":1,\"name\":\"Strona g\u0142\u00f3wna\",\"item\":\"https:\/\/cozydots.com\/pl\/\"},{\"@type\":\"ListItem\",\"position\":2,\"name\":\"Sklep\",\"item\":\"https:\/\/cozydots.com\/pl\/sklep\/\"},{\"@type\":\"ListItem\",\"position\":3,\"name\":\"Poduszka Gwiazdka z chwostem \u2013 zestaw Stars 2 szt.\"}]},{\"@type\":\"WebSite\",\"@id\":\"https:\/\/cozydots.com\/pl\/#website\",\"url\":\"https:\/\/cozydots.com\/pl\/\",\"name\":\"Cozydots.com\",\"description\":\"Producent namiot\u00f3w Tipi\",\"publisher\":{\"@id\":\"https:\/\/cozydots.com\/pl\/#organization\"},\"potentialAction\":[{\"@type\":\"SearchAction\",\"target\":{\"@type\":\"EntryPoint\",\"urlTemplate\":\"https:\/\/cozydots.com\/pl\/?s={search_term_string}\"},\"query-input\":{\"@type\":\"PropertyValueSpecification\",\"valueRequired\":true,\"valueName\":\"search_term_string\"}}],\"inLanguage\":\"pl-PL\"},{\"@type\":\"Organization\",\"@id\":\"https:\/\/cozydots.com\/pl\/#organization\",\"name\":\"Cozydots.com\",\"url\":\"https:\/\/cozydots.com\/pl\/\",\"logo\":{\"@type\":\"ImageObject\",\"inLanguage\":\"pl-PL\",\"@id\":\"https:\/\/cozydots.com\/pl\/#\/schema\/logo\/image\/\",\"url\":\"https:\/\/cozydots.com\/wp-content\/uploads\/2021\/10\/cozyshop_logo.png\",\"contentUrl\":\"https:\/\/cozydots.com\/wp-content\/uploads\/2021\/10\/cozyshop_logo.png\",\"width\":400,\"height\":121,\"caption\":\"Cozydots.com\"},\"image\":{\"@id\":\"https:\/\/cozydots.com\/pl\/#\/schema\/logo\/image\/\"}}]}<\/script>\n<!-- \/ Yoast SEO plugin. -->","yoast_head_json":{"title":"Poduszka Gwiazdka z chwostem \u2013 zestaw Stars 2 szt. - Cozydots.com","description":"Dekoracyjne poduszki w kolorze r\u00f3\u017cowym i be\u017cowym z ozdobnym chwostem.","robots":{"index":"index","follow":"follow","max-snippet":"max-snippet:-1","max-image-preview":"max-image-preview:large","max-video-preview":"max-video-preview:-1"},"canonical":"https:\/\/cozydots.com\/pl\/produkt\/poduszka-gwiazdka-z-chwostem-zestaw-stars-2-szt\/","og_locale":"pl_PL","og_type":"article","og_title":"Poduszka Gwiazdka z chwostem \u2013 zestaw Stars 2 szt. - Cozydots.com","og_description":"Dekoracyjne poduszki w kolorze r\u00f3\u017cowym i be\u017cowym z ozdobnym chwostem.","og_url":"https:\/\/cozydots.com\/pl\/produkt\/poduszka-gwiazdka-z-chwostem-zestaw-stars-2-szt\/","og_site_name":"Cozydots.com","article_modified_time":"2025-04-12T09:30:41+00:00","og_image":[{"width":917,"height":952,"url":"https:\/\/cozydots.com\/wp-content\/uploads\/2022\/10\/poduszki-boho.jpeg","type":"image\/jpeg"}],"twitter_card":"summary_large_image","twitter_misc":{"Szacowany czas czytania":"3 minuty"},"schema":{"@context":"https:\/\/schema.org","@graph":[{"@type":"WebPage","@id":"https:\/\/cozydots.com\/pl\/produkt\/poduszka-gwiazdka-z-chwostem-zestaw-stars-2-szt\/","url":"https:\/\/cozydots.com\/pl\/produkt\/poduszka-gwiazdka-z-chwostem-zestaw-stars-2-szt\/","name":"Poduszka Gwiazdka z chwostem \u2013 zestaw Stars 2 szt. - Cozydots.com","isPartOf":{"@id":"https:\/\/cozydots.com\/pl\/#website"},"primaryImageOfPage":{"@id":"https:\/\/cozydots.com\/pl\/produkt\/poduszka-gwiazdka-z-chwostem-zestaw-stars-2-szt\/#primaryimage"},"image":{"@id":"https:\/\/cozydots.com\/pl\/produkt\/poduszka-gwiazdka-z-chwostem-zestaw-stars-2-szt\/#primaryimage"},"thumbnailUrl":"https:\/\/cozydots.com\/wp-content\/uploads\/2022\/10\/poduszki-boho.jpeg","datePublished":"2022-10-13T11:29:30+00:00","dateModified":"2025-04-12T09:30:41+00:00","description":"Dekoracyjne poduszki w kolorze r\u00f3\u017cowym i be\u017cowym z ozdobnym chwostem.","breadcrumb":{"@id":"https:\/\/cozydots.com\/pl\/produkt\/poduszka-gwiazdka-z-chwostem-zestaw-stars-2-szt\/#breadcrumb"},"inLanguage":"pl-PL","potentialAction":[{"@type":"ReadAction","target":["https:\/\/cozydots.com\/pl\/produkt\/poduszka-gwiazdka-z-chwostem-zestaw-stars-2-szt\/"]}]},{"@type":"ImageObject","inLanguage":"pl-PL","@id":"https:\/\/cozydots.com\/pl\/produkt\/poduszka-gwiazdka-z-chwostem-zestaw-stars-2-szt\/#primaryimage","url":"https:\/\/cozydots.com\/wp-content\/uploads\/2022\/10\/poduszki-boho.jpeg","contentUrl":"https:\/\/cozydots.com\/wp-content\/uploads\/2022\/10\/poduszki-boho.jpeg","width":917,"height":952},{"@type":"BreadcrumbList","@id":"https:\/\/cozydots.com\/pl\/produkt\/poduszka-gwiazdka-z-chwostem-zestaw-stars-2-szt\/#breadcrumb","itemListElement":[{"@type":"ListItem","position":1,"name":"Strona g\u0142\u00f3wna","item":"https:\/\/cozydots.com\/pl\/"},{"@type":"ListItem","position":2,"name":"Sklep","item":"https:\/\/cozydots.com\/pl\/sklep\/"},{"@type":"ListItem","position":3,"name":"Poduszka Gwiazdka z chwostem \u2013 zestaw Stars 2 szt."}]},{"@type":"WebSite","@id":"https:\/\/cozydots.com\/pl\/#website","url":"https:\/\/cozydots.com\/pl\/","name":"Cozydots.com","description":"Producent namiot\u00f3w Tipi","publisher":{"@id":"https:\/\/cozydots.com\/pl\/#organization"},"potentialAction":[{"@type":"SearchAction","target":{"@type":"EntryPoint","urlTemplate":"https:\/\/cozydots.com\/pl\/?s={search_term_string}"},"query-input":{"@type":"PropertyValueSpecification","valueRequired":true,"valueName":"search_term_string"}}],"inLanguage":"pl-PL"},{"@type":"Organization","@id":"https:\/\/cozydots.com\/pl\/#organization","name":"Cozydots.com","url":"https:\/\/cozydots.com\/pl\/","logo":{"@type":"ImageObject","inLanguage":"pl-PL","@id":"https:\/\/cozydots.com\/pl\/#\/schema\/logo\/image\/","url":"https:\/\/cozydots.com\/wp-content\/uploads\/2021\/10\/cozyshop_logo.png","contentUrl":"https:\/\/cozydots.com\/wp-content\/uploads\/2021\/10\/cozyshop_logo.png","width":400,"height":121,"caption":"Cozydots.com"},"image":{"@id":"https:\/\/cozydots.com\/pl\/#\/schema\/logo\/image\/"}}]}},"_links":{"self":[{"href":"https:\/\/cozydots.com\/pl\/wp-json\/wp\/v2\/product\/53432","targetHints":{"allow":["GET"]}}],"collection":[{"href":"https:\/\/cozydots.com\/pl\/wp-json\/wp\/v2\/product"}],"about":[{"href":"https:\/\/cozydots.com\/pl\/wp-json\/wp\/v2\/types\/product"}],"replies":[{"embeddable":true,"href":"https:\/\/cozydots.com\/pl\/wp-json\/wp\/v2\/comments?post=53432"}],"wp:featuredmedia":[{"embeddable":true,"href":"https:\/\/cozydots.com\/pl\/wp-json\/wp\/v2\/media\/53447"}],"wp:attachment":[{"href":"https:\/\/cozydots.com\/pl\/wp-json\/wp\/v2\/media?parent=53432"}],"wp:term":[{"taxonomy":"product_brand","embeddable":true,"href":"https:\/\/cozydots.com\/pl\/wp-json\/wp\/v2\/product_brand?post=53432"},{"taxonomy":"product_cat","embeddable":true,"href":"https:\/\/cozydots.com\/pl\/wp-json\/wp\/v2\/product_cat?post=53432"},{"taxonomy":"product_tag","embeddable":true,"href":"https:\/\/cozydots.com\/pl\/wp-json\/wp\/v2\/product_tag?post=53432"}],"curies":[{"name":"wp","href":"https:\/\/api.w.org\/{rel}","templated":true}]}}