{"id":54457,"date":"2023-02-01T13:39:31","date_gmt":"2023-02-01T12:39:31","guid":{"rendered":"https:\/\/cozydots.com\/?post_type=product&#038;p=54457"},"modified":"2025-04-12T11:42:16","modified_gmt":"2025-04-12T09:42:16","slug":"namiot-tipi-blue-velvet","status":"publish","type":"product","link":"https:\/\/cozydots.com\/pl\/produkt\/namiot-tipi-blue-velvet\/","title":{"rendered":"Namiot tipi Blue Velvet"},"content":{"rendered":"<p><strong>Domek tipi do zabawy z serii Velvet<em>\u00a0<\/em>to przytulne miejsce do zabawy<\/strong> w domu. India\u0144skie <strong>tipi od Cozy&amp;Dozy to gwarancja \u015bwietnej zabawy i najlepszej jako\u015bci.<\/strong><\/p>\n<p><strong>Wigwam z serii Velvet to du\u017cy namiot 110&#215;110 cm z kieszonk\u0105 i okienkiem, wykonany z mocnej bawe\u0142ny Premium i velvetu w kolorze ciemnoniebieskim.\u00a0<\/strong>Wej\u015bcie do namiotu ozdobione jest miodowymi chwostami a d\u00f3\u0142 namiotu wy\u015bcie\u0142a mi\u0119kka, aksamitna mata.<\/p>\n<p>Poduszki mo\u017cna dokupi\u0107 tutaj :\u00a0<a href=\"\/en?p=22979\">Poduszki listki velvet, zestaw poduszek dekoracyjnych Forest<\/a><\/p>\n<p>Tipi do zabawy w zestawie posiada:<\/p>\n<ul>\n<li>namiot tipi<\/li>\n<li>4 sk\u0142adane kije sosnowe + 4 metalowe \u0142\u0105czniki<\/li>\n<li>instrukcja<\/li>\n<li>stabilizator<\/li>\n<\/ul>\n<div>\n<h2>Wymiary:<\/h2>\n<ul>\n<li>Wysoko\u015b\u0107 (z kijkami) po roz\u0142o\u017ceniu: 150 cm<\/li>\n<li>Wysoko\u015b\u0107 (z kijkami) po z\u0142o\u017ceniu: 170 cm<\/li>\n<li>Powierzchnia pod\u0142ogi: ok. 110\u00d7110 cm<\/li>\n<\/ul>\n<p>Namiot jest przeznaczony dla 2-3 dzieci. Tipi \u0142atwo si\u0119 sk\u0142ada i nie zajmuje wiele miejsca.<\/p>\n<p>Sk\u0142ad:<\/p>\n<\/div>\n<div>\n<ul>\n<li>100% bawe\u0142na, 100% velvet, Posiada certyfikat<\/li>\n<li>Wype\u0142nienie maty i poduszek: 100% hipoalergiczna pianka silikonowa<\/li>\n<\/ul>\n<p>Wszystkie tkaniny, z kt\u00f3rych powstaj\u0105 nasze namioty tipi s\u0105 certyfikowane i pochodz\u0105 z kraj\u00f3w europejskich, dzi\u0119ki czemu s\u0105<strong>\u00a0bezpieczne dla dzieci<\/strong>. Wszystkie artyku\u0142y Cozy s\u0105 projektowane i szyte w Polsce.<\/p>\n<\/div>\n<div>\n<h2>Spos\u00f3b piel\u0119gnacji:<\/h2>\n<p><img decoding=\"async\" class=\"alignnone\" style=\"vertical-align: middle\" title=\"wash 40\" src=\"https:\/\/cozydots.com\/wp-content\/uploads\/2019\/05\/wash40.svg\" alt=\"wash-40\" width=\"40\" \/>Pra\u0107 w temperaturze 40\u00b0 &#8211; program delikatne <img decoding=\"async\" class=\"alignnone\" style=\"vertical-align: middle\" src=\"https:\/\/cozydots.com\/wp-content\/uploads\/2019\/05\/iron-l.svg\" alt=\"iron-L\" width=\"40px\" \/>Prasowa\u0107 w niskiej temperaturze <img decoding=\"async\" class=\"alignnone\" style=\"vertical-align: middle\" src=\"https:\/\/cozydots.com\/wp-content\/uploads\/2019\/05\/drying-0.svg\" alt=\"drying-0\" width=\"40px\" \/>Nie suszy\u0107 w suszarce <img decoding=\"async\" class=\"alignnone\" style=\"vertical-align: middle\" src=\"https:\/\/cozydots.com\/wp-content\/uploads\/2019\/05\/dryclean-0.svg\" alt=\"dryclean-0\" width=\"40px\" \/>Nie czy\u015bci\u0107 chemicznie <img decoding=\"async\" class=\"alignnone\" style=\"vertical-align: middle\" src=\"https:\/\/cozydots.com\/wp-content\/uploads\/2019\/05\/bleach-0.svg\" alt=\"bleach-0.svg\" width=\"40px\" \/>Nie chlorowa\u0107 <strong>UWAGA:<\/strong> Nie prasowa\u0107 pompon\u00f3w i chwost\u00f3w &#8211; mog\u0105 si\u0119 stopi\u0107!<\/p>\n<\/div>\n","protected":false},"excerpt":{"rendered":"<p>Zestaw tipi z mat\u0105 wykonany z mi\u0119kkiego velvetu i mocnej bawe\u0142ny Canvas Premium. Stabilna konstrukcja.<\/p>\n","protected":false},"featured_media":48690,"comment_status":"open","ping_status":"closed","template":"","meta":[],"product_brand":[],"product_cat":[24],"product_tag":[1434],"class_list":{"0":"post-54457","1":"product","2":"type-product","3":"status-publish","4":"has-post-thumbnail","6":"product_cat-namioty-tipi","7":"product_tag-pla","9":"first","10":"instock","11":"sale","12":"taxable","13":"shipping-taxable","14":"product-type-simple"},"yoast_head":"<!-- This site is optimized with the Yoast SEO plugin v27.0 - https:\/\/yoast.com\/product\/yoast-seo-wordpress\/ -->\n<title>Namiot tipi Blue Velvet - Cozydots.com<\/title>\n<meta name=\"description\" content=\"Tipi z mi\u0119kkiego velvetu i mocnej bawe\u0142ny Canvas Premium. Stabilna konstrukcja.\" \/>\n<meta name=\"robots\" content=\"index, follow, max-snippet:-1, max-image-preview:large, max-video-preview:-1\" \/>\n<link rel=\"canonical\" href=\"https:\/\/cozydots.com\/pl\/produkt\/namiot-tipi-blue-velvet\/\" \/>\n<meta property=\"og:locale\" content=\"pl_PL\" \/>\n<meta property=\"og:type\" content=\"article\" \/>\n<meta property=\"og:title\" content=\"Namiot tipi Blue Velvet - Cozydots.com\" \/>\n<meta property=\"og:description\" content=\"Tipi z mi\u0119kkiego velvetu i mocnej bawe\u0142ny Canvas Premium. Stabilna konstrukcja.\" \/>\n<meta property=\"og:url\" content=\"https:\/\/cozydots.com\/pl\/produkt\/namiot-tipi-blue-velvet\/\" \/>\n<meta property=\"og:site_name\" content=\"Cozydots.com\" \/>\n<meta property=\"article:modified_time\" content=\"2025-04-12T09:42:16+00:00\" \/>\n<meta property=\"og:image\" content=\"https:\/\/cozydots.com\/wp-content\/uploads\/2020\/10\/kids_tipi_tent_velvet_blue_s1.jpg\" \/>\n\t<meta property=\"og:image:width\" content=\"1200\" \/>\n\t<meta property=\"og:image:height\" content=\"1200\" \/>\n\t<meta property=\"og:image:type\" content=\"image\/jpeg\" \/>\n<meta name=\"twitter:card\" content=\"summary_large_image\" \/>\n<meta name=\"twitter:label1\" content=\"Szacowany czas czytania\" \/>\n\t<meta name=\"twitter:data1\" content=\"3 minuty\" \/>\n<script type=\"application\/ld+json\" class=\"yoast-schema-graph\">{\"@context\":\"https:\/\/schema.org\",\"@graph\":[{\"@type\":\"WebPage\",\"@id\":\"https:\/\/cozydots.com\/pl\/produkt\/namiot-tipi-blue-velvet\/\",\"url\":\"https:\/\/cozydots.com\/pl\/produkt\/namiot-tipi-blue-velvet\/\",\"name\":\"Namiot tipi Blue Velvet - Cozydots.com\",\"isPartOf\":{\"@id\":\"https:\/\/cozydots.com\/pl\/#website\"},\"primaryImageOfPage\":{\"@id\":\"https:\/\/cozydots.com\/pl\/produkt\/namiot-tipi-blue-velvet\/#primaryimage\"},\"image\":{\"@id\":\"https:\/\/cozydots.com\/pl\/produkt\/namiot-tipi-blue-velvet\/#primaryimage\"},\"thumbnailUrl\":\"https:\/\/cozydots.com\/wp-content\/uploads\/2020\/10\/kids_tipi_tent_velvet_blue_s1.jpg\",\"datePublished\":\"2023-02-01T12:39:31+00:00\",\"dateModified\":\"2025-04-12T09:42:16+00:00\",\"description\":\"Tipi z mi\u0119kkiego velvetu i mocnej bawe\u0142ny Canvas Premium. Stabilna konstrukcja.\",\"breadcrumb\":{\"@id\":\"https:\/\/cozydots.com\/pl\/produkt\/namiot-tipi-blue-velvet\/#breadcrumb\"},\"inLanguage\":\"pl-PL\",\"potentialAction\":[{\"@type\":\"ReadAction\",\"target\":[\"https:\/\/cozydots.com\/pl\/produkt\/namiot-tipi-blue-velvet\/\"]}]},{\"@type\":\"ImageObject\",\"inLanguage\":\"pl-PL\",\"@id\":\"https:\/\/cozydots.com\/pl\/produkt\/namiot-tipi-blue-velvet\/#primaryimage\",\"url\":\"https:\/\/cozydots.com\/wp-content\/uploads\/2020\/10\/kids_tipi_tent_velvet_blue_s1.jpg\",\"contentUrl\":\"https:\/\/cozydots.com\/wp-content\/uploads\/2020\/10\/kids_tipi_tent_velvet_blue_s1.jpg\",\"width\":1200,\"height\":1200,\"caption\":\"kids_tipi_tent_velvet_blue_s1\"},{\"@type\":\"BreadcrumbList\",\"@id\":\"https:\/\/cozydots.com\/pl\/produkt\/namiot-tipi-blue-velvet\/#breadcrumb\",\"itemListElement\":[{\"@type\":\"ListItem\",\"position\":1,\"name\":\"Strona g\u0142\u00f3wna\",\"item\":\"https:\/\/cozydots.com\/pl\/\"},{\"@type\":\"ListItem\",\"position\":2,\"name\":\"Sklep\",\"item\":\"https:\/\/cozydots.com\/pl\/sklep\/\"},{\"@type\":\"ListItem\",\"position\":3,\"name\":\"Namiot tipi Blue Velvet\"}]},{\"@type\":\"WebSite\",\"@id\":\"https:\/\/cozydots.com\/pl\/#website\",\"url\":\"https:\/\/cozydots.com\/pl\/\",\"name\":\"Cozydots.com\",\"description\":\"Producent namiot\u00f3w Tipi\",\"publisher\":{\"@id\":\"https:\/\/cozydots.com\/pl\/#organization\"},\"potentialAction\":[{\"@type\":\"SearchAction\",\"target\":{\"@type\":\"EntryPoint\",\"urlTemplate\":\"https:\/\/cozydots.com\/pl\/?s={search_term_string}\"},\"query-input\":{\"@type\":\"PropertyValueSpecification\",\"valueRequired\":true,\"valueName\":\"search_term_string\"}}],\"inLanguage\":\"pl-PL\"},{\"@type\":\"Organization\",\"@id\":\"https:\/\/cozydots.com\/pl\/#organization\",\"name\":\"Cozydots.com\",\"url\":\"https:\/\/cozydots.com\/pl\/\",\"logo\":{\"@type\":\"ImageObject\",\"inLanguage\":\"pl-PL\",\"@id\":\"https:\/\/cozydots.com\/pl\/#\/schema\/logo\/image\/\",\"url\":\"https:\/\/cozydots.com\/wp-content\/uploads\/2021\/10\/cozyshop_logo.png\",\"contentUrl\":\"https:\/\/cozydots.com\/wp-content\/uploads\/2021\/10\/cozyshop_logo.png\",\"width\":400,\"height\":121,\"caption\":\"Cozydots.com\"},\"image\":{\"@id\":\"https:\/\/cozydots.com\/pl\/#\/schema\/logo\/image\/\"}}]}<\/script>\n<!-- \/ Yoast SEO plugin. -->","yoast_head_json":{"title":"Namiot tipi Blue Velvet - Cozydots.com","description":"Tipi z mi\u0119kkiego velvetu i mocnej bawe\u0142ny Canvas Premium. Stabilna konstrukcja.","robots":{"index":"index","follow":"follow","max-snippet":"max-snippet:-1","max-image-preview":"max-image-preview:large","max-video-preview":"max-video-preview:-1"},"canonical":"https:\/\/cozydots.com\/pl\/produkt\/namiot-tipi-blue-velvet\/","og_locale":"pl_PL","og_type":"article","og_title":"Namiot tipi Blue Velvet - Cozydots.com","og_description":"Tipi z mi\u0119kkiego velvetu i mocnej bawe\u0142ny Canvas Premium. Stabilna konstrukcja.","og_url":"https:\/\/cozydots.com\/pl\/produkt\/namiot-tipi-blue-velvet\/","og_site_name":"Cozydots.com","article_modified_time":"2025-04-12T09:42:16+00:00","og_image":[{"width":1200,"height":1200,"url":"https:\/\/cozydots.com\/wp-content\/uploads\/2020\/10\/kids_tipi_tent_velvet_blue_s1.jpg","type":"image\/jpeg"}],"twitter_card":"summary_large_image","twitter_misc":{"Szacowany czas czytania":"3 minuty"},"schema":{"@context":"https:\/\/schema.org","@graph":[{"@type":"WebPage","@id":"https:\/\/cozydots.com\/pl\/produkt\/namiot-tipi-blue-velvet\/","url":"https:\/\/cozydots.com\/pl\/produkt\/namiot-tipi-blue-velvet\/","name":"Namiot tipi Blue Velvet - Cozydots.com","isPartOf":{"@id":"https:\/\/cozydots.com\/pl\/#website"},"primaryImageOfPage":{"@id":"https:\/\/cozydots.com\/pl\/produkt\/namiot-tipi-blue-velvet\/#primaryimage"},"image":{"@id":"https:\/\/cozydots.com\/pl\/produkt\/namiot-tipi-blue-velvet\/#primaryimage"},"thumbnailUrl":"https:\/\/cozydots.com\/wp-content\/uploads\/2020\/10\/kids_tipi_tent_velvet_blue_s1.jpg","datePublished":"2023-02-01T12:39:31+00:00","dateModified":"2025-04-12T09:42:16+00:00","description":"Tipi z mi\u0119kkiego velvetu i mocnej bawe\u0142ny Canvas Premium. Stabilna konstrukcja.","breadcrumb":{"@id":"https:\/\/cozydots.com\/pl\/produkt\/namiot-tipi-blue-velvet\/#breadcrumb"},"inLanguage":"pl-PL","potentialAction":[{"@type":"ReadAction","target":["https:\/\/cozydots.com\/pl\/produkt\/namiot-tipi-blue-velvet\/"]}]},{"@type":"ImageObject","inLanguage":"pl-PL","@id":"https:\/\/cozydots.com\/pl\/produkt\/namiot-tipi-blue-velvet\/#primaryimage","url":"https:\/\/cozydots.com\/wp-content\/uploads\/2020\/10\/kids_tipi_tent_velvet_blue_s1.jpg","contentUrl":"https:\/\/cozydots.com\/wp-content\/uploads\/2020\/10\/kids_tipi_tent_velvet_blue_s1.jpg","width":1200,"height":1200,"caption":"kids_tipi_tent_velvet_blue_s1"},{"@type":"BreadcrumbList","@id":"https:\/\/cozydots.com\/pl\/produkt\/namiot-tipi-blue-velvet\/#breadcrumb","itemListElement":[{"@type":"ListItem","position":1,"name":"Strona g\u0142\u00f3wna","item":"https:\/\/cozydots.com\/pl\/"},{"@type":"ListItem","position":2,"name":"Sklep","item":"https:\/\/cozydots.com\/pl\/sklep\/"},{"@type":"ListItem","position":3,"name":"Namiot tipi Blue Velvet"}]},{"@type":"WebSite","@id":"https:\/\/cozydots.com\/pl\/#website","url":"https:\/\/cozydots.com\/pl\/","name":"Cozydots.com","description":"Producent namiot\u00f3w Tipi","publisher":{"@id":"https:\/\/cozydots.com\/pl\/#organization"},"potentialAction":[{"@type":"SearchAction","target":{"@type":"EntryPoint","urlTemplate":"https:\/\/cozydots.com\/pl\/?s={search_term_string}"},"query-input":{"@type":"PropertyValueSpecification","valueRequired":true,"valueName":"search_term_string"}}],"inLanguage":"pl-PL"},{"@type":"Organization","@id":"https:\/\/cozydots.com\/pl\/#organization","name":"Cozydots.com","url":"https:\/\/cozydots.com\/pl\/","logo":{"@type":"ImageObject","inLanguage":"pl-PL","@id":"https:\/\/cozydots.com\/pl\/#\/schema\/logo\/image\/","url":"https:\/\/cozydots.com\/wp-content\/uploads\/2021\/10\/cozyshop_logo.png","contentUrl":"https:\/\/cozydots.com\/wp-content\/uploads\/2021\/10\/cozyshop_logo.png","width":400,"height":121,"caption":"Cozydots.com"},"image":{"@id":"https:\/\/cozydots.com\/pl\/#\/schema\/logo\/image\/"}}]}},"_links":{"self":[{"href":"https:\/\/cozydots.com\/pl\/wp-json\/wp\/v2\/product\/54457","targetHints":{"allow":["GET"]}}],"collection":[{"href":"https:\/\/cozydots.com\/pl\/wp-json\/wp\/v2\/product"}],"about":[{"href":"https:\/\/cozydots.com\/pl\/wp-json\/wp\/v2\/types\/product"}],"replies":[{"embeddable":true,"href":"https:\/\/cozydots.com\/pl\/wp-json\/wp\/v2\/comments?post=54457"}],"wp:featuredmedia":[{"embeddable":true,"href":"https:\/\/cozydots.com\/pl\/wp-json\/wp\/v2\/media\/48690"}],"wp:attachment":[{"href":"https:\/\/cozydots.com\/pl\/wp-json\/wp\/v2\/media?parent=54457"}],"wp:term":[{"taxonomy":"product_brand","embeddable":true,"href":"https:\/\/cozydots.com\/pl\/wp-json\/wp\/v2\/product_brand?post=54457"},{"taxonomy":"product_cat","embeddable":true,"href":"https:\/\/cozydots.com\/pl\/wp-json\/wp\/v2\/product_cat?post=54457"},{"taxonomy":"product_tag","embeddable":true,"href":"https:\/\/cozydots.com\/pl\/wp-json\/wp\/v2\/product_tag?post=54457"}],"curies":[{"name":"wp","href":"https:\/\/api.w.org\/{rel}","templated":true}]}}