{"id":55044,"date":"2023-04-04T12:20:28","date_gmt":"2023-04-04T10:20:28","guid":{"rendered":"https:\/\/cozydots.com\/?post_type=product&#038;p=55044"},"modified":"2025-04-12T11:49:05","modified_gmt":"2025-04-12T09:49:05","slug":"namiot-tipi-japan-velvet-z-mata","status":"publish","type":"product","link":"https:\/\/cozydots.com\/pl\/produkt\/namiot-tipi-japan-velvet-z-mata\/","title":{"rendered":"Namiot tipi Japan Velvet z mat\u0105"},"content":{"rendered":"<p><b><img loading=\"lazy\" decoding=\"async\" class=\"wp-image-55073 alignright\" src=\"https:\/\/cozydots.com\/wp-content\/uploads\/2023\/04\/Tipi-Tent-Japan-with-playmat-3.jpg\" alt=\"\" width=\"600\" height=\"600\" srcset=\"https:\/\/cozydots.com\/wp-content\/uploads\/2023\/04\/Tipi-Tent-Japan-with-playmat-3.jpg 1200w, https:\/\/cozydots.com\/wp-content\/uploads\/2023\/04\/Tipi-Tent-Japan-with-playmat-3-400x400.jpg 400w, https:\/\/cozydots.com\/wp-content\/uploads\/2023\/04\/Tipi-Tent-Japan-with-playmat-3-150x150.jpg 150w, https:\/\/cozydots.com\/wp-content\/uploads\/2023\/04\/Tipi-Tent-Japan-with-playmat-3-768x768.jpg 768w, https:\/\/cozydots.com\/wp-content\/uploads\/2023\/04\/Tipi-Tent-Japan-with-playmat-3-470x470.jpg 470w, https:\/\/cozydots.com\/wp-content\/uploads\/2023\/04\/Tipi-Tent-Japan-with-playmat-3-800x800.jpg 800w, https:\/\/cozydots.com\/wp-content\/uploads\/2023\/04\/Tipi-Tent-Japan-with-playmat-3-100x100.jpg 100w\" sizes=\"auto, (max-width: 600px) 100vw, 600px\" \/>Namiot do zabawy z serii\u00a0<\/b><strong>Japan Velvet\u00a0<\/strong><b>to cynamonowe tipi z ozdobn\u0105 tasiemk\u0105. Namiot tipi wykonany jest z mocnego p\u0142\u00f3tna i ozdobiony tkanin\u0105 velvet. W zestawie mi\u0119kka,\u00a0pikowana mata z tkaniny velvet.<\/b><\/p>\n<p>Namiot to \u015bwietne miejsce do zabawy w ogrodzie, na tarasie oraz w domu.<\/p>\n<p><b>Tipi do zabawy posiada okienko z odwijan\u0105 roletk\u0105 i dwie kieszonki na zabawki.<\/b><\/p>\n<p><b>Namioty z serii Japan Velvet, to \u015bwietne miejsce do zabawy i przytulny k\u0105cik do odpoczynku.<\/b><\/p>\n<p>Wigwam od Cozy&amp;Dozy zosta\u0142 zaprojektowany tak, aby na d\u0142ugo cieszy\u0107 oko i zapewni\u0107 bezpieczn\u0105 zabaw\u0119.<\/p>\n<p><b>Velvetowe tipi posiada 4 boki \u00a0\u2013 powierzchnia do zabawy ok. 1m2, wysoko\u015b\u0107 po roz\u0142o\u017ceniu ok. 150 cm.<\/b><\/p>\n<p><b>Do ka\u017cdego namiotu dostajesz w zestawie sk\u0142adane sosnowe kije oraz stabilizator, kt\u00f3ry trzyma sztywno kije by zapewni\u0107 stabilno\u015b\u0107 namiotu.<\/b><\/p>\n<p>Wszystkie produkty COZY&amp;DOZY zosta\u0142y zaprojektowane i wykonane w Polsce oraz posiadaj\u0105 deklaracje CE dla produkt\u00f3w dzieci\u0119cych.<\/p>\n<p>W sk\u0142ad zestawu wchodzi:<\/p>\n<ul>\n<li>namiot tipi<\/li>\n<li>mi\u0119kka velvetowa, mata do zabawy<\/li>\n<li>4 sk\u0142adane kije sosnowe (8 po\u0142\u00f3wek) + elementy do \u0142\u0105czenia kij\u00f3w (8 wkr\u0119t\u00f3w i 4 \u015bruby)<\/li>\n<li>instrukcja<\/li>\n<li>stabilizator + sznurek<\/li>\n<\/ul>\n","protected":false},"excerpt":{"rendered":"<p>Miodowy namiot tipi z serii Velvet z mat\u0105. Stabilne i du\u017ce tipi do zabawy.<\/p>\n","protected":false},"featured_media":55059,"comment_status":"open","ping_status":"closed","template":"","meta":[],"product_brand":[],"product_cat":[24],"product_tag":[1434],"class_list":{"0":"post-55044","1":"product","2":"type-product","3":"status-publish","4":"has-post-thumbnail","6":"product_cat-namioty-tipi","7":"product_tag-pla","9":"first","10":"instock","11":"sale","12":"taxable","13":"shipping-taxable","14":"product-type-simple"},"yoast_head":"<!-- This site is optimized with the Yoast SEO plugin v27.0 - https:\/\/yoast.com\/product\/yoast-seo-wordpress\/ -->\n<title>Namiot tipi Japan Velvet z mat\u0105 - Cozydots.com<\/title>\n<meta name=\"description\" content=\"Tipi do zabawy z kieszonkami i okienkiem. Namiot w zestawie z mat\u0105.\" \/>\n<meta name=\"robots\" content=\"index, follow, max-snippet:-1, max-image-preview:large, max-video-preview:-1\" \/>\n<link rel=\"canonical\" href=\"https:\/\/cozydots.com\/pl\/produkt\/namiot-tipi-japan-velvet-z-mata\/\" \/>\n<meta property=\"og:locale\" content=\"pl_PL\" \/>\n<meta property=\"og:type\" content=\"article\" \/>\n<meta property=\"og:title\" content=\"Namiot tipi Japan Velvet z mat\u0105 - Cozydots.com\" \/>\n<meta property=\"og:description\" content=\"Tipi do zabawy z kieszonkami i okienkiem. Namiot w zestawie z mat\u0105.\" \/>\n<meta property=\"og:url\" content=\"https:\/\/cozydots.com\/pl\/produkt\/namiot-tipi-japan-velvet-z-mata\/\" \/>\n<meta property=\"og:site_name\" content=\"Cozydots.com\" \/>\n<meta property=\"article:modified_time\" content=\"2025-04-12T09:49:05+00:00\" \/>\n<meta property=\"og:image\" content=\"https:\/\/cozydots.com\/wp-content\/uploads\/2023\/04\/kids_tipi_tent_japan.jpg\" \/>\n\t<meta property=\"og:image:width\" content=\"1200\" \/>\n\t<meta property=\"og:image:height\" content=\"1200\" \/>\n\t<meta property=\"og:image:type\" content=\"image\/jpeg\" \/>\n<meta name=\"twitter:card\" content=\"summary_large_image\" \/>\n<meta name=\"twitter:label1\" content=\"Szacowany czas czytania\" \/>\n\t<meta name=\"twitter:data1\" content=\"2 minuty\" \/>\n<script type=\"application\/ld+json\" class=\"yoast-schema-graph\">{\"@context\":\"https:\/\/schema.org\",\"@graph\":[{\"@type\":\"WebPage\",\"@id\":\"https:\/\/cozydots.com\/pl\/produkt\/namiot-tipi-japan-velvet-z-mata\/\",\"url\":\"https:\/\/cozydots.com\/pl\/produkt\/namiot-tipi-japan-velvet-z-mata\/\",\"name\":\"Namiot tipi Japan Velvet z mat\u0105 - Cozydots.com\",\"isPartOf\":{\"@id\":\"https:\/\/cozydots.com\/pl\/#website\"},\"primaryImageOfPage\":{\"@id\":\"https:\/\/cozydots.com\/pl\/produkt\/namiot-tipi-japan-velvet-z-mata\/#primaryimage\"},\"image\":{\"@id\":\"https:\/\/cozydots.com\/pl\/produkt\/namiot-tipi-japan-velvet-z-mata\/#primaryimage\"},\"thumbnailUrl\":\"https:\/\/cozydots.com\/wp-content\/uploads\/2023\/04\/kids_tipi_tent_japan.jpg\",\"datePublished\":\"2023-04-04T10:20:28+00:00\",\"dateModified\":\"2025-04-12T09:49:05+00:00\",\"description\":\"Tipi do zabawy z kieszonkami i okienkiem. Namiot w zestawie z mat\u0105.\",\"breadcrumb\":{\"@id\":\"https:\/\/cozydots.com\/pl\/produkt\/namiot-tipi-japan-velvet-z-mata\/#breadcrumb\"},\"inLanguage\":\"pl-PL\",\"potentialAction\":[{\"@type\":\"ReadAction\",\"target\":[\"https:\/\/cozydots.com\/pl\/produkt\/namiot-tipi-japan-velvet-z-mata\/\"]}]},{\"@type\":\"ImageObject\",\"inLanguage\":\"pl-PL\",\"@id\":\"https:\/\/cozydots.com\/pl\/produkt\/namiot-tipi-japan-velvet-z-mata\/#primaryimage\",\"url\":\"https:\/\/cozydots.com\/wp-content\/uploads\/2023\/04\/kids_tipi_tent_japan.jpg\",\"contentUrl\":\"https:\/\/cozydots.com\/wp-content\/uploads\/2023\/04\/kids_tipi_tent_japan.jpg\",\"width\":1200,\"height\":1200},{\"@type\":\"BreadcrumbList\",\"@id\":\"https:\/\/cozydots.com\/pl\/produkt\/namiot-tipi-japan-velvet-z-mata\/#breadcrumb\",\"itemListElement\":[{\"@type\":\"ListItem\",\"position\":1,\"name\":\"Strona g\u0142\u00f3wna\",\"item\":\"https:\/\/cozydots.com\/pl\/\"},{\"@type\":\"ListItem\",\"position\":2,\"name\":\"Sklep\",\"item\":\"https:\/\/cozydots.com\/pl\/sklep\/\"},{\"@type\":\"ListItem\",\"position\":3,\"name\":\"Namiot tipi Japan Velvet z mat\u0105\"}]},{\"@type\":\"WebSite\",\"@id\":\"https:\/\/cozydots.com\/pl\/#website\",\"url\":\"https:\/\/cozydots.com\/pl\/\",\"name\":\"Cozydots.com\",\"description\":\"Producent namiot\u00f3w Tipi\",\"publisher\":{\"@id\":\"https:\/\/cozydots.com\/pl\/#organization\"},\"potentialAction\":[{\"@type\":\"SearchAction\",\"target\":{\"@type\":\"EntryPoint\",\"urlTemplate\":\"https:\/\/cozydots.com\/pl\/?s={search_term_string}\"},\"query-input\":{\"@type\":\"PropertyValueSpecification\",\"valueRequired\":true,\"valueName\":\"search_term_string\"}}],\"inLanguage\":\"pl-PL\"},{\"@type\":\"Organization\",\"@id\":\"https:\/\/cozydots.com\/pl\/#organization\",\"name\":\"Cozydots.com\",\"url\":\"https:\/\/cozydots.com\/pl\/\",\"logo\":{\"@type\":\"ImageObject\",\"inLanguage\":\"pl-PL\",\"@id\":\"https:\/\/cozydots.com\/pl\/#\/schema\/logo\/image\/\",\"url\":\"https:\/\/cozydots.com\/wp-content\/uploads\/2021\/10\/cozyshop_logo.png\",\"contentUrl\":\"https:\/\/cozydots.com\/wp-content\/uploads\/2021\/10\/cozyshop_logo.png\",\"width\":400,\"height\":121,\"caption\":\"Cozydots.com\"},\"image\":{\"@id\":\"https:\/\/cozydots.com\/pl\/#\/schema\/logo\/image\/\"}}]}<\/script>\n<!-- \/ Yoast SEO plugin. -->","yoast_head_json":{"title":"Namiot tipi Japan Velvet z mat\u0105 - Cozydots.com","description":"Tipi do zabawy z kieszonkami i okienkiem. Namiot w zestawie z mat\u0105.","robots":{"index":"index","follow":"follow","max-snippet":"max-snippet:-1","max-image-preview":"max-image-preview:large","max-video-preview":"max-video-preview:-1"},"canonical":"https:\/\/cozydots.com\/pl\/produkt\/namiot-tipi-japan-velvet-z-mata\/","og_locale":"pl_PL","og_type":"article","og_title":"Namiot tipi Japan Velvet z mat\u0105 - Cozydots.com","og_description":"Tipi do zabawy z kieszonkami i okienkiem. Namiot w zestawie z mat\u0105.","og_url":"https:\/\/cozydots.com\/pl\/produkt\/namiot-tipi-japan-velvet-z-mata\/","og_site_name":"Cozydots.com","article_modified_time":"2025-04-12T09:49:05+00:00","og_image":[{"width":1200,"height":1200,"url":"https:\/\/cozydots.com\/wp-content\/uploads\/2023\/04\/kids_tipi_tent_japan.jpg","type":"image\/jpeg"}],"twitter_card":"summary_large_image","twitter_misc":{"Szacowany czas czytania":"2 minuty"},"schema":{"@context":"https:\/\/schema.org","@graph":[{"@type":"WebPage","@id":"https:\/\/cozydots.com\/pl\/produkt\/namiot-tipi-japan-velvet-z-mata\/","url":"https:\/\/cozydots.com\/pl\/produkt\/namiot-tipi-japan-velvet-z-mata\/","name":"Namiot tipi Japan Velvet z mat\u0105 - Cozydots.com","isPartOf":{"@id":"https:\/\/cozydots.com\/pl\/#website"},"primaryImageOfPage":{"@id":"https:\/\/cozydots.com\/pl\/produkt\/namiot-tipi-japan-velvet-z-mata\/#primaryimage"},"image":{"@id":"https:\/\/cozydots.com\/pl\/produkt\/namiot-tipi-japan-velvet-z-mata\/#primaryimage"},"thumbnailUrl":"https:\/\/cozydots.com\/wp-content\/uploads\/2023\/04\/kids_tipi_tent_japan.jpg","datePublished":"2023-04-04T10:20:28+00:00","dateModified":"2025-04-12T09:49:05+00:00","description":"Tipi do zabawy z kieszonkami i okienkiem. Namiot w zestawie z mat\u0105.","breadcrumb":{"@id":"https:\/\/cozydots.com\/pl\/produkt\/namiot-tipi-japan-velvet-z-mata\/#breadcrumb"},"inLanguage":"pl-PL","potentialAction":[{"@type":"ReadAction","target":["https:\/\/cozydots.com\/pl\/produkt\/namiot-tipi-japan-velvet-z-mata\/"]}]},{"@type":"ImageObject","inLanguage":"pl-PL","@id":"https:\/\/cozydots.com\/pl\/produkt\/namiot-tipi-japan-velvet-z-mata\/#primaryimage","url":"https:\/\/cozydots.com\/wp-content\/uploads\/2023\/04\/kids_tipi_tent_japan.jpg","contentUrl":"https:\/\/cozydots.com\/wp-content\/uploads\/2023\/04\/kids_tipi_tent_japan.jpg","width":1200,"height":1200},{"@type":"BreadcrumbList","@id":"https:\/\/cozydots.com\/pl\/produkt\/namiot-tipi-japan-velvet-z-mata\/#breadcrumb","itemListElement":[{"@type":"ListItem","position":1,"name":"Strona g\u0142\u00f3wna","item":"https:\/\/cozydots.com\/pl\/"},{"@type":"ListItem","position":2,"name":"Sklep","item":"https:\/\/cozydots.com\/pl\/sklep\/"},{"@type":"ListItem","position":3,"name":"Namiot tipi Japan Velvet z mat\u0105"}]},{"@type":"WebSite","@id":"https:\/\/cozydots.com\/pl\/#website","url":"https:\/\/cozydots.com\/pl\/","name":"Cozydots.com","description":"Producent namiot\u00f3w Tipi","publisher":{"@id":"https:\/\/cozydots.com\/pl\/#organization"},"potentialAction":[{"@type":"SearchAction","target":{"@type":"EntryPoint","urlTemplate":"https:\/\/cozydots.com\/pl\/?s={search_term_string}"},"query-input":{"@type":"PropertyValueSpecification","valueRequired":true,"valueName":"search_term_string"}}],"inLanguage":"pl-PL"},{"@type":"Organization","@id":"https:\/\/cozydots.com\/pl\/#organization","name":"Cozydots.com","url":"https:\/\/cozydots.com\/pl\/","logo":{"@type":"ImageObject","inLanguage":"pl-PL","@id":"https:\/\/cozydots.com\/pl\/#\/schema\/logo\/image\/","url":"https:\/\/cozydots.com\/wp-content\/uploads\/2021\/10\/cozyshop_logo.png","contentUrl":"https:\/\/cozydots.com\/wp-content\/uploads\/2021\/10\/cozyshop_logo.png","width":400,"height":121,"caption":"Cozydots.com"},"image":{"@id":"https:\/\/cozydots.com\/pl\/#\/schema\/logo\/image\/"}}]}},"_links":{"self":[{"href":"https:\/\/cozydots.com\/pl\/wp-json\/wp\/v2\/product\/55044","targetHints":{"allow":["GET"]}}],"collection":[{"href":"https:\/\/cozydots.com\/pl\/wp-json\/wp\/v2\/product"}],"about":[{"href":"https:\/\/cozydots.com\/pl\/wp-json\/wp\/v2\/types\/product"}],"replies":[{"embeddable":true,"href":"https:\/\/cozydots.com\/pl\/wp-json\/wp\/v2\/comments?post=55044"}],"wp:featuredmedia":[{"embeddable":true,"href":"https:\/\/cozydots.com\/pl\/wp-json\/wp\/v2\/media\/55059"}],"wp:attachment":[{"href":"https:\/\/cozydots.com\/pl\/wp-json\/wp\/v2\/media?parent=55044"}],"wp:term":[{"taxonomy":"product_brand","embeddable":true,"href":"https:\/\/cozydots.com\/pl\/wp-json\/wp\/v2\/product_brand?post=55044"},{"taxonomy":"product_cat","embeddable":true,"href":"https:\/\/cozydots.com\/pl\/wp-json\/wp\/v2\/product_cat?post=55044"},{"taxonomy":"product_tag","embeddable":true,"href":"https:\/\/cozydots.com\/pl\/wp-json\/wp\/v2\/product_tag?post=55044"}],"curies":[{"name":"wp","href":"https:\/\/api.w.org\/{rel}","templated":true}]}}