{"id":55166,"date":"2023-04-13T18:16:26","date_gmt":"2023-04-13T16:16:26","guid":{"rendered":"https:\/\/cozydots.com\/?post_type=product&#038;p=55166"},"modified":"2023-05-21T23:22:18","modified_gmt":"2023-05-21T21:22:18","slug":"mata-do-zabawy-z-velvetu-sakura-mata-kwiatek","status":"publish","type":"product","link":"https:\/\/cozydots.com\/pl\/produkt\/mata-do-zabawy-z-velvetu-sakura-mata-kwiatek\/","title":{"rendered":"Mata do zabawy z velvetu Sakura, mata kwiatek"},"content":{"rendered":"<p style=\"text-align: left\"><b><img loading=\"lazy\" decoding=\"async\" class=\"alignnone size-medium wp-image-54935 alignright\" src=\"https:\/\/cozydots.com\/wp-content\/uploads\/2023\/03\/teepee-japan-garden-400x400.jpg\" alt=\"\" width=\"400\" height=\"400\" srcset=\"https:\/\/cozydots.com\/wp-content\/uploads\/2023\/03\/teepee-japan-garden-400x400.jpg 400w, https:\/\/cozydots.com\/wp-content\/uploads\/2023\/03\/teepee-japan-garden-1200x1200.jpg 1200w, https:\/\/cozydots.com\/wp-content\/uploads\/2023\/03\/teepee-japan-garden-150x150.jpg 150w, https:\/\/cozydots.com\/wp-content\/uploads\/2023\/03\/teepee-japan-garden-768x768.jpg 768w, https:\/\/cozydots.com\/wp-content\/uploads\/2023\/03\/teepee-japan-garden-1536x1536.jpg 1536w, https:\/\/cozydots.com\/wp-content\/uploads\/2023\/03\/teepee-japan-garden-470x470.jpg 470w, https:\/\/cozydots.com\/wp-content\/uploads\/2023\/03\/teepee-japan-garden-800x800.jpg 800w, https:\/\/cozydots.com\/wp-content\/uploads\/2023\/03\/teepee-japan-garden-100x100.jpg 100w, https:\/\/cozydots.com\/wp-content\/uploads\/2023\/03\/teepee-japan-garden.jpg 2000w\" sizes=\"auto, (max-width: 400px) 100vw, 400px\" \/><\/b><\/p>\n<p style=\"text-align: left\"><b>Mi\u0119kka mata z grubego velvetu w kszta\u0142cie kwiatu wi\u015bni, mata Sakura<\/b><\/p>\n<p>Mata \u015bwietnie nadaje si\u0119 jako element dekoracyjny w pokoju dziecka, mi\u0119kki dywanik \u2013 mata do zabawy.<\/p>\n<p>Mata jest sp\u00f3jna z nasz\u0105 kolekcj\u0105 Japan Garden, w kt\u00f3rej znajdziesz poduszki, girlandy i namioty tipi.<\/p>\n<p><b>R\u00f3\u017cowo-bia\u0142a mata w kszta\u0142cie kwiatka o wymiarach : 112 \u00d7112cm +\/- 1cm<\/b><\/p>\n<p><b>Tkanina: Velvet welur \u2013 CE, wype\u0142nienie \u2013 antyalergiczna pianka<\/b><\/p>\n<p>Spos\u00f3b piel\u0119gnacji:<\/p>\n<ul>\n<li>Nie prasowa\u0107<\/li>\n<li>Mo\u017cna pra\u0107 w pralce w temperaturze 40 stopni, wirowanie \u2013 800 obrot\u00f3w<\/li>\n<li>Nie pra\u0107 chemicznie<\/li>\n<li>Nie wybiela\u0107<\/li>\n<\/ul>\n<p>Zaprojektowane i uszyte w Polsce przez Cozy&amp;Dozy.<\/p>\n<p>Wszystkie materia\u0142y s\u0105 bezpieczne dla dzieci i posiadaj\u0105 certyfikat jako\u015bci dla produkt\u00f3w dzieci\u0119cych CE.<\/p>\n","protected":false},"excerpt":{"rendered":"<p>Mata, dywanik w kszta\u0142cie kwiatu wi\u015bni. Mata Sakura o wymiarach 112\u00d7112 cm z grubego velvetu.<\/p>\n","protected":false},"featured_media":55170,"comment_status":"open","ping_status":"closed","template":"","meta":[],"product_brand":[],"product_cat":[105],"product_tag":[],"class_list":{"0":"post-55166","1":"product","2":"type-product","3":"status-publish","4":"has-post-thumbnail","6":"product_cat-worki-i-maty-do-zabawy","8":"first","9":"instock","10":"sale","11":"taxable","12":"shipping-taxable","13":"product-type-simple"},"yoast_head":"<!-- This site is optimized with the Yoast SEO plugin v27.0 - https:\/\/yoast.com\/product\/yoast-seo-wordpress\/ -->\n<title>Mata do zabawy z velvetu Sakura, mata kwiatek - Cozydots.com<\/title>\n<meta name=\"description\" content=\"Mata, dywanik w kszta\u0142cie kwiatu wi\u015bni. Mata kwiat o wymiarach 112\u00d7112 cm z grubego velvetu.\" \/>\n<meta name=\"robots\" content=\"index, follow, max-snippet:-1, max-image-preview:large, max-video-preview:-1\" \/>\n<link rel=\"canonical\" href=\"https:\/\/cozydots.com\/pl\/produkt\/mata-do-zabawy-z-velvetu-sakura-mata-kwiatek\/\" \/>\n<meta property=\"og:locale\" content=\"pl_PL\" \/>\n<meta property=\"og:type\" content=\"article\" \/>\n<meta property=\"og:title\" content=\"Mata do zabawy z velvetu Sakura, mata kwiatek - Cozydots.com\" \/>\n<meta property=\"og:description\" content=\"Mata, dywanik w kszta\u0142cie kwiatu wi\u015bni. Mata kwiat o wymiarach 112\u00d7112 cm z grubego velvetu.\" \/>\n<meta property=\"og:url\" content=\"https:\/\/cozydots.com\/pl\/produkt\/mata-do-zabawy-z-velvetu-sakura-mata-kwiatek\/\" \/>\n<meta property=\"og:site_name\" content=\"Cozydots.com\" \/>\n<meta property=\"article:modified_time\" content=\"2023-05-21T21:22:18+00:00\" \/>\n<meta property=\"og:image\" content=\"https:\/\/cozydots.com\/wp-content\/uploads\/2023\/04\/sakura-play-mat.jpeg\" \/>\n\t<meta property=\"og:image:width\" content=\"1200\" \/>\n\t<meta property=\"og:image:height\" content=\"1200\" \/>\n\t<meta property=\"og:image:type\" content=\"image\/jpeg\" \/>\n<meta name=\"twitter:card\" content=\"summary_large_image\" \/>\n<meta name=\"twitter:label1\" content=\"Szacowany czas czytania\" \/>\n\t<meta name=\"twitter:data1\" content=\"1 minuta\" \/>\n<script type=\"application\/ld+json\" class=\"yoast-schema-graph\">{\"@context\":\"https:\/\/schema.org\",\"@graph\":[{\"@type\":\"WebPage\",\"@id\":\"https:\/\/cozydots.com\/pl\/produkt\/mata-do-zabawy-z-velvetu-sakura-mata-kwiatek\/\",\"url\":\"https:\/\/cozydots.com\/pl\/produkt\/mata-do-zabawy-z-velvetu-sakura-mata-kwiatek\/\",\"name\":\"Mata do zabawy z velvetu Sakura, mata kwiatek - Cozydots.com\",\"isPartOf\":{\"@id\":\"https:\/\/cozydots.com\/pl\/#website\"},\"primaryImageOfPage\":{\"@id\":\"https:\/\/cozydots.com\/pl\/produkt\/mata-do-zabawy-z-velvetu-sakura-mata-kwiatek\/#primaryimage\"},\"image\":{\"@id\":\"https:\/\/cozydots.com\/pl\/produkt\/mata-do-zabawy-z-velvetu-sakura-mata-kwiatek\/#primaryimage\"},\"thumbnailUrl\":\"https:\/\/cozydots.com\/wp-content\/uploads\/2023\/04\/sakura-play-mat.jpeg\",\"datePublished\":\"2023-04-13T16:16:26+00:00\",\"dateModified\":\"2023-05-21T21:22:18+00:00\",\"description\":\"Mata, dywanik w kszta\u0142cie kwiatu wi\u015bni. Mata kwiat o wymiarach 112\u00d7112 cm z grubego velvetu.\",\"breadcrumb\":{\"@id\":\"https:\/\/cozydots.com\/pl\/produkt\/mata-do-zabawy-z-velvetu-sakura-mata-kwiatek\/#breadcrumb\"},\"inLanguage\":\"pl-PL\",\"potentialAction\":[{\"@type\":\"ReadAction\",\"target\":[\"https:\/\/cozydots.com\/pl\/produkt\/mata-do-zabawy-z-velvetu-sakura-mata-kwiatek\/\"]}]},{\"@type\":\"ImageObject\",\"inLanguage\":\"pl-PL\",\"@id\":\"https:\/\/cozydots.com\/pl\/produkt\/mata-do-zabawy-z-velvetu-sakura-mata-kwiatek\/#primaryimage\",\"url\":\"https:\/\/cozydots.com\/wp-content\/uploads\/2023\/04\/sakura-play-mat.jpeg\",\"contentUrl\":\"https:\/\/cozydots.com\/wp-content\/uploads\/2023\/04\/sakura-play-mat.jpeg\",\"width\":1200,\"height\":1200},{\"@type\":\"BreadcrumbList\",\"@id\":\"https:\/\/cozydots.com\/pl\/produkt\/mata-do-zabawy-z-velvetu-sakura-mata-kwiatek\/#breadcrumb\",\"itemListElement\":[{\"@type\":\"ListItem\",\"position\":1,\"name\":\"Strona g\u0142\u00f3wna\",\"item\":\"https:\/\/cozydots.com\/pl\/\"},{\"@type\":\"ListItem\",\"position\":2,\"name\":\"Sklep\",\"item\":\"https:\/\/cozydots.com\/pl\/sklep\/\"},{\"@type\":\"ListItem\",\"position\":3,\"name\":\"Mata do zabawy z velvetu Sakura, mata kwiatek\"}]},{\"@type\":\"WebSite\",\"@id\":\"https:\/\/cozydots.com\/pl\/#website\",\"url\":\"https:\/\/cozydots.com\/pl\/\",\"name\":\"Cozydots.com\",\"description\":\"Producent namiot\u00f3w Tipi\",\"publisher\":{\"@id\":\"https:\/\/cozydots.com\/pl\/#organization\"},\"potentialAction\":[{\"@type\":\"SearchAction\",\"target\":{\"@type\":\"EntryPoint\",\"urlTemplate\":\"https:\/\/cozydots.com\/pl\/?s={search_term_string}\"},\"query-input\":{\"@type\":\"PropertyValueSpecification\",\"valueRequired\":true,\"valueName\":\"search_term_string\"}}],\"inLanguage\":\"pl-PL\"},{\"@type\":\"Organization\",\"@id\":\"https:\/\/cozydots.com\/pl\/#organization\",\"name\":\"Cozydots.com\",\"url\":\"https:\/\/cozydots.com\/pl\/\",\"logo\":{\"@type\":\"ImageObject\",\"inLanguage\":\"pl-PL\",\"@id\":\"https:\/\/cozydots.com\/pl\/#\/schema\/logo\/image\/\",\"url\":\"https:\/\/cozydots.com\/wp-content\/uploads\/2021\/10\/cozyshop_logo.png\",\"contentUrl\":\"https:\/\/cozydots.com\/wp-content\/uploads\/2021\/10\/cozyshop_logo.png\",\"width\":400,\"height\":121,\"caption\":\"Cozydots.com\"},\"image\":{\"@id\":\"https:\/\/cozydots.com\/pl\/#\/schema\/logo\/image\/\"}}]}<\/script>\n<!-- \/ Yoast SEO plugin. -->","yoast_head_json":{"title":"Mata do zabawy z velvetu Sakura, mata kwiatek - Cozydots.com","description":"Mata, dywanik w kszta\u0142cie kwiatu wi\u015bni. Mata kwiat o wymiarach 112\u00d7112 cm z grubego velvetu.","robots":{"index":"index","follow":"follow","max-snippet":"max-snippet:-1","max-image-preview":"max-image-preview:large","max-video-preview":"max-video-preview:-1"},"canonical":"https:\/\/cozydots.com\/pl\/produkt\/mata-do-zabawy-z-velvetu-sakura-mata-kwiatek\/","og_locale":"pl_PL","og_type":"article","og_title":"Mata do zabawy z velvetu Sakura, mata kwiatek - Cozydots.com","og_description":"Mata, dywanik w kszta\u0142cie kwiatu wi\u015bni. Mata kwiat o wymiarach 112\u00d7112 cm z grubego velvetu.","og_url":"https:\/\/cozydots.com\/pl\/produkt\/mata-do-zabawy-z-velvetu-sakura-mata-kwiatek\/","og_site_name":"Cozydots.com","article_modified_time":"2023-05-21T21:22:18+00:00","og_image":[{"width":1200,"height":1200,"url":"https:\/\/cozydots.com\/wp-content\/uploads\/2023\/04\/sakura-play-mat.jpeg","type":"image\/jpeg"}],"twitter_card":"summary_large_image","twitter_misc":{"Szacowany czas czytania":"1 minuta"},"schema":{"@context":"https:\/\/schema.org","@graph":[{"@type":"WebPage","@id":"https:\/\/cozydots.com\/pl\/produkt\/mata-do-zabawy-z-velvetu-sakura-mata-kwiatek\/","url":"https:\/\/cozydots.com\/pl\/produkt\/mata-do-zabawy-z-velvetu-sakura-mata-kwiatek\/","name":"Mata do zabawy z velvetu Sakura, mata kwiatek - Cozydots.com","isPartOf":{"@id":"https:\/\/cozydots.com\/pl\/#website"},"primaryImageOfPage":{"@id":"https:\/\/cozydots.com\/pl\/produkt\/mata-do-zabawy-z-velvetu-sakura-mata-kwiatek\/#primaryimage"},"image":{"@id":"https:\/\/cozydots.com\/pl\/produkt\/mata-do-zabawy-z-velvetu-sakura-mata-kwiatek\/#primaryimage"},"thumbnailUrl":"https:\/\/cozydots.com\/wp-content\/uploads\/2023\/04\/sakura-play-mat.jpeg","datePublished":"2023-04-13T16:16:26+00:00","dateModified":"2023-05-21T21:22:18+00:00","description":"Mata, dywanik w kszta\u0142cie kwiatu wi\u015bni. Mata kwiat o wymiarach 112\u00d7112 cm z grubego velvetu.","breadcrumb":{"@id":"https:\/\/cozydots.com\/pl\/produkt\/mata-do-zabawy-z-velvetu-sakura-mata-kwiatek\/#breadcrumb"},"inLanguage":"pl-PL","potentialAction":[{"@type":"ReadAction","target":["https:\/\/cozydots.com\/pl\/produkt\/mata-do-zabawy-z-velvetu-sakura-mata-kwiatek\/"]}]},{"@type":"ImageObject","inLanguage":"pl-PL","@id":"https:\/\/cozydots.com\/pl\/produkt\/mata-do-zabawy-z-velvetu-sakura-mata-kwiatek\/#primaryimage","url":"https:\/\/cozydots.com\/wp-content\/uploads\/2023\/04\/sakura-play-mat.jpeg","contentUrl":"https:\/\/cozydots.com\/wp-content\/uploads\/2023\/04\/sakura-play-mat.jpeg","width":1200,"height":1200},{"@type":"BreadcrumbList","@id":"https:\/\/cozydots.com\/pl\/produkt\/mata-do-zabawy-z-velvetu-sakura-mata-kwiatek\/#breadcrumb","itemListElement":[{"@type":"ListItem","position":1,"name":"Strona g\u0142\u00f3wna","item":"https:\/\/cozydots.com\/pl\/"},{"@type":"ListItem","position":2,"name":"Sklep","item":"https:\/\/cozydots.com\/pl\/sklep\/"},{"@type":"ListItem","position":3,"name":"Mata do zabawy z velvetu Sakura, mata kwiatek"}]},{"@type":"WebSite","@id":"https:\/\/cozydots.com\/pl\/#website","url":"https:\/\/cozydots.com\/pl\/","name":"Cozydots.com","description":"Producent namiot\u00f3w Tipi","publisher":{"@id":"https:\/\/cozydots.com\/pl\/#organization"},"potentialAction":[{"@type":"SearchAction","target":{"@type":"EntryPoint","urlTemplate":"https:\/\/cozydots.com\/pl\/?s={search_term_string}"},"query-input":{"@type":"PropertyValueSpecification","valueRequired":true,"valueName":"search_term_string"}}],"inLanguage":"pl-PL"},{"@type":"Organization","@id":"https:\/\/cozydots.com\/pl\/#organization","name":"Cozydots.com","url":"https:\/\/cozydots.com\/pl\/","logo":{"@type":"ImageObject","inLanguage":"pl-PL","@id":"https:\/\/cozydots.com\/pl\/#\/schema\/logo\/image\/","url":"https:\/\/cozydots.com\/wp-content\/uploads\/2021\/10\/cozyshop_logo.png","contentUrl":"https:\/\/cozydots.com\/wp-content\/uploads\/2021\/10\/cozyshop_logo.png","width":400,"height":121,"caption":"Cozydots.com"},"image":{"@id":"https:\/\/cozydots.com\/pl\/#\/schema\/logo\/image\/"}}]}},"_links":{"self":[{"href":"https:\/\/cozydots.com\/pl\/wp-json\/wp\/v2\/product\/55166","targetHints":{"allow":["GET"]}}],"collection":[{"href":"https:\/\/cozydots.com\/pl\/wp-json\/wp\/v2\/product"}],"about":[{"href":"https:\/\/cozydots.com\/pl\/wp-json\/wp\/v2\/types\/product"}],"replies":[{"embeddable":true,"href":"https:\/\/cozydots.com\/pl\/wp-json\/wp\/v2\/comments?post=55166"}],"wp:featuredmedia":[{"embeddable":true,"href":"https:\/\/cozydots.com\/pl\/wp-json\/wp\/v2\/media\/55170"}],"wp:attachment":[{"href":"https:\/\/cozydots.com\/pl\/wp-json\/wp\/v2\/media?parent=55166"}],"wp:term":[{"taxonomy":"product_brand","embeddable":true,"href":"https:\/\/cozydots.com\/pl\/wp-json\/wp\/v2\/product_brand?post=55166"},{"taxonomy":"product_cat","embeddable":true,"href":"https:\/\/cozydots.com\/pl\/wp-json\/wp\/v2\/product_cat?post=55166"},{"taxonomy":"product_tag","embeddable":true,"href":"https:\/\/cozydots.com\/pl\/wp-json\/wp\/v2\/product_tag?post=55166"}],"curies":[{"name":"wp","href":"https:\/\/api.w.org\/{rel}","templated":true}]}}