{"id":56695,"date":"2025-01-21T09:10:56","date_gmt":"2025-01-21T08:10:56","guid":{"rendered":"https:\/\/cozydots.com\/product\/poduszka-dino-poduszka-diplodok-zielona\/"},"modified":"2025-04-12T11:19:37","modified_gmt":"2025-04-12T09:19:37","slug":"poduszka-dino-poduszka-diplodok-zielona","status":"publish","type":"product","link":"https:\/\/cozydots.com\/pl\/produkt\/poduszka-dino-poduszka-diplodok-zielona\/","title":{"rendered":"Poduszka Dino, poduszka Diplodok zielona"},"content":{"rendered":"<div><img loading=\"lazy\" decoding=\"async\" class=\"alignnone size-medium wp-image-2835 alignright\" src=\"https:\/\/cozyanddozy.com\/wp-content\/uploads\/2024\/04\/dino-pillow-doplodok-green-cushion-389x400.jpeg\" alt=\"\" width=\"389\" height=\"400\" \/><\/div>\n<div>\n<div><strong>Zielony diplodok, to poduszka dinozaur, stworzona z my\u015bl\u0105 o ma\u0142ych mi\u0142o\u015bnikach prehistorycznych gigant\u00f3w!<\/strong><\/div>\n<div><strong>Nasza du\u017ca poduszka w kszta\u0142cie dinozaura to doskona\u0142a ozdoba pokoju oraz przytulanka dla ka\u017cdego dziecka, kt\u00f3re kocha \u015bwiat dinozaur\u00f3w.<\/strong><\/div>\n<div><\/div>\n<div>Wykonana z mi\u0119kkiego, przyjemnego w dotyku velvetu, poduszka zapewnia nie tylko wyj\u0105tkowy komfort, ale r\u00f3wnie\u017c zachwyca swoim unikalnym designem.<\/div>\n<div>Jej imponuj\u0105cy wymiar 50&#215;50 cm gwarantuje odpowiedni\u0105 wielko\u015b\u0107 do przytulania i relaksu.<\/div>\n<div><\/div>\n<div>Wype\u0142niona antyalergiczn\u0105 kul\u0105, nasza poduszka zapewnia bezpiecze\u0144stwo i komfort snu nawet najbardziej wra\u017cliwym u\u017cytkownikom.<\/div>\n<div>Ponadto, dzi\u0119ki wysokiej jako\u015bci wykonania w naszej pracowni Cozy&amp;Dozy w Polsce, mo\u017cesz mie\u0107 pewno\u015b\u0107, \u017ce produkt ten jest nie tylko estetyczny, ale tak\u017ce trwa\u0142y i solidny.<\/div>\n<div><\/div>\n<div>Idealna zar\u00f3wno jako dekoracja pokoju, jak i towarzysz podr\u00f3\u017cy, nasza poduszka dinozaur sprawi, \u017ce ka\u017cda chwila sp\u0119dzona z ni\u0105 b\u0119dzie pe\u0142na rado\u015bci i u\u015bmiechu.<\/div>\n<div>Daj swojemu dziecku mo\u017cliwo\u015b\u0107 zanurzenia si\u0119 w fascynuj\u0105cym \u015bwiecie dinozaur\u00f3w z nasz\u0105 wyj\u0105tkow\u0105 poduszk\u0105!<\/div>\n<div><\/div>\n<div>Piel\u0119gnacja:<\/div>\n<div>&#8211; pranie w 40 stopniach<\/div>\n<div>&#8211; wiroowanie 800 obrot\u00f3w<\/div>\n<div>&#8211; mozna suszy\u0107 w suszarce b\u0119bnowej<\/div>\n<div>&#8211; nie chlorowa\u0107<\/div>\n<div><\/div>\n<div>Wszystkie nasze produkty s\u0105 uszyte z bezpiecznych, certyfikowanych tkanin, wykonane z wysokiej jako\u015bci splotu.<\/div>\n<div>Zaprojektowane i wykonane w naszej pracowni Cozy&amp;Dozy.<\/div>\n<\/div>\n","protected":false},"excerpt":{"rendered":"<p>Nasza du\u017ca poduszka w kszta\u0142cie dinozaura to idealna dekoracja pokoju i przytulanka dla ka\u017cdego dziecka, kt\u00f3re kocha \u015bwiat dinozaur\u00f3w.<\/p>\n","protected":false},"featured_media":56590,"comment_status":"open","ping_status":"closed","template":"","meta":[],"product_brand":[],"product_cat":[102],"product_tag":[],"class_list":{"0":"post-56695","1":"product","2":"type-product","3":"status-publish","4":"has-post-thumbnail","6":"product_cat-poduszki-i-pufy","8":"first","9":"instock","10":"sale","11":"taxable","12":"shipping-taxable","13":"product-type-simple"},"yoast_head":"<!-- This site is optimized with the Yoast SEO plugin v27.0 - https:\/\/yoast.com\/product\/yoast-seo-wordpress\/ -->\n<title>Poduszka Dino, poduszka Diplodok zielona - Cozydots.com<\/title>\n<meta name=\"robots\" content=\"index, follow, max-snippet:-1, max-image-preview:large, max-video-preview:-1\" \/>\n<link rel=\"canonical\" href=\"https:\/\/cozydots.com\/pl\/produkt\/poduszka-dino-poduszka-diplodok-zielona\/\" \/>\n<meta property=\"og:locale\" content=\"pl_PL\" \/>\n<meta property=\"og:type\" content=\"article\" \/>\n<meta property=\"og:title\" content=\"Poduszka Dino, poduszka Diplodok zielona - Cozydots.com\" \/>\n<meta property=\"og:description\" content=\"Nasza du\u017ca poduszka w kszta\u0142cie dinozaura to idealna dekoracja pokoju i przytulanka dla ka\u017cdego dziecka, kt\u00f3re kocha \u015bwiat dinozaur\u00f3w.\" \/>\n<meta property=\"og:url\" content=\"https:\/\/cozydots.com\/pl\/produkt\/poduszka-dino-poduszka-diplodok-zielona\/\" \/>\n<meta property=\"og:site_name\" content=\"Cozydots.com\" \/>\n<meta property=\"article:modified_time\" content=\"2025-04-12T09:19:37+00:00\" \/>\n<meta property=\"og:image\" content=\"https:\/\/cozydots.com\/wp-content\/uploads\/2025\/01\/diplodok-pillow-3.jpg\" \/>\n\t<meta property=\"og:image:width\" content=\"1200\" \/>\n\t<meta property=\"og:image:height\" content=\"1200\" \/>\n\t<meta property=\"og:image:type\" content=\"image\/jpeg\" \/>\n<meta name=\"twitter:card\" content=\"summary_large_image\" \/>\n<meta name=\"twitter:label1\" content=\"Szacowany czas czytania\" \/>\n\t<meta name=\"twitter:data1\" content=\"2 minuty\" \/>\n<script type=\"application\/ld+json\" class=\"yoast-schema-graph\">{\"@context\":\"https:\/\/schema.org\",\"@graph\":[{\"@type\":\"WebPage\",\"@id\":\"https:\/\/cozydots.com\/pl\/produkt\/poduszka-dino-poduszka-diplodok-zielona\/\",\"url\":\"https:\/\/cozydots.com\/pl\/produkt\/poduszka-dino-poduszka-diplodok-zielona\/\",\"name\":\"Poduszka Dino, poduszka Diplodok zielona - Cozydots.com\",\"isPartOf\":{\"@id\":\"https:\/\/cozydots.com\/pl\/#website\"},\"primaryImageOfPage\":{\"@id\":\"https:\/\/cozydots.com\/pl\/produkt\/poduszka-dino-poduszka-diplodok-zielona\/#primaryimage\"},\"image\":{\"@id\":\"https:\/\/cozydots.com\/pl\/produkt\/poduszka-dino-poduszka-diplodok-zielona\/#primaryimage\"},\"thumbnailUrl\":\"https:\/\/cozydots.com\/wp-content\/uploads\/2025\/01\/diplodok-pillow-3.jpg\",\"datePublished\":\"2025-01-21T08:10:56+00:00\",\"dateModified\":\"2025-04-12T09:19:37+00:00\",\"breadcrumb\":{\"@id\":\"https:\/\/cozydots.com\/pl\/produkt\/poduszka-dino-poduszka-diplodok-zielona\/#breadcrumb\"},\"inLanguage\":\"pl-PL\",\"potentialAction\":[{\"@type\":\"ReadAction\",\"target\":[\"https:\/\/cozydots.com\/pl\/produkt\/poduszka-dino-poduszka-diplodok-zielona\/\"]}]},{\"@type\":\"ImageObject\",\"inLanguage\":\"pl-PL\",\"@id\":\"https:\/\/cozydots.com\/pl\/produkt\/poduszka-dino-poduszka-diplodok-zielona\/#primaryimage\",\"url\":\"https:\/\/cozydots.com\/wp-content\/uploads\/2025\/01\/diplodok-pillow-3.jpg\",\"contentUrl\":\"https:\/\/cozydots.com\/wp-content\/uploads\/2025\/01\/diplodok-pillow-3.jpg\",\"width\":1200,\"height\":1200},{\"@type\":\"BreadcrumbList\",\"@id\":\"https:\/\/cozydots.com\/pl\/produkt\/poduszka-dino-poduszka-diplodok-zielona\/#breadcrumb\",\"itemListElement\":[{\"@type\":\"ListItem\",\"position\":1,\"name\":\"Strona g\u0142\u00f3wna\",\"item\":\"https:\/\/cozydots.com\/pl\/\"},{\"@type\":\"ListItem\",\"position\":2,\"name\":\"Sklep\",\"item\":\"https:\/\/cozydots.com\/pl\/sklep\/\"},{\"@type\":\"ListItem\",\"position\":3,\"name\":\"Poduszka Dino, poduszka Diplodok zielona\"}]},{\"@type\":\"WebSite\",\"@id\":\"https:\/\/cozydots.com\/pl\/#website\",\"url\":\"https:\/\/cozydots.com\/pl\/\",\"name\":\"Cozydots.com\",\"description\":\"Producent namiot\u00f3w Tipi\",\"publisher\":{\"@id\":\"https:\/\/cozydots.com\/pl\/#organization\"},\"potentialAction\":[{\"@type\":\"SearchAction\",\"target\":{\"@type\":\"EntryPoint\",\"urlTemplate\":\"https:\/\/cozydots.com\/pl\/?s={search_term_string}\"},\"query-input\":{\"@type\":\"PropertyValueSpecification\",\"valueRequired\":true,\"valueName\":\"search_term_string\"}}],\"inLanguage\":\"pl-PL\"},{\"@type\":\"Organization\",\"@id\":\"https:\/\/cozydots.com\/pl\/#organization\",\"name\":\"Cozydots.com\",\"url\":\"https:\/\/cozydots.com\/pl\/\",\"logo\":{\"@type\":\"ImageObject\",\"inLanguage\":\"pl-PL\",\"@id\":\"https:\/\/cozydots.com\/pl\/#\/schema\/logo\/image\/\",\"url\":\"https:\/\/cozydots.com\/wp-content\/uploads\/2021\/10\/cozyshop_logo.png\",\"contentUrl\":\"https:\/\/cozydots.com\/wp-content\/uploads\/2021\/10\/cozyshop_logo.png\",\"width\":400,\"height\":121,\"caption\":\"Cozydots.com\"},\"image\":{\"@id\":\"https:\/\/cozydots.com\/pl\/#\/schema\/logo\/image\/\"}}]}<\/script>\n<!-- \/ Yoast SEO plugin. -->","yoast_head_json":{"title":"Poduszka Dino, poduszka Diplodok zielona - Cozydots.com","robots":{"index":"index","follow":"follow","max-snippet":"max-snippet:-1","max-image-preview":"max-image-preview:large","max-video-preview":"max-video-preview:-1"},"canonical":"https:\/\/cozydots.com\/pl\/produkt\/poduszka-dino-poduszka-diplodok-zielona\/","og_locale":"pl_PL","og_type":"article","og_title":"Poduszka Dino, poduszka Diplodok zielona - Cozydots.com","og_description":"Nasza du\u017ca poduszka w kszta\u0142cie dinozaura to idealna dekoracja pokoju i przytulanka dla ka\u017cdego dziecka, kt\u00f3re kocha \u015bwiat dinozaur\u00f3w.","og_url":"https:\/\/cozydots.com\/pl\/produkt\/poduszka-dino-poduszka-diplodok-zielona\/","og_site_name":"Cozydots.com","article_modified_time":"2025-04-12T09:19:37+00:00","og_image":[{"width":1200,"height":1200,"url":"https:\/\/cozydots.com\/wp-content\/uploads\/2025\/01\/diplodok-pillow-3.jpg","type":"image\/jpeg"}],"twitter_card":"summary_large_image","twitter_misc":{"Szacowany czas czytania":"2 minuty"},"schema":{"@context":"https:\/\/schema.org","@graph":[{"@type":"WebPage","@id":"https:\/\/cozydots.com\/pl\/produkt\/poduszka-dino-poduszka-diplodok-zielona\/","url":"https:\/\/cozydots.com\/pl\/produkt\/poduszka-dino-poduszka-diplodok-zielona\/","name":"Poduszka Dino, poduszka Diplodok zielona - Cozydots.com","isPartOf":{"@id":"https:\/\/cozydots.com\/pl\/#website"},"primaryImageOfPage":{"@id":"https:\/\/cozydots.com\/pl\/produkt\/poduszka-dino-poduszka-diplodok-zielona\/#primaryimage"},"image":{"@id":"https:\/\/cozydots.com\/pl\/produkt\/poduszka-dino-poduszka-diplodok-zielona\/#primaryimage"},"thumbnailUrl":"https:\/\/cozydots.com\/wp-content\/uploads\/2025\/01\/diplodok-pillow-3.jpg","datePublished":"2025-01-21T08:10:56+00:00","dateModified":"2025-04-12T09:19:37+00:00","breadcrumb":{"@id":"https:\/\/cozydots.com\/pl\/produkt\/poduszka-dino-poduszka-diplodok-zielona\/#breadcrumb"},"inLanguage":"pl-PL","potentialAction":[{"@type":"ReadAction","target":["https:\/\/cozydots.com\/pl\/produkt\/poduszka-dino-poduszka-diplodok-zielona\/"]}]},{"@type":"ImageObject","inLanguage":"pl-PL","@id":"https:\/\/cozydots.com\/pl\/produkt\/poduszka-dino-poduszka-diplodok-zielona\/#primaryimage","url":"https:\/\/cozydots.com\/wp-content\/uploads\/2025\/01\/diplodok-pillow-3.jpg","contentUrl":"https:\/\/cozydots.com\/wp-content\/uploads\/2025\/01\/diplodok-pillow-3.jpg","width":1200,"height":1200},{"@type":"BreadcrumbList","@id":"https:\/\/cozydots.com\/pl\/produkt\/poduszka-dino-poduszka-diplodok-zielona\/#breadcrumb","itemListElement":[{"@type":"ListItem","position":1,"name":"Strona g\u0142\u00f3wna","item":"https:\/\/cozydots.com\/pl\/"},{"@type":"ListItem","position":2,"name":"Sklep","item":"https:\/\/cozydots.com\/pl\/sklep\/"},{"@type":"ListItem","position":3,"name":"Poduszka Dino, poduszka Diplodok zielona"}]},{"@type":"WebSite","@id":"https:\/\/cozydots.com\/pl\/#website","url":"https:\/\/cozydots.com\/pl\/","name":"Cozydots.com","description":"Producent namiot\u00f3w Tipi","publisher":{"@id":"https:\/\/cozydots.com\/pl\/#organization"},"potentialAction":[{"@type":"SearchAction","target":{"@type":"EntryPoint","urlTemplate":"https:\/\/cozydots.com\/pl\/?s={search_term_string}"},"query-input":{"@type":"PropertyValueSpecification","valueRequired":true,"valueName":"search_term_string"}}],"inLanguage":"pl-PL"},{"@type":"Organization","@id":"https:\/\/cozydots.com\/pl\/#organization","name":"Cozydots.com","url":"https:\/\/cozydots.com\/pl\/","logo":{"@type":"ImageObject","inLanguage":"pl-PL","@id":"https:\/\/cozydots.com\/pl\/#\/schema\/logo\/image\/","url":"https:\/\/cozydots.com\/wp-content\/uploads\/2021\/10\/cozyshop_logo.png","contentUrl":"https:\/\/cozydots.com\/wp-content\/uploads\/2021\/10\/cozyshop_logo.png","width":400,"height":121,"caption":"Cozydots.com"},"image":{"@id":"https:\/\/cozydots.com\/pl\/#\/schema\/logo\/image\/"}}]}},"_links":{"self":[{"href":"https:\/\/cozydots.com\/pl\/wp-json\/wp\/v2\/product\/56695","targetHints":{"allow":["GET"]}}],"collection":[{"href":"https:\/\/cozydots.com\/pl\/wp-json\/wp\/v2\/product"}],"about":[{"href":"https:\/\/cozydots.com\/pl\/wp-json\/wp\/v2\/types\/product"}],"replies":[{"embeddable":true,"href":"https:\/\/cozydots.com\/pl\/wp-json\/wp\/v2\/comments?post=56695"}],"wp:featuredmedia":[{"embeddable":true,"href":"https:\/\/cozydots.com\/pl\/wp-json\/wp\/v2\/media\/56590"}],"wp:attachment":[{"href":"https:\/\/cozydots.com\/pl\/wp-json\/wp\/v2\/media?parent=56695"}],"wp:term":[{"taxonomy":"product_brand","embeddable":true,"href":"https:\/\/cozydots.com\/pl\/wp-json\/wp\/v2\/product_brand?post=56695"},{"taxonomy":"product_cat","embeddable":true,"href":"https:\/\/cozydots.com\/pl\/wp-json\/wp\/v2\/product_cat?post=56695"},{"taxonomy":"product_tag","embeddable":true,"href":"https:\/\/cozydots.com\/pl\/wp-json\/wp\/v2\/product_tag?post=56695"}],"curies":[{"name":"wp","href":"https:\/\/api.w.org\/{rel}","templated":true}]}}