{"id":56837,"date":"2025-01-21T09:11:17","date_gmt":"2025-01-21T08:11:17","guid":{"rendered":"https:\/\/cozydots.com\/product\/rozowa-poduszka-z-velvetu-z-aplikacja-kroliczych-uszu\/"},"modified":"2025-04-12T11:13:51","modified_gmt":"2025-04-12T09:13:51","slug":"rozowa-poduszka-z-velvetu-z-aplikacja-kroliczych-uszu","status":"publish","type":"product","link":"https:\/\/cozydots.com\/pl\/produkt\/rozowa-poduszka-z-velvetu-z-aplikacja-kroliczych-uszu\/","title":{"rendered":"R\u00f3\u017cowa poduszka z velvetu z aplikacj\u0105 kr\u00f3liczych uszu"},"content":{"rendered":"<h3><strong>Poduszka z uszami kr\u00f3lika inspirowana stylem Alicji w Krainie Czar\u00f3w.<\/strong><\/h3>\n<div>Poduszka z serii Alice stworzy bajeczn\u0105 atmosfer\u0119 w pokoju Twojego dziecka.<\/div>\n<div>Poduszka wykonana jest z mi\u0119kkiego, grubego aksamitu i ozdobiona aplikacj\u0105. Ca\u0142o\u015b\u0107 wyko\u0144czona jest lam\u00f3wk\u0105.<\/div>\n<div>R\u00f3\u017cowa poduszka z aplikacj\u0105<\/div>\n<div><\/div>\n<div>R\u00f3\u017cowa aksamitna poduszka z aplikacj\u0105 w postaci bia\u0142ych, futrzanych uszu kr\u00f3lika. Aksamitna poduszka sprawdzi si\u0119 zar\u00f3wno dla dzieci, jak i doros\u0142ych, b\u0119dzie \u015bwietn\u0105 ozdob\u0105 \u0142\u00f3\u017cka lub sofy.<\/div>\n<div>W serii Alicja posiadamy poduszki w r\u00f3\u017cnych kolorach i zastosowaniach, tematycznie nawi\u0105zuj\u0105cych do ba\u015bniowej atmosfery Krainy Czar\u00f3w.<\/div>\n<div><\/div>\n<div>Opis poduszki:<\/div>\n<ul>\n<li>wymiary: 40\u00d740 cm<\/li>\n<li>posiada zamek b\u0142yskawiczny (\u0142atwy w praniu)<\/li>\n<li>wype\u0142nienie hipoalergiczne<\/li>\n<li>wykonany w 100% z aksamitu PES, certyfikowanej tkaniny<\/li>\n<li>Produkt z certyfikatem CE<\/li>\n<li>zaprojektowana i uszyta przez Cozy&amp;Dozy w Polsce.<\/li>\n<\/ul>\n<div>Metoda piel\u0119gnacji:<\/div>\n<ul>\n<li>Pra\u0107 w temperaturze 40\u00b0 \u2013 program delikatny<\/li>\n<li>Nie prasowa\u0107 i nie czy\u015bci\u0107 chemicznie<\/li>\n<li>Nie chlorowa\u0107<\/li>\n<\/ul>\n<div>Bezpiecze\u0144stwo dzieci jest dla nas najwa\u017cniejsze, dlatego girlanda i poduszka wykonane s\u0105 w 100% z najwy\u017cszej jako\u015bci aksamitu.<\/div>\n<div><\/div>\n<div>Nasze produkty posiadaj\u0105 certyfikat CE, dzi\u0119ki czemu mo\u017cesz bez obaw podarowa\u0107 je swojemu dziecku.<\/div>\n<div><\/div>\n<div>Wszystkie nasze produkty zosta\u0142y zaprojektowane i wykonane w naszej pracowni Cozy&amp;Dozy.<\/div>\n","protected":false},"excerpt":{"rendered":"<p>Dekoracyjna poduszka z velvetu z aplikacj\u0105 kr\u00f3liczych uszu. Poduszka z wype\u0142nieniem, inspirowana Alicj\u0105 w Krainie Czar\u00f3w.<\/p>\n","protected":false},"featured_media":56781,"comment_status":"open","ping_status":"closed","template":"","meta":[],"product_brand":[],"product_cat":[102],"product_tag":[],"class_list":{"0":"post-56837","1":"product","2":"type-product","3":"status-publish","4":"has-post-thumbnail","6":"product_cat-poduszki-i-pufy","8":"first","9":"instock","10":"sale","11":"taxable","12":"shipping-taxable","13":"product-type-simple"},"yoast_head":"<!-- This site is optimized with the Yoast SEO plugin v27.0 - https:\/\/yoast.com\/product\/yoast-seo-wordpress\/ -->\n<title>R\u00f3\u017cowa poduszka z velvetu z aplikacj\u0105 kr\u00f3liczych uszu - Cozydots.com<\/title>\n<meta name=\"robots\" content=\"index, follow, max-snippet:-1, max-image-preview:large, max-video-preview:-1\" \/>\n<link rel=\"canonical\" href=\"https:\/\/cozydots.com\/pl\/produkt\/rozowa-poduszka-z-velvetu-z-aplikacja-kroliczych-uszu\/\" \/>\n<meta property=\"og:locale\" content=\"pl_PL\" \/>\n<meta property=\"og:type\" content=\"article\" \/>\n<meta property=\"og:title\" content=\"R\u00f3\u017cowa poduszka z velvetu z aplikacj\u0105 kr\u00f3liczych uszu - Cozydots.com\" \/>\n<meta property=\"og:description\" content=\"Dekoracyjna poduszka z velvetu z aplikacj\u0105 kr\u00f3liczych uszu. Poduszka z wype\u0142nieniem, inspirowana Alicj\u0105 w Krainie Czar\u00f3w.\" \/>\n<meta property=\"og:url\" content=\"https:\/\/cozydots.com\/pl\/produkt\/rozowa-poduszka-z-velvetu-z-aplikacja-kroliczych-uszu\/\" \/>\n<meta property=\"og:site_name\" content=\"Cozydots.com\" \/>\n<meta property=\"article:modified_time\" content=\"2025-04-12T09:13:51+00:00\" \/>\n<meta property=\"og:image\" content=\"https:\/\/cozydots.com\/wp-content\/uploads\/2025\/01\/alice-3447-scaled-1.jpg\" \/>\n\t<meta property=\"og:image:width\" content=\"2560\" \/>\n\t<meta property=\"og:image:height\" content=\"1962\" \/>\n\t<meta property=\"og:image:type\" content=\"image\/jpeg\" \/>\n<meta name=\"twitter:card\" content=\"summary_large_image\" \/>\n<meta name=\"twitter:label1\" content=\"Szacowany czas czytania\" \/>\n\t<meta name=\"twitter:data1\" content=\"2 minuty\" \/>\n<script type=\"application\/ld+json\" class=\"yoast-schema-graph\">{\"@context\":\"https:\/\/schema.org\",\"@graph\":[{\"@type\":\"WebPage\",\"@id\":\"https:\/\/cozydots.com\/pl\/produkt\/rozowa-poduszka-z-velvetu-z-aplikacja-kroliczych-uszu\/\",\"url\":\"https:\/\/cozydots.com\/pl\/produkt\/rozowa-poduszka-z-velvetu-z-aplikacja-kroliczych-uszu\/\",\"name\":\"R\u00f3\u017cowa poduszka z velvetu z aplikacj\u0105 kr\u00f3liczych uszu - Cozydots.com\",\"isPartOf\":{\"@id\":\"https:\/\/cozydots.com\/pl\/#website\"},\"primaryImageOfPage\":{\"@id\":\"https:\/\/cozydots.com\/pl\/produkt\/rozowa-poduszka-z-velvetu-z-aplikacja-kroliczych-uszu\/#primaryimage\"},\"image\":{\"@id\":\"https:\/\/cozydots.com\/pl\/produkt\/rozowa-poduszka-z-velvetu-z-aplikacja-kroliczych-uszu\/#primaryimage\"},\"thumbnailUrl\":\"https:\/\/cozydots.com\/wp-content\/uploads\/2025\/01\/alice-3447-scaled-1.jpg\",\"datePublished\":\"2025-01-21T08:11:17+00:00\",\"dateModified\":\"2025-04-12T09:13:51+00:00\",\"breadcrumb\":{\"@id\":\"https:\/\/cozydots.com\/pl\/produkt\/rozowa-poduszka-z-velvetu-z-aplikacja-kroliczych-uszu\/#breadcrumb\"},\"inLanguage\":\"pl-PL\",\"potentialAction\":[{\"@type\":\"ReadAction\",\"target\":[\"https:\/\/cozydots.com\/pl\/produkt\/rozowa-poduszka-z-velvetu-z-aplikacja-kroliczych-uszu\/\"]}]},{\"@type\":\"ImageObject\",\"inLanguage\":\"pl-PL\",\"@id\":\"https:\/\/cozydots.com\/pl\/produkt\/rozowa-poduszka-z-velvetu-z-aplikacja-kroliczych-uszu\/#primaryimage\",\"url\":\"https:\/\/cozydots.com\/wp-content\/uploads\/2025\/01\/alice-3447-scaled-1.jpg\",\"contentUrl\":\"https:\/\/cozydots.com\/wp-content\/uploads\/2025\/01\/alice-3447-scaled-1.jpg\",\"width\":2560,\"height\":1962},{\"@type\":\"BreadcrumbList\",\"@id\":\"https:\/\/cozydots.com\/pl\/produkt\/rozowa-poduszka-z-velvetu-z-aplikacja-kroliczych-uszu\/#breadcrumb\",\"itemListElement\":[{\"@type\":\"ListItem\",\"position\":1,\"name\":\"Strona g\u0142\u00f3wna\",\"item\":\"https:\/\/cozydots.com\/pl\/\"},{\"@type\":\"ListItem\",\"position\":2,\"name\":\"Sklep\",\"item\":\"https:\/\/cozydots.com\/pl\/sklep\/\"},{\"@type\":\"ListItem\",\"position\":3,\"name\":\"R\u00f3\u017cowa poduszka z velvetu z aplikacj\u0105 kr\u00f3liczych uszu\"}]},{\"@type\":\"WebSite\",\"@id\":\"https:\/\/cozydots.com\/pl\/#website\",\"url\":\"https:\/\/cozydots.com\/pl\/\",\"name\":\"Cozydots.com\",\"description\":\"Producent namiot\u00f3w Tipi\",\"publisher\":{\"@id\":\"https:\/\/cozydots.com\/pl\/#organization\"},\"potentialAction\":[{\"@type\":\"SearchAction\",\"target\":{\"@type\":\"EntryPoint\",\"urlTemplate\":\"https:\/\/cozydots.com\/pl\/?s={search_term_string}\"},\"query-input\":{\"@type\":\"PropertyValueSpecification\",\"valueRequired\":true,\"valueName\":\"search_term_string\"}}],\"inLanguage\":\"pl-PL\"},{\"@type\":\"Organization\",\"@id\":\"https:\/\/cozydots.com\/pl\/#organization\",\"name\":\"Cozydots.com\",\"url\":\"https:\/\/cozydots.com\/pl\/\",\"logo\":{\"@type\":\"ImageObject\",\"inLanguage\":\"pl-PL\",\"@id\":\"https:\/\/cozydots.com\/pl\/#\/schema\/logo\/image\/\",\"url\":\"https:\/\/cozydots.com\/wp-content\/uploads\/2021\/10\/cozyshop_logo.png\",\"contentUrl\":\"https:\/\/cozydots.com\/wp-content\/uploads\/2021\/10\/cozyshop_logo.png\",\"width\":400,\"height\":121,\"caption\":\"Cozydots.com\"},\"image\":{\"@id\":\"https:\/\/cozydots.com\/pl\/#\/schema\/logo\/image\/\"}}]}<\/script>\n<!-- \/ Yoast SEO plugin. -->","yoast_head_json":{"title":"R\u00f3\u017cowa poduszka z velvetu z aplikacj\u0105 kr\u00f3liczych uszu - Cozydots.com","robots":{"index":"index","follow":"follow","max-snippet":"max-snippet:-1","max-image-preview":"max-image-preview:large","max-video-preview":"max-video-preview:-1"},"canonical":"https:\/\/cozydots.com\/pl\/produkt\/rozowa-poduszka-z-velvetu-z-aplikacja-kroliczych-uszu\/","og_locale":"pl_PL","og_type":"article","og_title":"R\u00f3\u017cowa poduszka z velvetu z aplikacj\u0105 kr\u00f3liczych uszu - Cozydots.com","og_description":"Dekoracyjna poduszka z velvetu z aplikacj\u0105 kr\u00f3liczych uszu. Poduszka z wype\u0142nieniem, inspirowana Alicj\u0105 w Krainie Czar\u00f3w.","og_url":"https:\/\/cozydots.com\/pl\/produkt\/rozowa-poduszka-z-velvetu-z-aplikacja-kroliczych-uszu\/","og_site_name":"Cozydots.com","article_modified_time":"2025-04-12T09:13:51+00:00","og_image":[{"width":2560,"height":1962,"url":"https:\/\/cozydots.com\/wp-content\/uploads\/2025\/01\/alice-3447-scaled-1.jpg","type":"image\/jpeg"}],"twitter_card":"summary_large_image","twitter_misc":{"Szacowany czas czytania":"2 minuty"},"schema":{"@context":"https:\/\/schema.org","@graph":[{"@type":"WebPage","@id":"https:\/\/cozydots.com\/pl\/produkt\/rozowa-poduszka-z-velvetu-z-aplikacja-kroliczych-uszu\/","url":"https:\/\/cozydots.com\/pl\/produkt\/rozowa-poduszka-z-velvetu-z-aplikacja-kroliczych-uszu\/","name":"R\u00f3\u017cowa poduszka z velvetu z aplikacj\u0105 kr\u00f3liczych uszu - Cozydots.com","isPartOf":{"@id":"https:\/\/cozydots.com\/pl\/#website"},"primaryImageOfPage":{"@id":"https:\/\/cozydots.com\/pl\/produkt\/rozowa-poduszka-z-velvetu-z-aplikacja-kroliczych-uszu\/#primaryimage"},"image":{"@id":"https:\/\/cozydots.com\/pl\/produkt\/rozowa-poduszka-z-velvetu-z-aplikacja-kroliczych-uszu\/#primaryimage"},"thumbnailUrl":"https:\/\/cozydots.com\/wp-content\/uploads\/2025\/01\/alice-3447-scaled-1.jpg","datePublished":"2025-01-21T08:11:17+00:00","dateModified":"2025-04-12T09:13:51+00:00","breadcrumb":{"@id":"https:\/\/cozydots.com\/pl\/produkt\/rozowa-poduszka-z-velvetu-z-aplikacja-kroliczych-uszu\/#breadcrumb"},"inLanguage":"pl-PL","potentialAction":[{"@type":"ReadAction","target":["https:\/\/cozydots.com\/pl\/produkt\/rozowa-poduszka-z-velvetu-z-aplikacja-kroliczych-uszu\/"]}]},{"@type":"ImageObject","inLanguage":"pl-PL","@id":"https:\/\/cozydots.com\/pl\/produkt\/rozowa-poduszka-z-velvetu-z-aplikacja-kroliczych-uszu\/#primaryimage","url":"https:\/\/cozydots.com\/wp-content\/uploads\/2025\/01\/alice-3447-scaled-1.jpg","contentUrl":"https:\/\/cozydots.com\/wp-content\/uploads\/2025\/01\/alice-3447-scaled-1.jpg","width":2560,"height":1962},{"@type":"BreadcrumbList","@id":"https:\/\/cozydots.com\/pl\/produkt\/rozowa-poduszka-z-velvetu-z-aplikacja-kroliczych-uszu\/#breadcrumb","itemListElement":[{"@type":"ListItem","position":1,"name":"Strona g\u0142\u00f3wna","item":"https:\/\/cozydots.com\/pl\/"},{"@type":"ListItem","position":2,"name":"Sklep","item":"https:\/\/cozydots.com\/pl\/sklep\/"},{"@type":"ListItem","position":3,"name":"R\u00f3\u017cowa poduszka z velvetu z aplikacj\u0105 kr\u00f3liczych uszu"}]},{"@type":"WebSite","@id":"https:\/\/cozydots.com\/pl\/#website","url":"https:\/\/cozydots.com\/pl\/","name":"Cozydots.com","description":"Producent namiot\u00f3w Tipi","publisher":{"@id":"https:\/\/cozydots.com\/pl\/#organization"},"potentialAction":[{"@type":"SearchAction","target":{"@type":"EntryPoint","urlTemplate":"https:\/\/cozydots.com\/pl\/?s={search_term_string}"},"query-input":{"@type":"PropertyValueSpecification","valueRequired":true,"valueName":"search_term_string"}}],"inLanguage":"pl-PL"},{"@type":"Organization","@id":"https:\/\/cozydots.com\/pl\/#organization","name":"Cozydots.com","url":"https:\/\/cozydots.com\/pl\/","logo":{"@type":"ImageObject","inLanguage":"pl-PL","@id":"https:\/\/cozydots.com\/pl\/#\/schema\/logo\/image\/","url":"https:\/\/cozydots.com\/wp-content\/uploads\/2021\/10\/cozyshop_logo.png","contentUrl":"https:\/\/cozydots.com\/wp-content\/uploads\/2021\/10\/cozyshop_logo.png","width":400,"height":121,"caption":"Cozydots.com"},"image":{"@id":"https:\/\/cozydots.com\/pl\/#\/schema\/logo\/image\/"}}]}},"_links":{"self":[{"href":"https:\/\/cozydots.com\/pl\/wp-json\/wp\/v2\/product\/56837","targetHints":{"allow":["GET"]}}],"collection":[{"href":"https:\/\/cozydots.com\/pl\/wp-json\/wp\/v2\/product"}],"about":[{"href":"https:\/\/cozydots.com\/pl\/wp-json\/wp\/v2\/types\/product"}],"replies":[{"embeddable":true,"href":"https:\/\/cozydots.com\/pl\/wp-json\/wp\/v2\/comments?post=56837"}],"wp:featuredmedia":[{"embeddable":true,"href":"https:\/\/cozydots.com\/pl\/wp-json\/wp\/v2\/media\/56781"}],"wp:attachment":[{"href":"https:\/\/cozydots.com\/pl\/wp-json\/wp\/v2\/media?parent=56837"}],"wp:term":[{"taxonomy":"product_brand","embeddable":true,"href":"https:\/\/cozydots.com\/pl\/wp-json\/wp\/v2\/product_brand?post=56837"},{"taxonomy":"product_cat","embeddable":true,"href":"https:\/\/cozydots.com\/pl\/wp-json\/wp\/v2\/product_cat?post=56837"},{"taxonomy":"product_tag","embeddable":true,"href":"https:\/\/cozydots.com\/pl\/wp-json\/wp\/v2\/product_tag?post=56837"}],"curies":[{"name":"wp","href":"https:\/\/api.w.org\/{rel}","templated":true}]}}