{"id":57186,"date":"2025-01-21T09:12:09","date_gmt":"2025-01-21T08:12:09","guid":{"rendered":"https:\/\/cozydots.com\/product\/poduszka-mis-duza-poducha-velvet-ciemny-braz\/"},"modified":"2025-04-12T11:02:12","modified_gmt":"2025-04-12T09:02:12","slug":"poduszka-mis-duza-poducha-velvet-ciemny-braz","status":"publish","type":"product","link":"https:\/\/cozydots.com\/pl\/produkt\/poduszka-mis-duza-poducha-velvet-ciemny-braz\/","title":{"rendered":"Poduszka mi\u015b &#8211; du\u017ca poducha velvet ciemny br\u0105z"},"content":{"rendered":"<h3><img loading=\"lazy\" decoding=\"async\" class=\"alignnone wp-image-2695 alignright\" src=\"https:\/\/cozyanddozy.com\/wp-content\/uploads\/2024\/03\/teddy-bear-cozy-dozy-collection-400x270.jpg\" alt=\"\" width=\"725\" height=\"489\" \/><strong>Poduszka z kolekcji Teddy, du\u017ca przytulanka mi\u015b dla dziecka od\u00a0 Cozy&amp;Dozy<\/strong><\/h3>\n<div>\n<div><strong>Przytulna poduszka w kszta\u0142cie misia, wykonana z mi\u0119kkiego aksamitu w kolorze ciemnobr\u0105zowym.<\/strong><\/div>\n<div><strong>Du\u017ca poduszka, idealna do przytulania, spania, zabawy oraz jako towarzysz podr\u00f3\u017cy.<\/strong><\/div>\n<div>Kt\u00f3\u017c nie kocha mi\u0119kkich poduszek, zw\u0142aszcza tych wykonanych z pi\u0119knego, kolorowego aksamitu.<\/div>\n<div>W kolekcji s\u0142odkich poduszek Teddy dost\u0119pne s\u0105 2 kolory: ciemny br\u0105z i br\u0105z.<\/div>\n<div><\/div>\n<div><strong>Do kompletu mo\u017cesz dobra\u0107 pasuj\u0105c\u0105 girland\u0119, mat\u0119 do zabawy, tipi lub ko\u0142derk\u0119.<\/strong><\/div>\n<div><\/div>\n<div><\/div>\n<div>Wymiary:<\/div>\n<ul>\n<li>50x60cm<\/li>\n<\/ul>\n<div>Tkanina:<\/div>\n<ul>\n<li>100% aksamit (100% PES)<\/li>\n<li>antyalergiczne silikonowe wype\u0142nienie izolacyjne<\/li>\n<\/ul>\n<div>Metoda piel\u0119gnacji:<\/div>\n<ul>\n<li>Pra\u0107 w temperaturze 40\u00b0 \u2013 program delikatny<\/li>\n<li>Nie czy\u015bci\u0107 chemicznie<\/li>\n<li>Nie chlorowa\u0107<\/li>\n<\/ul>\n<div><\/div>\n<div>Bezpiecze\u0144stwo dzieci jest dla nas najwa\u017cniejsze, dlatego girlanda i poduszka wykonane s\u0105 w 100% z najwy\u017cszej jako\u015bci aksamitu.<\/div>\n<div>Nasze produkty posiadaj\u0105 certyfikat CE, dzi\u0119ki czemu mo\u017cesz bez obaw podarowa\u0107 je swojemu dziecku.<\/div>\n<div><\/div>\n<div><\/div>\n<div>Wszystkie nasze produkty zosta\u0142y zaprojektowane i wykonane przez Cozy&amp;Dozy.<\/div>\n<\/div>\n","protected":false},"excerpt":{"rendered":"<div><\/div>\n<div>Du\u017ca poduszka w kszta\u0142cie misia wykonana z mi\u0119kkiego aksamitu. Przytulanka dla dziecka z kolekcji Teddy.<\/div>\n","protected":false},"featured_media":57102,"comment_status":"open","ping_status":"closed","template":"","meta":[],"product_brand":[],"product_cat":[102],"product_tag":[],"class_list":{"0":"post-57186","1":"product","2":"type-product","3":"status-publish","4":"has-post-thumbnail","6":"product_cat-poduszki-i-pufy","8":"first","9":"instock","10":"sale","11":"taxable","12":"shipping-taxable","13":"product-type-simple"},"yoast_head":"<!-- This site is optimized with the Yoast SEO plugin v27.0 - https:\/\/yoast.com\/product\/yoast-seo-wordpress\/ -->\n<title>Poduszka mi\u015b - du\u017ca poducha velvet ciemny br\u0105z - Cozydots.com<\/title>\n<meta name=\"robots\" content=\"index, follow, max-snippet:-1, max-image-preview:large, max-video-preview:-1\" \/>\n<link rel=\"canonical\" href=\"https:\/\/cozydots.com\/pl\/produkt\/poduszka-mis-duza-poducha-velvet-ciemny-braz\/\" \/>\n<meta property=\"og:locale\" content=\"pl_PL\" \/>\n<meta property=\"og:type\" content=\"article\" \/>\n<meta property=\"og:title\" content=\"Poduszka mi\u015b - du\u017ca poducha velvet ciemny br\u0105z - Cozydots.com\" \/>\n<meta property=\"og:description\" content=\"Du\u017ca poduszka w kszta\u0142cie misia wykonana z mi\u0119kkiego aksamitu. Przytulanka dla dziecka z kolekcji Teddy.\" \/>\n<meta property=\"og:url\" content=\"https:\/\/cozydots.com\/pl\/produkt\/poduszka-mis-duza-poducha-velvet-ciemny-braz\/\" \/>\n<meta property=\"og:site_name\" content=\"Cozydots.com\" \/>\n<meta property=\"article:modified_time\" content=\"2025-04-12T09:02:12+00:00\" \/>\n<meta property=\"og:image\" content=\"https:\/\/cozydots.com\/wp-content\/uploads\/2025\/01\/pillow-teddy-bear-dark-brown-scaled-1.jpg\" \/>\n\t<meta property=\"og:image:width\" content=\"2560\" \/>\n\t<meta property=\"og:image:height\" content=\"2560\" \/>\n\t<meta property=\"og:image:type\" content=\"image\/jpeg\" \/>\n<meta name=\"twitter:card\" content=\"summary_large_image\" \/>\n<meta name=\"twitter:label1\" content=\"Szacowany czas czytania\" \/>\n\t<meta name=\"twitter:data1\" content=\"2 minuty\" \/>\n<script type=\"application\/ld+json\" class=\"yoast-schema-graph\">{\"@context\":\"https:\/\/schema.org\",\"@graph\":[{\"@type\":\"WebPage\",\"@id\":\"https:\/\/cozydots.com\/pl\/produkt\/poduszka-mis-duza-poducha-velvet-ciemny-braz\/\",\"url\":\"https:\/\/cozydots.com\/pl\/produkt\/poduszka-mis-duza-poducha-velvet-ciemny-braz\/\",\"name\":\"Poduszka mi\u015b - du\u017ca poducha velvet ciemny br\u0105z - Cozydots.com\",\"isPartOf\":{\"@id\":\"https:\/\/cozydots.com\/pl\/#website\"},\"primaryImageOfPage\":{\"@id\":\"https:\/\/cozydots.com\/pl\/produkt\/poduszka-mis-duza-poducha-velvet-ciemny-braz\/#primaryimage\"},\"image\":{\"@id\":\"https:\/\/cozydots.com\/pl\/produkt\/poduszka-mis-duza-poducha-velvet-ciemny-braz\/#primaryimage\"},\"thumbnailUrl\":\"https:\/\/cozydots.com\/wp-content\/uploads\/2025\/01\/pillow-teddy-bear-dark-brown-scaled-1.jpg\",\"datePublished\":\"2025-01-21T08:12:09+00:00\",\"dateModified\":\"2025-04-12T09:02:12+00:00\",\"breadcrumb\":{\"@id\":\"https:\/\/cozydots.com\/pl\/produkt\/poduszka-mis-duza-poducha-velvet-ciemny-braz\/#breadcrumb\"},\"inLanguage\":\"pl-PL\",\"potentialAction\":[{\"@type\":\"ReadAction\",\"target\":[\"https:\/\/cozydots.com\/pl\/produkt\/poduszka-mis-duza-poducha-velvet-ciemny-braz\/\"]}]},{\"@type\":\"ImageObject\",\"inLanguage\":\"pl-PL\",\"@id\":\"https:\/\/cozydots.com\/pl\/produkt\/poduszka-mis-duza-poducha-velvet-ciemny-braz\/#primaryimage\",\"url\":\"https:\/\/cozydots.com\/wp-content\/uploads\/2025\/01\/pillow-teddy-bear-dark-brown-scaled-1.jpg\",\"contentUrl\":\"https:\/\/cozydots.com\/wp-content\/uploads\/2025\/01\/pillow-teddy-bear-dark-brown-scaled-1.jpg\",\"width\":2560,\"height\":2560},{\"@type\":\"BreadcrumbList\",\"@id\":\"https:\/\/cozydots.com\/pl\/produkt\/poduszka-mis-duza-poducha-velvet-ciemny-braz\/#breadcrumb\",\"itemListElement\":[{\"@type\":\"ListItem\",\"position\":1,\"name\":\"Strona g\u0142\u00f3wna\",\"item\":\"https:\/\/cozydots.com\/pl\/\"},{\"@type\":\"ListItem\",\"position\":2,\"name\":\"Sklep\",\"item\":\"https:\/\/cozydots.com\/pl\/sklep\/\"},{\"@type\":\"ListItem\",\"position\":3,\"name\":\"Poduszka mi\u015b &#8211; du\u017ca poducha velvet ciemny br\u0105z\"}]},{\"@type\":\"WebSite\",\"@id\":\"https:\/\/cozydots.com\/pl\/#website\",\"url\":\"https:\/\/cozydots.com\/pl\/\",\"name\":\"Cozydots.com\",\"description\":\"Producent namiot\u00f3w Tipi\",\"publisher\":{\"@id\":\"https:\/\/cozydots.com\/pl\/#organization\"},\"potentialAction\":[{\"@type\":\"SearchAction\",\"target\":{\"@type\":\"EntryPoint\",\"urlTemplate\":\"https:\/\/cozydots.com\/pl\/?s={search_term_string}\"},\"query-input\":{\"@type\":\"PropertyValueSpecification\",\"valueRequired\":true,\"valueName\":\"search_term_string\"}}],\"inLanguage\":\"pl-PL\"},{\"@type\":\"Organization\",\"@id\":\"https:\/\/cozydots.com\/pl\/#organization\",\"name\":\"Cozydots.com\",\"url\":\"https:\/\/cozydots.com\/pl\/\",\"logo\":{\"@type\":\"ImageObject\",\"inLanguage\":\"pl-PL\",\"@id\":\"https:\/\/cozydots.com\/pl\/#\/schema\/logo\/image\/\",\"url\":\"https:\/\/cozydots.com\/wp-content\/uploads\/2021\/10\/cozyshop_logo.png\",\"contentUrl\":\"https:\/\/cozydots.com\/wp-content\/uploads\/2021\/10\/cozyshop_logo.png\",\"width\":400,\"height\":121,\"caption\":\"Cozydots.com\"},\"image\":{\"@id\":\"https:\/\/cozydots.com\/pl\/#\/schema\/logo\/image\/\"}}]}<\/script>\n<!-- \/ Yoast SEO plugin. -->","yoast_head_json":{"title":"Poduszka mi\u015b - du\u017ca poducha velvet ciemny br\u0105z - Cozydots.com","robots":{"index":"index","follow":"follow","max-snippet":"max-snippet:-1","max-image-preview":"max-image-preview:large","max-video-preview":"max-video-preview:-1"},"canonical":"https:\/\/cozydots.com\/pl\/produkt\/poduszka-mis-duza-poducha-velvet-ciemny-braz\/","og_locale":"pl_PL","og_type":"article","og_title":"Poduszka mi\u015b - du\u017ca poducha velvet ciemny br\u0105z - Cozydots.com","og_description":"Du\u017ca poduszka w kszta\u0142cie misia wykonana z mi\u0119kkiego aksamitu. Przytulanka dla dziecka z kolekcji Teddy.","og_url":"https:\/\/cozydots.com\/pl\/produkt\/poduszka-mis-duza-poducha-velvet-ciemny-braz\/","og_site_name":"Cozydots.com","article_modified_time":"2025-04-12T09:02:12+00:00","og_image":[{"width":2560,"height":2560,"url":"https:\/\/cozydots.com\/wp-content\/uploads\/2025\/01\/pillow-teddy-bear-dark-brown-scaled-1.jpg","type":"image\/jpeg"}],"twitter_card":"summary_large_image","twitter_misc":{"Szacowany czas czytania":"2 minuty"},"schema":{"@context":"https:\/\/schema.org","@graph":[{"@type":"WebPage","@id":"https:\/\/cozydots.com\/pl\/produkt\/poduszka-mis-duza-poducha-velvet-ciemny-braz\/","url":"https:\/\/cozydots.com\/pl\/produkt\/poduszka-mis-duza-poducha-velvet-ciemny-braz\/","name":"Poduszka mi\u015b - du\u017ca poducha velvet ciemny br\u0105z - Cozydots.com","isPartOf":{"@id":"https:\/\/cozydots.com\/pl\/#website"},"primaryImageOfPage":{"@id":"https:\/\/cozydots.com\/pl\/produkt\/poduszka-mis-duza-poducha-velvet-ciemny-braz\/#primaryimage"},"image":{"@id":"https:\/\/cozydots.com\/pl\/produkt\/poduszka-mis-duza-poducha-velvet-ciemny-braz\/#primaryimage"},"thumbnailUrl":"https:\/\/cozydots.com\/wp-content\/uploads\/2025\/01\/pillow-teddy-bear-dark-brown-scaled-1.jpg","datePublished":"2025-01-21T08:12:09+00:00","dateModified":"2025-04-12T09:02:12+00:00","breadcrumb":{"@id":"https:\/\/cozydots.com\/pl\/produkt\/poduszka-mis-duza-poducha-velvet-ciemny-braz\/#breadcrumb"},"inLanguage":"pl-PL","potentialAction":[{"@type":"ReadAction","target":["https:\/\/cozydots.com\/pl\/produkt\/poduszka-mis-duza-poducha-velvet-ciemny-braz\/"]}]},{"@type":"ImageObject","inLanguage":"pl-PL","@id":"https:\/\/cozydots.com\/pl\/produkt\/poduszka-mis-duza-poducha-velvet-ciemny-braz\/#primaryimage","url":"https:\/\/cozydots.com\/wp-content\/uploads\/2025\/01\/pillow-teddy-bear-dark-brown-scaled-1.jpg","contentUrl":"https:\/\/cozydots.com\/wp-content\/uploads\/2025\/01\/pillow-teddy-bear-dark-brown-scaled-1.jpg","width":2560,"height":2560},{"@type":"BreadcrumbList","@id":"https:\/\/cozydots.com\/pl\/produkt\/poduszka-mis-duza-poducha-velvet-ciemny-braz\/#breadcrumb","itemListElement":[{"@type":"ListItem","position":1,"name":"Strona g\u0142\u00f3wna","item":"https:\/\/cozydots.com\/pl\/"},{"@type":"ListItem","position":2,"name":"Sklep","item":"https:\/\/cozydots.com\/pl\/sklep\/"},{"@type":"ListItem","position":3,"name":"Poduszka mi\u015b &#8211; du\u017ca poducha velvet ciemny br\u0105z"}]},{"@type":"WebSite","@id":"https:\/\/cozydots.com\/pl\/#website","url":"https:\/\/cozydots.com\/pl\/","name":"Cozydots.com","description":"Producent namiot\u00f3w Tipi","publisher":{"@id":"https:\/\/cozydots.com\/pl\/#organization"},"potentialAction":[{"@type":"SearchAction","target":{"@type":"EntryPoint","urlTemplate":"https:\/\/cozydots.com\/pl\/?s={search_term_string}"},"query-input":{"@type":"PropertyValueSpecification","valueRequired":true,"valueName":"search_term_string"}}],"inLanguage":"pl-PL"},{"@type":"Organization","@id":"https:\/\/cozydots.com\/pl\/#organization","name":"Cozydots.com","url":"https:\/\/cozydots.com\/pl\/","logo":{"@type":"ImageObject","inLanguage":"pl-PL","@id":"https:\/\/cozydots.com\/pl\/#\/schema\/logo\/image\/","url":"https:\/\/cozydots.com\/wp-content\/uploads\/2021\/10\/cozyshop_logo.png","contentUrl":"https:\/\/cozydots.com\/wp-content\/uploads\/2021\/10\/cozyshop_logo.png","width":400,"height":121,"caption":"Cozydots.com"},"image":{"@id":"https:\/\/cozydots.com\/pl\/#\/schema\/logo\/image\/"}}]}},"_links":{"self":[{"href":"https:\/\/cozydots.com\/pl\/wp-json\/wp\/v2\/product\/57186","targetHints":{"allow":["GET"]}}],"collection":[{"href":"https:\/\/cozydots.com\/pl\/wp-json\/wp\/v2\/product"}],"about":[{"href":"https:\/\/cozydots.com\/pl\/wp-json\/wp\/v2\/types\/product"}],"replies":[{"embeddable":true,"href":"https:\/\/cozydots.com\/pl\/wp-json\/wp\/v2\/comments?post=57186"}],"wp:featuredmedia":[{"embeddable":true,"href":"https:\/\/cozydots.com\/pl\/wp-json\/wp\/v2\/media\/57102"}],"wp:attachment":[{"href":"https:\/\/cozydots.com\/pl\/wp-json\/wp\/v2\/media?parent=57186"}],"wp:term":[{"taxonomy":"product_brand","embeddable":true,"href":"https:\/\/cozydots.com\/pl\/wp-json\/wp\/v2\/product_brand?post=57186"},{"taxonomy":"product_cat","embeddable":true,"href":"https:\/\/cozydots.com\/pl\/wp-json\/wp\/v2\/product_cat?post=57186"},{"taxonomy":"product_tag","embeddable":true,"href":"https:\/\/cozydots.com\/pl\/wp-json\/wp\/v2\/product_tag?post=57186"}],"curies":[{"name":"wp","href":"https:\/\/api.w.org\/{rel}","templated":true}]}}