{"id":57314,"date":"2025-01-21T09:12:24","date_gmt":"2025-01-21T08:12:24","guid":{"rendered":"https:\/\/cozydots.com\/product\/namiot-tipi-do-ogrodu-woodoodporne-tipi-sage\/"},"modified":"2025-04-12T10:58:07","modified_gmt":"2025-04-12T08:58:07","slug":"namiot-tipi-do-ogrodu-woodoodporne-tipi-sage","status":"publish","type":"product","link":"https:\/\/cozydots.com\/pl\/produkt\/namiot-tipi-do-ogrodu-woodoodporne-tipi-sage\/","title":{"rendered":"Namiot tipi do ogrodu, woodoodporne tipi Sage"},"content":{"rendered":"<h3><img loading=\"lazy\" decoding=\"async\" class=\"alignnone wp-image-2912 alignright\" src=\"https:\/\/cozyanddozy.com\/wp-content\/uploads\/2024\/05\/image00051-400x400.jpeg\" alt=\"\" width=\"592\" height=\"592\" \/><\/h3>\n<h3><strong>Cozy&amp;Dozy &#8211;\u00a0 gdzie marzenia dzieci o w\u0142asnym magicznym miejscu staj\u0105 si\u0119 rzeczywisto\u015bci\u0105!<\/strong><\/h3>\n<p><strong>Namiot Tipi do Zabawy<\/strong>, idealny <strong>do ogrodu lub na taras<\/strong>, to nie tylko <strong>miejsce do zabawy<\/strong>, ale tak\u017ce <strong>bezpieczna przestrze\u0144,<\/strong> w kt\u00f3rej Twoje dziecko b\u0119dzie si\u0119<strong> bawi\u0107 i tworzy\u0107 niesamowite przygody.<\/strong><\/p>\n<p><strong>G\u0142\u00f3wne cechy naszego Namiotu Tipi Garden obejmuj\u0105:<\/strong><\/p>\n<ul>\n<li><strong>Certyfikowane tkaniny<\/strong>, zapewniaj\u0105ce <strong>bezpieczn\u0105 zabaw\u0119<\/strong>.<\/li>\n<li><strong>\u0141atwa konstrukcja z bezpiecznymi elementami<\/strong>, dzi\u0119ki czemu nawet najm\u0142odsi mog\u0105 swobodnie korzysta\u0107 z namiotu.<\/li>\n<li><strong>D\u0119bowe kije i stabilizator<\/strong> w komplecie, gwarantuj\u0105ce stabilno\u015b\u0107 i trwa\u0142o\u015b\u0107 konstrukcji.<\/li>\n<li><strong>Hydrofobowa powierzchnia<\/strong> u\u0142atwiaj\u0105ca czyszczenie, wi\u0119c <strong>nie musisz si\u0119 martwi\u0107 o plamy czy zabrudzenia.<\/strong><\/li>\n<li><strong>Okienka i kieszonki<\/strong> naszyte w namiocie, kt\u00f3re <strong>dodaj\u0105 uroku i uatrakcyjniaj\u0105 zabaw\u0119.<\/strong><\/li>\n<li><strong>Dekoracyjne chor\u0105giewki i pod\u0142oga wszyta w namiot,<\/strong> tworz\u0105ce<strong> przytuln\u0105 atmosfer\u0119 i zach\u0119caj\u0105ce do kreatywnej zabawy.<\/strong><\/li>\n<li>Po zako\u0144czonej zabawie <strong>wystarczy zdj\u0105\u0107 stabilizator<\/strong>, dzi\u0119ki czemu <strong>namiot z\u0142o\u017cy si\u0119 jednym ruchem<\/strong> i mo\u017cna przechowa\u0107 go w k\u0105ciku pokoju, <strong>oszcz\u0119dzaj\u0105c miejsce.<\/strong><\/li>\n<\/ul>\n<p><span style=\"color: #1c1d1d\"><span style=\"font-family: Roboto, sans-serif\"><span style=\"font-size: medium\"><b>Namiot jest przeznaczony dla 2-3 dzieci.<\/b>\u00a0Tipi \u0142atwo si\u0119 sk\u0142ada i nie zajmuje wiele miejsca. Mo\u017cna je przechowywa\u0107 w bawe\u0142nianym pokrowcu z uchwytem.<\/span><\/span><\/span><\/p>\n<p><span style=\"color: #1c1d1d\"><span style=\"font-family: Roboto, sans-serif\"><span style=\"font-size: medium\"><b>Tkaniny<\/b>, z kt\u00f3rych powstaj\u0105 nasze namioty tipi s\u0105\u00a0<b>certyfikowane i pochodz\u0105 z kraj\u00f3w europejskich<\/b>, dzi\u0119ki czemu s\u0105 bezpieczne dla dzieci.<\/span><\/span><\/span><\/p>\n<p><span style=\"color: #1c1d1d\"><span style=\"font-family: Roboto, sans-serif\"><span style=\"font-size: medium\"><b>W sk\u0142ad zestawu Garden od Cozy &amp; Dozy wchodz\u0105:<\/b><\/span><\/span><\/span><\/p>\n<ul>\n<li><span style=\"color: #1c1d1d\"><span style=\"font-family: Roboto, sans-serif\"><span style=\"font-size: medium\"><b>namiot tipi<\/b>\u00a0(kolory do wyboru)<\/span><\/span><\/span><\/li>\n<li><span style=\"color: #1c1d1d\"><span style=\"font-family: Roboto, sans-serif\"><span style=\"font-size: medium\"><b>ozdobne flagi<\/b><\/span><\/span><\/span><\/li>\n<li><span style=\"color: #1c1d1d\"><span style=\"font-family: Roboto, sans-serif\"><span style=\"font-size: medium\">4 sk\u0142adane kije z naturalnego drewna bukowego + \u0142\u0105czniki<\/span><\/span><\/span><\/li>\n<li><span style=\"color: #1c1d1d\"><span style=\"font-family: Roboto, sans-serif\"><span style=\"font-size: medium\"><b>stabilizator\u00a0<\/b>(zapobiega przesuwaniu stela\u017cu)<\/span><\/span><\/span><\/li>\n<li><span style=\"color: #1c1d1d\"><span style=\"font-family: Roboto, sans-serif\"><span style=\"font-size: medium\">instrukcja<\/span><\/span><\/span><\/li>\n<\/ul>\n<table border=\"0\" width=\"643\" cellspacing=\"0\" cellpadding=\"0\">\n<tbody>\n<tr valign=\"TOP\">\n<td width=\"226\">\n<p align=\"LEFT\"><span style=\"color: #666666\"><b>WAGA<\/b><\/span><\/p>\n<\/td>\n<td width=\"417\">\n<p align=\"LEFT\"><span style=\"color: #666666\">2 kg<\/span><\/p>\n<\/td>\n<\/tr>\n<tr valign=\"TOP\">\n<td width=\"226\">\n<p align=\"LEFT\"><span style=\"color: #666666\"><b>WYSOKO\u015a\u0106 (Z KIJKAMI) PO ROZ\u0141O\u017bENIU<\/b><\/span><\/p>\n<\/td>\n<td width=\"417\">\n<p align=\"LEFT\"><span style=\"color: #666666\">150 cm<\/span><\/p>\n<\/td>\n<\/tr>\n<tr valign=\"TOP\">\n<td width=\"226\">\n<p align=\"LEFT\"><span style=\"color: #666666\"><b>WYSOKO\u015a\u0106 (Z KIJKAMI) PO Z\u0141O\u017bENIU<\/b><\/span><\/p>\n<\/td>\n<td width=\"417\">\n<p align=\"LEFT\"><span style=\"color: #666666\">170 cm<\/span><\/p>\n<\/td>\n<\/tr>\n<tr valign=\"TOP\">\n<td width=\"226\">\n<p align=\"LEFT\"><span style=\"color: #666666\"><b>POWIERZCHNIA POD\u0141OGI<\/b><\/span><\/p>\n<\/td>\n<td width=\"417\">\n<p align=\"LEFT\"><span style=\"color: #666666\">110 x 110 cm<\/span><\/p>\n<\/td>\n<\/tr>\n<tr valign=\"TOP\">\n<td width=\"226\">\n<p align=\"LEFT\"><span style=\"color: #666666\"><b>TKANINA<\/b><\/span><\/p>\n<\/td>\n<td width=\"417\">\n<p align=\"LEFT\"><span style=\"color: #666666\">100% Poliester 180g\/m2,<\/span><\/p>\n<\/td>\n<\/tr>\n<tr valign=\"TOP\">\n<td width=\"226\">\n<p align=\"LEFT\"><span style=\"color: #666666\"><b>STELA\u017b<\/b><\/span><\/p>\n<\/td>\n<td width=\"417\">\n<p align=\"LEFT\"><span style=\"color: #666666\">Kije z drewna bukowego \u0142\u0105czniki<\/span><\/p>\n<\/td>\n<\/tr>\n<tr valign=\"TOP\">\n<td width=\"226\">\n<p align=\"LEFT\"><span style=\"color: #666666\"><b>INSTRUKCJA PRANIA<\/b><\/span><\/p>\n<\/td>\n<td width=\"417\">\n<p align=\"LEFT\"><span style=\"color: #666666\">Materia\u0142 mo\u017cna pra\u0107 w pralce w temperaturze 40 stopni, wirowanie \u2013 max 800 obrot\u00f3w \/ Nie pra\u0107 chemicznie \/ Nie wybiela\u0107<\/span><\/p>\n<\/td>\n<\/tr>\n<tr valign=\"TOP\">\n<td width=\"226\">\n<p align=\"LEFT\"><span style=\"color: #666666\"><b>SZACOWANY CZAS MONTA\u017bU<\/b><\/span><\/p>\n<\/td>\n<td width=\"417\">\n<p align=\"LEFT\"><span style=\"color: #666666\">5 min<\/span><\/p>\n<\/td>\n<\/tr>\n<tr valign=\"TOP\">\n<td width=\"226\">\n<p align=\"LEFT\"><span style=\"color: #666666\"><b>KOLOR<\/b><\/span><\/p>\n<\/td>\n<td width=\"417\">\n<p align=\"LEFT\"><span style=\"color: #666666\">SAGE (ZIELONY)<\/span><\/p>\n<\/td>\n<\/tr>\n<\/tbody>\n<\/table>\n<h2 class=\"western\"><span style=\"color: #1c1d1d\"><span style=\"font-family: Montserrat, sans-serif\"><span style=\"font-size: medium\"><b>Dodatkowe informacje<\/b><\/span><\/span><\/span><\/h2>\n<ul>\n<li><span style=\"color: #1c1d1d\"><span style=\"font-family: Roboto, sans-serif\"><span style=\"font-size: medium\">Wysoko\u015b\u0107 stela\u017ca: 170cm (5\u2032 6\u2033);<\/span><\/span><\/span><\/li>\n<li><span style=\"color: #1c1d1d\"><span style=\"font-family: Roboto, sans-serif\"><span style=\"font-size: medium\">Wysoko\u015b\u0107 namiotu po roz\u0142o\u017ceniu: 150cm (4\u2032 11\u2033);<\/span><\/span><\/span><\/li>\n<li><span style=\"color: #1c1d1d\"><span style=\"font-family: Roboto, sans-serif\"><span style=\"font-size: medium\">Szeroko\u015b\u0107 podstawy: 110x110cm (3\u20326\u2033\/3\u2032 6\u2033)<\/span><\/span><\/span><\/li>\n<li><span style=\"color: #1c1d1d\"><span style=\"font-family: Roboto, sans-serif\"><span style=\"font-size: medium\">Waga pude\u0142ka: ~4-5kg ( w zale\u017cno\u015bci od zestawu)<\/span><\/span><\/span><\/li>\n<\/ul>\n<p>Namiot Tipi od Cozy&amp;Dozy zosta\u0142 stworzony z my\u015bl\u0105 o bezpiecze\u0144stwie i wygodzie Twojego dziecka, zapewniaj\u0105c nie tylko niezapomniane chwile zabawy, ale tak\u017ce spokojny sen i rado\u015b\u0107 z posiadania swojego w\u0142asnego magicznego miejsca.\u00a0 Namiot dost\u0119pny jest r\u00f3wnie\u017c w zestawie z mi\u0119kk\u0105 mat\u0105. <strong>Zach\u0119camy r\u00f3wnie\u017c do kompletowania z mi\u0119kkimi poduszkami w kszta\u0142cie kwiat\u00f3w, muszelek czy dinozaur\u00f3w.<\/strong><\/p>\n<p><img loading=\"lazy\" decoding=\"async\" class=\"alignnone size-medium wp-image-957\" src=\"https:\/\/cozyanddozy.com\/wp-content\/uploads\/2023\/02\/tipi-pine-green-garden-waterproof-cozydots-400x400.jpg\" alt=\"\" width=\"400\" height=\"400\" \/> <img loading=\"lazy\" decoding=\"async\" class=\"alignnone size-medium wp-image-954\" src=\"https:\/\/cozyanddozy.com\/wp-content\/uploads\/2023\/02\/teeepee-garden-400x400.jpg\" alt=\"\" width=\"400\" height=\"400\" \/> <img loading=\"lazy\" decoding=\"async\" class=\"alignnone size-medium wp-image-943\" src=\"https:\/\/cozyanddozy.com\/wp-content\/uploads\/2023\/02\/teepee-party-garden-waterproof-400x400.jpg\" alt=\"\" width=\"400\" height=\"400\" \/> <img loading=\"lazy\" decoding=\"async\" class=\"alignnone size-medium wp-image-942\" src=\"https:\/\/cozyanddozy.com\/wp-content\/uploads\/2023\/02\/pink-tipi-400x400.jpg\" alt=\"\" width=\"400\" height=\"400\" \/> <img loading=\"lazy\" decoding=\"async\" class=\"alignnone size-medium wp-image-937\" src=\"https:\/\/cozyanddozy.com\/wp-content\/uploads\/2023\/02\/pink-teepee-cozydots-400x400.jpg\" alt=\"\" width=\"400\" height=\"400\" \/> <img loading=\"lazy\" decoding=\"async\" class=\"alignnone size-medium wp-image-975\" src=\"https:\/\/cozyanddozy.com\/wp-content\/uploads\/2023\/02\/garden-blue-tipi-400x400.jpg\" alt=\"\" width=\"400\" height=\"400\" \/><\/p>\n<p>Witaj w \u015bwiecie <strong>Cozy&amp;Dozy<\/strong> \u2013 miejscu, gdzie <strong>tworzymy przytulne oazy z pi\u0119knymi poduszkami i akcesoriami dla Twojego dziecka<\/strong>. Nasza marka to wi\u0119cej ni\u017c tylko produkty \u2013 to filozofia \u017cycia, kt\u00f3ra ma na celu tworzenie przedmiot\u00f3w, kt\u00f3re <strong>stan\u0105 si\u0119 nieod\u0142\u0105czn\u0105 cz\u0119\u015bci\u0105 Waszych dom\u00f3w na lata, przekazywane z pokolenia na pokolenie.<\/strong><\/p>\n<p>Nasze produkty s\u0105 nie tylko pi\u0119knie zaprojektowane, ale r\u00f3wnie\u017c <strong>wykonane z najwy\u017csz\u0105 staranno\u015bci\u0105 przez nasze kochane krawcowe, kt\u00f3re z nami juz od 8 lat<\/strong> i dba\u0142o\u015bci\u0105 o detale. Ka\u017cdy element naszej kolekcji jest starannie wyselekcjonowany, aby zapewni\u0107 zar\u00f3wno estetyk\u0119, jak i funkcjonalno\u015b\u0107.<\/p>\n<p>Nasze <strong>produkty s\u0105 \u0142atwe w utrzymaniu czysto\u015bci, co sprawia, \u017ce codzienne \u017cycie staje si\u0119 prostsze i przyjemniejsze<\/strong>. Wierzymy, \u017ce nawet najmniejsze detale mog\u0105 wp\u0142yn\u0105\u0107 na komfort i harmoni\u0119 w domu.<\/p>\n<p>Cozy&amp;Dozy to nie tylko marka, to spo\u0142eczno\u015b\u0107 ludzi, kt\u00f3rzy kochaj\u0105 i ceni\u0105 swoj\u0105 prac\u0119. Ka\u017cdy nasz produkt jest owocem pasji, zaanga\u017cowania i profesjonalizmu naszego zespo\u0142u.<\/p>\n<p><strong> Dzi\u0119kujemy, \u017ce wybra\u0142e\u015b nasz\u0105 mark\u0119 i dajemy Ci s\u0142owo, \u017ce b\u0119dziemy nadal d\u0105\u017cy\u0107 do tego, aby spe\u0142nia\u0107 Twoje oczekiwania i dostarcza\u0107 Ci produkty, kt\u00f3re wnios\u0105 do Twojego \u017cycia wi\u0119cej rado\u015bci i komfortu.<\/strong><\/p>\n<p><span style=\"color: #1c1d1d\"><span style=\"font-family: Roboto, sans-serif\"><span style=\"font-size: medium\"><b>Wszystkie artyku\u0142y Cozy &amp; Dozy s\u0105 projektowane i szyte w Polsce.<\/b><\/span><\/span><\/span><\/p>\n","protected":false},"excerpt":{"rendered":"<p><strong>Namiot Tipi do Zabawy<\/strong>, idealny <strong>do ogrodu lub na taras<\/strong>, to nie tylko <strong>miejsce do zabawy<\/strong>, ale tak\u017ce <strong>bezpieczna przestrze\u0144,<\/strong> w kt\u00f3rej Twoje dziecko b\u0119dzie si\u0119<strong> bawi\u0107 i tworzy\u0107 niesamowite przygody.<\/strong><\/p>\n","protected":false},"featured_media":57265,"comment_status":"open","ping_status":"closed","template":"","meta":[],"product_brand":[],"product_cat":[24],"product_tag":[],"class_list":{"0":"post-57314","1":"product","2":"type-product","3":"status-publish","4":"has-post-thumbnail","6":"product_cat-namioty-tipi","8":"first","9":"instock","10":"sale","11":"taxable","12":"shipping-taxable","13":"product-type-simple"},"yoast_head":"<!-- This site is optimized with the Yoast SEO plugin v27.0 - https:\/\/yoast.com\/product\/yoast-seo-wordpress\/ -->\n<title>Namiot tipi do ogrodu, woodoodporne tipi Sage - Cozydots.com<\/title>\n<meta name=\"robots\" content=\"index, follow, max-snippet:-1, max-image-preview:large, max-video-preview:-1\" \/>\n<link rel=\"canonical\" href=\"https:\/\/cozydots.com\/pl\/produkt\/namiot-tipi-do-ogrodu-woodoodporne-tipi-sage\/\" \/>\n<meta property=\"og:locale\" content=\"pl_PL\" \/>\n<meta property=\"og:type\" content=\"article\" \/>\n<meta property=\"og:title\" content=\"Namiot tipi do ogrodu, woodoodporne tipi Sage - Cozydots.com\" \/>\n<meta property=\"og:description\" content=\"Namiot Tipi do Zabawy, idealny do ogrodu lub na taras, to nie tylko miejsce do zabawy, ale tak\u017ce bezpieczna przestrze\u0144, w kt\u00f3rej Twoje dziecko b\u0119dzie si\u0119 bawi\u0107 i tworzy\u0107 niesamowite przygody.\" \/>\n<meta property=\"og:url\" content=\"https:\/\/cozydots.com\/pl\/produkt\/namiot-tipi-do-ogrodu-woodoodporne-tipi-sage\/\" \/>\n<meta property=\"og:site_name\" content=\"Cozydots.com\" \/>\n<meta property=\"article:modified_time\" content=\"2025-04-12T08:58:07+00:00\" \/>\n<meta property=\"og:image\" content=\"https:\/\/cozydots.com\/wp-content\/uploads\/2025\/01\/image00096-scaled-1.jpeg\" \/>\n\t<meta property=\"og:image:width\" content=\"2560\" \/>\n\t<meta property=\"og:image:height\" content=\"2560\" \/>\n\t<meta property=\"og:image:type\" content=\"image\/jpeg\" \/>\n<meta name=\"twitter:card\" content=\"summary_large_image\" \/>\n<meta name=\"twitter:label1\" content=\"Szacowany czas czytania\" \/>\n\t<meta name=\"twitter:data1\" content=\"5 minut\" \/>\n<script type=\"application\/ld+json\" class=\"yoast-schema-graph\">{\"@context\":\"https:\/\/schema.org\",\"@graph\":[{\"@type\":\"WebPage\",\"@id\":\"https:\/\/cozydots.com\/pl\/produkt\/namiot-tipi-do-ogrodu-woodoodporne-tipi-sage\/\",\"url\":\"https:\/\/cozydots.com\/pl\/produkt\/namiot-tipi-do-ogrodu-woodoodporne-tipi-sage\/\",\"name\":\"Namiot tipi do ogrodu, woodoodporne tipi Sage - Cozydots.com\",\"isPartOf\":{\"@id\":\"https:\/\/cozydots.com\/pl\/#website\"},\"primaryImageOfPage\":{\"@id\":\"https:\/\/cozydots.com\/pl\/produkt\/namiot-tipi-do-ogrodu-woodoodporne-tipi-sage\/#primaryimage\"},\"image\":{\"@id\":\"https:\/\/cozydots.com\/pl\/produkt\/namiot-tipi-do-ogrodu-woodoodporne-tipi-sage\/#primaryimage\"},\"thumbnailUrl\":\"https:\/\/cozydots.com\/wp-content\/uploads\/2025\/01\/image00096-scaled-1.jpeg\",\"datePublished\":\"2025-01-21T08:12:24+00:00\",\"dateModified\":\"2025-04-12T08:58:07+00:00\",\"breadcrumb\":{\"@id\":\"https:\/\/cozydots.com\/pl\/produkt\/namiot-tipi-do-ogrodu-woodoodporne-tipi-sage\/#breadcrumb\"},\"inLanguage\":\"pl-PL\",\"potentialAction\":[{\"@type\":\"ReadAction\",\"target\":[\"https:\/\/cozydots.com\/pl\/produkt\/namiot-tipi-do-ogrodu-woodoodporne-tipi-sage\/\"]}]},{\"@type\":\"ImageObject\",\"inLanguage\":\"pl-PL\",\"@id\":\"https:\/\/cozydots.com\/pl\/produkt\/namiot-tipi-do-ogrodu-woodoodporne-tipi-sage\/#primaryimage\",\"url\":\"https:\/\/cozydots.com\/wp-content\/uploads\/2025\/01\/image00096-scaled-1.jpeg\",\"contentUrl\":\"https:\/\/cozydots.com\/wp-content\/uploads\/2025\/01\/image00096-scaled-1.jpeg\",\"width\":2560,\"height\":2560},{\"@type\":\"BreadcrumbList\",\"@id\":\"https:\/\/cozydots.com\/pl\/produkt\/namiot-tipi-do-ogrodu-woodoodporne-tipi-sage\/#breadcrumb\",\"itemListElement\":[{\"@type\":\"ListItem\",\"position\":1,\"name\":\"Strona g\u0142\u00f3wna\",\"item\":\"https:\/\/cozydots.com\/pl\/\"},{\"@type\":\"ListItem\",\"position\":2,\"name\":\"Sklep\",\"item\":\"https:\/\/cozydots.com\/pl\/sklep\/\"},{\"@type\":\"ListItem\",\"position\":3,\"name\":\"Namiot tipi do ogrodu, woodoodporne tipi Sage\"}]},{\"@type\":\"WebSite\",\"@id\":\"https:\/\/cozydots.com\/pl\/#website\",\"url\":\"https:\/\/cozydots.com\/pl\/\",\"name\":\"Cozydots.com\",\"description\":\"Producent namiot\u00f3w Tipi\",\"publisher\":{\"@id\":\"https:\/\/cozydots.com\/pl\/#organization\"},\"potentialAction\":[{\"@type\":\"SearchAction\",\"target\":{\"@type\":\"EntryPoint\",\"urlTemplate\":\"https:\/\/cozydots.com\/pl\/?s={search_term_string}\"},\"query-input\":{\"@type\":\"PropertyValueSpecification\",\"valueRequired\":true,\"valueName\":\"search_term_string\"}}],\"inLanguage\":\"pl-PL\"},{\"@type\":\"Organization\",\"@id\":\"https:\/\/cozydots.com\/pl\/#organization\",\"name\":\"Cozydots.com\",\"url\":\"https:\/\/cozydots.com\/pl\/\",\"logo\":{\"@type\":\"ImageObject\",\"inLanguage\":\"pl-PL\",\"@id\":\"https:\/\/cozydots.com\/pl\/#\/schema\/logo\/image\/\",\"url\":\"https:\/\/cozydots.com\/wp-content\/uploads\/2021\/10\/cozyshop_logo.png\",\"contentUrl\":\"https:\/\/cozydots.com\/wp-content\/uploads\/2021\/10\/cozyshop_logo.png\",\"width\":400,\"height\":121,\"caption\":\"Cozydots.com\"},\"image\":{\"@id\":\"https:\/\/cozydots.com\/pl\/#\/schema\/logo\/image\/\"}}]}<\/script>\n<!-- \/ Yoast SEO plugin. -->","yoast_head_json":{"title":"Namiot tipi do ogrodu, woodoodporne tipi Sage - Cozydots.com","robots":{"index":"index","follow":"follow","max-snippet":"max-snippet:-1","max-image-preview":"max-image-preview:large","max-video-preview":"max-video-preview:-1"},"canonical":"https:\/\/cozydots.com\/pl\/produkt\/namiot-tipi-do-ogrodu-woodoodporne-tipi-sage\/","og_locale":"pl_PL","og_type":"article","og_title":"Namiot tipi do ogrodu, woodoodporne tipi Sage - Cozydots.com","og_description":"Namiot Tipi do Zabawy, idealny do ogrodu lub na taras, to nie tylko miejsce do zabawy, ale tak\u017ce bezpieczna przestrze\u0144, w kt\u00f3rej Twoje dziecko b\u0119dzie si\u0119 bawi\u0107 i tworzy\u0107 niesamowite przygody.","og_url":"https:\/\/cozydots.com\/pl\/produkt\/namiot-tipi-do-ogrodu-woodoodporne-tipi-sage\/","og_site_name":"Cozydots.com","article_modified_time":"2025-04-12T08:58:07+00:00","og_image":[{"width":2560,"height":2560,"url":"https:\/\/cozydots.com\/wp-content\/uploads\/2025\/01\/image00096-scaled-1.jpeg","type":"image\/jpeg"}],"twitter_card":"summary_large_image","twitter_misc":{"Szacowany czas czytania":"5 minut"},"schema":{"@context":"https:\/\/schema.org","@graph":[{"@type":"WebPage","@id":"https:\/\/cozydots.com\/pl\/produkt\/namiot-tipi-do-ogrodu-woodoodporne-tipi-sage\/","url":"https:\/\/cozydots.com\/pl\/produkt\/namiot-tipi-do-ogrodu-woodoodporne-tipi-sage\/","name":"Namiot tipi do ogrodu, woodoodporne tipi Sage - Cozydots.com","isPartOf":{"@id":"https:\/\/cozydots.com\/pl\/#website"},"primaryImageOfPage":{"@id":"https:\/\/cozydots.com\/pl\/produkt\/namiot-tipi-do-ogrodu-woodoodporne-tipi-sage\/#primaryimage"},"image":{"@id":"https:\/\/cozydots.com\/pl\/produkt\/namiot-tipi-do-ogrodu-woodoodporne-tipi-sage\/#primaryimage"},"thumbnailUrl":"https:\/\/cozydots.com\/wp-content\/uploads\/2025\/01\/image00096-scaled-1.jpeg","datePublished":"2025-01-21T08:12:24+00:00","dateModified":"2025-04-12T08:58:07+00:00","breadcrumb":{"@id":"https:\/\/cozydots.com\/pl\/produkt\/namiot-tipi-do-ogrodu-woodoodporne-tipi-sage\/#breadcrumb"},"inLanguage":"pl-PL","potentialAction":[{"@type":"ReadAction","target":["https:\/\/cozydots.com\/pl\/produkt\/namiot-tipi-do-ogrodu-woodoodporne-tipi-sage\/"]}]},{"@type":"ImageObject","inLanguage":"pl-PL","@id":"https:\/\/cozydots.com\/pl\/produkt\/namiot-tipi-do-ogrodu-woodoodporne-tipi-sage\/#primaryimage","url":"https:\/\/cozydots.com\/wp-content\/uploads\/2025\/01\/image00096-scaled-1.jpeg","contentUrl":"https:\/\/cozydots.com\/wp-content\/uploads\/2025\/01\/image00096-scaled-1.jpeg","width":2560,"height":2560},{"@type":"BreadcrumbList","@id":"https:\/\/cozydots.com\/pl\/produkt\/namiot-tipi-do-ogrodu-woodoodporne-tipi-sage\/#breadcrumb","itemListElement":[{"@type":"ListItem","position":1,"name":"Strona g\u0142\u00f3wna","item":"https:\/\/cozydots.com\/pl\/"},{"@type":"ListItem","position":2,"name":"Sklep","item":"https:\/\/cozydots.com\/pl\/sklep\/"},{"@type":"ListItem","position":3,"name":"Namiot tipi do ogrodu, woodoodporne tipi Sage"}]},{"@type":"WebSite","@id":"https:\/\/cozydots.com\/pl\/#website","url":"https:\/\/cozydots.com\/pl\/","name":"Cozydots.com","description":"Producent namiot\u00f3w Tipi","publisher":{"@id":"https:\/\/cozydots.com\/pl\/#organization"},"potentialAction":[{"@type":"SearchAction","target":{"@type":"EntryPoint","urlTemplate":"https:\/\/cozydots.com\/pl\/?s={search_term_string}"},"query-input":{"@type":"PropertyValueSpecification","valueRequired":true,"valueName":"search_term_string"}}],"inLanguage":"pl-PL"},{"@type":"Organization","@id":"https:\/\/cozydots.com\/pl\/#organization","name":"Cozydots.com","url":"https:\/\/cozydots.com\/pl\/","logo":{"@type":"ImageObject","inLanguage":"pl-PL","@id":"https:\/\/cozydots.com\/pl\/#\/schema\/logo\/image\/","url":"https:\/\/cozydots.com\/wp-content\/uploads\/2021\/10\/cozyshop_logo.png","contentUrl":"https:\/\/cozydots.com\/wp-content\/uploads\/2021\/10\/cozyshop_logo.png","width":400,"height":121,"caption":"Cozydots.com"},"image":{"@id":"https:\/\/cozydots.com\/pl\/#\/schema\/logo\/image\/"}}]}},"_links":{"self":[{"href":"https:\/\/cozydots.com\/pl\/wp-json\/wp\/v2\/product\/57314","targetHints":{"allow":["GET"]}}],"collection":[{"href":"https:\/\/cozydots.com\/pl\/wp-json\/wp\/v2\/product"}],"about":[{"href":"https:\/\/cozydots.com\/pl\/wp-json\/wp\/v2\/types\/product"}],"replies":[{"embeddable":true,"href":"https:\/\/cozydots.com\/pl\/wp-json\/wp\/v2\/comments?post=57314"}],"wp:featuredmedia":[{"embeddable":true,"href":"https:\/\/cozydots.com\/pl\/wp-json\/wp\/v2\/media\/57265"}],"wp:attachment":[{"href":"https:\/\/cozydots.com\/pl\/wp-json\/wp\/v2\/media?parent=57314"}],"wp:term":[{"taxonomy":"product_brand","embeddable":true,"href":"https:\/\/cozydots.com\/pl\/wp-json\/wp\/v2\/product_brand?post=57314"},{"taxonomy":"product_cat","embeddable":true,"href":"https:\/\/cozydots.com\/pl\/wp-json\/wp\/v2\/product_cat?post=57314"},{"taxonomy":"product_tag","embeddable":true,"href":"https:\/\/cozydots.com\/pl\/wp-json\/wp\/v2\/product_tag?post=57314"}],"curies":[{"name":"wp","href":"https:\/\/api.w.org\/{rel}","templated":true}]}}