{"id":57427,"date":"2025-01-21T09:12:37","date_gmt":"2025-01-21T08:12:37","guid":{"rendered":"https:\/\/cozydots.com\/product\/namiot-tipi-teddy-brazowe-tipi-do-zabawy\/"},"modified":"2025-04-12T10:56:04","modified_gmt":"2025-04-12T08:56:04","slug":"namiot-tipi-teddy-brazowe-tipi-do-zabawy","status":"publish","type":"product","link":"https:\/\/cozydots.com\/pl\/produkt\/namiot-tipi-teddy-brazowe-tipi-do-zabawy\/","title":{"rendered":"Namiot Tipi Teddy, br\u0105zowe tipi do zabawy"},"content":{"rendered":"<h3><img loading=\"lazy\" decoding=\"async\" class=\"alignnone size-medium wp-image-2345 alignright\" src=\"https:\/\/cozyanddozy.com\/pl\/wp-content\/uploads\/2024\/04\/brown-diplodok-pillow-400x400.jpg\" alt=\"\" width=\"400\" height=\"400\" \/><\/h3>\n<div>\n<h3><strong>Namiot do zabawy z serii Teddy Velvet to tipi w kolorze br\u0105zowym z ozdobnym pomponem w kolorze ecru.<\/strong><\/h3>\n<div>Namiot tipi wykonany jest z mocnego p\u0142\u00f3tna.<\/div>\n<div>Namiot to \u015bwietne miejsce do zabawy w domu, na tarasie czy w ogrodzie.<\/div>\n<div>Tipi posiada okienko z zwijan\u0105 rolet\u0105 oraz dwie kieszenie na zabawki.<\/div>\n<div><\/div>\n<div>Wigwam zosta\u0142 zaprojektowany tak, aby cieszy\u0142 oko przez d\u0142ugi czas i zapewnia\u0142 bezpieczn\u0105 zabaw\u0119.<\/div>\n<div>Zabawa zawsze pod okiem osoby doros\u0142ej.<\/div>\n<div><\/div>\n<div>T<strong>ipi ma 4 strony \u2013 powierzchnia do zabawy ok. 1 m2, wysoko\u015b\u0107 po roz\u0142o\u017ceniu ok. 150cm.<\/strong><\/div>\n<div><\/div>\n<div><strong>Do ka\u017cdego namiotu do\u0142\u0105czone s\u0105 sk\u0142adane kije sosnowe oraz stabilizator, kt\u00f3ry usztywnia kije, zapewniaj\u0105c stabilno\u015b\u0107 namiotu.<\/strong><\/div>\n<div><\/div>\n<div>Zestaw zawiera:<\/div>\n<ul>\n<li>namiot tipi<\/li>\n<li>4 sk\u0142adane dr\u0105\u017cki sosnowe (8 po\u0142\u00f3wek) + elementy do \u0142\u0105czenia dr\u0105\u017ck\u00f3w (8 \u015brub i 4 d\u0142ugie nakr\u0119tki)<\/li>\n<li>instrukcja<\/li>\n<li>stabilizator + sznurek<\/li>\n<\/ul>\n<div>Materia\u0142y:<\/div>\n<ul>\n<li>mocna bawe\u0142na z certyfikatem<\/li>\n<li>aksamit z certyfikatem 100% PES<\/li>\n<\/ul>\n<div>Metody piel\u0119gnacji:<\/div>\n<ul>\n<li>Mo\u017cna pra\u0107 w pralce w temperaturze 40 stopni,<\/li>\n<li>Wirowanie \u2013 800 obrot\u00f3w<\/li>\n<li>Nie czy\u015bci\u0107 chemicznie<\/li>\n<li>Nie wybiela\u0107<\/li>\n<\/ul>\n<div>Dodatkowe informacje:<\/div>\n<ul>\n<li>Wysoko\u015b\u0107 ramy: 170 cm (5\u2032 6\u2033);<\/li>\n<li>Wysoko\u015b\u0107 namiotu po roz\u0142o\u017ceniu: 150cm (4\u2032 11\u2033);<\/li>\n<li>Szeroko\u015b\u0107 podstawy: 110x110cm (3\u20326\u2033\/3\u2032 6\u2033)<\/li>\n<li>Waga pude\u0142ka: ~5kg<\/li>\n<\/ul>\n<div><strong>Wszystkie produkty COZY&amp;DOZY zosta\u0142y zaprojektowane i wykonane w Polsce oraz posiadaj\u0105 deklaracje CE dla wyrob\u00f3w dzieci\u0119cych.<\/strong><\/div>\n<\/div>\n","protected":false},"excerpt":{"rendered":"<p>Tipi do zabawy posiada okienko z zwijan\u0105 rolet\u0105 oraz dwie kieszenie na zabawki. Zestaw ze stabilizatorem.<\/p>\n","protected":false},"featured_media":57315,"comment_status":"open","ping_status":"closed","template":"","meta":[],"product_brand":[],"product_cat":[791],"product_tag":[],"class_list":{"0":"post-57427","1":"product","2":"type-product","3":"status-publish","4":"has-post-thumbnail","6":"product_cat-bez-kategorii","8":"first","9":"instock","10":"sale","11":"taxable","12":"shipping-taxable","13":"product-type-simple"},"yoast_head":"<!-- This site is optimized with the Yoast SEO plugin v27.0 - https:\/\/yoast.com\/product\/yoast-seo-wordpress\/ -->\n<title>Namiot Tipi Teddy, br\u0105zowe tipi do zabawy - Cozydots.com<\/title>\n<meta name=\"robots\" content=\"index, follow, max-snippet:-1, max-image-preview:large, max-video-preview:-1\" \/>\n<link rel=\"canonical\" href=\"https:\/\/cozydots.com\/pl\/produkt\/namiot-tipi-teddy-brazowe-tipi-do-zabawy\/\" \/>\n<meta property=\"og:locale\" content=\"pl_PL\" \/>\n<meta property=\"og:type\" content=\"article\" \/>\n<meta property=\"og:title\" content=\"Namiot Tipi Teddy, br\u0105zowe tipi do zabawy - Cozydots.com\" \/>\n<meta property=\"og:description\" content=\"Tipi do zabawy posiada okienko z zwijan\u0105 rolet\u0105 oraz dwie kieszenie na zabawki. Zestaw ze stabilizatorem.\" \/>\n<meta property=\"og:url\" content=\"https:\/\/cozydots.com\/pl\/produkt\/namiot-tipi-teddy-brazowe-tipi-do-zabawy\/\" \/>\n<meta property=\"og:site_name\" content=\"Cozydots.com\" \/>\n<meta property=\"article:modified_time\" content=\"2025-04-12T08:56:04+00:00\" \/>\n<meta property=\"og:image\" content=\"https:\/\/cozydots.com\/wp-content\/uploads\/2025\/01\/image00060-scaled-2.jpeg\" \/>\n\t<meta property=\"og:image:width\" content=\"2560\" \/>\n\t<meta property=\"og:image:height\" content=\"2560\" \/>\n\t<meta property=\"og:image:type\" content=\"image\/jpeg\" \/>\n<meta name=\"twitter:card\" content=\"summary_large_image\" \/>\n<meta name=\"twitter:label1\" content=\"Szacowany czas czytania\" \/>\n\t<meta name=\"twitter:data1\" content=\"2 minuty\" \/>\n<script type=\"application\/ld+json\" class=\"yoast-schema-graph\">{\"@context\":\"https:\/\/schema.org\",\"@graph\":[{\"@type\":\"WebPage\",\"@id\":\"https:\/\/cozydots.com\/pl\/produkt\/namiot-tipi-teddy-brazowe-tipi-do-zabawy\/\",\"url\":\"https:\/\/cozydots.com\/pl\/produkt\/namiot-tipi-teddy-brazowe-tipi-do-zabawy\/\",\"name\":\"Namiot Tipi Teddy, br\u0105zowe tipi do zabawy - Cozydots.com\",\"isPartOf\":{\"@id\":\"https:\/\/cozydots.com\/pl\/#website\"},\"primaryImageOfPage\":{\"@id\":\"https:\/\/cozydots.com\/pl\/produkt\/namiot-tipi-teddy-brazowe-tipi-do-zabawy\/#primaryimage\"},\"image\":{\"@id\":\"https:\/\/cozydots.com\/pl\/produkt\/namiot-tipi-teddy-brazowe-tipi-do-zabawy\/#primaryimage\"},\"thumbnailUrl\":\"https:\/\/cozydots.com\/wp-content\/uploads\/2025\/01\/image00060-scaled-2.jpeg\",\"datePublished\":\"2025-01-21T08:12:37+00:00\",\"dateModified\":\"2025-04-12T08:56:04+00:00\",\"breadcrumb\":{\"@id\":\"https:\/\/cozydots.com\/pl\/produkt\/namiot-tipi-teddy-brazowe-tipi-do-zabawy\/#breadcrumb\"},\"inLanguage\":\"pl-PL\",\"potentialAction\":[{\"@type\":\"ReadAction\",\"target\":[\"https:\/\/cozydots.com\/pl\/produkt\/namiot-tipi-teddy-brazowe-tipi-do-zabawy\/\"]}]},{\"@type\":\"ImageObject\",\"inLanguage\":\"pl-PL\",\"@id\":\"https:\/\/cozydots.com\/pl\/produkt\/namiot-tipi-teddy-brazowe-tipi-do-zabawy\/#primaryimage\",\"url\":\"https:\/\/cozydots.com\/wp-content\/uploads\/2025\/01\/image00060-scaled-2.jpeg\",\"contentUrl\":\"https:\/\/cozydots.com\/wp-content\/uploads\/2025\/01\/image00060-scaled-2.jpeg\",\"width\":2560,\"height\":2560},{\"@type\":\"BreadcrumbList\",\"@id\":\"https:\/\/cozydots.com\/pl\/produkt\/namiot-tipi-teddy-brazowe-tipi-do-zabawy\/#breadcrumb\",\"itemListElement\":[{\"@type\":\"ListItem\",\"position\":1,\"name\":\"Strona g\u0142\u00f3wna\",\"item\":\"https:\/\/cozydots.com\/pl\/\"},{\"@type\":\"ListItem\",\"position\":2,\"name\":\"Sklep\",\"item\":\"https:\/\/cozydots.com\/pl\/sklep\/\"},{\"@type\":\"ListItem\",\"position\":3,\"name\":\"Namiot Tipi Teddy, br\u0105zowe tipi do zabawy\"}]},{\"@type\":\"WebSite\",\"@id\":\"https:\/\/cozydots.com\/pl\/#website\",\"url\":\"https:\/\/cozydots.com\/pl\/\",\"name\":\"Cozydots.com\",\"description\":\"Producent namiot\u00f3w Tipi\",\"publisher\":{\"@id\":\"https:\/\/cozydots.com\/pl\/#organization\"},\"potentialAction\":[{\"@type\":\"SearchAction\",\"target\":{\"@type\":\"EntryPoint\",\"urlTemplate\":\"https:\/\/cozydots.com\/pl\/?s={search_term_string}\"},\"query-input\":{\"@type\":\"PropertyValueSpecification\",\"valueRequired\":true,\"valueName\":\"search_term_string\"}}],\"inLanguage\":\"pl-PL\"},{\"@type\":\"Organization\",\"@id\":\"https:\/\/cozydots.com\/pl\/#organization\",\"name\":\"Cozydots.com\",\"url\":\"https:\/\/cozydots.com\/pl\/\",\"logo\":{\"@type\":\"ImageObject\",\"inLanguage\":\"pl-PL\",\"@id\":\"https:\/\/cozydots.com\/pl\/#\/schema\/logo\/image\/\",\"url\":\"https:\/\/cozydots.com\/wp-content\/uploads\/2021\/10\/cozyshop_logo.png\",\"contentUrl\":\"https:\/\/cozydots.com\/wp-content\/uploads\/2021\/10\/cozyshop_logo.png\",\"width\":400,\"height\":121,\"caption\":\"Cozydots.com\"},\"image\":{\"@id\":\"https:\/\/cozydots.com\/pl\/#\/schema\/logo\/image\/\"}}]}<\/script>\n<!-- \/ Yoast SEO plugin. -->","yoast_head_json":{"title":"Namiot Tipi Teddy, br\u0105zowe tipi do zabawy - Cozydots.com","robots":{"index":"index","follow":"follow","max-snippet":"max-snippet:-1","max-image-preview":"max-image-preview:large","max-video-preview":"max-video-preview:-1"},"canonical":"https:\/\/cozydots.com\/pl\/produkt\/namiot-tipi-teddy-brazowe-tipi-do-zabawy\/","og_locale":"pl_PL","og_type":"article","og_title":"Namiot Tipi Teddy, br\u0105zowe tipi do zabawy - Cozydots.com","og_description":"Tipi do zabawy posiada okienko z zwijan\u0105 rolet\u0105 oraz dwie kieszenie na zabawki. Zestaw ze stabilizatorem.","og_url":"https:\/\/cozydots.com\/pl\/produkt\/namiot-tipi-teddy-brazowe-tipi-do-zabawy\/","og_site_name":"Cozydots.com","article_modified_time":"2025-04-12T08:56:04+00:00","og_image":[{"width":2560,"height":2560,"url":"https:\/\/cozydots.com\/wp-content\/uploads\/2025\/01\/image00060-scaled-2.jpeg","type":"image\/jpeg"}],"twitter_card":"summary_large_image","twitter_misc":{"Szacowany czas czytania":"2 minuty"},"schema":{"@context":"https:\/\/schema.org","@graph":[{"@type":"WebPage","@id":"https:\/\/cozydots.com\/pl\/produkt\/namiot-tipi-teddy-brazowe-tipi-do-zabawy\/","url":"https:\/\/cozydots.com\/pl\/produkt\/namiot-tipi-teddy-brazowe-tipi-do-zabawy\/","name":"Namiot Tipi Teddy, br\u0105zowe tipi do zabawy - Cozydots.com","isPartOf":{"@id":"https:\/\/cozydots.com\/pl\/#website"},"primaryImageOfPage":{"@id":"https:\/\/cozydots.com\/pl\/produkt\/namiot-tipi-teddy-brazowe-tipi-do-zabawy\/#primaryimage"},"image":{"@id":"https:\/\/cozydots.com\/pl\/produkt\/namiot-tipi-teddy-brazowe-tipi-do-zabawy\/#primaryimage"},"thumbnailUrl":"https:\/\/cozydots.com\/wp-content\/uploads\/2025\/01\/image00060-scaled-2.jpeg","datePublished":"2025-01-21T08:12:37+00:00","dateModified":"2025-04-12T08:56:04+00:00","breadcrumb":{"@id":"https:\/\/cozydots.com\/pl\/produkt\/namiot-tipi-teddy-brazowe-tipi-do-zabawy\/#breadcrumb"},"inLanguage":"pl-PL","potentialAction":[{"@type":"ReadAction","target":["https:\/\/cozydots.com\/pl\/produkt\/namiot-tipi-teddy-brazowe-tipi-do-zabawy\/"]}]},{"@type":"ImageObject","inLanguage":"pl-PL","@id":"https:\/\/cozydots.com\/pl\/produkt\/namiot-tipi-teddy-brazowe-tipi-do-zabawy\/#primaryimage","url":"https:\/\/cozydots.com\/wp-content\/uploads\/2025\/01\/image00060-scaled-2.jpeg","contentUrl":"https:\/\/cozydots.com\/wp-content\/uploads\/2025\/01\/image00060-scaled-2.jpeg","width":2560,"height":2560},{"@type":"BreadcrumbList","@id":"https:\/\/cozydots.com\/pl\/produkt\/namiot-tipi-teddy-brazowe-tipi-do-zabawy\/#breadcrumb","itemListElement":[{"@type":"ListItem","position":1,"name":"Strona g\u0142\u00f3wna","item":"https:\/\/cozydots.com\/pl\/"},{"@type":"ListItem","position":2,"name":"Sklep","item":"https:\/\/cozydots.com\/pl\/sklep\/"},{"@type":"ListItem","position":3,"name":"Namiot Tipi Teddy, br\u0105zowe tipi do zabawy"}]},{"@type":"WebSite","@id":"https:\/\/cozydots.com\/pl\/#website","url":"https:\/\/cozydots.com\/pl\/","name":"Cozydots.com","description":"Producent namiot\u00f3w Tipi","publisher":{"@id":"https:\/\/cozydots.com\/pl\/#organization"},"potentialAction":[{"@type":"SearchAction","target":{"@type":"EntryPoint","urlTemplate":"https:\/\/cozydots.com\/pl\/?s={search_term_string}"},"query-input":{"@type":"PropertyValueSpecification","valueRequired":true,"valueName":"search_term_string"}}],"inLanguage":"pl-PL"},{"@type":"Organization","@id":"https:\/\/cozydots.com\/pl\/#organization","name":"Cozydots.com","url":"https:\/\/cozydots.com\/pl\/","logo":{"@type":"ImageObject","inLanguage":"pl-PL","@id":"https:\/\/cozydots.com\/pl\/#\/schema\/logo\/image\/","url":"https:\/\/cozydots.com\/wp-content\/uploads\/2021\/10\/cozyshop_logo.png","contentUrl":"https:\/\/cozydots.com\/wp-content\/uploads\/2021\/10\/cozyshop_logo.png","width":400,"height":121,"caption":"Cozydots.com"},"image":{"@id":"https:\/\/cozydots.com\/pl\/#\/schema\/logo\/image\/"}}]}},"_links":{"self":[{"href":"https:\/\/cozydots.com\/pl\/wp-json\/wp\/v2\/product\/57427","targetHints":{"allow":["GET"]}}],"collection":[{"href":"https:\/\/cozydots.com\/pl\/wp-json\/wp\/v2\/product"}],"about":[{"href":"https:\/\/cozydots.com\/pl\/wp-json\/wp\/v2\/types\/product"}],"replies":[{"embeddable":true,"href":"https:\/\/cozydots.com\/pl\/wp-json\/wp\/v2\/comments?post=57427"}],"wp:featuredmedia":[{"embeddable":true,"href":"https:\/\/cozydots.com\/pl\/wp-json\/wp\/v2\/media\/57315"}],"wp:attachment":[{"href":"https:\/\/cozydots.com\/pl\/wp-json\/wp\/v2\/media?parent=57427"}],"wp:term":[{"taxonomy":"product_brand","embeddable":true,"href":"https:\/\/cozydots.com\/pl\/wp-json\/wp\/v2\/product_brand?post=57427"},{"taxonomy":"product_cat","embeddable":true,"href":"https:\/\/cozydots.com\/pl\/wp-json\/wp\/v2\/product_cat?post=57427"},{"taxonomy":"product_tag","embeddable":true,"href":"https:\/\/cozydots.com\/pl\/wp-json\/wp\/v2\/product_tag?post=57427"}],"curies":[{"name":"wp","href":"https:\/\/api.w.org\/{rel}","templated":true}]}}