{"id":7588,"date":"2018-04-10T12:30:12","date_gmt":"2018-04-10T10:30:12","guid":{"rendered":"https:\/\/cozydots.com\/?post_type=product&#038;p=7588"},"modified":"2023-02-08T11:58:17","modified_gmt":"2023-02-08T10:58:17","slug":"tipi-z-fredzlami-bialy-namiot-tipi-boho-white","status":"publish","type":"product","link":"https:\/\/cozydots.com\/pl\/produkt\/tipi-z-fredzlami-bialy-namiot-tipi-boho-white\/","title":{"rendered":"Tipi z fr\u0119dzlami, bia\u0142y namiot tipi Boho White"},"content":{"rendered":"<h2>Bia\u0142y namiot tipi z fr\u0119dzlami od Cozyshop, india\u0144skie tipi Boho<\/h2>\n<p>Namiot Boho dla dziecka <strong>wykonany jest z mocnej bawe\u0142ny PREMIUM.<\/strong> Ka\u017cdy egzemplarz tipi\u00a0od Cozyshop jest naszego projektu, staramy si\u0119 aby ka\u017cdy namiot by\u0142 unikatowy i zgodny z obecnymi trendami.<\/p>\n<p><strong>Dzieci\u0119cy namiot tipi do zabawy posiada cztery boki, otwierani okienko z rolet\u0105, oraz kiesze\u0144 na zabawki.<\/strong><\/p>\n<p>Namiot <strong>tipi z serii Boho White to be\u017cowo-bia\u0142e teepee w kolorowe chwosty.<\/strong><\/p>\n<p><strong>Domek tipi Boho White<\/strong>\u00a0<strong>posiada w zestawie sk\u0142adane sosnowe kije i worek do przechowywania.<\/strong> Wszystkie elementy z tkaniny <strong>mo\u017cna pra\u0107 w pralce.<\/strong>\u00a0Namiot dla dzieci \u0142atwo si\u0119 sk\u0142ada i nie zajmuje wiele miejsca.<\/p>\n<p>Wszystkie\u00a0<strong>modele projektowane s\u0105 przez nas i dajemy ci gwarancj\u0119, \u017ce dostajesz produkt unikalny<\/strong>\u00a0i najlepszej jako\u015bci. India\u0144skie namioty\u00a0<strong>tipi tworzone s\u0105 metod\u0105 hand made, z bezpiecznych dla dzieci tkanin pochodz\u0105cych z Europy<\/strong>\u00a0i posiadaj\u0105cych certyfikaty jako\u015bci.<\/p>\n<p><strong>W sk\u0142ad zestawu Boho White od Cozyshop wchodz\u0105:<\/strong><\/p>\n<ul>\n<li>be\u017cowo-bia\u0142y namiot tipi w chwosty<\/li>\n<li>4 kije z naturalnego drewna sosnowego (stela\u017c).<\/li>\n<li>instrukcja<\/li>\n<li>stabilizator do namiotu<\/li>\n<\/ul>\n<p>Wigwam mo\u017cna r\u00f3wnie\u017c zakupi\u0107 bez maty.<\/p>\n<h2>Wymiary:<\/h2>\n<ul>\n<li>Wysoko\u015b\u0107 (z kijkami) po roz\u0142o\u017ceniu: 150 cm<\/li>\n<li>Wysoko\u015b\u0107 (z kijkami) po z\u0142o\u017ceniu: 170 cm<\/li>\n<li>Powierzchnia pod\u0142ogi: ok. 110\u00d7110 cm<\/li>\n<\/ul>\n<p>Wigwam w tym rozmiarze mo\u017ce zmie\u015bci\u0107 2-3 dzieci. Jest lekki i dzi\u0119ki temu \u0142atwy w transporcie. Mo\u017cna go przechowywa\u0107 w specjalnym worku z uchwytem, do\u0142\u0105czonym do kompletu.<\/p>\n<h2>Sk\u0142ad:<\/h2>\n<ul>\n<li>100% bawe\u0142na<\/li>\n<li>Posiada certyfikat oraz atest CE<\/li>\n<\/ul>\n<p><span style=\"color: #555555\">Chcemy, aby nasze produkty by\u0142y ca\u0142kowicie\u00a0bezpieczne dla dzieci. Dlatego tworzymy je wy\u0142\u0105cznie z atestowanych tkanin pochodzenia europejskiego. Namiot uszyto w Polsce.<\/span><\/p>\n<h2>Spos\u00f3b piel\u0119gnacji:<\/h2>\n<ul>\n<li>Mo\u017cna pra\u0107 w pralce\u00a0w temperaturze 40 stopni, wirowanie \u2013 800 obrot\u00f3w<\/li>\n<li>Nie pra\u0107 chemicznie<\/li>\n<li>Nie wybiela\u0107<\/li>\n<\/ul>\n<p>Czas realizacji zam\u00f3wienia: 1-2 dni robocze + czas dostawy.<\/p>\n<p>&nbsp;<\/p>\n","protected":false},"excerpt":{"rendered":"<p>Namiot tipi z kolorowymi fr\u0119dzlami w stylu Boho. Domek do zabawy z dekoracyjnym okienkiem i kieszonk\u0105 na drobne zabawki. W zestawie: tipi, 4 sosnowe kije, torba do przechowywania, ksi\u0105\u017ceczka z pomys\u0142ami na zabawy w tipi.<\/p>\n","protected":false},"featured_media":41396,"comment_status":"open","ping_status":"closed","template":"","meta":[],"product_brand":[],"product_cat":[24],"product_tag":[],"class_list":{"0":"post-7588","1":"product","2":"type-product","3":"status-publish","4":"has-post-thumbnail","6":"product_cat-namioty-tipi","8":"first","9":"instock","10":"taxable","11":"shipping-taxable","12":"product-type-simple"},"yoast_head":"<!-- This site is optimized with the Yoast SEO plugin v27.0 - https:\/\/yoast.com\/product\/yoast-seo-wordpress\/ -->\n<title>Tipi Boho White - namiot z fr\u0119dzlami, bia\u0142e tipi dla dziecka<\/title>\n<meta name=\"description\" content=\"Namiot tipi z kolorowymi fr\u0119dzlami w stylu Boho. Domek do zabawy z dekoracyjnym okienkiem i kieszonk\u0105 na drobne zabawki. W zestawie: tipi, 4 sosnowe kije, torba do przechowywania, ksi\u0105\u017ceczka z pomys\u0142ami na zabawy w tipi.\" \/>\n<meta name=\"robots\" content=\"index, follow, max-snippet:-1, max-image-preview:large, max-video-preview:-1\" \/>\n<link rel=\"canonical\" href=\"https:\/\/cozydots.com\/pl\/produkt\/tipi-z-fredzlami-bialy-namiot-tipi-boho-white\/\" \/>\n<meta property=\"og:locale\" content=\"pl_PL\" \/>\n<meta property=\"og:type\" content=\"article\" \/>\n<meta property=\"og:title\" content=\"Tipi Boho White - namiot z fr\u0119dzlami, bia\u0142e tipi dla dziecka\" \/>\n<meta property=\"og:description\" content=\"Namiot tipi z kolorowymi fr\u0119dzlami w stylu Boho. Domek do zabawy z dekoracyjnym okienkiem i kieszonk\u0105 na drobne zabawki. W zestawie: tipi, 4 sosnowe kije, torba do przechowywania, ksi\u0105\u017ceczka z pomys\u0142ami na zabawy w tipi.\" \/>\n<meta property=\"og:url\" content=\"https:\/\/cozydots.com\/pl\/produkt\/tipi-z-fredzlami-bialy-namiot-tipi-boho-white\/\" \/>\n<meta property=\"og:site_name\" content=\"Cozydots.com\" \/>\n<meta property=\"article:modified_time\" content=\"2023-02-08T10:58:17+00:00\" \/>\n<meta property=\"og:image\" content=\"https:\/\/cozydots.com\/wp-content\/uploads\/2021\/11\/pp-1389.jpg\" \/>\n\t<meta property=\"og:image:width\" content=\"1200\" \/>\n\t<meta property=\"og:image:height\" content=\"1200\" \/>\n\t<meta property=\"og:image:type\" content=\"image\/jpeg\" \/>\n<meta name=\"twitter:card\" content=\"summary_large_image\" \/>\n<meta name=\"twitter:label1\" content=\"Szacowany czas czytania\" \/>\n\t<meta name=\"twitter:data1\" content=\"2 minuty\" \/>\n<script type=\"application\/ld+json\" class=\"yoast-schema-graph\">{\"@context\":\"https:\/\/schema.org\",\"@graph\":[{\"@type\":\"WebPage\",\"@id\":\"https:\/\/cozydots.com\/pl\/produkt\/tipi-z-fredzlami-bialy-namiot-tipi-boho-white\/\",\"url\":\"https:\/\/cozydots.com\/pl\/produkt\/tipi-z-fredzlami-bialy-namiot-tipi-boho-white\/\",\"name\":\"Tipi Boho White - namiot z fr\u0119dzlami, bia\u0142e tipi dla dziecka\",\"isPartOf\":{\"@id\":\"https:\/\/cozydots.com\/pl\/#website\"},\"primaryImageOfPage\":{\"@id\":\"https:\/\/cozydots.com\/pl\/produkt\/tipi-z-fredzlami-bialy-namiot-tipi-boho-white\/#primaryimage\"},\"image\":{\"@id\":\"https:\/\/cozydots.com\/pl\/produkt\/tipi-z-fredzlami-bialy-namiot-tipi-boho-white\/#primaryimage\"},\"thumbnailUrl\":\"https:\/\/cozydots.com\/wp-content\/uploads\/2021\/11\/pp-1389.jpg\",\"datePublished\":\"2018-04-10T10:30:12+00:00\",\"dateModified\":\"2023-02-08T10:58:17+00:00\",\"description\":\"Namiot tipi z kolorowymi fr\u0119dzlami w stylu Boho. Domek do zabawy z dekoracyjnym okienkiem i kieszonk\u0105 na drobne zabawki. W zestawie: tipi, 4 sosnowe kije, torba do przechowywania, ksi\u0105\u017ceczka z pomys\u0142ami na zabawy w tipi.\",\"breadcrumb\":{\"@id\":\"https:\/\/cozydots.com\/pl\/produkt\/tipi-z-fredzlami-bialy-namiot-tipi-boho-white\/#breadcrumb\"},\"inLanguage\":\"pl-PL\",\"potentialAction\":[{\"@type\":\"ReadAction\",\"target\":[\"https:\/\/cozydots.com\/pl\/produkt\/tipi-z-fredzlami-bialy-namiot-tipi-boho-white\/\"]}]},{\"@type\":\"ImageObject\",\"inLanguage\":\"pl-PL\",\"@id\":\"https:\/\/cozydots.com\/pl\/produkt\/tipi-z-fredzlami-bialy-namiot-tipi-boho-white\/#primaryimage\",\"url\":\"https:\/\/cozydots.com\/wp-content\/uploads\/2021\/11\/pp-1389.jpg\",\"contentUrl\":\"https:\/\/cozydots.com\/wp-content\/uploads\/2021\/11\/pp-1389.jpg\",\"width\":1200,\"height\":1200},{\"@type\":\"BreadcrumbList\",\"@id\":\"https:\/\/cozydots.com\/pl\/produkt\/tipi-z-fredzlami-bialy-namiot-tipi-boho-white\/#breadcrumb\",\"itemListElement\":[{\"@type\":\"ListItem\",\"position\":1,\"name\":\"Strona g\u0142\u00f3wna\",\"item\":\"https:\/\/cozydots.com\/pl\/\"},{\"@type\":\"ListItem\",\"position\":2,\"name\":\"Sklep\",\"item\":\"https:\/\/cozydots.com\/pl\/sklep\/\"},{\"@type\":\"ListItem\",\"position\":3,\"name\":\"Tipi z fr\u0119dzlami, bia\u0142y namiot tipi Boho White\"}]},{\"@type\":\"WebSite\",\"@id\":\"https:\/\/cozydots.com\/pl\/#website\",\"url\":\"https:\/\/cozydots.com\/pl\/\",\"name\":\"Cozydots.com\",\"description\":\"Producent namiot\u00f3w Tipi\",\"publisher\":{\"@id\":\"https:\/\/cozydots.com\/pl\/#organization\"},\"potentialAction\":[{\"@type\":\"SearchAction\",\"target\":{\"@type\":\"EntryPoint\",\"urlTemplate\":\"https:\/\/cozydots.com\/pl\/?s={search_term_string}\"},\"query-input\":{\"@type\":\"PropertyValueSpecification\",\"valueRequired\":true,\"valueName\":\"search_term_string\"}}],\"inLanguage\":\"pl-PL\"},{\"@type\":\"Organization\",\"@id\":\"https:\/\/cozydots.com\/pl\/#organization\",\"name\":\"Cozydots.com\",\"url\":\"https:\/\/cozydots.com\/pl\/\",\"logo\":{\"@type\":\"ImageObject\",\"inLanguage\":\"pl-PL\",\"@id\":\"https:\/\/cozydots.com\/pl\/#\/schema\/logo\/image\/\",\"url\":\"https:\/\/cozydots.com\/wp-content\/uploads\/2021\/10\/cozyshop_logo.png\",\"contentUrl\":\"https:\/\/cozydots.com\/wp-content\/uploads\/2021\/10\/cozyshop_logo.png\",\"width\":400,\"height\":121,\"caption\":\"Cozydots.com\"},\"image\":{\"@id\":\"https:\/\/cozydots.com\/pl\/#\/schema\/logo\/image\/\"}}]}<\/script>\n<!-- \/ Yoast SEO plugin. -->","yoast_head_json":{"title":"Tipi Boho White - namiot z fr\u0119dzlami, bia\u0142e tipi dla dziecka","description":"Namiot tipi z kolorowymi fr\u0119dzlami w stylu Boho. Domek do zabawy z dekoracyjnym okienkiem i kieszonk\u0105 na drobne zabawki. W zestawie: tipi, 4 sosnowe kije, torba do przechowywania, ksi\u0105\u017ceczka z pomys\u0142ami na zabawy w tipi.","robots":{"index":"index","follow":"follow","max-snippet":"max-snippet:-1","max-image-preview":"max-image-preview:large","max-video-preview":"max-video-preview:-1"},"canonical":"https:\/\/cozydots.com\/pl\/produkt\/tipi-z-fredzlami-bialy-namiot-tipi-boho-white\/","og_locale":"pl_PL","og_type":"article","og_title":"Tipi Boho White - namiot z fr\u0119dzlami, bia\u0142e tipi dla dziecka","og_description":"Namiot tipi z kolorowymi fr\u0119dzlami w stylu Boho. Domek do zabawy z dekoracyjnym okienkiem i kieszonk\u0105 na drobne zabawki. W zestawie: tipi, 4 sosnowe kije, torba do przechowywania, ksi\u0105\u017ceczka z pomys\u0142ami na zabawy w tipi.","og_url":"https:\/\/cozydots.com\/pl\/produkt\/tipi-z-fredzlami-bialy-namiot-tipi-boho-white\/","og_site_name":"Cozydots.com","article_modified_time":"2023-02-08T10:58:17+00:00","og_image":[{"width":1200,"height":1200,"url":"https:\/\/cozydots.com\/wp-content\/uploads\/2021\/11\/pp-1389.jpg","type":"image\/jpeg"}],"twitter_card":"summary_large_image","twitter_misc":{"Szacowany czas czytania":"2 minuty"},"schema":{"@context":"https:\/\/schema.org","@graph":[{"@type":"WebPage","@id":"https:\/\/cozydots.com\/pl\/produkt\/tipi-z-fredzlami-bialy-namiot-tipi-boho-white\/","url":"https:\/\/cozydots.com\/pl\/produkt\/tipi-z-fredzlami-bialy-namiot-tipi-boho-white\/","name":"Tipi Boho White - namiot z fr\u0119dzlami, bia\u0142e tipi dla dziecka","isPartOf":{"@id":"https:\/\/cozydots.com\/pl\/#website"},"primaryImageOfPage":{"@id":"https:\/\/cozydots.com\/pl\/produkt\/tipi-z-fredzlami-bialy-namiot-tipi-boho-white\/#primaryimage"},"image":{"@id":"https:\/\/cozydots.com\/pl\/produkt\/tipi-z-fredzlami-bialy-namiot-tipi-boho-white\/#primaryimage"},"thumbnailUrl":"https:\/\/cozydots.com\/wp-content\/uploads\/2021\/11\/pp-1389.jpg","datePublished":"2018-04-10T10:30:12+00:00","dateModified":"2023-02-08T10:58:17+00:00","description":"Namiot tipi z kolorowymi fr\u0119dzlami w stylu Boho. Domek do zabawy z dekoracyjnym okienkiem i kieszonk\u0105 na drobne zabawki. W zestawie: tipi, 4 sosnowe kije, torba do przechowywania, ksi\u0105\u017ceczka z pomys\u0142ami na zabawy w tipi.","breadcrumb":{"@id":"https:\/\/cozydots.com\/pl\/produkt\/tipi-z-fredzlami-bialy-namiot-tipi-boho-white\/#breadcrumb"},"inLanguage":"pl-PL","potentialAction":[{"@type":"ReadAction","target":["https:\/\/cozydots.com\/pl\/produkt\/tipi-z-fredzlami-bialy-namiot-tipi-boho-white\/"]}]},{"@type":"ImageObject","inLanguage":"pl-PL","@id":"https:\/\/cozydots.com\/pl\/produkt\/tipi-z-fredzlami-bialy-namiot-tipi-boho-white\/#primaryimage","url":"https:\/\/cozydots.com\/wp-content\/uploads\/2021\/11\/pp-1389.jpg","contentUrl":"https:\/\/cozydots.com\/wp-content\/uploads\/2021\/11\/pp-1389.jpg","width":1200,"height":1200},{"@type":"BreadcrumbList","@id":"https:\/\/cozydots.com\/pl\/produkt\/tipi-z-fredzlami-bialy-namiot-tipi-boho-white\/#breadcrumb","itemListElement":[{"@type":"ListItem","position":1,"name":"Strona g\u0142\u00f3wna","item":"https:\/\/cozydots.com\/pl\/"},{"@type":"ListItem","position":2,"name":"Sklep","item":"https:\/\/cozydots.com\/pl\/sklep\/"},{"@type":"ListItem","position":3,"name":"Tipi z fr\u0119dzlami, bia\u0142y namiot tipi Boho White"}]},{"@type":"WebSite","@id":"https:\/\/cozydots.com\/pl\/#website","url":"https:\/\/cozydots.com\/pl\/","name":"Cozydots.com","description":"Producent namiot\u00f3w Tipi","publisher":{"@id":"https:\/\/cozydots.com\/pl\/#organization"},"potentialAction":[{"@type":"SearchAction","target":{"@type":"EntryPoint","urlTemplate":"https:\/\/cozydots.com\/pl\/?s={search_term_string}"},"query-input":{"@type":"PropertyValueSpecification","valueRequired":true,"valueName":"search_term_string"}}],"inLanguage":"pl-PL"},{"@type":"Organization","@id":"https:\/\/cozydots.com\/pl\/#organization","name":"Cozydots.com","url":"https:\/\/cozydots.com\/pl\/","logo":{"@type":"ImageObject","inLanguage":"pl-PL","@id":"https:\/\/cozydots.com\/pl\/#\/schema\/logo\/image\/","url":"https:\/\/cozydots.com\/wp-content\/uploads\/2021\/10\/cozyshop_logo.png","contentUrl":"https:\/\/cozydots.com\/wp-content\/uploads\/2021\/10\/cozyshop_logo.png","width":400,"height":121,"caption":"Cozydots.com"},"image":{"@id":"https:\/\/cozydots.com\/pl\/#\/schema\/logo\/image\/"}}]}},"_links":{"self":[{"href":"https:\/\/cozydots.com\/pl\/wp-json\/wp\/v2\/product\/7588","targetHints":{"allow":["GET"]}}],"collection":[{"href":"https:\/\/cozydots.com\/pl\/wp-json\/wp\/v2\/product"}],"about":[{"href":"https:\/\/cozydots.com\/pl\/wp-json\/wp\/v2\/types\/product"}],"replies":[{"embeddable":true,"href":"https:\/\/cozydots.com\/pl\/wp-json\/wp\/v2\/comments?post=7588"}],"wp:featuredmedia":[{"embeddable":true,"href":"https:\/\/cozydots.com\/pl\/wp-json\/wp\/v2\/media\/41396"}],"wp:attachment":[{"href":"https:\/\/cozydots.com\/pl\/wp-json\/wp\/v2\/media?parent=7588"}],"wp:term":[{"taxonomy":"product_brand","embeddable":true,"href":"https:\/\/cozydots.com\/pl\/wp-json\/wp\/v2\/product_brand?post=7588"},{"taxonomy":"product_cat","embeddable":true,"href":"https:\/\/cozydots.com\/pl\/wp-json\/wp\/v2\/product_cat?post=7588"},{"taxonomy":"product_tag","embeddable":true,"href":"https:\/\/cozydots.com\/pl\/wp-json\/wp\/v2\/product_tag?post=7588"}],"curies":[{"name":"wp","href":"https:\/\/api.w.org\/{rel}","templated":true}]}}